{"id":9450,"date":"2023-12-07T15:15:40","date_gmt":"2023-12-07T14:15:40","guid":{"rendered":"https:\/\/swiattest1.dkonto.pl\/?post_type=product&#038;p=9450"},"modified":"2026-01-01T04:54:54","modified_gmt":"2026-01-01T03:54:54","slug":"buty-robocze-ariat-groundbreaker","status":"publish","type":"product","link":"https:\/\/swiattest1.dkonto.pl\/en\/product\/buty-robocze-ariat-groundbreaker\/","title":{"rendered":"Buty robocze Ariat Groundbreaker"},"content":{"rendered":"<p><strong><em>To stay up to date with our news, follow us on social media!<\/em><\/strong><\/p>\n<p>\u27a1\ufe0f Find us on <a href=\"https:\/\/www.facebook.com\/swiatwesternu\/\" target=\"_blank\" rel=\"noopener\">Facebooku<\/a><\/p>\n<p>\u27a1\ufe0f Find us on <a href=\"https:\/\/www.instagram.com\/swiatwesternu\/\" target=\"_blank\" rel=\"noopener\">Instagramie<\/a><\/p>\n<p>\u27a1\ufe0f Visit our <a href=\"https:\/\/www.google.com\/maps\/place\/%C5%9Awiat+Westernu\/@50.6796006,16.378779,15z\/data=!4m6!3m5!1s0x7eb72780815dcd3:0xbf83922c09cdd3a8!8m2!3d50.6796006!4d16.378779!16s%2Fg%2F11p5nyjpb5?entry=ttu\" target=\"_blank\" rel=\"noopener\">stationary store<\/a><\/p>\n<p>\u27a1\ufe0f<a href=\"https:\/\/swiattest1.dkonto.pl\/en\/kontakt\/\">Contact us!<\/a><\/p>","protected":false},"excerpt":{"rendered":"<p>Buty robocze Ariat Groundbreaker\u00a0 6&#8243;\u00a0 H2O to solidne i wygodne buty robocze zaprojektowane z my\u015bl\u0105 o d\u0142ugich dystansach.<\/p>\n<ul>\n<li>Conforms to ISO20345 Safety Footwear Standard<\/li>\n<li>S3 SRC Safety Rating<\/li>\n<li>Steel toe protection tested to 200 joules impact<\/li>\n<li>Safety footwear leather upper plus antistatic and energy absorbing heel<\/li>\n<li>Penetration resistant sole<\/li>\n<li>Heat resistant outsole, resistant to high heat up to 300\u2070 C<\/li>\n<li>Oil- and slip-resisting Duratread\u2122 outsole provides maximum wear resistance<\/li>\n<li>Tested on ceramic tile floor with SLS and on steel floor with glycerol<\/li>\n<li>Waterproof Pro\u2122 technology<\/li>\n<li>4LR\u2122 technology offers support and cushioning for everyday wear<\/li>\n<li><strong style=\"font-size: 16px; -webkit-text-size-adjust: 100%;\"><span class=\"__label\">COLOR<\/span><\/strong><span style=\"font-size: 16px; -webkit-text-size-adjust: 100%;\">\u00a0<\/span><span id=\"product-color-selected-attribute\" class=\"product-color_value\" style=\"font-size: 16px; -webkit-text-size-adjust: 100%;\">DARK BROWN<\/span><\/li>\n<\/ul>\n<p class=\"product-safety-icon-rating\"><strong>EN ISO20345- <\/strong>Complies with the EU regulation and UK legislation for safety footwear requirements.<\/p>\n<p class=\"product-safety-icon-rating\"><strong>SRC- <\/strong>Highest level of slip resistance on ceramic tile with sodium laurel sulphate solution and on a steel floor with glycerol<\/p>\n<p class=\"product-safety-icon-rating\"><strong>Puncture Resitant<\/strong> Protective midsole to help reduce punctures<\/p>\n<p class=\"product-safety-icon-rating\"><strong>S3-<\/strong> High safety level for toe protection, sole penetration resistance, slip resistance, anti-static properties and durability<\/p>\n<p class=\"product-safety-icon-rating\"><strong>Steel Toe <\/strong>Tempered steel safety toe provides strength and protection on the job<\/p>\n<p class=\"product-safety-icon-rating\"><strong>HR- <\/strong>Heat resistant outer sole tested at 300\u00b0C minimum<\/p>\n<table cellspacing=\"0\" cellpadding=\"0\">\n<tbody>\n<tr>\n<td style=\"width: 107px;\" valign=\"bottom\">SIZE UK<\/td>\n<td style=\"width: 57px;\" valign=\"bottom\">6<\/td>\n<td style=\"width: 62px;\" valign=\"bottom\">6.5<\/td>\n<td style=\"width: 55px;\" valign=\"bottom\">7<\/td>\n<td style=\"width: 69px;\" valign=\"bottom\">7.5<\/td>\n<td style=\"width: 57px;\" valign=\"bottom\">8<\/td>\n<td style=\"width: 72px;\" valign=\"bottom\">8.5<\/td>\n<td style=\"width: 57px;\" valign=\"bottom\">9<\/td>\n<td style=\"width: 70px;\" valign=\"bottom\">9.5<\/td>\n<td style=\"width: 72px;\" valign=\"bottom\">10<\/td>\n<td style=\"width: 70px;\" valign=\"bottom\">10.5<\/td>\n<\/tr>\n<tr>\n<td style=\"width: 107px;\" valign=\"bottom\">SIZE EU<\/td>\n<td style=\"width: 57px;\" valign=\"bottom\">39<\/td>\n<td style=\"width: 62px;\" valign=\"bottom\">40<\/td>\n<td style=\"width: 55px;\" valign=\"bottom\">41<\/td>\n<td style=\"width: 69px;\" valign=\"bottom\">41.5<\/td>\n<td style=\"width: 57px;\" valign=\"bottom\">42<\/td>\n<td style=\"width: 72px;\" valign=\"bottom\">42.5<\/td>\n<td style=\"width: 57px;\" valign=\"bottom\">43<\/td>\n<td style=\"width: 70px;\" valign=\"bottom\">44<\/td>\n<td style=\"width: 72px;\" valign=\"bottom\">44.5<\/td>\n<td style=\"width: 70px;\" valign=\"bottom\">45<\/td>\n<\/tr>\n<tr>\n<td style=\"width: 107px;\" valign=\"bottom\">SIZE US<\/td>\n<td style=\"width: 57px;\" valign=\"bottom\">7<\/td>\n<td style=\"width: 62px;\" valign=\"bottom\">7.5<\/td>\n<td style=\"width: 55px;\" valign=\"bottom\">8<\/td>\n<td style=\"width: 69px;\" valign=\"bottom\">8.5<\/td>\n<td style=\"width: 57px;\" valign=\"bottom\">9<\/td>\n<td style=\"width: 72px;\" valign=\"bottom\">9.5<\/td>\n<td style=\"width: 57px;\" valign=\"bottom\">10<\/td>\n<td style=\"width: 70px;\" valign=\"bottom\">10.5<\/td>\n<td style=\"width: 72px;\" valign=\"bottom\">11<\/td>\n<td style=\"width: 70px;\" valign=\"bottom\">11.5<\/td>\n<\/tr>\n<\/tbody>\n<\/table>\n<p>&nbsp;<\/p>","protected":false},"featured_media":9455,"template":"","meta":{"_acf_changed":false,"site-sidebar-layout":"default","site-content-layout":"","ast-site-content-layout":"default","site-content-style":"default","site-sidebar-style":"default","ast-global-header-display":"","ast-banner-title-visibility":"","ast-main-header-display":"","ast-hfb-above-header-display":"","ast-hfb-below-header-display":"","ast-hfb-mobile-header-display":"","site-post-title":"","ast-breadcrumbs-content":"","ast-featured-img":"","footer-sml-layout":"","ast-disable-related-posts":"","theme-transparent-header-meta":"default","adv-header-id-meta":"","stick-header-meta":"","header-above-stick-meta":"","header-main-stick-meta":"","header-below-stick-meta":"","astra-migrate-meta-layouts":"set","ast-page-background-enabled":"default","ast-page-background-meta":{"desktop":{"background-color":"var(--ast-global-color-4)","background-image":"","background-repeat":"repeat","background-position":"center center","background-size":"auto","background-attachment":"scroll","background-type":"","background-media":"","overlay-type":"","overlay-color":"","overlay-opacity":"","overlay-gradient":""},"tablet":{"background-color":"","background-image":"","background-repeat":"repeat","background-position":"center center","background-size":"auto","background-attachment":"scroll","background-type":"","background-media":"","overlay-type":"","overlay-color":"","overlay-opacity":"","overlay-gradient":""},"mobile":{"background-color":"","background-image":"","background-repeat":"repeat","background-position":"center center","background-size":"auto","background-attachment":"scroll","background-type":"","background-media":"","overlay-type":"","overlay-color":"","overlay-opacity":"","overlay-gradient":""}},"ast-content-background-meta":{"desktop":{"background-color":"var(--ast-global-color-5)","background-image":"","background-repeat":"repeat","background-position":"center center","background-size":"auto","background-attachment":"scroll","background-type":"","background-media":"","overlay-type":"","overlay-color":"","overlay-opacity":"","overlay-gradient":""},"tablet":{"background-color":"var(--ast-global-color-5)","background-image":"","background-repeat":"repeat","background-position":"center center","background-size":"auto","background-attachment":"scroll","background-type":"","background-media":"","overlay-type":"","overlay-color":"","overlay-opacity":"","overlay-gradient":""},"mobile":{"background-color":"var(--ast-global-color-5)","background-image":"","background-repeat":"repeat","background-position":"center center","background-size":"auto","background-attachment":"scroll","background-type":"","background-media":"","overlay-type":"","overlay-color":"","overlay-opacity":"","overlay-gradient":""}}},"product_brand":[],"product_cat":[67,22,65],"product_tag":[],"class_list":{"0":"post-9450","1":"product","2":"type-product","3":"status-publish","4":"has-post-thumbnail","6":"product_cat-meskie","7":"product_cat-jezdziec","8":"product_cat-kowbojki","9":"desktop-align-left","10":"tablet-align-left","11":"mobile-align-left","13":"first","14":"instock","15":"shipping-taxable","16":"purchasable","17":"product-type-variable"},"acf":[],"_links":{"self":[{"href":"https:\/\/swiattest1.dkonto.pl\/en\/wp-json\/wp\/v2\/product\/9450","targetHints":{"allow":["GET"]}}],"collection":[{"href":"https:\/\/swiattest1.dkonto.pl\/en\/wp-json\/wp\/v2\/product"}],"about":[{"href":"https:\/\/swiattest1.dkonto.pl\/en\/wp-json\/wp\/v2\/types\/product"}],"wp:featuredmedia":[{"embeddable":true,"href":"https:\/\/swiattest1.dkonto.pl\/en\/wp-json\/wp\/v2\/media\/9455"}],"wp:attachment":[{"href":"https:\/\/swiattest1.dkonto.pl\/en\/wp-json\/wp\/v2\/media?parent=9450"}],"wp:term":[{"taxonomy":"product_brand","embeddable":true,"href":"https:\/\/swiattest1.dkonto.pl\/en\/wp-json\/wp\/v2\/product_brand?post=9450"},{"taxonomy":"product_cat","embeddable":true,"href":"https:\/\/swiattest1.dkonto.pl\/en\/wp-json\/wp\/v2\/product_cat?post=9450"},{"taxonomy":"product_tag","embeddable":true,"href":"https:\/\/swiattest1.dkonto.pl\/en\/wp-json\/wp\/v2\/product_tag?post=9450"}],"curies":[{"name":"wp","href":"https:\/\/api.w.org\/{rel}","templated":true}]}}