{"id":9438,"date":"2023-12-07T15:04:36","date_gmt":"2023-12-07T14:04:36","guid":{"rendered":"https:\/\/swiattest1.dkonto.pl\/?post_type=product&#038;p=9438"},"modified":"2026-01-01T04:54:51","modified_gmt":"2026-01-01T03:54:51","slug":"buty-ariat-harper-waterproof","status":"publish","type":"product","link":"https:\/\/swiattest1.dkonto.pl\/en\/product\/buty-ariat-harper-waterproof\/","title":{"rendered":"Ariat Harper Waterproof Boot"},"content":{"rendered":"<p><strong style=\"font-size: 16px; -webkit-text-size-adjust: 100%;\"><em>To stay up to date with our news, follow us on social media!<\/em><\/strong><\/p>\n<p>\u27a1\ufe0f Find us on <a href=\"https:\/\/www.facebook.com\/swiatwesternu\/\" target=\"_blank\" rel=\"noopener\">Facebooku<\/a><\/p>\n<p>\u27a1\ufe0f Find us on <a href=\"https:\/\/www.instagram.com\/swiatwesternu\/\" target=\"_blank\" rel=\"noopener\">Instagramie<\/a><\/p>\n<p>\u27a1\ufe0f Visit our <a href=\"https:\/\/www.google.com\/maps\/place\/%C5%9Awiat+Westernu\/@50.6796006,16.378779,15z\/data=!4m6!3m5!1s0x7eb72780815dcd3:0xbf83922c09cdd3a8!8m2!3d50.6796006!4d16.378779!16s%2Fg%2F11p5nyjpb5?entry=ttu\" target=\"_blank\" rel=\"noopener\">stationary store<\/a><\/p>\n<p>\u27a1\ufe0f<a href=\"https:\/\/swiattest1.dkonto.pl\/en\/kontakt\/\">Contact us!<\/a><\/p>","protected":false},"excerpt":{"rendered":"<p>Buty Ariat Harper Waterproof -Podaruj swoim stopom luksusow\u0105 amortyzacj\u0119. Nasze wodoodporne buty Harper u\u0142atwiaj\u0105 wykonywanie prac w ch\u0142odne dni i mo\u017cna je nosi\u0107 w ka\u017cdej sytuacji, od jazdy konnej, po spotkania z przyjaci\u00f3\u0142mi. Bycie stylowym nigdy nie by\u0142o tak przytulne.<\/p>\n<p><strong>Features<\/strong><\/p>\n<ul>\n<li>4LR\u2122 technology provides lightweight support and stability<\/li>\n<li>DRYShield\u2122 waterproof construction keeps you dry in wet environments<\/li>\n<li>Removable All Day Cushioning insole<\/li>\n<li>Duratread\u2122 sole for maximum wear<\/li>\n<li>Stirrup friendly sole<\/li>\n<li>Padded top collar<\/li>\n<li>Round Toe<\/li>\n<li>6\" shaft height<\/li>\n<li>Dodatkowe sznurowad\u0142a<\/li>\n<\/ul>\n<p><strong>COLOR<\/strong><strong>\u00a0<\/strong>CHOCOLATE<\/p>\n<p><strong>Materials:<\/strong><\/p>\n<ul>\n<li>Waterproof full-grain leather<\/li>\n<li>Elegant plaid lining<\/li>\n<li>100%Leather<\/li>\n<\/ul>\n<table cellspacing=\"0\" cellpadding=\"0\">\n<tbody>\n<tr style=\"height: 52px;\">\n<td style=\"width: 104px; height: 52px;\" valign=\"middle\">SIZE UK<\/td>\n<td style=\"width: 59px; height: 52px;\" valign=\"middle\">3<\/td>\n<td style=\"width: 70px; height: 52px;\" valign=\"middle\">3.5<\/td>\n<td style=\"width: 60px; height: 52px;\" valign=\"middle\">4<\/td>\n<td style=\"width: 69px; height: 52px;\" valign=\"middle\">4.5<\/td>\n<td style=\"width: 59px; height: 52px;\" valign=\"middle\">5<\/td>\n<td style=\"width: 70px; height: 52px;\" valign=\"middle\">5.5<\/td>\n<td style=\"width: 61px; height: 52px;\" valign=\"middle\">6<\/td>\n<td style=\"width: 60px; height: 52px;\" valign=\"middle\">6.5<\/td>\n<td style=\"width: 60px; height: 52px;\" valign=\"middle\">7<\/td>\n<\/tr>\n<tr style=\"height: 52px;\">\n<td style=\"width: 104px; height: 52px;\" valign=\"middle\">SIZE EU<\/td>\n<td style=\"width: 59px; height: 52px;\" valign=\"middle\">36<\/td>\n<td style=\"width: 70px; height: 52px;\" valign=\"middle\">36.5<\/td>\n<td style=\"width: 60px; height: 52px;\" valign=\"middle\">37<\/td>\n<td style=\"width: 69px; height: 52px;\" valign=\"middle\">37.5<\/td>\n<td style=\"width: 59px; height: 52px;\" valign=\"middle\">38<\/td>\n<td style=\"width: 70px; height: 52px;\" valign=\"middle\">38.5<\/td>\n<td style=\"width: 61px; height: 52px;\" valign=\"middle\">39<\/td>\n<td style=\"width: 60px; height: 52px;\" valign=\"middle\">40<\/td>\n<td style=\"width: 60px; height: 52px;\" valign=\"middle\">41<\/td>\n<\/tr>\n<tr style=\"height: 52px;\">\n<td style=\"width: 104px; height: 52px;\" valign=\"middle\">SIZE US<\/td>\n<td style=\"width: 59px; height: 52px;\" valign=\"middle\">5.5<\/td>\n<td style=\"width: 70px; height: 52px;\" valign=\"middle\">6<\/td>\n<td style=\"width: 60px; height: 52px;\" valign=\"middle\">6.5<\/td>\n<td style=\"width: 69px; height: 52px;\" valign=\"middle\">7<\/td>\n<td style=\"width: 59px; height: 52px;\" valign=\"middle\">7.5<\/td>\n<td style=\"width: 70px; height: 52px;\" valign=\"middle\">8<\/td>\n<td style=\"width: 61px; height: 52px;\" valign=\"middle\">8.5<\/td>\n<td style=\"width: 60px; height: 52px;\" valign=\"middle\">9<\/td>\n<td style=\"width: 60px; height: 52px;\" valign=\"middle\">9.5<\/td>\n<\/tr>\n<\/tbody>\n<\/table>","protected":false},"featured_media":9442,"template":"","meta":{"_acf_changed":false,"site-sidebar-layout":"default","site-content-layout":"","ast-site-content-layout":"default","site-content-style":"default","site-sidebar-style":"default","ast-global-header-display":"","ast-banner-title-visibility":"","ast-main-header-display":"","ast-hfb-above-header-display":"","ast-hfb-below-header-display":"","ast-hfb-mobile-header-display":"","site-post-title":"","ast-breadcrumbs-content":"","ast-featured-img":"","footer-sml-layout":"","ast-disable-related-posts":"","theme-transparent-header-meta":"default","adv-header-id-meta":"","stick-header-meta":"","header-above-stick-meta":"","header-main-stick-meta":"","header-below-stick-meta":"","astra-migrate-meta-layouts":"set","ast-page-background-enabled":"default","ast-page-background-meta":{"desktop":{"background-color":"var(--ast-global-color-4)","background-image":"","background-repeat":"repeat","background-position":"center center","background-size":"auto","background-attachment":"scroll","background-type":"","background-media":"","overlay-type":"","overlay-color":"","overlay-opacity":"","overlay-gradient":""},"tablet":{"background-color":"","background-image":"","background-repeat":"repeat","background-position":"center center","background-size":"auto","background-attachment":"scroll","background-type":"","background-media":"","overlay-type":"","overlay-color":"","overlay-opacity":"","overlay-gradient":""},"mobile":{"background-color":"","background-image":"","background-repeat":"repeat","background-position":"center center","background-size":"auto","background-attachment":"scroll","background-type":"","background-media":"","overlay-type":"","overlay-color":"","overlay-opacity":"","overlay-gradient":""}},"ast-content-background-meta":{"desktop":{"background-color":"var(--ast-global-color-5)","background-image":"","background-repeat":"repeat","background-position":"center center","background-size":"auto","background-attachment":"scroll","background-type":"","background-media":"","overlay-type":"","overlay-color":"","overlay-opacity":"","overlay-gradient":""},"tablet":{"background-color":"var(--ast-global-color-5)","background-image":"","background-repeat":"repeat","background-position":"center center","background-size":"auto","background-attachment":"scroll","background-type":"","background-media":"","overlay-type":"","overlay-color":"","overlay-opacity":"","overlay-gradient":""},"mobile":{"background-color":"var(--ast-global-color-5)","background-image":"","background-repeat":"repeat","background-position":"center center","background-size":"auto","background-attachment":"scroll","background-type":"","background-media":"","overlay-type":"","overlay-color":"","overlay-opacity":"","overlay-gradient":""}}},"product_brand":[],"product_cat":[66,22,65],"product_tag":[],"class_list":{"0":"post-9438","1":"product","2":"type-product","3":"status-publish","4":"has-post-thumbnail","6":"product_cat-damskie","7":"product_cat-jezdziec","8":"product_cat-kowbojki","9":"desktop-align-left","10":"tablet-align-left","11":"mobile-align-left","13":"first","14":"instock","15":"shipping-taxable","16":"purchasable","17":"product-type-variable"},"acf":[],"_links":{"self":[{"href":"https:\/\/swiattest1.dkonto.pl\/en\/wp-json\/wp\/v2\/product\/9438","targetHints":{"allow":["GET"]}}],"collection":[{"href":"https:\/\/swiattest1.dkonto.pl\/en\/wp-json\/wp\/v2\/product"}],"about":[{"href":"https:\/\/swiattest1.dkonto.pl\/en\/wp-json\/wp\/v2\/types\/product"}],"wp:featuredmedia":[{"embeddable":true,"href":"https:\/\/swiattest1.dkonto.pl\/en\/wp-json\/wp\/v2\/media\/9442"}],"wp:attachment":[{"href":"https:\/\/swiattest1.dkonto.pl\/en\/wp-json\/wp\/v2\/media?parent=9438"}],"wp:term":[{"taxonomy":"product_brand","embeddable":true,"href":"https:\/\/swiattest1.dkonto.pl\/en\/wp-json\/wp\/v2\/product_brand?post=9438"},{"taxonomy":"product_cat","embeddable":true,"href":"https:\/\/swiattest1.dkonto.pl\/en\/wp-json\/wp\/v2\/product_cat?post=9438"},{"taxonomy":"product_tag","embeddable":true,"href":"https:\/\/swiattest1.dkonto.pl\/en\/wp-json\/wp\/v2\/product_tag?post=9438"}],"curies":[{"name":"wp","href":"https:\/\/api.w.org\/{rel}","templated":true}]}}