{"id":9163,"date":"2023-10-05T14:41:51","date_gmt":"2023-10-05T12:41:51","guid":{"rendered":"https:\/\/swiattest1.dkonto.pl\/?post_type=product&#038;p=9163"},"modified":"2026-01-02T13:36:46","modified_gmt":"2026-01-02T12:36:46","slug":"show-halter-z-lancuszkiem","status":"publish","type":"product","link":"https:\/\/swiattest1.dkonto.pl\/en\/product\/show-halter-z-lancuszkiem\/","title":{"rendered":"Show Halter with Chain"},"content":{"rendered":"<p><strong><em>To stay up to date with our news, follow us on social media!<\/em><\/strong><\/p>\n<p>\u27a1\ufe0f Find us on <a href=\"https:\/\/www.facebook.com\/swiatwesternu\/\" target=\"_blank\" rel=\"noopener\">Facebooku<\/a><\/p>\n<p>\u27a1\ufe0f Find us on <a href=\"https:\/\/www.instagram.com\/swiatwesternu\/\" target=\"_blank\" rel=\"noopener\">Instagramie<\/a><\/p>\n<p>\u27a1\ufe0f Visit our <a href=\"https:\/\/www.google.com\/maps\/place\/%C5%9Awiat+Westernu\/@50.6796006,16.378779,15z\/data=!4m6!3m5!1s0x7eb72780815dcd3:0xbf83922c09cdd3a8!8m2!3d50.6796006!4d16.378779!16s%2Fg%2F11p5nyjpb5?entry=ttu\" target=\"_blank\" rel=\"noopener\">stationary store<\/a><\/p>\n<p>\u27a1\ufe0f<a href=\"https:\/\/swiattest1.dkonto.pl\/en\/kontakt\/\">Contact us!<\/a><\/p>","protected":false},"excerpt":{"rendered":"<p>Show Halter z \u0141a\u0144cuszkiem to wszystko, czego szukasz w specjalnym kantarze pokazowym w stylu western. Ten kantar zosta\u0142 wyprodukowany z najlepszych materia\u0142\u00f3w oraz skrupulatnego wykonania, aby stworzy\u0107 najpi\u0119kniejszy kantar. Podw\u00f3jna i zszyta sk\u00f3ra kantara Dark Oil pochodzi z garbarni specjalizuj\u0105cej si\u0119 w najwy\u017cszej jako\u015bci sk\u00f3rach.<\/p>\n<p>Bogata ciemna sk\u00f3ra eksponuje grawerowane jasne srebro na ka\u017cdym egzemplarzu. Zdobienia na nachrapniku i paskach policzkowych, du\u017ce sprz\u0105czki, wyko\u0144czenia i akcenty maj\u0105 szczeg\u00f3\u0142owy wz\u00f3r, kt\u00f3ry pi\u0119knie mieni si\u0119 w \u015bwietle<span style=\"font-size: 16px;\">. Show Halter <\/span><span style=\"font-size: 16px;\">jest w pe\u0142ni regulowany w pi\u0119ciu p\u0142aszczyznach, zar\u00f3wno pod wzgl\u0119dem d\u0142ugo\u015bci, jak i szeroko\u015bci co daje mo\u017cliwo\u015b\u0107 idealnego dopasowania. <\/span><span style=\"font-size: 16px;\">Halter\u00a0 jest wyposa\u017cony w sk\u00f3rzany uwi\u0105z z \u0142a\u0144cuszkiem. <\/span><span style=\"font-size: 16px;\">Pi\u0119kny Show Halter dla Twojego wyj\u0105tkowego konia!<\/span><\/p>\n<ul>\n<li>Sk\u00f3ra w ciemnym kolorze<\/li>\n<li>Srebrny grawer<\/li>\n<li>5 punkt\u00f3w regulacji<\/li>\n<li>Zawiera sk\u00f3rzany uwi\u0105z o wymiarach 175 cm- sk\u00f3rzana ko\u0144c\u00f3wka, 70 cm \u0142a\u0144cuszek (bez karabi\u0144czyka)<\/li>\n<\/ul>\n<p><strong>Rozmiar COB<\/strong><\/p>\n<p><strong>Wyprodukowany w USA<\/strong><\/p>","protected":false},"featured_media":9164,"template":"","meta":{"_acf_changed":false,"site-sidebar-layout":"default","site-content-layout":"","ast-site-content-layout":"default","site-content-style":"default","site-sidebar-style":"default","ast-global-header-display":"","ast-banner-title-visibility":"","ast-main-header-display":"","ast-hfb-above-header-display":"","ast-hfb-below-header-display":"","ast-hfb-mobile-header-display":"","site-post-title":"","ast-breadcrumbs-content":"","ast-featured-img":"","footer-sml-layout":"","ast-disable-related-posts":"","theme-transparent-header-meta":"default","adv-header-id-meta":"","stick-header-meta":"","header-above-stick-meta":"","header-main-stick-meta":"","header-below-stick-meta":"","astra-migrate-meta-layouts":"set","ast-page-background-enabled":"default","ast-page-background-meta":{"desktop":{"background-color":"var(--ast-global-color-4)","background-image":"","background-repeat":"repeat","background-position":"center center","background-size":"auto","background-attachment":"scroll","background-type":"","background-media":"","overlay-type":"","overlay-color":"","overlay-opacity":"","overlay-gradient":""},"tablet":{"background-color":"","background-image":"","background-repeat":"repeat","background-position":"center center","background-size":"auto","background-attachment":"scroll","background-type":"","background-media":"","overlay-type":"","overlay-color":"","overlay-opacity":"","overlay-gradient":""},"mobile":{"background-color":"","background-image":"","background-repeat":"repeat","background-position":"center center","background-size":"auto","background-attachment":"scroll","background-type":"","background-media":"","overlay-type":"","overlay-color":"","overlay-opacity":"","overlay-gradient":""}},"ast-content-background-meta":{"desktop":{"background-color":"var(--ast-global-color-5)","background-image":"","background-repeat":"repeat","background-position":"center center","background-size":"auto","background-attachment":"scroll","background-type":"","background-media":"","overlay-type":"","overlay-color":"","overlay-opacity":"","overlay-gradient":""},"tablet":{"background-color":"var(--ast-global-color-5)","background-image":"","background-repeat":"repeat","background-position":"center center","background-size":"auto","background-attachment":"scroll","background-type":"","background-media":"","overlay-type":"","overlay-color":"","overlay-opacity":"","overlay-gradient":""},"mobile":{"background-color":"var(--ast-global-color-5)","background-image":"","background-repeat":"repeat","background-position":"center center","background-size":"auto","background-attachment":"scroll","background-type":"","background-media":"","overlay-type":"","overlay-color":"","overlay-opacity":"","overlay-gradient":""}}},"product_brand":[],"product_cat":[44,21,46],"product_tag":[],"class_list":{"0":"post-9163","1":"product","2":"type-product","3":"status-publish","4":"has-post-thumbnail","6":"product_cat-kantary","7":"product_cat-kon","8":"product_cat-uwiazy_i_liny","9":"desktop-align-left","10":"tablet-align-left","11":"mobile-align-left","13":"first","14":"instock","15":"shipping-taxable","16":"purchasable","17":"product-type-simple"},"acf":[],"_links":{"self":[{"href":"https:\/\/swiattest1.dkonto.pl\/en\/wp-json\/wp\/v2\/product\/9163","targetHints":{"allow":["GET"]}}],"collection":[{"href":"https:\/\/swiattest1.dkonto.pl\/en\/wp-json\/wp\/v2\/product"}],"about":[{"href":"https:\/\/swiattest1.dkonto.pl\/en\/wp-json\/wp\/v2\/types\/product"}],"wp:featuredmedia":[{"embeddable":true,"href":"https:\/\/swiattest1.dkonto.pl\/en\/wp-json\/wp\/v2\/media\/9164"}],"wp:attachment":[{"href":"https:\/\/swiattest1.dkonto.pl\/en\/wp-json\/wp\/v2\/media?parent=9163"}],"wp:term":[{"taxonomy":"product_brand","embeddable":true,"href":"https:\/\/swiattest1.dkonto.pl\/en\/wp-json\/wp\/v2\/product_brand?post=9163"},{"taxonomy":"product_cat","embeddable":true,"href":"https:\/\/swiattest1.dkonto.pl\/en\/wp-json\/wp\/v2\/product_cat?post=9163"},{"taxonomy":"product_tag","embeddable":true,"href":"https:\/\/swiattest1.dkonto.pl\/en\/wp-json\/wp\/v2\/product_tag?post=9163"}],"curies":[{"name":"wp","href":"https:\/\/api.w.org\/{rel}","templated":true}]}}