{"id":9064,"date":"2023-10-03T14:21:44","date_gmt":"2023-10-03T12:21:44","guid":{"rendered":"https:\/\/swiattest1.dkonto.pl\/?post_type=product&#038;p=9064"},"modified":"2026-01-02T13:36:52","modified_gmt":"2026-01-02T12:36:52","slug":"absorbine-fungasol-masc-na-grude","status":"publish","type":"product","link":"https:\/\/swiattest1.dkonto.pl\/en\/product\/absorbine-fungasol-masc-na-grude\/","title":{"rendered":"Absorbine Fungasol ma\u015b\u0107 na grud\u0119"},"content":{"rendered":"<p>Absorbine Fungasol 368g<\/p>","protected":false},"excerpt":{"rendered":"<p>Absorbine Fungasol ma\u015b\u0107 na grud\u0119. Udowodniono, \u017ce Fungasol leczy szereg grzybiczych i bakteryjnych chor\u00f3b sk\u00f3ry, co czyni go doskona\u0142\u0105 pierwsz\u0105 lini\u0105 obrony, nawet je\u015bli dok\u0142adna natura problemu sk\u00f3ry konia nie jest od razu oczywista. Oczy\u015b\u0107, piel\u0119gnuj i chro\u0144 sk\u00f3r\u0119 konia delikatn\u0105 formu\u0142\u0105 zawieraj\u0105c\u0105 olejek z drzewa herbacianego i silny sk\u0142adnik wzmacniaj\u0105cy Biopolysan pochodz\u0105cy z orzech\u00f3w kokosowych, aby zwi\u0119kszy\u0107 skuteczno\u015b\u0107 formu\u0142y.<\/p>\n<p>Stosuj osobno lub jako kompletny system do leczenia nawet najtrudniejszych bakteryjnych i grzybiczych schorze\u0144 sk\u00f3ry.<\/p>\n<ul>\n<li>Ma\u015b\u0107 tworzy warstw\u0119 ochronn\u0105 na dotkni\u0119tych obszarach<\/li>\n<li>Idealny przy leczeniu grudy, plam \u0142uszcz\u0105cej si\u0119 sk\u00f3ry (Rain Rot) oraz grzybicy<\/li>\n<li>Opatentowana technologia Biopolysan\u00ae pochodz\u0105ca z orzech\u00f3w kokosowych zwi\u0119ksza skuteczno\u015b\u0107 formu\u0142y<\/li>\n<li>\u0141agodzi i pomaga leczy\u0107 sw\u0119dzenie i otarcia ogona<\/li>\n<\/ul>","protected":false},"featured_media":9068,"template":"","meta":{"_acf_changed":false,"site-sidebar-layout":"default","site-content-layout":"","ast-site-content-layout":"default","site-content-style":"default","site-sidebar-style":"default","ast-global-header-display":"","ast-banner-title-visibility":"","ast-main-header-display":"","ast-hfb-above-header-display":"","ast-hfb-below-header-display":"","ast-hfb-mobile-header-display":"","site-post-title":"","ast-breadcrumbs-content":"","ast-featured-img":"","footer-sml-layout":"","ast-disable-related-posts":"","theme-transparent-header-meta":"default","adv-header-id-meta":"","stick-header-meta":"","header-above-stick-meta":"","header-main-stick-meta":"","header-below-stick-meta":"","astra-migrate-meta-layouts":"set","ast-page-background-enabled":"default","ast-page-background-meta":{"desktop":{"background-color":"var(--ast-global-color-4)","background-image":"","background-repeat":"repeat","background-position":"center center","background-size":"auto","background-attachment":"scroll","background-type":"","background-media":"","overlay-type":"","overlay-color":"","overlay-opacity":"","overlay-gradient":""},"tablet":{"background-color":"","background-image":"","background-repeat":"repeat","background-position":"center center","background-size":"auto","background-attachment":"scroll","background-type":"","background-media":"","overlay-type":"","overlay-color":"","overlay-opacity":"","overlay-gradient":""},"mobile":{"background-color":"","background-image":"","background-repeat":"repeat","background-position":"center center","background-size":"auto","background-attachment":"scroll","background-type":"","background-media":"","overlay-type":"","overlay-color":"","overlay-opacity":"","overlay-gradient":""}},"ast-content-background-meta":{"desktop":{"background-color":"var(--ast-global-color-5)","background-image":"","background-repeat":"repeat","background-position":"center center","background-size":"auto","background-attachment":"scroll","background-type":"","background-media":"","overlay-type":"","overlay-color":"","overlay-opacity":"","overlay-gradient":""},"tablet":{"background-color":"var(--ast-global-color-5)","background-image":"","background-repeat":"repeat","background-position":"center center","background-size":"auto","background-attachment":"scroll","background-type":"","background-media":"","overlay-type":"","overlay-color":"","overlay-opacity":"","overlay-gradient":""},"mobile":{"background-color":"var(--ast-global-color-5)","background-image":"","background-repeat":"repeat","background-position":"center center","background-size":"auto","background-attachment":"scroll","background-type":"","background-media":"","overlay-type":"","overlay-color":"","overlay-opacity":"","overlay-gradient":""}}},"product_brand":[],"product_cat":[61,21,60],"product_tag":[],"class_list":{"0":"post-9064","1":"product","2":"type-product","3":"status-publish","4":"has-post-thumbnail","6":"product_cat-pielegnacja_konia","7":"product_cat-kon","8":"product_cat-pielegnacja","9":"desktop-align-left","10":"tablet-align-left","11":"mobile-align-left","13":"first","14":"instock","15":"shipping-taxable","16":"purchasable","17":"product-type-simple"},"acf":[],"_links":{"self":[{"href":"https:\/\/swiattest1.dkonto.pl\/en\/wp-json\/wp\/v2\/product\/9064","targetHints":{"allow":["GET"]}}],"collection":[{"href":"https:\/\/swiattest1.dkonto.pl\/en\/wp-json\/wp\/v2\/product"}],"about":[{"href":"https:\/\/swiattest1.dkonto.pl\/en\/wp-json\/wp\/v2\/types\/product"}],"wp:featuredmedia":[{"embeddable":true,"href":"https:\/\/swiattest1.dkonto.pl\/en\/wp-json\/wp\/v2\/media\/9068"}],"wp:attachment":[{"href":"https:\/\/swiattest1.dkonto.pl\/en\/wp-json\/wp\/v2\/media?parent=9064"}],"wp:term":[{"taxonomy":"product_brand","embeddable":true,"href":"https:\/\/swiattest1.dkonto.pl\/en\/wp-json\/wp\/v2\/product_brand?post=9064"},{"taxonomy":"product_cat","embeddable":true,"href":"https:\/\/swiattest1.dkonto.pl\/en\/wp-json\/wp\/v2\/product_cat?post=9064"},{"taxonomy":"product_tag","embeddable":true,"href":"https:\/\/swiattest1.dkonto.pl\/en\/wp-json\/wp\/v2\/product_tag?post=9064"}],"curies":[{"name":"wp","href":"https:\/\/api.w.org\/{rel}","templated":true}]}}