{"id":8460,"date":"2023-07-20T09:30:56","date_gmt":"2023-07-20T07:30:56","guid":{"rendered":"https:\/\/swiattest1.dkonto.pl\/?post_type=product&#038;p=8460"},"modified":"2026-01-02T13:37:55","modified_gmt":"2026-01-02T12:37:55","slug":"odzywka-absorbine-showsheen","status":"publish","type":"product","link":"https:\/\/swiattest1.dkonto.pl\/en\/product\/odzywka-absorbine-showsheen\/","title":{"rendered":"Absorbine ShowSheen Conditioner"},"content":{"rendered":"<p><strong><em>To stay up to date with our news, follow us on social media!<\/em><\/strong><\/p>\n<p>\u27a1\ufe0f Find us on <a href=\"https:\/\/www.facebook.com\/swiatwesternu\/\" target=\"_blank\" rel=\"noopener\">Facebooku<\/a><\/p>\n<p>\u27a1\ufe0f Find us on <a href=\"https:\/\/www.instagram.com\/swiatwesternu\/\" target=\"_blank\" rel=\"noopener\">Instagramie<\/a><\/p>\n<p>\u27a1\ufe0f Visit our <a href=\"https:\/\/www.google.com\/maps\/place\/%C5%9Awiat+Westernu\/@50.6796006,16.378779,15z\/data=!4m6!3m5!1s0x7eb72780815dcd3:0xbf83922c09cdd3a8!8m2!3d50.6796006!4d16.378779!16s%2Fg%2F11p5nyjpb5?entry=ttu\" target=\"_blank\" rel=\"noopener\">stationary store<\/a><\/p>\n<p>\u27a1\ufe0f<a href=\"https:\/\/swiattest1.dkonto.pl\/en\/kontakt\/\">Contact us!<\/a><\/p>","protected":false},"excerpt":{"rendered":"<p>Od\u017cywka Absorbine ShowSheen- Ko\u0144 cz\u0119sto myty szamponem wymaga optymalnej piel\u0119gnacji sier\u015bci, aby zast\u0105pi\u0107 naturalne oleje, kt\u00f3re s\u0105 wyczerpane podczas mycia szamponem, nawet przy u\u017cyciu naj\u0142agodniejszego \u015brodka czyszcz\u0105cego. Od\u017cywka ShowSheen Creme jest przeznaczoa dla w\u0142a\u015bcicieli koni, kt\u00f3rzy preferuj\u0105 g\u0142\u0119boko od\u017cywiaj\u0105cy krem, kt\u00f3ry mo\u017cna sp\u0142uka\u0107 lub pozostawi\u0107 na sk\u00f3rze, aby zapewni\u0107 ci\u0105g\u0142e dzia\u0142anie nawil\u017caj\u0105ce. Ta zaawansowana terapia zio\u0142owa \u0142\u0105czy ekstrakty botaniczne z rumianku, rozmarynu, krwawnika, pokrzywy, \u0142opianu i aloesu z lanolin\u0105, biotyn\u0105 i pantenolem, aby nada\u0107 twoim koniom zdrowy, jedwabisty po\u0142ysk.<\/p>\n<p>&nbsp;<\/p>\n<p><strong>Absorbine ShowSheen Conditioner &#8211; 946 ml<\/strong><\/p>\n<p>Spos\u00f3b u\u017cycia:<br \/>\nGrzywa i ogon: po umyciu szamponem ShowSheen Shampoo, u\u017cyj 30 ml &#8211; na\u0142\u00f3\u017c na d\u0142o\u0144 i wmasuj w grzyw\u0119 i ogon, u\u017cyj wi\u0119cej w razie potrzeby. Pozostawi\u0107 na 1 &#8211; 3 minut i dobrze sp\u0142uka\u0107 czyst\u0105 wod\u0105. P\u0142aszcz: Po umyciu szamponem wymieszaj 90 ml w 4l wody i na\u0142\u00f3\u017c za pomoc\u0105 g\u0105bki na cia\u0142o konia. Pozostaw na 1 -3 minut, nast\u0119pnie dok\u0142adnie sp\u0142ucz\u00a0 czyst\u0105 wod\u0105.<\/p>\n<p>&nbsp;<\/p>","protected":false},"featured_media":8461,"template":"","meta":{"_acf_changed":false,"site-sidebar-layout":"default","site-content-layout":"default","ast-site-content-layout":"default","site-content-style":"default","site-sidebar-style":"default","ast-global-header-display":"","ast-banner-title-visibility":"","ast-main-header-display":"","ast-hfb-above-header-display":"","ast-hfb-below-header-display":"","ast-hfb-mobile-header-display":"","site-post-title":"","ast-breadcrumbs-content":"","ast-featured-img":"","footer-sml-layout":"","ast-disable-related-posts":"","theme-transparent-header-meta":"default","adv-header-id-meta":"","stick-header-meta":"","header-above-stick-meta":"","header-main-stick-meta":"","header-below-stick-meta":"","astra-migrate-meta-layouts":"set","ast-page-background-enabled":"default","ast-page-background-meta":{"desktop":{"background-color":"var(--ast-global-color-4)","background-image":"","background-repeat":"repeat","background-position":"center center","background-size":"auto","background-attachment":"scroll","background-type":"","background-media":"","overlay-type":"","overlay-color":"","overlay-opacity":"","overlay-gradient":""},"tablet":{"background-color":"","background-image":"","background-repeat":"repeat","background-position":"center center","background-size":"auto","background-attachment":"scroll","background-type":"","background-media":"","overlay-type":"","overlay-color":"","overlay-opacity":"","overlay-gradient":""},"mobile":{"background-color":"","background-image":"","background-repeat":"repeat","background-position":"center center","background-size":"auto","background-attachment":"scroll","background-type":"","background-media":"","overlay-type":"","overlay-color":"","overlay-opacity":"","overlay-gradient":""}},"ast-content-background-meta":{"desktop":{"background-color":"var(--ast-global-color-5)","background-image":"","background-repeat":"repeat","background-position":"center center","background-size":"auto","background-attachment":"scroll","background-type":"","background-media":"","overlay-type":"","overlay-color":"","overlay-opacity":"","overlay-gradient":""},"tablet":{"background-color":"var(--ast-global-color-5)","background-image":"","background-repeat":"repeat","background-position":"center center","background-size":"auto","background-attachment":"scroll","background-type":"","background-media":"","overlay-type":"","overlay-color":"","overlay-opacity":"","overlay-gradient":""},"mobile":{"background-color":"var(--ast-global-color-5)","background-image":"","background-repeat":"repeat","background-position":"center center","background-size":"auto","background-attachment":"scroll","background-type":"","background-media":"","overlay-type":"","overlay-color":"","overlay-opacity":"","overlay-gradient":""}}},"product_brand":[],"product_cat":[61,21,60],"product_tag":[],"class_list":{"0":"post-8460","1":"product","2":"type-product","3":"status-publish","4":"has-post-thumbnail","6":"product_cat-pielegnacja_konia","7":"product_cat-kon","8":"product_cat-pielegnacja","9":"desktop-align-left","10":"tablet-align-left","11":"mobile-align-left","13":"first","14":"instock","15":"shipping-taxable","16":"purchasable","17":"product-type-simple"},"acf":[],"_links":{"self":[{"href":"https:\/\/swiattest1.dkonto.pl\/en\/wp-json\/wp\/v2\/product\/8460","targetHints":{"allow":["GET"]}}],"collection":[{"href":"https:\/\/swiattest1.dkonto.pl\/en\/wp-json\/wp\/v2\/product"}],"about":[{"href":"https:\/\/swiattest1.dkonto.pl\/en\/wp-json\/wp\/v2\/types\/product"}],"wp:featuredmedia":[{"embeddable":true,"href":"https:\/\/swiattest1.dkonto.pl\/en\/wp-json\/wp\/v2\/media\/8461"}],"wp:attachment":[{"href":"https:\/\/swiattest1.dkonto.pl\/en\/wp-json\/wp\/v2\/media?parent=8460"}],"wp:term":[{"taxonomy":"product_brand","embeddable":true,"href":"https:\/\/swiattest1.dkonto.pl\/en\/wp-json\/wp\/v2\/product_brand?post=8460"},{"taxonomy":"product_cat","embeddable":true,"href":"https:\/\/swiattest1.dkonto.pl\/en\/wp-json\/wp\/v2\/product_cat?post=8460"},{"taxonomy":"product_tag","embeddable":true,"href":"https:\/\/swiattest1.dkonto.pl\/en\/wp-json\/wp\/v2\/product_tag?post=8460"}],"curies":[{"name":"wp","href":"https:\/\/api.w.org\/{rel}","templated":true}]}}