{"id":8436,"date":"2023-07-19T15:50:13","date_gmt":"2023-07-19T13:50:13","guid":{"rendered":"https:\/\/swiattest1.dkonto.pl\/?post_type=product&#038;p=8436"},"modified":"2026-01-02T13:38:14","modified_gmt":"2026-01-02T12:38:14","slug":"pad-professional-choice-good-medicine-comfort","status":"publish","type":"product","link":"https:\/\/swiattest1.dkonto.pl\/en\/product\/pad-professional-choice-good-medicine-comfort\/","title":{"rendered":"Pad Professional Choice Good Medicine Comfort"},"content":{"rendered":"<p><strong>Rozmiar 33&#8243; x 38&#8243; x 1\u201d<\/strong><\/p>\n<p><strong>Kolor: BISON<\/strong><\/p>","protected":false},"excerpt":{"rendered":"<p>Pad Professional Choice Good Medicine Comfort<\/p>\n<p>\u2022 Specjalnie zaprojektowany wierzch z r\u0119cznie tkanej we\u0142ny nowozelandzkiej<br \/>\n\u2022 Fachowo wyprofilowany grzbiet i k\u0142\u0105b wzmocniony sk\u00f3r\u0105<br \/>\n\u2022 Wk\u0142adka amortyzuj\u0105ca AIR RIDE zapewnia ochron\u0119 przed uderzeniami oraz wygod\u0119<br \/>\n\u2022 Najwy\u017cszej jako\u015bci sp\u00f3d z we\u0142ny merynos\u00f3w chroni i odprowadza wilgo\u0107<\/p>\n<p>Pad Comfort-Fit SMx Air Ride jest wyprofilowany tak, aby pod\u0105\u017ca\u0142 za krzywizn\u0105 kr\u0119gos\u0142upa konia. W rezultacie podk\u0142adka dopasowuje si\u0119 do grzbietu konia jednocze\u015bnie umo\u017cliwiaj\u0105c pe\u0142ny ruch. Rdze\u0144 SMx Air Ride poch\u0142ania wstrz\u0105sy i poprawia dopasowanie siod\u0142a, zapewniaj\u0105c najwy\u017cszy mo\u017cliwy komfort. Rdze\u0144 Air Ride jest wykonany z unikalnego materia\u0142u, kt\u00f3ry znajduje si\u0119 w odzie\u017cy ochronnej zawodowych sportowc\u00f3w, aby poch\u0142ania\u0107 wstrz\u0105sy, jednocze\u015bnie umo\u017cliwiaj\u0105c przep\u0142yw powietrza do sk\u00f3ry, tworz\u0105c naturalny system ch\u0142odzenia, kt\u00f3ry obni\u017ca temperatur\u0119 cia\u0142a konia i spowalnia tempo zm\u0119czenia.<\/p>\n<p><strong>LEGEND of the HAND TO HORSE\u00a9<\/strong><br \/>\nPad pod siod\u0142o Hand to Horse reprezentuje zar\u00f3wno honor, jak i zaufanie do ko\u0144skiego towarzysza. Daje siln\u0105 obecno\u015b\u0107 i \u0142\u0105czy konia i je\u017ad\u017aca w komunikacji. Odcisk d\u0142oni jest najbardziej rozpoznawalnym symbolem umieszczanym na india\u0144skich koniach. Odcisk d\u0142oni po lewej stronie konia oznacza \u201eblizny bojowe\u201d.\u00a0\u201ePo prawej stronie jest najwy\u017cszym wyr\u00f3\u017cnieniem, oznaczaj\u0105cym,<br \/>\n\u017ce ko\u0144 bezpiecznie sprowadzi\u0142 swojego pana do domu z niebezpiecznej misji.<br \/>\nNa koniu rysowane jest o\u015bwietlenie, kt\u00f3re symbolizuje zar\u00f3wno moc, jak i szybko\u015b\u0107. Widz\u0105c to, budzi strach u wrog\u00f3w. Pi\u00f3ro jest bardzo pot\u0119\u017cne w tradycji rdzennych Amerykan\u00f3w. Honor i pojednanie ze stw\u00f3rc\u0105 symbolizowa\u0142o zdobienie grzyw i ogon\u00f3w pi\u00f3rami.<\/p>","protected":false},"featured_media":8438,"template":"","meta":{"_acf_changed":false,"site-sidebar-layout":"default","site-content-layout":"default","ast-site-content-layout":"default","site-content-style":"default","site-sidebar-style":"default","ast-global-header-display":"","ast-banner-title-visibility":"","ast-main-header-display":"","ast-hfb-above-header-display":"","ast-hfb-below-header-display":"","ast-hfb-mobile-header-display":"","site-post-title":"","ast-breadcrumbs-content":"","ast-featured-img":"","footer-sml-layout":"","ast-disable-related-posts":"","theme-transparent-header-meta":"default","adv-header-id-meta":"","stick-header-meta":"","header-above-stick-meta":"","header-main-stick-meta":"","header-below-stick-meta":"","astra-migrate-meta-layouts":"set","ast-page-background-enabled":"default","ast-page-background-meta":{"desktop":{"background-color":"var(--ast-global-color-4)","background-image":"","background-repeat":"repeat","background-position":"center center","background-size":"auto","background-attachment":"scroll","background-type":"","background-media":"","overlay-type":"","overlay-color":"","overlay-opacity":"","overlay-gradient":""},"tablet":{"background-color":"","background-image":"","background-repeat":"repeat","background-position":"center center","background-size":"auto","background-attachment":"scroll","background-type":"","background-media":"","overlay-type":"","overlay-color":"","overlay-opacity":"","overlay-gradient":""},"mobile":{"background-color":"","background-image":"","background-repeat":"repeat","background-position":"center center","background-size":"auto","background-attachment":"scroll","background-type":"","background-media":"","overlay-type":"","overlay-color":"","overlay-opacity":"","overlay-gradient":""}},"ast-content-background-meta":{"desktop":{"background-color":"var(--ast-global-color-5)","background-image":"","background-repeat":"repeat","background-position":"center center","background-size":"auto","background-attachment":"scroll","background-type":"","background-media":"","overlay-type":"","overlay-color":"","overlay-opacity":"","overlay-gradient":""},"tablet":{"background-color":"var(--ast-global-color-5)","background-image":"","background-repeat":"repeat","background-position":"center center","background-size":"auto","background-attachment":"scroll","background-type":"","background-media":"","overlay-type":"","overlay-color":"","overlay-opacity":"","overlay-gradient":""},"mobile":{"background-color":"var(--ast-global-color-5)","background-image":"","background-repeat":"repeat","background-position":"center center","background-size":"auto","background-attachment":"scroll","background-type":"","background-media":"","overlay-type":"","overlay-color":"","overlay-opacity":"","overlay-gradient":""}}},"product_brand":[],"product_cat":[51,21,47],"product_tag":[],"class_list":{"0":"post-8436","1":"product","2":"type-product","3":"status-publish","4":"has-post-thumbnail","6":"product_cat-pady","7":"product_cat-kon","8":"product_cat-osprzet_do_siodla","9":"desktop-align-left","10":"tablet-align-left","11":"mobile-align-left","13":"first","14":"instock","15":"shipping-taxable","16":"purchasable","17":"product-type-simple"},"acf":[],"_links":{"self":[{"href":"https:\/\/swiattest1.dkonto.pl\/en\/wp-json\/wp\/v2\/product\/8436","targetHints":{"allow":["GET"]}}],"collection":[{"href":"https:\/\/swiattest1.dkonto.pl\/en\/wp-json\/wp\/v2\/product"}],"about":[{"href":"https:\/\/swiattest1.dkonto.pl\/en\/wp-json\/wp\/v2\/types\/product"}],"wp:featuredmedia":[{"embeddable":true,"href":"https:\/\/swiattest1.dkonto.pl\/en\/wp-json\/wp\/v2\/media\/8438"}],"wp:attachment":[{"href":"https:\/\/swiattest1.dkonto.pl\/en\/wp-json\/wp\/v2\/media?parent=8436"}],"wp:term":[{"taxonomy":"product_brand","embeddable":true,"href":"https:\/\/swiattest1.dkonto.pl\/en\/wp-json\/wp\/v2\/product_brand?post=8436"},{"taxonomy":"product_cat","embeddable":true,"href":"https:\/\/swiattest1.dkonto.pl\/en\/wp-json\/wp\/v2\/product_cat?post=8436"},{"taxonomy":"product_tag","embeddable":true,"href":"https:\/\/swiattest1.dkonto.pl\/en\/wp-json\/wp\/v2\/product_tag?post=8436"}],"curies":[{"name":"wp","href":"https:\/\/api.w.org\/{rel}","templated":true}]}}