{"id":8266,"date":"2023-07-10T19:28:30","date_gmt":"2023-07-10T17:28:30","guid":{"rendered":"https:\/\/swiattest1.dkonto.pl\/?post_type=product&#038;p=8266"},"modified":"2026-01-01T04:54:55","modified_gmt":"2026-01-01T03:54:55","slug":"kowbojki-ariat-round-up-pink-snake","status":"publish","type":"product","link":"https:\/\/swiattest1.dkonto.pl\/en\/product\/kowbojki-ariat-round-up-pink-snake\/","title":{"rendered":"Ariat Round Up Pink Snake Cowboy Boots"},"content":{"rendered":"<p><strong><em>To stay up to date with our news, follow us on social media!<\/em><\/strong><\/p>\n<p>\u27a1\ufe0f Find us on <a href=\"https:\/\/www.facebook.com\/swiatwesternu\/\" target=\"_blank\" rel=\"noopener\">Facebooku<\/a><\/p>\n<p>\u27a1\ufe0f Find us on <a href=\"https:\/\/www.instagram.com\/swiatwesternu\/\" target=\"_blank\" rel=\"noopener\">Instagramie<\/a><\/p>\n<p>\u27a1\ufe0f Visit our <a href=\"https:\/\/www.google.com\/maps\/place\/%C5%9Awiat+Westernu\/@50.6796006,16.378779,15z\/data=!4m6!3m5!1s0x7eb72780815dcd3:0xbf83922c09cdd3a8!8m2!3d50.6796006!4d16.378779!16s%2Fg%2F11p5nyjpb5?entry=ttu\" target=\"_blank\" rel=\"noopener\">stationary store<\/a><\/p>\n<p>\u27a1\ufe0f<a href=\"https:\/\/swiattest1.dkonto.pl\/en\/kontakt\/\">Contact us!<\/a><\/p>","protected":false},"excerpt":{"rendered":"<p><span style=\"font-family: Helvetica;\">Kowbojki Ariat Round Up Pink Snake to komfortowa technologia spotyka si\u0119 z tradycj\u0105. Wn\u0119trze tego eleganckiego buta zapewnia ca\u0142odzienn\u0105 amortyzacj\u0119. Na zewn\u0105trz wysokiej jako\u015bci sk\u00f3ra licowa jest bogata w szczeg\u00f3\u0142y we wszystkich w\u0142a\u015bciwych miejscach.<\/span><\/p>\n<p><span style=\"font-family: Helvetica;\">\u20224LR\u2122 technology for support and cushioning<br \/>\n\u2022All Day Cushioning insole with a rebound<br \/>\n\u2022Full-grain leather foot and upper<br \/>\n\u2022Duratread\u2122 outsole provides maximum wear resistance and flexibility.<\/span><\/p>\n<table width=\"408.0\" cellspacing=\"0\" cellpadding=\"0\">\n<tbody>\n<tr>\n<td valign=\"middle\">SIZE UK<\/td>\n<td valign=\"middle\">3<\/td>\n<td valign=\"middle\">3.5<\/td>\n<td valign=\"middle\">4<\/td>\n<td valign=\"middle\">4.5<\/td>\n<td valign=\"middle\">5<\/td>\n<td valign=\"middle\">5.5<\/td>\n<td valign=\"middle\">6<\/td>\n<td valign=\"middle\">6.5<\/td>\n<td valign=\"middle\">7<\/td>\n<td valign=\"middle\">7.5<\/td>\n<td valign=\"middle\">8<\/td>\n<td valign=\"middle\">8.5<\/td>\n<\/tr>\n<tr>\n<td valign=\"middle\">SIZE EU<\/td>\n<td valign=\"middle\">36<\/td>\n<td valign=\"middle\">36.5<\/td>\n<td valign=\"middle\">37<\/td>\n<td valign=\"middle\">37.5<\/td>\n<td valign=\"middle\">38<\/td>\n<td valign=\"middle\">38.5<\/td>\n<td valign=\"middle\">39<\/td>\n<td valign=\"middle\">40<\/td>\n<td valign=\"middle\">41<\/td>\n<td valign=\"middle\">41.5<\/td>\n<td valign=\"middle\">42<\/td>\n<td valign=\"middle\">42.5<\/td>\n<\/tr>\n<tr>\n<td valign=\"middle\">SIZE US<\/td>\n<td valign=\"middle\">5.5<\/td>\n<td valign=\"middle\">6<\/td>\n<td valign=\"middle\">6.5<\/td>\n<td valign=\"middle\">7<\/td>\n<td valign=\"middle\">7.5<\/td>\n<td valign=\"middle\">8<\/td>\n<td valign=\"middle\">8.5<\/td>\n<td valign=\"middle\">9<\/td>\n<td valign=\"middle\">9.5<\/td>\n<td valign=\"middle\">10<\/td>\n<td valign=\"middle\">10.5<\/td>\n<td valign=\"middle\">11<\/td>\n<\/tr>\n<\/tbody>\n<\/table>","protected":false},"featured_media":8274,"template":"","meta":{"_acf_changed":false,"site-sidebar-layout":"default","site-content-layout":"default","ast-site-content-layout":"default","site-content-style":"default","site-sidebar-style":"default","ast-global-header-display":"","ast-banner-title-visibility":"","ast-main-header-display":"","ast-hfb-above-header-display":"","ast-hfb-below-header-display":"","ast-hfb-mobile-header-display":"","site-post-title":"","ast-breadcrumbs-content":"","ast-featured-img":"","footer-sml-layout":"","ast-disable-related-posts":"","theme-transparent-header-meta":"default","adv-header-id-meta":"","stick-header-meta":"","header-above-stick-meta":"","header-main-stick-meta":"","header-below-stick-meta":"","astra-migrate-meta-layouts":"set","ast-page-background-enabled":"default","ast-page-background-meta":{"desktop":{"background-color":"var(--ast-global-color-4)","background-image":"","background-repeat":"repeat","background-position":"center center","background-size":"auto","background-attachment":"scroll","background-type":"","background-media":"","overlay-type":"","overlay-color":"","overlay-opacity":"","overlay-gradient":""},"tablet":{"background-color":"","background-image":"","background-repeat":"repeat","background-position":"center center","background-size":"auto","background-attachment":"scroll","background-type":"","background-media":"","overlay-type":"","overlay-color":"","overlay-opacity":"","overlay-gradient":""},"mobile":{"background-color":"","background-image":"","background-repeat":"repeat","background-position":"center center","background-size":"auto","background-attachment":"scroll","background-type":"","background-media":"","overlay-type":"","overlay-color":"","overlay-opacity":"","overlay-gradient":""}},"ast-content-background-meta":{"desktop":{"background-color":"var(--ast-global-color-5)","background-image":"","background-repeat":"repeat","background-position":"center center","background-size":"auto","background-attachment":"scroll","background-type":"","background-media":"","overlay-type":"","overlay-color":"","overlay-opacity":"","overlay-gradient":""},"tablet":{"background-color":"var(--ast-global-color-5)","background-image":"","background-repeat":"repeat","background-position":"center center","background-size":"auto","background-attachment":"scroll","background-type":"","background-media":"","overlay-type":"","overlay-color":"","overlay-opacity":"","overlay-gradient":""},"mobile":{"background-color":"var(--ast-global-color-5)","background-image":"","background-repeat":"repeat","background-position":"center center","background-size":"auto","background-attachment":"scroll","background-type":"","background-media":"","overlay-type":"","overlay-color":"","overlay-opacity":"","overlay-gradient":""}}},"product_brand":[],"product_cat":[66,22,65],"product_tag":[],"class_list":{"0":"post-8266","1":"product","2":"type-product","3":"status-publish","4":"has-post-thumbnail","6":"product_cat-damskie","7":"product_cat-jezdziec","8":"product_cat-kowbojki","9":"desktop-align-left","10":"tablet-align-left","11":"mobile-align-left","13":"first","14":"instock","15":"shipping-taxable","16":"purchasable","17":"product-type-variable"},"acf":[],"_links":{"self":[{"href":"https:\/\/swiattest1.dkonto.pl\/en\/wp-json\/wp\/v2\/product\/8266","targetHints":{"allow":["GET"]}}],"collection":[{"href":"https:\/\/swiattest1.dkonto.pl\/en\/wp-json\/wp\/v2\/product"}],"about":[{"href":"https:\/\/swiattest1.dkonto.pl\/en\/wp-json\/wp\/v2\/types\/product"}],"wp:featuredmedia":[{"embeddable":true,"href":"https:\/\/swiattest1.dkonto.pl\/en\/wp-json\/wp\/v2\/media\/8274"}],"wp:attachment":[{"href":"https:\/\/swiattest1.dkonto.pl\/en\/wp-json\/wp\/v2\/media?parent=8266"}],"wp:term":[{"taxonomy":"product_brand","embeddable":true,"href":"https:\/\/swiattest1.dkonto.pl\/en\/wp-json\/wp\/v2\/product_brand?post=8266"},{"taxonomy":"product_cat","embeddable":true,"href":"https:\/\/swiattest1.dkonto.pl\/en\/wp-json\/wp\/v2\/product_cat?post=8266"},{"taxonomy":"product_tag","embeddable":true,"href":"https:\/\/swiattest1.dkonto.pl\/en\/wp-json\/wp\/v2\/product_tag?post=8266"}],"curies":[{"name":"wp","href":"https:\/\/api.w.org\/{rel}","templated":true}]}}