{"id":5449,"date":"2023-01-02T12:51:27","date_gmt":"2023-01-02T11:51:27","guid":{"rendered":"https:\/\/swiattest1.dkonto.pl\/?post_type=product&#038;p=5449"},"modified":"2025-01-01T10:09:53","modified_gmt":"2025-01-01T09:09:53","slug":"paski-do-ostrog-western-rockiny-wyoming","status":"publish","type":"product","link":"https:\/\/swiattest1.dkonto.pl\/en\/product\/paski-do-ostrog-western-rockiny-wyoming\/","title":{"rendered":"Paski do ostr\u00f3g western RockinY Wyoming"},"content":{"rendered":"<p><strong><em>To stay up to date with our news, follow us on social media!<\/em><\/strong><\/p>\n<p>\u27a1\ufe0f Find us on <a href=\"https:\/\/www.facebook.com\/swiatwesternu\/\" target=\"_blank\" rel=\"noopener\">Facebooku<\/a><\/p>\n<p>\u27a1\ufe0f Find us on <a href=\"https:\/\/www.instagram.com\/swiatwesternu\/\" target=\"_blank\" rel=\"noopener\">Instagramie<\/a><\/p>\n<p>\u27a1\ufe0f Visit our <a href=\"https:\/\/www.google.com\/maps\/place\/%C5%9Awiat+Westernu\/@50.6796006,16.378779,15z\/data=!4m6!3m5!1s0x7eb72780815dcd3:0xbf83922c09cdd3a8!8m2!3d50.6796006!4d16.378779!16s%2Fg%2F11p5nyjpb5?entry=ttu\" target=\"_blank\" rel=\"noopener\">stationary store<\/a><\/p>\n<p>\u27a1\ufe0f<a href=\"https:\/\/swiattest1.dkonto.pl\/en\/kontakt\/\">Contact us!<\/a><\/p>","protected":false},"excerpt":{"rendered":"<p>Paski do ostr\u00f3g western RockinY Wyoming wykonane ze 100% sk\u00f3ry. Posiadaj\u0105 du\u017ce concho, ozdobny wz\u00f3r oraz ozdobne klamerki. Mocowania wykonane z wytrzyma\u0142ej sk\u00f3ry latigo, wykonane r\u0119cznie z dba\u0142o\u015bci\u0105 o ka\u017cdy szczeg\u00f3\u0142.<\/p>\n<ul>\n<li>Mocowania: latigo<\/li>\n<li>Ozdobne concho oraz sprz\u0105czki<\/li>\n<li>Wyrazisty wz\u00f3r<\/li>\n<li>Rozmiar: m\u0119ski<\/li>\n<li>Materia\u0142: sk\u00f3ra naturalna<\/li>\n<\/ul>\n<p>Sprawd\u017a nasz\u0105 ofert\u0119 pask\u00f3w do ostr\u00f3g <a href=\"https:\/\/swiattest1.dkonto.pl\/en\/product-category\/jezdziec\/ostrogi_i_paski\/paski_do_ostrog\/\">tutaj<\/a><\/p>","protected":false},"featured_media":5450,"template":"","meta":{"_acf_changed":false,"site-sidebar-layout":"default","site-content-layout":"default","ast-site-content-layout":"default","site-content-style":"default","site-sidebar-style":"default","ast-global-header-display":"","ast-banner-title-visibility":"","ast-main-header-display":"","ast-hfb-above-header-display":"","ast-hfb-below-header-display":"","ast-hfb-mobile-header-display":"","site-post-title":"","ast-breadcrumbs-content":"","ast-featured-img":"","footer-sml-layout":"","ast-disable-related-posts":"","theme-transparent-header-meta":"default","adv-header-id-meta":"","stick-header-meta":"","header-above-stick-meta":"","header-main-stick-meta":"","header-below-stick-meta":"","astra-migrate-meta-layouts":"set","ast-page-background-enabled":"default","ast-page-background-meta":{"desktop":{"background-color":"var(--ast-global-color-4)","background-image":"","background-repeat":"repeat","background-position":"center center","background-size":"auto","background-attachment":"scroll","background-type":"","background-media":"","overlay-type":"","overlay-color":"","overlay-opacity":"","overlay-gradient":""},"tablet":{"background-color":"","background-image":"","background-repeat":"repeat","background-position":"center center","background-size":"auto","background-attachment":"scroll","background-type":"","background-media":"","overlay-type":"","overlay-color":"","overlay-opacity":"","overlay-gradient":""},"mobile":{"background-color":"","background-image":"","background-repeat":"repeat","background-position":"center center","background-size":"auto","background-attachment":"scroll","background-type":"","background-media":"","overlay-type":"","overlay-color":"","overlay-opacity":"","overlay-gradient":""}},"ast-content-background-meta":{"desktop":{"background-color":"var(--ast-global-color-5)","background-image":"","background-repeat":"repeat","background-position":"center center","background-size":"auto","background-attachment":"scroll","background-type":"","background-media":"","overlay-type":"","overlay-color":"","overlay-opacity":"","overlay-gradient":""},"tablet":{"background-color":"var(--ast-global-color-5)","background-image":"","background-repeat":"repeat","background-position":"center center","background-size":"auto","background-attachment":"scroll","background-type":"","background-media":"","overlay-type":"","overlay-color":"","overlay-opacity":"","overlay-gradient":""},"mobile":{"background-color":"var(--ast-global-color-5)","background-image":"","background-repeat":"repeat","background-position":"center center","background-size":"auto","background-attachment":"scroll","background-type":"","background-media":"","overlay-type":"","overlay-color":"","overlay-opacity":"","overlay-gradient":""}}},"product_brand":[],"product_cat":[72,22,70],"product_tag":[],"class_list":{"0":"post-5449","1":"product","2":"type-product","3":"status-publish","4":"has-post-thumbnail","6":"product_cat-paski_do_ostrog","7":"product_cat-jezdziec","8":"product_cat-ostrogi_i_paski","9":"desktop-align-left","10":"tablet-align-left","11":"mobile-align-left","13":"first","14":"instock","15":"shipping-taxable","16":"purchasable","17":"product-type-simple"},"acf":[],"_links":{"self":[{"href":"https:\/\/swiattest1.dkonto.pl\/en\/wp-json\/wp\/v2\/product\/5449","targetHints":{"allow":["GET"]}}],"collection":[{"href":"https:\/\/swiattest1.dkonto.pl\/en\/wp-json\/wp\/v2\/product"}],"about":[{"href":"https:\/\/swiattest1.dkonto.pl\/en\/wp-json\/wp\/v2\/types\/product"}],"wp:featuredmedia":[{"embeddable":true,"href":"https:\/\/swiattest1.dkonto.pl\/en\/wp-json\/wp\/v2\/media\/5450"}],"wp:attachment":[{"href":"https:\/\/swiattest1.dkonto.pl\/en\/wp-json\/wp\/v2\/media?parent=5449"}],"wp:term":[{"taxonomy":"product_brand","embeddable":true,"href":"https:\/\/swiattest1.dkonto.pl\/en\/wp-json\/wp\/v2\/product_brand?post=5449"},{"taxonomy":"product_cat","embeddable":true,"href":"https:\/\/swiattest1.dkonto.pl\/en\/wp-json\/wp\/v2\/product_cat?post=5449"},{"taxonomy":"product_tag","embeddable":true,"href":"https:\/\/swiattest1.dkonto.pl\/en\/wp-json\/wp\/v2\/product_tag?post=5449"}],"curies":[{"name":"wp","href":"https:\/\/api.w.org\/{rel}","templated":true}]}}