{"id":5192,"date":"2022-11-28T15:07:22","date_gmt":"2022-11-28T14:07:22","guid":{"rendered":"https:\/\/swiattest1.dkonto.pl\/?post_type=product&#038;p=5192"},"modified":"2026-01-01T04:54:55","modified_gmt":"2026-01-01T03:54:55","slug":"popreg-professionals-choice-smx-ventech","status":"publish","type":"product","link":"https:\/\/swiattest1.dkonto.pl\/en\/product\/popreg-professionals-choice-smx-ventech\/","title":{"rendered":"Professional\u2019s Choice SMX VENTECH Cinch"},"content":{"rendered":"<p><strong>To stay up to date with our news, follow us on social media!<\/strong><\/p>\n<p>\u27a1\ufe0f Find us on <a href=\"https:\/\/www.facebook.com\/swiatwesternu\/\" target=\"_blank\" rel=\"noopener\">Facebooku<\/a><\/p>\n<p>\u27a1\ufe0f Find us on <a href=\"https:\/\/www.instagram.com\/swiatwesternu\/\" target=\"_blank\" rel=\"noopener\">Instagramie<\/a><\/p>\n<p>\u27a1\ufe0f Visit our <a href=\"https:\/\/www.google.com\/maps\/place\/%C5%9Awiat+Westernu\/@50.6796006,16.378779,15z\/data=!4m6!3m5!1s0x7eb72780815dcd3:0xbf83922c09cdd3a8!8m2!3d50.6796006!4d16.378779!16s%2Fg%2F11p5nyjpb5?entry=ttu\" target=\"_blank\" rel=\"noopener\">stationary store<\/a><\/p>\n<p>\u27a1\ufe0f<a href=\"https:\/\/swiattest1.dkonto.pl\/en\/kontakt\/\">Contact us!<\/a><\/p>","protected":false},"excerpt":{"rendered":"<p>Popr\u0119g Professional&#8217;s Choice SMX VENTECH to nowy standard komfortu i technologii dla koni ze wszystkimi funkcjami premium, kt\u00f3rych oczekujesz od produktu Professionals Choice. Ekskluzywna nowa technologia VenTECH obejmuje wentylowan\u0105, antypo\u015blizgow\u0105 wy\u015bci\u00f3\u0142k\u0119 z neoprenu, kt\u00f3ra dopasowuje si\u0119 do Twojego konia. Pozwala na ucieczk\u0119 ciep\u0142a i wilgoci, utrzymuj\u0105c konia w ch\u0142odzie i osi\u0105gaj\u0105c najlepsze wyniki. Odpinana neoprenowa wy\u015bci\u00f3\u0142ka u\u0142atwia pranie. Najwy\u017csza jako\u015b\u0107 i komfort. Popr\u0119g western SMx VenTECH nadaje si\u0119 do ka\u017cdej westernowej dyscypliny.<\/p>\n<ul>\n<li>Technologia SMx VenTECH zapewnia wi\u0119ksze wsparcie, lepsze dopasowanie i lepsz\u0105 wydajno\u015b\u0107.<\/li>\n<li>Wytrzyma\u0142a, wzmocniona klamra z rolk\u0105 ze stali nierdzewnej i \u015brodkowe D-ringi s\u0105 bezpieczne, trwa\u0142e i nie rdzewiej\u0105<\/li>\n<li>Wytrzyma\u0142a ta\u015bma ze wzmocnionymi nylonowymi szwami zapewnia trwa\u0142o\u015b\u0107<\/li>\n<li>Wentylowany, antypo\u015blizgowy neopren utrzymuje siod\u0142o na miejscu bez nadmiernego napinania<\/li>\n<li>Szlufka na pas popr\u0119gowy<\/li>\n<\/ul>","protected":false},"featured_media":5193,"template":"","meta":{"_acf_changed":false,"site-sidebar-layout":"default","site-content-layout":"default","ast-site-content-layout":"default","site-content-style":"default","site-sidebar-style":"default","ast-global-header-display":"","ast-banner-title-visibility":"","ast-main-header-display":"","ast-hfb-above-header-display":"","ast-hfb-below-header-display":"","ast-hfb-mobile-header-display":"","site-post-title":"","ast-breadcrumbs-content":"","ast-featured-img":"","footer-sml-layout":"","ast-disable-related-posts":"","theme-transparent-header-meta":"default","adv-header-id-meta":"","stick-header-meta":"","header-above-stick-meta":"","header-main-stick-meta":"","header-below-stick-meta":"","astra-migrate-meta-layouts":"set","ast-page-background-enabled":"default","ast-page-background-meta":{"desktop":{"background-color":"var(--ast-global-color-4)","background-image":"","background-repeat":"repeat","background-position":"center center","background-size":"auto","background-attachment":"scroll","background-type":"","background-media":"","overlay-type":"","overlay-color":"","overlay-opacity":"","overlay-gradient":""},"tablet":{"background-color":"","background-image":"","background-repeat":"repeat","background-position":"center center","background-size":"auto","background-attachment":"scroll","background-type":"","background-media":"","overlay-type":"","overlay-color":"","overlay-opacity":"","overlay-gradient":""},"mobile":{"background-color":"","background-image":"","background-repeat":"repeat","background-position":"center center","background-size":"auto","background-attachment":"scroll","background-type":"","background-media":"","overlay-type":"","overlay-color":"","overlay-opacity":"","overlay-gradient":""}},"ast-content-background-meta":{"desktop":{"background-color":"var(--ast-global-color-5)","background-image":"","background-repeat":"repeat","background-position":"center center","background-size":"auto","background-attachment":"scroll","background-type":"","background-media":"","overlay-type":"","overlay-color":"","overlay-opacity":"","overlay-gradient":""},"tablet":{"background-color":"var(--ast-global-color-5)","background-image":"","background-repeat":"repeat","background-position":"center center","background-size":"auto","background-attachment":"scroll","background-type":"","background-media":"","overlay-type":"","overlay-color":"","overlay-opacity":"","overlay-gradient":""},"mobile":{"background-color":"var(--ast-global-color-5)","background-image":"","background-repeat":"repeat","background-position":"center center","background-size":"auto","background-attachment":"scroll","background-type":"","background-media":"","overlay-type":"","overlay-color":"","overlay-opacity":"","overlay-gradient":""}}},"product_brand":[],"product_cat":[49,21,47],"product_tag":[],"class_list":{"0":"post-5192","1":"product","2":"type-product","3":"status-publish","4":"has-post-thumbnail","6":"product_cat-popregi","7":"product_cat-kon","8":"product_cat-osprzet_do_siodla","9":"desktop-align-left","10":"tablet-align-left","11":"mobile-align-left","13":"first","14":"instock","15":"shipping-taxable","16":"purchasable","17":"product-type-variable"},"acf":[],"_links":{"self":[{"href":"https:\/\/swiattest1.dkonto.pl\/en\/wp-json\/wp\/v2\/product\/5192","targetHints":{"allow":["GET"]}}],"collection":[{"href":"https:\/\/swiattest1.dkonto.pl\/en\/wp-json\/wp\/v2\/product"}],"about":[{"href":"https:\/\/swiattest1.dkonto.pl\/en\/wp-json\/wp\/v2\/types\/product"}],"wp:featuredmedia":[{"embeddable":true,"href":"https:\/\/swiattest1.dkonto.pl\/en\/wp-json\/wp\/v2\/media\/5193"}],"wp:attachment":[{"href":"https:\/\/swiattest1.dkonto.pl\/en\/wp-json\/wp\/v2\/media?parent=5192"}],"wp:term":[{"taxonomy":"product_brand","embeddable":true,"href":"https:\/\/swiattest1.dkonto.pl\/en\/wp-json\/wp\/v2\/product_brand?post=5192"},{"taxonomy":"product_cat","embeddable":true,"href":"https:\/\/swiattest1.dkonto.pl\/en\/wp-json\/wp\/v2\/product_cat?post=5192"},{"taxonomy":"product_tag","embeddable":true,"href":"https:\/\/swiattest1.dkonto.pl\/en\/wp-json\/wp\/v2\/product_tag?post=5192"}],"curies":[{"name":"wp","href":"https:\/\/api.w.org\/{rel}","templated":true}]}}