{"id":5186,"date":"2022-11-28T14:43:32","date_gmt":"2022-11-28T13:43:32","guid":{"rendered":"https:\/\/swiattest1.dkonto.pl\/?post_type=product&#038;p=5186"},"modified":"2026-01-01T04:54:55","modified_gmt":"2026-01-01T03:54:55","slug":"popreg-western-professional-contoured","status":"publish","type":"product","link":"https:\/\/swiattest1.dkonto.pl\/en\/product\/popreg-western-professional-contoured\/","title":{"rendered":"Popr\u0119g western Professional CONTOURED"},"content":{"rendered":"<p><strong>To stay up to date with our news, follow us on social media!<\/strong><\/p>\n<p>\u27a1\ufe0f Find us on <a href=\"https:\/\/www.facebook.com\/swiatwesternu\/\" target=\"_blank\" rel=\"noopener\">Facebooku<\/a><\/p>\n<p>\u27a1\ufe0f Find us on <a href=\"https:\/\/www.instagram.com\/swiatwesternu\/\" target=\"_blank\" rel=\"noopener\">Instagramie<\/a><\/p>\n<p>\u27a1\ufe0f Visit our <a href=\"https:\/\/www.google.com\/maps\/place\/%C5%9Awiat+Westernu\/@50.6796006,16.378779,15z\/data=!4m6!3m5!1s0x7eb72780815dcd3:0xbf83922c09cdd3a8!8m2!3d50.6796006!4d16.378779!16s%2Fg%2F11p5nyjpb5?entry=ttu\" target=\"_blank\" rel=\"noopener\">stationary store<\/a><\/p>\n<p>\u27a1\ufe0f<a href=\"https:\/\/swiattest1.dkonto.pl\/en\/kontakt\/\">Contact us!<\/a><\/p>","protected":false},"excerpt":{"rendered":"<p>Popr\u0119g western Professional CONTOURED jest specjalnie wyprofilowany tak aby zapewni\u0107 swobod\u0119 ruch\u00f3w i bezpiecznie utrzyma\u0107 siod\u0142o na miejscu. Popr\u0119g westernowy ma nowo zaprojektowane klamry, wykonane z litej stali nierdzewnej, ukszta\u0142towane tak, aby bezpiecznie utrzymywa\u0107 pas tie strap na miejscu. Wy\u015bci\u00f3\u0142ka ze sztucznego futra najwy\u017cszej jako\u015bci zapewnia koniowi wygod\u0119 oraz komfort. Futerko nie jest odpinane.<\/p>\n<p><strong>PE\u0141NY ZAKRES RUCH\u00d3W!<\/strong><\/p>\n<ul>\n<li>\u00a0Trwa\u0142a, wentylowana pow\u0142oka zewn\u0119trzna z TPU zapewnia maksymaln\u0105 oddychalno\u015b\u0107<\/li>\n<li>\u00a0Kszta\u0142t zapewnia swobod\u0119 ruch\u00f3w i zwi\u0119ksza komfort<\/li>\n<li>\u00a0Okucia ze stali nierdzewnej i nowo zaprojektowane klamry<\/li>\n<li>Szlufka na pas popr\u0119gowy<\/li>\n<li>Rolka do podci\u0105gania<\/li>\n<\/ul>\n<p>Pra\u0107 r\u0119cznie w ciep\u0142ej wodzie z dodatkiem preparat\u00f3w do tego przeznaczonych. Dok\u0142adnie op\u0142ucz pod bie\u017c\u0105c\u0105 wod\u0105 aby usun\u0105\u0107 resztki detergentu u\u017cytego do czyszczenia i pozostaw do wyschni\u0119cia. Nie pra\u0107 w pralce ani nie u\u017cywa\u0107 rozpuszczalnik\u00f3w lub innych silnych substancji chemicznych!<\/p>\n<p><strong>Rozmiar:<\/strong><\/p>\n<p><strong>28&#8243;- 70 cm<\/strong><\/p>\n<p><strong>30&#8243;- 75 cm<\/strong><\/p>\n<p><strong>Kolor: Chocolate<\/strong><\/p>","protected":false},"featured_media":5189,"template":"","meta":{"_acf_changed":false,"site-sidebar-layout":"default","site-content-layout":"default","ast-site-content-layout":"default","site-content-style":"default","site-sidebar-style":"default","ast-global-header-display":"","ast-banner-title-visibility":"","ast-main-header-display":"","ast-hfb-above-header-display":"","ast-hfb-below-header-display":"","ast-hfb-mobile-header-display":"","site-post-title":"","ast-breadcrumbs-content":"","ast-featured-img":"","footer-sml-layout":"","ast-disable-related-posts":"","theme-transparent-header-meta":"default","adv-header-id-meta":"","stick-header-meta":"","header-above-stick-meta":"","header-main-stick-meta":"","header-below-stick-meta":"","astra-migrate-meta-layouts":"set","ast-page-background-enabled":"default","ast-page-background-meta":{"desktop":{"background-color":"var(--ast-global-color-4)","background-image":"","background-repeat":"repeat","background-position":"center center","background-size":"auto","background-attachment":"scroll","background-type":"","background-media":"","overlay-type":"","overlay-color":"","overlay-opacity":"","overlay-gradient":""},"tablet":{"background-color":"","background-image":"","background-repeat":"repeat","background-position":"center center","background-size":"auto","background-attachment":"scroll","background-type":"","background-media":"","overlay-type":"","overlay-color":"","overlay-opacity":"","overlay-gradient":""},"mobile":{"background-color":"","background-image":"","background-repeat":"repeat","background-position":"center center","background-size":"auto","background-attachment":"scroll","background-type":"","background-media":"","overlay-type":"","overlay-color":"","overlay-opacity":"","overlay-gradient":""}},"ast-content-background-meta":{"desktop":{"background-color":"var(--ast-global-color-5)","background-image":"","background-repeat":"repeat","background-position":"center center","background-size":"auto","background-attachment":"scroll","background-type":"","background-media":"","overlay-type":"","overlay-color":"","overlay-opacity":"","overlay-gradient":""},"tablet":{"background-color":"var(--ast-global-color-5)","background-image":"","background-repeat":"repeat","background-position":"center center","background-size":"auto","background-attachment":"scroll","background-type":"","background-media":"","overlay-type":"","overlay-color":"","overlay-opacity":"","overlay-gradient":""},"mobile":{"background-color":"var(--ast-global-color-5)","background-image":"","background-repeat":"repeat","background-position":"center center","background-size":"auto","background-attachment":"scroll","background-type":"","background-media":"","overlay-type":"","overlay-color":"","overlay-opacity":"","overlay-gradient":""}}},"product_brand":[],"product_cat":[49,21,47],"product_tag":[],"class_list":{"0":"post-5186","1":"product","2":"type-product","3":"status-publish","4":"has-post-thumbnail","6":"product_cat-popregi","7":"product_cat-kon","8":"product_cat-osprzet_do_siodla","9":"desktop-align-left","10":"tablet-align-left","11":"mobile-align-left","13":"first","14":"instock","15":"shipping-taxable","16":"purchasable","17":"product-type-variable"},"acf":[],"_links":{"self":[{"href":"https:\/\/swiattest1.dkonto.pl\/en\/wp-json\/wp\/v2\/product\/5186","targetHints":{"allow":["GET"]}}],"collection":[{"href":"https:\/\/swiattest1.dkonto.pl\/en\/wp-json\/wp\/v2\/product"}],"about":[{"href":"https:\/\/swiattest1.dkonto.pl\/en\/wp-json\/wp\/v2\/types\/product"}],"wp:featuredmedia":[{"embeddable":true,"href":"https:\/\/swiattest1.dkonto.pl\/en\/wp-json\/wp\/v2\/media\/5189"}],"wp:attachment":[{"href":"https:\/\/swiattest1.dkonto.pl\/en\/wp-json\/wp\/v2\/media?parent=5186"}],"wp:term":[{"taxonomy":"product_brand","embeddable":true,"href":"https:\/\/swiattest1.dkonto.pl\/en\/wp-json\/wp\/v2\/product_brand?post=5186"},{"taxonomy":"product_cat","embeddable":true,"href":"https:\/\/swiattest1.dkonto.pl\/en\/wp-json\/wp\/v2\/product_cat?post=5186"},{"taxonomy":"product_tag","embeddable":true,"href":"https:\/\/swiattest1.dkonto.pl\/en\/wp-json\/wp\/v2\/product_tag?post=5186"}],"curies":[{"name":"wp","href":"https:\/\/api.w.org\/{rel}","templated":true}]}}