{"id":5168,"date":"2022-11-28T13:26:27","date_gmt":"2022-11-28T12:26:27","guid":{"rendered":"https:\/\/swiattest1.dkonto.pl\/?post_type=product&#038;p=5168"},"modified":"2025-12-27T12:15:48","modified_gmt":"2025-12-27T11:15:48","slug":"kask-kapelusz-resistol-7x","status":"publish","type":"product","link":"https:\/\/swiattest1.dkonto.pl\/en\/product\/kask-kapelusz-resistol-7x\/","title":{"rendered":"RESISTOL 7X RideSafe Hat"},"content":{"rendered":"<p><strong>U\u017bYTKOWANIE!<\/strong><\/p>\n<p>Ten kask jest przeznaczony wy\u0142\u0105cznie do u\u017cytku w je\u017adziectwie. Aby zapewni\u0107 maksymaln\u0105 ochron\u0119, zawsze dobrze dopasuj i zapnij pasek podbr\u00f3dkowy.\u00a0Kask zosta\u0142 zaprojektowany tak, aby spe\u0142nia\u0142 normy bezpiecze\u0144stwa ASTM.<\/p>\n<p>\u017badne nakrycie g\u0142owy nie chroni u\u017cytkownika przed wszystkimi mo\u017cliwymi uderzeniami.\u00a0Aby zapewni\u0107 maksymaln\u0105 ochron\u0119, kask musi by\u0107 prawid\u0142owo dopasowany do g\u0142owy u\u017cytkownika, zgodnie z instrukcj\u0105 monta\u017cu. Wy\u015bci\u00f3\u0142ka jest wykonana ze spienionego polistyrenu i ma na celu poch\u0142anianie wstrz\u0105s\u00f3w spowodowanych uderzeniem poprzez cz\u0119\u015bciowe zniszczenie skorupy i wy\u015bci\u00f3\u0142ki.<\/p>\n<p>Po uderzeniu uszkodzenie to mo\u017ce nie by\u0107 widoczne dla u\u017cytkownika.\u00a0W przypadku silnego uderzenia nakrycie g\u0142owy powinno zosta\u0107 zniszczone.\u00a0Kasku nie nale\u017cy malowa\u0107 ani nakleja\u0107 naklejek, poniewa\u017c mog\u0105 one os\u0142abi\u0107 konstrukcj\u0119 skorupy. Kask mo\u017ce ulec uszkodzeniu w wyniku kontaktu z typowymi substancjami (na przyk\u0142ad niekt\u00f3rymi rozpuszczalnikami, \u015brodkami czyszcz\u0105cymi, tonikami do w\u0142os\u00f3w itp.).<\/p>\n<p>Uszkodzenie to mo\u017ce by\u0107 widoczne dla u\u017cytkownika, podczas czyszczenia nakrycia g\u0142owy, nale\u017cy u\u017cywa\u0107 tylko \u0142agodnych preparat\u00f3w.<\/p>\n<p>&nbsp;<\/p>","protected":false},"excerpt":{"rendered":"<div id=\"s-cdac056b-6f67-4b20-81df-9f32856af633\" class=\"shg-c shg-align-center\">\n<div class=\"shogun-heading-component\">\n<p>KASK KAPELUSZ RESISTOL 7x zapewnia najlepsze rozwi\u0105zanie dzi\u0119ki idealnemu po\u0142\u0105czeniu kapelusza kowbojskiego i ochronnego nakrycia g\u0142owy. Resistol wprowadza na rynek jedyny filcowy kapelusz, kt\u00f3ry \u0142\u0105czy dopasowanie, wygl\u0105d kapelusza kowbojskiego z funkcjami bezpiecze\u0144stwa i ochrony w postaci kasku je\u017adzieckiego z certyfikatem ASTM\/SEI.<\/p>\n<p>Rondo Resistol 7X RideSafe mo\u017ce by\u0107 ukszta\u0142towane tak, jak Tw\u00f3j ulubiony kapelusz z dodatkow\u0105 zalet\u0105 wiod\u0105cej w bran\u017cy technologii ochronnej. Jest to autentyczny kapelusz filcowy Resistol z w\u0142a\u015bciwo\u015bciami ochronnymi. Niezale\u017cnie od tego, czy jeste\u015b pocz\u0105tkuj\u0105cym, czy do\u015bwiadczonym je\u017ad\u017acem, ciesz si\u0119 bezpiecznym czasem sp\u0119dzonym w siodle.<\/p>\n<p><strong>Informacje techniczne:<\/strong><\/p>\n<\/div>\n<\/div>\n<div id=\"s-80f70128-3bc1-46d5-b447-5251584b2ce0\" class=\"shg-c\">\n<div class=\"shg-row\" data-col-grid-mode-on=\"\">\n<div class=\"shg-c-lg-6 shg-c-md-6 shg-c-sm-6 shg-c-xs-12\">\n<div id=\"s-742c5251-c04d-40ba-b4b5-8652cc56262b\" class=\"shg-c\">\n<div class=\"shg-rich-text shg-theme-text-content\">\n<p>1. Filcowy kapelusz kowbojski\u00a0produkowany w Garland w Teksasie, a rondo mo\u017cna dopasowa\u0107 do swojego stylu.<\/p>\n<p>2. Sztywna skorupa ABS rozprowadza si\u0142\u0119 uderzenia, jednocze\u015bnie przeciwdzia\u0142aj\u0105c wstrz\u0105som.<\/p>\n<p>3. EPS poch\u0142aniaj\u0105cy uderzenia to pianka o du\u017cej g\u0119sto\u015bci mia\u017cd\u017cy si\u0119, poch\u0142aniaj\u0105c energi\u0119 uderzenia.<\/p>\n<p>4. Korona z pianki EPS to odporna na uderzenia pianka wewn\u0105trz kasku chroni czubek oraz doln\u0105 cz\u0119\u015b\u0107 g\u0142owy.<\/p>\n<p>5. Pokr\u0119t\u0142o komfortu\u00a0 u\u0142atwia dopasowanie tak, jak chcesz, aby uzyska\u0107 niezr\u00f3wnany poziom komfortu i bezpiecze\u0144stwa.<\/p>\n<p>6. System retencyjny to regulowane paski, kt\u00f3re utrzymuj\u0105 kask bezpiecznie na g\u0142owie bez wzgl\u0119du na styl jazdy.<\/p>\n<\/div>\n<\/div>\n<\/div>\n<div class=\"shg-c-lg-6 shg-c-md-6 shg-c-sm-6 shg-c-xs-12\">\n<div id=\"s-1a43e27a-69af-4625-9439-5aa7b52c4082\" class=\"shg-c shogun-image-container shg-align-center\"><\/div>\n<div id=\"s-e59c04c7-c776-45d9-8aa8-8ec1918ffa6f\" class=\"shg-c shogun-image-container shg-align-center\"><b>ROZMIAR:<\/b><\/div>\n<\/div>\n<\/div>\n<\/div>\n<div id=\"s-558e3829-bf9e-43e6-b781-c4689ff79839\" class=\"shg-c\">\n<div class=\"shg-rich-text shg-theme-text-content\">\n<p><strong>XS- 52- 53 CM\u00a0<\/strong><\/p>\n<p>KASK KAPELUSZ WESTERN RESISTOL 7x<\/p>\n<\/div>\n<\/div>","protected":false},"featured_media":5170,"template":"","meta":{"_acf_changed":false,"site-sidebar-layout":"default","site-content-layout":"default","ast-site-content-layout":"default","site-content-style":"default","site-sidebar-style":"default","ast-global-header-display":"","ast-banner-title-visibility":"","ast-main-header-display":"","ast-hfb-above-header-display":"","ast-hfb-below-header-display":"","ast-hfb-mobile-header-display":"","site-post-title":"","ast-breadcrumbs-content":"","ast-featured-img":"","footer-sml-layout":"","ast-disable-related-posts":"","theme-transparent-header-meta":"default","adv-header-id-meta":"","stick-header-meta":"","header-above-stick-meta":"","header-main-stick-meta":"","header-below-stick-meta":"","astra-migrate-meta-layouts":"set","ast-page-background-enabled":"default","ast-page-background-meta":{"desktop":{"background-color":"var(--ast-global-color-4)","background-image":"","background-repeat":"repeat","background-position":"center center","background-size":"auto","background-attachment":"scroll","background-type":"","background-media":"","overlay-type":"","overlay-color":"","overlay-opacity":"","overlay-gradient":""},"tablet":{"background-color":"","background-image":"","background-repeat":"repeat","background-position":"center center","background-size":"auto","background-attachment":"scroll","background-type":"","background-media":"","overlay-type":"","overlay-color":"","overlay-opacity":"","overlay-gradient":""},"mobile":{"background-color":"","background-image":"","background-repeat":"repeat","background-position":"center center","background-size":"auto","background-attachment":"scroll","background-type":"","background-media":"","overlay-type":"","overlay-color":"","overlay-opacity":"","overlay-gradient":""}},"ast-content-background-meta":{"desktop":{"background-color":"var(--ast-global-color-5)","background-image":"","background-repeat":"repeat","background-position":"center center","background-size":"auto","background-attachment":"scroll","background-type":"","background-media":"","overlay-type":"","overlay-color":"","overlay-opacity":"","overlay-gradient":""},"tablet":{"background-color":"var(--ast-global-color-5)","background-image":"","background-repeat":"repeat","background-position":"center center","background-size":"auto","background-attachment":"scroll","background-type":"","background-media":"","overlay-type":"","overlay-color":"","overlay-opacity":"","overlay-gradient":""},"mobile":{"background-color":"var(--ast-global-color-5)","background-image":"","background-repeat":"repeat","background-position":"center center","background-size":"auto","background-attachment":"scroll","background-type":"","background-media":"","overlay-type":"","overlay-color":"","overlay-opacity":"","overlay-gradient":""}}},"product_brand":[],"product_cat":[64,22],"product_tag":[],"class_list":{"0":"post-5168","1":"product","2":"type-product","3":"status-publish","4":"has-post-thumbnail","6":"product_cat-kapelusze","7":"product_cat-jezdziec","8":"desktop-align-left","9":"tablet-align-left","10":"mobile-align-left","12":"first","13":"outofstock","14":"shipping-taxable","15":"purchasable","16":"product-type-variable"},"acf":[],"_links":{"self":[{"href":"https:\/\/swiattest1.dkonto.pl\/en\/wp-json\/wp\/v2\/product\/5168","targetHints":{"allow":["GET"]}}],"collection":[{"href":"https:\/\/swiattest1.dkonto.pl\/en\/wp-json\/wp\/v2\/product"}],"about":[{"href":"https:\/\/swiattest1.dkonto.pl\/en\/wp-json\/wp\/v2\/types\/product"}],"wp:featuredmedia":[{"embeddable":true,"href":"https:\/\/swiattest1.dkonto.pl\/en\/wp-json\/wp\/v2\/media\/5170"}],"wp:attachment":[{"href":"https:\/\/swiattest1.dkonto.pl\/en\/wp-json\/wp\/v2\/media?parent=5168"}],"wp:term":[{"taxonomy":"product_brand","embeddable":true,"href":"https:\/\/swiattest1.dkonto.pl\/en\/wp-json\/wp\/v2\/product_brand?post=5168"},{"taxonomy":"product_cat","embeddable":true,"href":"https:\/\/swiattest1.dkonto.pl\/en\/wp-json\/wp\/v2\/product_cat?post=5168"},{"taxonomy":"product_tag","embeddable":true,"href":"https:\/\/swiattest1.dkonto.pl\/en\/wp-json\/wp\/v2\/product_tag?post=5168"}],"curies":[{"name":"wp","href":"https:\/\/api.w.org\/{rel}","templated":true}]}}