{"id":4395,"date":"2022-05-11T10:25:59","date_gmt":"2022-05-11T08:25:59","guid":{"rendered":"https:\/\/swiattest1.dkonto.pl\/?post_type=product&#038;p=4395"},"modified":"2026-01-31T10:13:03","modified_gmt":"2026-01-31T09:13:03","slug":"popreg-western-synergy-airflex","status":"publish","type":"product","link":"https:\/\/swiattest1.dkonto.pl\/en\/product\/popreg-western-synergy-airflex\/","title":{"rendered":"Popr\u0119g western SYNERGY AirFlex"},"content":{"rendered":"","protected":false},"excerpt":{"rendered":"<p>Popr\u0119g western SYNERGY AirFlex wyposa\u017cony w opatentowan\u0105 klamr\u0119 Roll Snug\u00ae oferuje najwy\u017cszej klasy konstrukcj\u0119. Innowacyjny system rolek ma teraz mniejszy luz, dzi\u0119ki czemu pas latigo mo\u017cna podpi\u0105\u0107 jeszcze \u0142atwiej . Zaprojektowany z wyprofilowan\u0105 kraw\u0119dzi\u0105, kt\u00f3ra utrzymuje latigo w bezpiecznej pozycji. Jego nowoczesny, elegancki design ma r\u00f3wnie\u017c ukszta\u0142towany j\u0119zyk ze sprz\u0105czk\u0105 z haczykowat\u0105 ko\u0144c\u00f3wk\u0105, kt\u00f3ra pomaga utrzyma\u0107\u00a0 latigo na miejscu, zapewniaj\u0105c dodatkowe bezpiecze\u0144stwo. Unikalna dwurolkowa konstrukcja klamry Roll Snug w po\u0142\u0105czeniu z bia\u0142\u0105, ch\u0142odn\u0105, \u200b\u200belastyczn\u0105 piank\u0105 AirFlex zapewnia idealne po\u0142\u0105czenie oddychalno\u015bci, komfortu i wydajno\u015bci. Pianka Cool flex\u00a0 nie poch\u0142ania ciep\u0142a jak tradycyjny czarny neopren. Ten opatentowany, najnowocze\u015bniejszy popr\u0119g ma unikaln\u0105 konstrukcj\u0119 kana\u0142u przep\u0142ywu powietrza, kt\u00f3ra pomaga zapobiega\u0107 zatrzymywaniu ciep\u0142a i maksymalizuje cyrkulacj\u0119 powietrza. Je\u017ad\u017acy wszystkich typ\u00f3w doceni\u0105 projekt tego popr\u0119gu. Ponadto mo\u017cna go \u0142atwo wyczy\u015bci\u0107, po prostu sp\u0142ukuj\u0105c wod\u0105 po ka\u017cdej je\u017adzie. Wy\u015bcie\u0142ane elastyczne kraw\u0119dzie poruszaj\u0105 si\u0119 wraz z koniem, zapewniaj\u0105c dodatkow\u0105 amortyzacj\u0119 i lepsz\u0105 wydajno\u015b\u0107.<\/p>\n<ul>\n<li>Sprz\u0105czki ze stali nierdzewnej<\/li>\n<li>Szlufka na pas popr\u0119gowy<\/li>\n<li>Rolka do podci\u0105gania<\/li>\n<li>Odpinana cz\u0119\u015b\u0107 przylegaj\u0105ca do sk\u00f3ry konia<\/li>\n<\/ul>","protected":false},"featured_media":8019,"template":"","meta":{"_acf_changed":false,"site-sidebar-layout":"default","site-content-layout":"default","ast-site-content-layout":"default","site-content-style":"default","site-sidebar-style":"default","ast-global-header-display":"","ast-banner-title-visibility":"","ast-main-header-display":"","ast-hfb-above-header-display":"","ast-hfb-below-header-display":"","ast-hfb-mobile-header-display":"","site-post-title":"","ast-breadcrumbs-content":"","ast-featured-img":"","footer-sml-layout":"","ast-disable-related-posts":"","theme-transparent-header-meta":"default","adv-header-id-meta":"","stick-header-meta":"","header-above-stick-meta":"","header-main-stick-meta":"","header-below-stick-meta":"","astra-migrate-meta-layouts":"set","ast-page-background-enabled":"default","ast-page-background-meta":{"desktop":{"background-color":"var(--ast-global-color-4)","background-image":"","background-repeat":"repeat","background-position":"center center","background-size":"auto","background-attachment":"scroll","background-type":"","background-media":"","overlay-type":"","overlay-color":"","overlay-opacity":"","overlay-gradient":""},"tablet":{"background-color":"","background-image":"","background-repeat":"repeat","background-position":"center center","background-size":"auto","background-attachment":"scroll","background-type":"","background-media":"","overlay-type":"","overlay-color":"","overlay-opacity":"","overlay-gradient":""},"mobile":{"background-color":"","background-image":"","background-repeat":"repeat","background-position":"center center","background-size":"auto","background-attachment":"scroll","background-type":"","background-media":"","overlay-type":"","overlay-color":"","overlay-opacity":"","overlay-gradient":""}},"ast-content-background-meta":{"desktop":{"background-color":"var(--ast-global-color-5)","background-image":"","background-repeat":"repeat","background-position":"center center","background-size":"auto","background-attachment":"scroll","background-type":"","background-media":"","overlay-type":"","overlay-color":"","overlay-opacity":"","overlay-gradient":""},"tablet":{"background-color":"var(--ast-global-color-5)","background-image":"","background-repeat":"repeat","background-position":"center center","background-size":"auto","background-attachment":"scroll","background-type":"","background-media":"","overlay-type":"","overlay-color":"","overlay-opacity":"","overlay-gradient":""},"mobile":{"background-color":"var(--ast-global-color-5)","background-image":"","background-repeat":"repeat","background-position":"center center","background-size":"auto","background-attachment":"scroll","background-type":"","background-media":"","overlay-type":"","overlay-color":"","overlay-opacity":"","overlay-gradient":""}}},"product_brand":[],"product_cat":[49,21,47],"product_tag":[],"class_list":{"0":"post-4395","1":"product","2":"type-product","3":"status-publish","4":"has-post-thumbnail","6":"product_cat-popregi","7":"product_cat-kon","8":"product_cat-osprzet_do_siodla","9":"desktop-align-left","10":"tablet-align-left","11":"mobile-align-left","13":"first","14":"instock","15":"shipping-taxable","16":"purchasable","17":"product-type-variable"},"acf":[],"_links":{"self":[{"href":"https:\/\/swiattest1.dkonto.pl\/en\/wp-json\/wp\/v2\/product\/4395","targetHints":{"allow":["GET"]}}],"collection":[{"href":"https:\/\/swiattest1.dkonto.pl\/en\/wp-json\/wp\/v2\/product"}],"about":[{"href":"https:\/\/swiattest1.dkonto.pl\/en\/wp-json\/wp\/v2\/types\/product"}],"wp:featuredmedia":[{"embeddable":true,"href":"https:\/\/swiattest1.dkonto.pl\/en\/wp-json\/wp\/v2\/media\/8019"}],"wp:attachment":[{"href":"https:\/\/swiattest1.dkonto.pl\/en\/wp-json\/wp\/v2\/media?parent=4395"}],"wp:term":[{"taxonomy":"product_brand","embeddable":true,"href":"https:\/\/swiattest1.dkonto.pl\/en\/wp-json\/wp\/v2\/product_brand?post=4395"},{"taxonomy":"product_cat","embeddable":true,"href":"https:\/\/swiattest1.dkonto.pl\/en\/wp-json\/wp\/v2\/product_cat?post=4395"},{"taxonomy":"product_tag","embeddable":true,"href":"https:\/\/swiattest1.dkonto.pl\/en\/wp-json\/wp\/v2\/product_tag?post=4395"}],"curies":[{"name":"wp","href":"https:\/\/api.w.org\/{rel}","templated":true}]}}