{"id":3656,"date":"2021-11-16T12:39:36","date_gmt":"2021-11-16T11:39:36","guid":{"rendered":"https:\/\/swiattest1.dkonto.pl\/?post_type=product&#038;p=3656"},"modified":"2026-01-01T04:54:56","modified_gmt":"2026-01-01T03:54:56","slug":"popreg-western-welniany-merauno","status":"publish","type":"product","link":"https:\/\/swiattest1.dkonto.pl\/en\/product\/popreg-western-welniany-merauno\/","title":{"rendered":"Popr\u0119g western we\u0142niany Merauno"},"content":{"rendered":"","protected":false},"excerpt":{"rendered":"<p>Popr\u0119g western we\u0142niany Merauno anatomiczny popr\u0119g w kszta\u0142cie p\u00f3\u0142 ksi\u0119\u017cyca wykonany z naturalnej we\u0142ny owczej.<\/p>\n<ul>\n<li>Wysoko\u015b\u0107 runa to oko\u0142o 30 mm co czyni go bardzo grubym i mi\u0119kkim<\/li>\n<li>Klamry wykonane s\u0105 ze stali nierdzewnej<\/li>\n<li><span style=\"font-weight: 400;\">Sk\u00f3ra owcza u\u0142atwia regulacj\u0119 temperatury, poniewa\u017c powietrze mo\u017ce dobrze kr\u0105\u017cy\u0107 mi\u0119dzy w\u0142\u00f3knami, we\u0142na nie jest odpinana<\/span><\/li>\n<li><span style=\"font-weight: 400;\"> Popr\u0119g sprawdzi si\u0119 w szczeg\u00f3lnie gor\u0105ce dni, poniewa\u017c naturalne w\u0142osy dobrze wch\u0142aniaj\u0105 pot<\/span><\/li>\n<li><span style=\"font-weight: 400;\">Ze wzgl\u0119du na dzia\u0142anie antybakteryjne popr\u0119g jest odpowiedni dla koni z wra\u017cliw\u0105 sk\u00f3r\u0105<\/span><\/li>\n<\/ul>\n<p>Zalecane czyszczenie r\u0119czne oraz przy u\u017cyciu \u015brodk\u00f3w do we\u0142ny naturalnej<\/p>","protected":false},"featured_media":3660,"template":"","meta":{"_acf_changed":false,"site-sidebar-layout":"default","site-content-layout":"default","ast-site-content-layout":"default","site-content-style":"default","site-sidebar-style":"default","ast-global-header-display":"","ast-banner-title-visibility":"","ast-main-header-display":"","ast-hfb-above-header-display":"","ast-hfb-below-header-display":"","ast-hfb-mobile-header-display":"","site-post-title":"","ast-breadcrumbs-content":"","ast-featured-img":"","footer-sml-layout":"","ast-disable-related-posts":"","theme-transparent-header-meta":"default","adv-header-id-meta":"","stick-header-meta":"","header-above-stick-meta":"","header-main-stick-meta":"","header-below-stick-meta":"","astra-migrate-meta-layouts":"set","ast-page-background-enabled":"default","ast-page-background-meta":{"desktop":{"background-color":"var(--ast-global-color-4)","background-image":"","background-repeat":"repeat","background-position":"center center","background-size":"auto","background-attachment":"scroll","background-type":"","background-media":"","overlay-type":"","overlay-color":"","overlay-opacity":"","overlay-gradient":""},"tablet":{"background-color":"","background-image":"","background-repeat":"repeat","background-position":"center center","background-size":"auto","background-attachment":"scroll","background-type":"","background-media":"","overlay-type":"","overlay-color":"","overlay-opacity":"","overlay-gradient":""},"mobile":{"background-color":"","background-image":"","background-repeat":"repeat","background-position":"center center","background-size":"auto","background-attachment":"scroll","background-type":"","background-media":"","overlay-type":"","overlay-color":"","overlay-opacity":"","overlay-gradient":""}},"ast-content-background-meta":{"desktop":{"background-color":"var(--ast-global-color-5)","background-image":"","background-repeat":"repeat","background-position":"center center","background-size":"auto","background-attachment":"scroll","background-type":"","background-media":"","overlay-type":"","overlay-color":"","overlay-opacity":"","overlay-gradient":""},"tablet":{"background-color":"var(--ast-global-color-5)","background-image":"","background-repeat":"repeat","background-position":"center center","background-size":"auto","background-attachment":"scroll","background-type":"","background-media":"","overlay-type":"","overlay-color":"","overlay-opacity":"","overlay-gradient":""},"mobile":{"background-color":"var(--ast-global-color-5)","background-image":"","background-repeat":"repeat","background-position":"center center","background-size":"auto","background-attachment":"scroll","background-type":"","background-media":"","overlay-type":"","overlay-color":"","overlay-opacity":"","overlay-gradient":""}}},"product_brand":[],"product_cat":[49,21,47],"product_tag":[],"class_list":{"0":"post-3656","1":"product","2":"type-product","3":"status-publish","4":"has-post-thumbnail","6":"product_cat-popregi","7":"product_cat-kon","8":"product_cat-osprzet_do_siodla","9":"desktop-align-left","10":"tablet-align-left","11":"mobile-align-left","13":"first","14":"instock","15":"shipping-taxable","16":"purchasable","17":"product-type-variable"},"acf":[],"_links":{"self":[{"href":"https:\/\/swiattest1.dkonto.pl\/en\/wp-json\/wp\/v2\/product\/3656","targetHints":{"allow":["GET"]}}],"collection":[{"href":"https:\/\/swiattest1.dkonto.pl\/en\/wp-json\/wp\/v2\/product"}],"about":[{"href":"https:\/\/swiattest1.dkonto.pl\/en\/wp-json\/wp\/v2\/types\/product"}],"wp:featuredmedia":[{"embeddable":true,"href":"https:\/\/swiattest1.dkonto.pl\/en\/wp-json\/wp\/v2\/media\/3660"}],"wp:attachment":[{"href":"https:\/\/swiattest1.dkonto.pl\/en\/wp-json\/wp\/v2\/media?parent=3656"}],"wp:term":[{"taxonomy":"product_brand","embeddable":true,"href":"https:\/\/swiattest1.dkonto.pl\/en\/wp-json\/wp\/v2\/product_brand?post=3656"},{"taxonomy":"product_cat","embeddable":true,"href":"https:\/\/swiattest1.dkonto.pl\/en\/wp-json\/wp\/v2\/product_cat?post=3656"},{"taxonomy":"product_tag","embeddable":true,"href":"https:\/\/swiattest1.dkonto.pl\/en\/wp-json\/wp\/v2\/product_tag?post=3656"}],"curies":[{"name":"wp","href":"https:\/\/api.w.org\/{rel}","templated":true}]}}