{"id":3229,"date":"2021-09-19T22:16:30","date_gmt":"2021-09-19T20:16:30","guid":{"rendered":"https:\/\/swiattest1.dkonto.pl\/?post_type=product&#038;p=3229"},"modified":"2026-01-01T04:54:56","modified_gmt":"2026-01-01T03:54:56","slug":"kowbojki-ariat-round-up-ryder","status":"publish","type":"product","link":"https:\/\/swiattest1.dkonto.pl\/en\/product\/kowbojki-ariat-round-up-ryder\/","title":{"rendered":"Ariat Round Up Ryder Cowboy Boots"},"content":{"rendered":"<table width=\"408.0\" cellspacing=\"0\" cellpadding=\"0\">\n<tbody>\n<tr>\n<td valign=\"middle\">SIZE UK<\/td>\n<td valign=\"middle\">3<\/td>\n<td valign=\"middle\">3.5<\/td>\n<td valign=\"middle\">4<\/td>\n<td valign=\"middle\">4.5<\/td>\n<td valign=\"middle\">5<\/td>\n<td valign=\"middle\">5.5<\/td>\n<td valign=\"middle\">6<\/td>\n<td valign=\"middle\">6.5<\/td>\n<td valign=\"middle\">7<\/td>\n<td valign=\"middle\">7.5<\/td>\n<td valign=\"middle\">8<\/td>\n<td valign=\"middle\">8.5<\/td>\n<\/tr>\n<tr>\n<td valign=\"middle\">SIZE EU<\/td>\n<td valign=\"middle\">36<\/td>\n<td valign=\"middle\">36.5<\/td>\n<td valign=\"middle\">37<\/td>\n<td valign=\"middle\">37.5<\/td>\n<td valign=\"middle\">38<\/td>\n<td valign=\"middle\">38.5<\/td>\n<td valign=\"middle\">39<\/td>\n<td valign=\"middle\">40<\/td>\n<td valign=\"middle\">41<\/td>\n<td valign=\"middle\">41.5<\/td>\n<td valign=\"middle\">42<\/td>\n<td valign=\"middle\">42.5<\/td>\n<\/tr>\n<tr>\n<td valign=\"middle\">SIZE US<\/td>\n<td valign=\"middle\">5.5<\/td>\n<td valign=\"middle\">6<\/td>\n<td valign=\"middle\">6.5<\/td>\n<td valign=\"middle\">7<\/td>\n<td valign=\"middle\">7.5<\/td>\n<td valign=\"middle\">8<\/td>\n<td valign=\"middle\">8.5<\/td>\n<td valign=\"middle\">9<\/td>\n<td valign=\"middle\">9.5<\/td>\n<td valign=\"middle\">10<\/td>\n<td valign=\"middle\">10.5<\/td>\n<td valign=\"middle\">11<\/td>\n<\/tr>\n<\/tbody>\n<\/table>\n<p>&nbsp;<\/p>","protected":false},"excerpt":{"rendered":"<p>Kowbojki Ariat Round Up Ryder w kolorze r\u00f3\u017cowym to buty z haftowanym wzorem oraz technologi\u0105 zapewniaj\u0105c\u0105 najwy\u017csz\u0105 wydajno\u015b\u0107.<\/p>\n<ul>\n<li>4LR\u2122 technology for support and cushioning<\/li>\n<li>Full-grain leather foot and upper<\/li>\n<li>Synthetic air mesh lining<\/li>\n<li>Holes for easy putting on<\/li>\n<li>Wide Square Toe<\/li>\n<li>Duratread\u2122 outsole provides maximum wear resistance and flexibility<\/li>\n<\/ul>","protected":false},"featured_media":3832,"template":"","meta":{"_acf_changed":false,"site-sidebar-layout":"default","site-content-layout":"default","ast-site-content-layout":"default","site-content-style":"default","site-sidebar-style":"default","ast-global-header-display":"","ast-banner-title-visibility":"","ast-main-header-display":"","ast-hfb-above-header-display":"","ast-hfb-below-header-display":"","ast-hfb-mobile-header-display":"","site-post-title":"","ast-breadcrumbs-content":"","ast-featured-img":"","footer-sml-layout":"","ast-disable-related-posts":"","theme-transparent-header-meta":"default","adv-header-id-meta":"","stick-header-meta":"","header-above-stick-meta":"","header-main-stick-meta":"","header-below-stick-meta":"","astra-migrate-meta-layouts":"set","ast-page-background-enabled":"default","ast-page-background-meta":{"desktop":{"background-color":"var(--ast-global-color-4)","background-image":"","background-repeat":"repeat","background-position":"center center","background-size":"auto","background-attachment":"scroll","background-type":"","background-media":"","overlay-type":"","overlay-color":"","overlay-opacity":"","overlay-gradient":""},"tablet":{"background-color":"","background-image":"","background-repeat":"repeat","background-position":"center center","background-size":"auto","background-attachment":"scroll","background-type":"","background-media":"","overlay-type":"","overlay-color":"","overlay-opacity":"","overlay-gradient":""},"mobile":{"background-color":"","background-image":"","background-repeat":"repeat","background-position":"center center","background-size":"auto","background-attachment":"scroll","background-type":"","background-media":"","overlay-type":"","overlay-color":"","overlay-opacity":"","overlay-gradient":""}},"ast-content-background-meta":{"desktop":{"background-color":"var(--ast-global-color-5)","background-image":"","background-repeat":"repeat","background-position":"center center","background-size":"auto","background-attachment":"scroll","background-type":"","background-media":"","overlay-type":"","overlay-color":"","overlay-opacity":"","overlay-gradient":""},"tablet":{"background-color":"var(--ast-global-color-5)","background-image":"","background-repeat":"repeat","background-position":"center center","background-size":"auto","background-attachment":"scroll","background-type":"","background-media":"","overlay-type":"","overlay-color":"","overlay-opacity":"","overlay-gradient":""},"mobile":{"background-color":"var(--ast-global-color-5)","background-image":"","background-repeat":"repeat","background-position":"center center","background-size":"auto","background-attachment":"scroll","background-type":"","background-media":"","overlay-type":"","overlay-color":"","overlay-opacity":"","overlay-gradient":""}}},"product_brand":[],"product_cat":[66,22,65],"product_tag":[],"class_list":{"0":"post-3229","1":"product","2":"type-product","3":"status-publish","4":"has-post-thumbnail","6":"product_cat-damskie","7":"product_cat-jezdziec","8":"product_cat-kowbojki","9":"desktop-align-left","10":"tablet-align-left","11":"mobile-align-left","13":"first","14":"instock","15":"shipping-taxable","16":"purchasable","17":"product-type-variable"},"acf":[],"_links":{"self":[{"href":"https:\/\/swiattest1.dkonto.pl\/en\/wp-json\/wp\/v2\/product\/3229","targetHints":{"allow":["GET"]}}],"collection":[{"href":"https:\/\/swiattest1.dkonto.pl\/en\/wp-json\/wp\/v2\/product"}],"about":[{"href":"https:\/\/swiattest1.dkonto.pl\/en\/wp-json\/wp\/v2\/types\/product"}],"wp:featuredmedia":[{"embeddable":true,"href":"https:\/\/swiattest1.dkonto.pl\/en\/wp-json\/wp\/v2\/media\/3832"}],"wp:attachment":[{"href":"https:\/\/swiattest1.dkonto.pl\/en\/wp-json\/wp\/v2\/media?parent=3229"}],"wp:term":[{"taxonomy":"product_brand","embeddable":true,"href":"https:\/\/swiattest1.dkonto.pl\/en\/wp-json\/wp\/v2\/product_brand?post=3229"},{"taxonomy":"product_cat","embeddable":true,"href":"https:\/\/swiattest1.dkonto.pl\/en\/wp-json\/wp\/v2\/product_cat?post=3229"},{"taxonomy":"product_tag","embeddable":true,"href":"https:\/\/swiattest1.dkonto.pl\/en\/wp-json\/wp\/v2\/product_tag?post=3229"}],"curies":[{"name":"wp","href":"https:\/\/api.w.org\/{rel}","templated":true}]}}