{"id":3064,"date":"2021-09-15T11:22:35","date_gmt":"2021-09-15T09:22:35","guid":{"rendered":"https:\/\/swiattest1.dkonto.pl\/?post_type=product&#038;p=3064"},"modified":"2026-01-02T13:47:15","modified_gmt":"2026-01-02T12:47:15","slug":"vaquero-rawhide-krem-do-surowej-skory","status":"publish","type":"product","link":"https:\/\/swiattest1.dkonto.pl\/en\/product\/vaquero-rawhide-krem-do-surowej-skory\/","title":{"rendered":"Vaquero Rawhide Krem"},"content":{"rendered":"<p><strong>To stay up to date with our news, follow us on social media!<\/strong><\/p>\n<p>\u27a1\ufe0f Find us on <a href=\"https:\/\/www.facebook.com\/swiatwesternu\/\" target=\"_blank\" rel=\"noopener\">Facebooku<\/a><\/p>\n<p>\u27a1\ufe0f Find us on <a href=\"https:\/\/www.instagram.com\/swiatwesternu\/\" target=\"_blank\" rel=\"noopener\">Instagramie<\/a><\/p>\n<p>\u27a1\ufe0f Visit our <a href=\"https:\/\/www.google.com\/maps\/place\/%C5%9Awiat+Westernu\/@50.6796006,16.378779,15z\/data=!4m6!3m5!1s0x7eb72780815dcd3:0xbf83922c09cdd3a8!8m2!3d50.6796006!4d16.378779!16s%2Fg%2F11p5nyjpb5?entry=ttu\" target=\"_blank\" rel=\"noopener\">stationary store<\/a><\/p>\n<p>\u27a1\ufe0f<a href=\"https:\/\/swiattest1.dkonto.pl\/en\/kontakt\/\">Contact us!<\/a><\/p>","protected":false},"excerpt":{"rendered":"<p>Vaquero Rawhide Krem do Surowej Sk\u00f3ry stworzony specjalnie do czyszczenia i zmi\u0119kczania delikatnej sk\u00f3ry surowej, chroni elastyczno\u015b\u0107 sk\u00f3ry surowej przed wod\u0105, zu\u017cyciem i s\u0142o\u0144cem., <span style=\"font-weight: 400;\">idealny r\u00f3wnie\u017c\u00a0 do piel\u0119gnacji sk\u00f3r egzotycznych, takich jak sk\u00f3ra z kangur, strusia, aligatora lub jakakolwiek inna sk\u00f3ra, kt\u00f3r\u0105 chcesz piel\u0119gnowa\u0107 bez przyciemnienia.<\/span><b>\u00a0<\/b><\/p>\n<p><strong><span style=\"font-size: 17.6px;\">Vaquero Rawhide Cream 311 g<\/span><\/strong><\/p>\n<h6><span style=\"font-weight: 400;\">\u00a0<\/span><\/h6>\n<h6><span style=\"font-weight: 400;\">Czyszczenie sk\u00f3ry surowej za pomoc\u0105 Vaquero Rawhide Cream:<\/span><b>\u00a0<\/b><\/h6>\n<ul>\n<li><span style=\"font-weight: 400;\">U\u017cyj mi\u0119kkiej szczoteczki, aby usun\u0105\u0107 nagromadzony brud, zaschni\u0119ty pot, w\u0142osy itp.<\/span><\/li>\n<li style=\"font-weight: 400;\" aria-level=\"1\"><span style=\"font-weight: 400;\">Na\u0142\u00f3\u017c na cienk\u0105 warstw\u0119 Vaquero Rawhide Cream z odrobin\u0105 ciep\u0142ej wody ( temperatura wody oko\u0142o 40 stopni ).<\/span><\/li>\n<li style=\"font-weight: 400;\" aria-level=\"1\">Nie zanurzaj surowej sk\u00f3ry w wodzie.<\/li>\n<li style=\"font-weight: 400;\" aria-level=\"1\"><span style=\"font-weight: 400;\">Tam, gdzie plecionka z surowej sk\u00f3ry krzy\u017cuje si\u0119, u\u017cyj mi\u0119kkiej szczoteczki aby usun\u0105\u0107 brud.<\/span><\/li>\n<li style=\"font-weight: 400;\" aria-level=\"1\"><span style=\"font-weight: 400;\">Przetrzyj mokr\u0105 szmatk\u0105 a nast\u0119pnie w<\/span><span style=\"font-weight: 400;\">ytrzyj do sucha r\u0119cznikiem.<\/span><\/li>\n<li style=\"font-weight: 400;\" aria-level=\"1\"><span style=\"font-weight: 400;\">\u00a0Pozostaw do wyschni\u0119cia w cieniu ( n<\/span>ie susz\u00a0surowej\u00a0sk\u00f3ry na s\u0142o\u0144cu lub nad grzejnikiem ).<\/li>\n<\/ul>\n<h6><span style=\"font-weight: 400;\">Od\u017cywianie kremem Vaquero Rawhide Cream:<\/span><\/h6>\n<ul>\n<li style=\"font-weight: 400;\" aria-level=\"1\"><span style=\"font-weight: 400;\">Po wyschni\u0119ciu surowej sk\u00f3ry na\u0142\u00f3\u017c cienk\u0105 warstw\u0119 kremu mi\u0119kk\u0105 szmatk\u0105 lub d\u0142oni\u0105 ( nak\u0142adanie kremu d\u0142oni\u0105 dzia\u0142a pozytywnie poniewa\u017c ciep\u0142o d\u0142oni pomaga rozprowadzi\u0107 i wch\u0142on\u0105\u0107 krem w g\u0142\u0105b sk\u00f3ry ).\u00a0<\/span><\/li>\n<li style=\"font-weight: 400;\" aria-level=\"1\">Nnak\u0142adaj cienkie warstwy stopniowo.<\/li>\n<li style=\"font-weight: 400;\" aria-level=\"1\"><span style=\"font-weight: 400;\">Pozostaw na noc.<\/span><\/li>\n<li style=\"font-weight: 400;\" aria-level=\"1\"><span style=\"font-weight: 400;\">Nast\u0119pnego dnia aby usun\u0105\u0107 nadmiar kremu, kt\u00f3ry nie zosta\u0142 wch\u0142oni\u0119ty przez surow\u0105 sk\u00f3r\u0119 wypoleruj go mi\u0119kk\u0105, czyst\u0105 szmatk\u0105 lub zdejmij nadmiar r\u0119kami.<\/span><\/li>\n<li style=\"font-weight: 400;\" aria-level=\"1\"><span style=\"font-weight: 400;\">Je\u015bli to konieczne na\u0142\u00f3\u017c kolejn\u0105 warstw\u0119 Vaquero Rawhide Cream aby uzyska\u0107 po\u017c\u0105dany efekt.<\/span><\/li>\n<\/ul>","protected":false},"featured_media":9061,"template":"","meta":{"_acf_changed":false,"site-sidebar-layout":"default","site-content-layout":"default","ast-site-content-layout":"default","site-content-style":"default","site-sidebar-style":"default","ast-global-header-display":"","ast-banner-title-visibility":"","ast-main-header-display":"","ast-hfb-above-header-display":"","ast-hfb-below-header-display":"","ast-hfb-mobile-header-display":"","site-post-title":"","ast-breadcrumbs-content":"","ast-featured-img":"","footer-sml-layout":"","ast-disable-related-posts":"","theme-transparent-header-meta":"default","adv-header-id-meta":"","stick-header-meta":"","header-above-stick-meta":"","header-main-stick-meta":"","header-below-stick-meta":"","astra-migrate-meta-layouts":"set","ast-page-background-enabled":"default","ast-page-background-meta":{"desktop":{"background-color":"var(--ast-global-color-4)","background-image":"","background-repeat":"repeat","background-position":"center center","background-size":"auto","background-attachment":"scroll","background-type":"","background-media":"","overlay-type":"","overlay-color":"","overlay-opacity":"","overlay-gradient":""},"tablet":{"background-color":"","background-image":"","background-repeat":"repeat","background-position":"center center","background-size":"auto","background-attachment":"scroll","background-type":"","background-media":"","overlay-type":"","overlay-color":"","overlay-opacity":"","overlay-gradient":""},"mobile":{"background-color":"","background-image":"","background-repeat":"repeat","background-position":"center center","background-size":"auto","background-attachment":"scroll","background-type":"","background-media":"","overlay-type":"","overlay-color":"","overlay-opacity":"","overlay-gradient":""}},"ast-content-background-meta":{"desktop":{"background-color":"var(--ast-global-color-5)","background-image":"","background-repeat":"repeat","background-position":"center center","background-size":"auto","background-attachment":"scroll","background-type":"","background-media":"","overlay-type":"","overlay-color":"","overlay-opacity":"","overlay-gradient":""},"tablet":{"background-color":"var(--ast-global-color-5)","background-image":"","background-repeat":"repeat","background-position":"center center","background-size":"auto","background-attachment":"scroll","background-type":"","background-media":"","overlay-type":"","overlay-color":"","overlay-opacity":"","overlay-gradient":""},"mobile":{"background-color":"var(--ast-global-color-5)","background-image":"","background-repeat":"repeat","background-position":"center center","background-size":"auto","background-attachment":"scroll","background-type":"","background-media":"","overlay-type":"","overlay-color":"","overlay-opacity":"","overlay-gradient":""}}},"product_brand":[],"product_cat":[62,21,60],"product_tag":[],"class_list":{"0":"post-3064","1":"product","2":"type-product","3":"status-publish","4":"has-post-thumbnail","6":"product_cat-pielegnacja_sprzetu","7":"product_cat-kon","8":"product_cat-pielegnacja","9":"desktop-align-left","10":"tablet-align-left","11":"mobile-align-left","13":"first","14":"instock","15":"shipping-taxable","16":"purchasable","17":"product-type-simple"},"acf":[],"_links":{"self":[{"href":"https:\/\/swiattest1.dkonto.pl\/en\/wp-json\/wp\/v2\/product\/3064","targetHints":{"allow":["GET"]}}],"collection":[{"href":"https:\/\/swiattest1.dkonto.pl\/en\/wp-json\/wp\/v2\/product"}],"about":[{"href":"https:\/\/swiattest1.dkonto.pl\/en\/wp-json\/wp\/v2\/types\/product"}],"wp:featuredmedia":[{"embeddable":true,"href":"https:\/\/swiattest1.dkonto.pl\/en\/wp-json\/wp\/v2\/media\/9061"}],"wp:attachment":[{"href":"https:\/\/swiattest1.dkonto.pl\/en\/wp-json\/wp\/v2\/media?parent=3064"}],"wp:term":[{"taxonomy":"product_brand","embeddable":true,"href":"https:\/\/swiattest1.dkonto.pl\/en\/wp-json\/wp\/v2\/product_brand?post=3064"},{"taxonomy":"product_cat","embeddable":true,"href":"https:\/\/swiattest1.dkonto.pl\/en\/wp-json\/wp\/v2\/product_cat?post=3064"},{"taxonomy":"product_tag","embeddable":true,"href":"https:\/\/swiattest1.dkonto.pl\/en\/wp-json\/wp\/v2\/product_tag?post=3064"}],"curies":[{"name":"wp","href":"https:\/\/api.w.org\/{rel}","templated":true}]}}