{"id":15552,"date":"2025-11-03T11:12:55","date_gmt":"2025-11-03T10:12:55","guid":{"rendered":"https:\/\/swiattest1.dkonto.pl\/?post_type=product&#038;p=15552"},"modified":"2025-12-15T11:04:56","modified_gmt":"2025-12-15T10:04:56","slug":"klamra-do-paska-ariat","status":"publish","type":"product","link":"https:\/\/swiattest1.dkonto.pl\/en\/product\/klamra-do-paska-ariat\/","title":{"rendered":"Klamra do paska ARIAT"},"content":{"rendered":"<p><strong><em>To stay up to date with our news, follow us on social media!<\/em><\/strong><\/p>\n<p>\u27a1\ufe0f Find us on <a href=\"https:\/\/www.facebook.com\/swiatwesternu\/\" target=\"_blank\" rel=\"noopener\">Facebooku<\/a><\/p>\n<p>\u27a1\ufe0f Find us on <a href=\"https:\/\/www.instagram.com\/swiatwesternu\/\" target=\"_blank\" rel=\"noopener\">Instagramie<\/a><\/p>\n<p>\u27a1\ufe0f<a href=\"https:\/\/swiattest1.dkonto.pl\/en\/kontakt\/\">Contact us!<\/a><\/p>","protected":false},"excerpt":{"rendered":"<p>Klamra do paska ARIAT posiada unikalne wyko\u0144czenie tej klamry nadaje ponadczasowy urok ka\u017cdemu paskowi. Ta uniwersalna klamra pozwala spersonalizowa\u0107 styl, dodaj\u0105c odrobin\u0119 surowej elegancji. Pasuje do pask\u00f3w o szeroko\u015bci do 4 cm.<\/p>\n<p><strong>Features<\/strong><\/p>\n<ul>\n<li>Klamra z logo<\/li>\n<li><span style=\"font-size: 16px; -webkit-text-size-adjust: 100%;\">Wymiary: 9 cm x 7 cm\u00a0<\/span><\/li>\n<\/ul>","protected":false},"featured_media":15554,"template":"","meta":{"_acf_changed":false,"site-sidebar-layout":"default","site-content-layout":"","ast-site-content-layout":"default","site-content-style":"default","site-sidebar-style":"default","ast-global-header-display":"","ast-banner-title-visibility":"","ast-main-header-display":"","ast-hfb-above-header-display":"","ast-hfb-below-header-display":"","ast-hfb-mobile-header-display":"","site-post-title":"","ast-breadcrumbs-content":"","ast-featured-img":"","footer-sml-layout":"","ast-disable-related-posts":"","theme-transparent-header-meta":"default","adv-header-id-meta":"","stick-header-meta":"","header-above-stick-meta":"","header-main-stick-meta":"","header-below-stick-meta":"","astra-migrate-meta-layouts":"set","ast-page-background-enabled":"default","ast-page-background-meta":{"desktop":{"background-color":"var(--ast-global-color-4)","background-image":"","background-repeat":"repeat","background-position":"center center","background-size":"auto","background-attachment":"scroll","background-type":"","background-media":"","overlay-type":"","overlay-color":"","overlay-opacity":"","overlay-gradient":""},"tablet":{"background-color":"","background-image":"","background-repeat":"repeat","background-position":"center center","background-size":"auto","background-attachment":"scroll","background-type":"","background-media":"","overlay-type":"","overlay-color":"","overlay-opacity":"","overlay-gradient":""},"mobile":{"background-color":"","background-image":"","background-repeat":"repeat","background-position":"center center","background-size":"auto","background-attachment":"scroll","background-type":"","background-media":"","overlay-type":"","overlay-color":"","overlay-opacity":"","overlay-gradient":""}},"ast-content-background-meta":{"desktop":{"background-color":"var(--ast-global-color-5)","background-image":"","background-repeat":"repeat","background-position":"center center","background-size":"auto","background-attachment":"scroll","background-type":"","background-media":"","overlay-type":"","overlay-color":"","overlay-opacity":"","overlay-gradient":""},"tablet":{"background-color":"var(--ast-global-color-5)","background-image":"","background-repeat":"repeat","background-position":"center center","background-size":"auto","background-attachment":"scroll","background-type":"","background-media":"","overlay-type":"","overlay-color":"","overlay-opacity":"","overlay-gradient":""},"mobile":{"background-color":"var(--ast-global-color-5)","background-image":"","background-repeat":"repeat","background-position":"center center","background-size":"auto","background-attachment":"scroll","background-type":"","background-media":"","overlay-type":"","overlay-color":"","overlay-opacity":"","overlay-gradient":""}}},"product_brand":[],"product_cat":[214,143,22],"product_tag":[],"class_list":{"0":"post-15552","1":"product","2":"type-product","3":"status-publish","4":"has-post-thumbnail","6":"product_cat-paski_i_klamry","7":"product_cat-akcesoria-jezdziec","8":"product_cat-jezdziec","9":"desktop-align-left","10":"tablet-align-left","11":"mobile-align-left","13":"first","14":"instock","15":"shipping-taxable","16":"purchasable","17":"product-type-simple"},"acf":[],"_links":{"self":[{"href":"https:\/\/swiattest1.dkonto.pl\/en\/wp-json\/wp\/v2\/product\/15552","targetHints":{"allow":["GET"]}}],"collection":[{"href":"https:\/\/swiattest1.dkonto.pl\/en\/wp-json\/wp\/v2\/product"}],"about":[{"href":"https:\/\/swiattest1.dkonto.pl\/en\/wp-json\/wp\/v2\/types\/product"}],"wp:featuredmedia":[{"embeddable":true,"href":"https:\/\/swiattest1.dkonto.pl\/en\/wp-json\/wp\/v2\/media\/15554"}],"wp:attachment":[{"href":"https:\/\/swiattest1.dkonto.pl\/en\/wp-json\/wp\/v2\/media?parent=15552"}],"wp:term":[{"taxonomy":"product_brand","embeddable":true,"href":"https:\/\/swiattest1.dkonto.pl\/en\/wp-json\/wp\/v2\/product_brand?post=15552"},{"taxonomy":"product_cat","embeddable":true,"href":"https:\/\/swiattest1.dkonto.pl\/en\/wp-json\/wp\/v2\/product_cat?post=15552"},{"taxonomy":"product_tag","embeddable":true,"href":"https:\/\/swiattest1.dkonto.pl\/en\/wp-json\/wp\/v2\/product_tag?post=15552"}],"curies":[{"name":"wp","href":"https:\/\/api.w.org\/{rel}","templated":true}]}}