{"id":15433,"date":"2025-10-02T09:48:21","date_gmt":"2025-10-02T07:48:21","guid":{"rendered":"https:\/\/swiattest1.dkonto.pl\/?post_type=product&#038;p=15433"},"modified":"2025-11-07T19:23:05","modified_gmt":"2025-11-07T18:23:05","slug":"kapelusz-western-cattleman","status":"publish","type":"product","link":"https:\/\/swiattest1.dkonto.pl\/en\/product\/kapelusz-western-cattleman\/","title":{"rendered":"Kapelusz western Cattleman"},"content":{"rendered":"<p><strong>To stay up to date with our news, follow us on social media!<\/strong><\/p>\n<p>\u27a1\ufe0f Find us on <a href=\"https:\/\/www.facebook.com\/swiatwesternu\/\" target=\"_blank\" rel=\"noopener\">Facebooku<\/a><\/p>\n<p>\u27a1\ufe0f Find us on <a href=\"https:\/\/www.instagram.com\/swiatwesternu\/\" target=\"_blank\" rel=\"noopener\">Instagramie<\/a><\/p>\n<p>\u27a1\ufe0f<a href=\"https:\/\/swiattest1.dkonto.pl\/en\/kontakt\/\">Contact us!<\/a><\/p>","protected":false},"excerpt":{"rendered":"<p>Kapelusz western Cattleman z filcowym wyko\u0144czeniem. Czarny kapelusz typu Cattleman w stylu western z filcowym wyko\u0144czeniem w komplecie ze z\u0142oto-czarnym otokiem.<\/p>\n<p><strong>Features<\/strong><br \/>\n&#8211; Korona: 41\/2\u201d Cattleman<br \/>\n&#8211; Rondo: 33\/4\u201d Retro<br \/>\n&#8211; Materia\u0142: 70% poliester, 30% bawe\u0142na, wyko\u0144czenie filcowe<br \/>\n&#8211; Kolor opaski mo\u017ce si\u0119 r\u00f3\u017cni\u0107<br \/>\n&#8211; Otwory wentylacyjne<\/p>\n<p>Kapelusz dost\u0119pny w szerokiej gamie rozmiar\u00f3w pocz\u0105wszy od 54 cm do 60 cm.<\/p>\n<p><strong>ROZMIARY:<\/strong><\/p>\n<p><strong>54 cm- 6-3\/4<\/strong><\/p>\n<p><strong>55 cm- 6-7\/8<\/strong><\/p>\n<p><strong>56 cm &#8211; 7<\/strong><\/p>\n<p><strong>57 cm &#8211; 7-1\/8<\/strong><\/p>\n<p><strong>58cm &#8211; 7-1\/4<\/strong><\/p>\n<p><strong>59 cm &#8211; 7-3\/8<\/strong><\/p>\n<p><strong>60 cm &#8211; 7-1\/2<\/strong><\/p>","protected":false},"featured_media":15441,"template":"","meta":{"_acf_changed":false,"site-sidebar-layout":"default","site-content-layout":"","ast-site-content-layout":"default","site-content-style":"default","site-sidebar-style":"default","ast-global-header-display":"","ast-banner-title-visibility":"","ast-main-header-display":"","ast-hfb-above-header-display":"","ast-hfb-below-header-display":"","ast-hfb-mobile-header-display":"","site-post-title":"","ast-breadcrumbs-content":"","ast-featured-img":"","footer-sml-layout":"","ast-disable-related-posts":"","theme-transparent-header-meta":"default","adv-header-id-meta":"","stick-header-meta":"","header-above-stick-meta":"","header-main-stick-meta":"","header-below-stick-meta":"","astra-migrate-meta-layouts":"set","ast-page-background-enabled":"default","ast-page-background-meta":{"desktop":{"background-color":"var(--ast-global-color-4)","background-image":"","background-repeat":"repeat","background-position":"center center","background-size":"auto","background-attachment":"scroll","background-type":"","background-media":"","overlay-type":"","overlay-color":"","overlay-opacity":"","overlay-gradient":""},"tablet":{"background-color":"","background-image":"","background-repeat":"repeat","background-position":"center center","background-size":"auto","background-attachment":"scroll","background-type":"","background-media":"","overlay-type":"","overlay-color":"","overlay-opacity":"","overlay-gradient":""},"mobile":{"background-color":"","background-image":"","background-repeat":"repeat","background-position":"center center","background-size":"auto","background-attachment":"scroll","background-type":"","background-media":"","overlay-type":"","overlay-color":"","overlay-opacity":"","overlay-gradient":""}},"ast-content-background-meta":{"desktop":{"background-color":"var(--ast-global-color-5)","background-image":"","background-repeat":"repeat","background-position":"center center","background-size":"auto","background-attachment":"scroll","background-type":"","background-media":"","overlay-type":"","overlay-color":"","overlay-opacity":"","overlay-gradient":""},"tablet":{"background-color":"var(--ast-global-color-5)","background-image":"","background-repeat":"repeat","background-position":"center center","background-size":"auto","background-attachment":"scroll","background-type":"","background-media":"","overlay-type":"","overlay-color":"","overlay-opacity":"","overlay-gradient":""},"mobile":{"background-color":"var(--ast-global-color-5)","background-image":"","background-repeat":"repeat","background-position":"center center","background-size":"auto","background-attachment":"scroll","background-type":"","background-media":"","overlay-type":"","overlay-color":"","overlay-opacity":"","overlay-gradient":""}}},"product_brand":[],"product_cat":[64,22],"product_tag":[],"class_list":{"0":"post-15433","1":"product","2":"type-product","3":"status-publish","4":"has-post-thumbnail","6":"product_cat-kapelusze","7":"product_cat-jezdziec","8":"desktop-align-left","9":"tablet-align-left","10":"mobile-align-left","12":"first","13":"instock","14":"shipping-taxable","15":"purchasable","16":"product-type-variable"},"acf":[],"_links":{"self":[{"href":"https:\/\/swiattest1.dkonto.pl\/en\/wp-json\/wp\/v2\/product\/15433","targetHints":{"allow":["GET"]}}],"collection":[{"href":"https:\/\/swiattest1.dkonto.pl\/en\/wp-json\/wp\/v2\/product"}],"about":[{"href":"https:\/\/swiattest1.dkonto.pl\/en\/wp-json\/wp\/v2\/types\/product"}],"wp:featuredmedia":[{"embeddable":true,"href":"https:\/\/swiattest1.dkonto.pl\/en\/wp-json\/wp\/v2\/media\/15441"}],"wp:attachment":[{"href":"https:\/\/swiattest1.dkonto.pl\/en\/wp-json\/wp\/v2\/media?parent=15433"}],"wp:term":[{"taxonomy":"product_brand","embeddable":true,"href":"https:\/\/swiattest1.dkonto.pl\/en\/wp-json\/wp\/v2\/product_brand?post=15433"},{"taxonomy":"product_cat","embeddable":true,"href":"https:\/\/swiattest1.dkonto.pl\/en\/wp-json\/wp\/v2\/product_cat?post=15433"},{"taxonomy":"product_tag","embeddable":true,"href":"https:\/\/swiattest1.dkonto.pl\/en\/wp-json\/wp\/v2\/product_tag?post=15433"}],"curies":[{"name":"wp","href":"https:\/\/api.w.org\/{rel}","templated":true}]}}