{"id":15289,"date":"2025-09-01T14:45:17","date_gmt":"2025-09-01T12:45:17","guid":{"rendered":"https:\/\/swiattest1.dkonto.pl\/?post_type=product&#038;p=15289"},"modified":"2026-01-01T04:54:52","modified_gmt":"2026-01-01T03:54:52","slug":"bluza-meska-ariat-sendero-when-live-gives","status":"publish","type":"product","link":"https:\/\/swiattest1.dkonto.pl\/en\/product\/bluza-meska-ariat-sendero-when-live-gives\/","title":{"rendered":"Bluza m\u0119ska Ariat Sendero When Live Gives"},"content":{"rendered":"","protected":false},"excerpt":{"rendered":"<p>Bluza m\u0119ska Ariat Sendero When Live Gives You Agaves &#8211; zn\u00f3w w siodle z naszymi przyjaci\u00f3\u0142mi z Sendero. Bluza z kapturem \u0142\u0105czy nasz\u0105 ulubion\u0105 warstw\u0119 wierzchni\u0105 z grafik\u0105, z kt\u00f3rej s\u0142ynie teksa\u0144ska marka. Jest wygodna, przytulna i zawsze wygl\u0105da \u015bwietnie!<\/p>\n<p><strong>Rozmiar i dopasowanie<\/strong><br \/>\nIdealna do noszenia na co dzie\u0144, o znajomym, prostym kroju.<\/p>\n<p><strong>Features<\/strong><\/p>\n<ul>\n<li>Kaptur z mi\u0119kk\u0105 podszewk\u0105 z d\u017cerseju<\/li>\n<li>Kiesze\u0144 kangurka<\/li>\n<\/ul>\n<p><strong>Materia\u0142y i piel\u0119gnacja<\/strong><\/p>\n<ul>\n<li>Ciep\u0142y polar<\/li>\n<li>52% bawe\u0142na, 48% poliester<\/li>\n<\/ul>\n<p><strong>Care<\/strong><\/p>\n<ul>\n<li>Wywr\u00f3ci\u0107 ubranie na lew\u0105 stron\u0119<\/li>\n<li>Pra\u0107 w pralce z podobnymi kolorami, w delikatnym cyklu<\/li>\n<li>Nie wybiela\u0107<\/li>\n<li>Nie czy\u015bci\u0107 chemicznie<\/li>\n<\/ul>","protected":false},"featured_media":15294,"template":"","meta":{"_acf_changed":false,"site-sidebar-layout":"default","site-content-layout":"","ast-site-content-layout":"default","site-content-style":"default","site-sidebar-style":"default","ast-global-header-display":"","ast-banner-title-visibility":"","ast-main-header-display":"","ast-hfb-above-header-display":"","ast-hfb-below-header-display":"","ast-hfb-mobile-header-display":"","site-post-title":"","ast-breadcrumbs-content":"","ast-featured-img":"","footer-sml-layout":"","ast-disable-related-posts":"","theme-transparent-header-meta":"default","adv-header-id-meta":"","stick-header-meta":"","header-above-stick-meta":"","header-main-stick-meta":"","header-below-stick-meta":"","astra-migrate-meta-layouts":"set","ast-page-background-enabled":"default","ast-page-background-meta":{"desktop":{"background-color":"var(--ast-global-color-4)","background-image":"","background-repeat":"repeat","background-position":"center center","background-size":"auto","background-attachment":"scroll","background-type":"","background-media":"","overlay-type":"","overlay-color":"","overlay-opacity":"","overlay-gradient":""},"tablet":{"background-color":"","background-image":"","background-repeat":"repeat","background-position":"center center","background-size":"auto","background-attachment":"scroll","background-type":"","background-media":"","overlay-type":"","overlay-color":"","overlay-opacity":"","overlay-gradient":""},"mobile":{"background-color":"","background-image":"","background-repeat":"repeat","background-position":"center center","background-size":"auto","background-attachment":"scroll","background-type":"","background-media":"","overlay-type":"","overlay-color":"","overlay-opacity":"","overlay-gradient":""}},"ast-content-background-meta":{"desktop":{"background-color":"var(--ast-global-color-5)","background-image":"","background-repeat":"repeat","background-position":"center center","background-size":"auto","background-attachment":"scroll","background-type":"","background-media":"","overlay-type":"","overlay-color":"","overlay-opacity":"","overlay-gradient":""},"tablet":{"background-color":"var(--ast-global-color-5)","background-image":"","background-repeat":"repeat","background-position":"center center","background-size":"auto","background-attachment":"scroll","background-type":"","background-media":"","overlay-type":"","overlay-color":"","overlay-opacity":"","overlay-gradient":""},"mobile":{"background-color":"var(--ast-global-color-5)","background-image":"","background-repeat":"repeat","background-position":"center center","background-size":"auto","background-attachment":"scroll","background-type":"","background-media":"","overlay-type":"","overlay-color":"","overlay-opacity":"","overlay-gradient":""}}},"product_brand":[],"product_cat":[69,22],"product_tag":[],"class_list":{"0":"post-15289","1":"product","2":"type-product","3":"status-publish","4":"has-post-thumbnail","6":"product_cat-odziez","7":"product_cat-jezdziec","8":"desktop-align-left","9":"tablet-align-left","10":"mobile-align-left","12":"first","13":"instock","14":"shipping-taxable","15":"purchasable","16":"product-type-variable"},"acf":[],"_links":{"self":[{"href":"https:\/\/swiattest1.dkonto.pl\/en\/wp-json\/wp\/v2\/product\/15289","targetHints":{"allow":["GET"]}}],"collection":[{"href":"https:\/\/swiattest1.dkonto.pl\/en\/wp-json\/wp\/v2\/product"}],"about":[{"href":"https:\/\/swiattest1.dkonto.pl\/en\/wp-json\/wp\/v2\/types\/product"}],"wp:featuredmedia":[{"embeddable":true,"href":"https:\/\/swiattest1.dkonto.pl\/en\/wp-json\/wp\/v2\/media\/15294"}],"wp:attachment":[{"href":"https:\/\/swiattest1.dkonto.pl\/en\/wp-json\/wp\/v2\/media?parent=15289"}],"wp:term":[{"taxonomy":"product_brand","embeddable":true,"href":"https:\/\/swiattest1.dkonto.pl\/en\/wp-json\/wp\/v2\/product_brand?post=15289"},{"taxonomy":"product_cat","embeddable":true,"href":"https:\/\/swiattest1.dkonto.pl\/en\/wp-json\/wp\/v2\/product_cat?post=15289"},{"taxonomy":"product_tag","embeddable":true,"href":"https:\/\/swiattest1.dkonto.pl\/en\/wp-json\/wp\/v2\/product_tag?post=15289"}],"curies":[{"name":"wp","href":"https:\/\/api.w.org\/{rel}","templated":true}]}}