{"id":15257,"date":"2025-08-27T17:51:57","date_gmt":"2025-08-27T15:51:57","guid":{"rendered":"https:\/\/swiattest1.dkonto.pl\/?post_type=product&#038;p=15257"},"modified":"2026-01-01T04:54:52","modified_gmt":"2026-01-01T03:54:52","slug":"koszulka-damska-ariat-sendero-yeehaw","status":"publish","type":"product","link":"https:\/\/swiattest1.dkonto.pl\/en\/product\/koszulka-damska-ariat-sendero-yeehaw\/","title":{"rendered":"Koszulka damska Ariat Sendero Yeehaw"},"content":{"rendered":"","protected":false},"excerpt":{"rendered":"<p>Koszulka damska Ariat Sendero Yeehaw &#8211; Wracamy do gry z naszymi przyjaci\u00f3\u0142mi z Sendero. Ten limitowany model zaprojektowany we wsp\u00f3\u0142pracy, \u0142\u0105czy nasz kr\u00f3tki, pude\u0142kowy t-shirt z grafik\u0105 retro, kultow\u0105 dla teksa\u0144skiej marki.<\/p>\n<p><strong>Rozmiar i dopasowanie<\/strong><\/p>\n<ul>\n<li>Lekko skr\u00f3cony, pude\u0142kowy kr\u00f3j, kt\u00f3ry jest wygodny w noszeniu<\/li>\n<li>Sitodruk<\/li>\n<li>Dekoracyjny haft<\/li>\n<\/ul>\n<p><strong>Materia\u0142y<\/strong><\/p>\n<ul>\n<li>Mi\u0119kki, elastyczny d\u017cersej<\/li>\n<li>95% bawe\u0142na, 5% elastan<\/li>\n<\/ul>\n<p><strong>Care<\/strong><\/p>\n<ul>\n<li>Wywr\u00f3\u0107 ubranie na lew\u0105 stron\u0119<\/li>\n<li>Pra\u0107 w pralce na delikatnym programie z podobnymi kolorami<\/li>\n<li>Nie wybiela\u0107<\/li>\n<li>Nie prasowa\u0107 wzoru<\/li>\n<li>Nie czy\u015bci\u0107 chemicznie<\/li>\n<\/ul>","protected":false},"featured_media":15264,"template":"","meta":{"_acf_changed":false,"site-sidebar-layout":"default","site-content-layout":"","ast-site-content-layout":"default","site-content-style":"default","site-sidebar-style":"default","ast-global-header-display":"","ast-banner-title-visibility":"","ast-main-header-display":"","ast-hfb-above-header-display":"","ast-hfb-below-header-display":"","ast-hfb-mobile-header-display":"","site-post-title":"","ast-breadcrumbs-content":"","ast-featured-img":"","footer-sml-layout":"","ast-disable-related-posts":"","theme-transparent-header-meta":"default","adv-header-id-meta":"","stick-header-meta":"","header-above-stick-meta":"","header-main-stick-meta":"","header-below-stick-meta":"","astra-migrate-meta-layouts":"set","ast-page-background-enabled":"default","ast-page-background-meta":{"desktop":{"background-color":"var(--ast-global-color-4)","background-image":"","background-repeat":"repeat","background-position":"center center","background-size":"auto","background-attachment":"scroll","background-type":"","background-media":"","overlay-type":"","overlay-color":"","overlay-opacity":"","overlay-gradient":""},"tablet":{"background-color":"","background-image":"","background-repeat":"repeat","background-position":"center center","background-size":"auto","background-attachment":"scroll","background-type":"","background-media":"","overlay-type":"","overlay-color":"","overlay-opacity":"","overlay-gradient":""},"mobile":{"background-color":"","background-image":"","background-repeat":"repeat","background-position":"center center","background-size":"auto","background-attachment":"scroll","background-type":"","background-media":"","overlay-type":"","overlay-color":"","overlay-opacity":"","overlay-gradient":""}},"ast-content-background-meta":{"desktop":{"background-color":"var(--ast-global-color-5)","background-image":"","background-repeat":"repeat","background-position":"center center","background-size":"auto","background-attachment":"scroll","background-type":"","background-media":"","overlay-type":"","overlay-color":"","overlay-opacity":"","overlay-gradient":""},"tablet":{"background-color":"var(--ast-global-color-5)","background-image":"","background-repeat":"repeat","background-position":"center center","background-size":"auto","background-attachment":"scroll","background-type":"","background-media":"","overlay-type":"","overlay-color":"","overlay-opacity":"","overlay-gradient":""},"mobile":{"background-color":"var(--ast-global-color-5)","background-image":"","background-repeat":"repeat","background-position":"center center","background-size":"auto","background-attachment":"scroll","background-type":"","background-media":"","overlay-type":"","overlay-color":"","overlay-opacity":"","overlay-gradient":""}}},"product_brand":[],"product_cat":[69,22],"product_tag":[],"class_list":{"0":"post-15257","1":"product","2":"type-product","3":"status-publish","4":"has-post-thumbnail","6":"product_cat-odziez","7":"product_cat-jezdziec","8":"desktop-align-left","9":"tablet-align-left","10":"mobile-align-left","12":"first","13":"instock","14":"shipping-taxable","15":"purchasable","16":"product-type-variable"},"acf":[],"_links":{"self":[{"href":"https:\/\/swiattest1.dkonto.pl\/en\/wp-json\/wp\/v2\/product\/15257","targetHints":{"allow":["GET"]}}],"collection":[{"href":"https:\/\/swiattest1.dkonto.pl\/en\/wp-json\/wp\/v2\/product"}],"about":[{"href":"https:\/\/swiattest1.dkonto.pl\/en\/wp-json\/wp\/v2\/types\/product"}],"wp:featuredmedia":[{"embeddable":true,"href":"https:\/\/swiattest1.dkonto.pl\/en\/wp-json\/wp\/v2\/media\/15264"}],"wp:attachment":[{"href":"https:\/\/swiattest1.dkonto.pl\/en\/wp-json\/wp\/v2\/media?parent=15257"}],"wp:term":[{"taxonomy":"product_brand","embeddable":true,"href":"https:\/\/swiattest1.dkonto.pl\/en\/wp-json\/wp\/v2\/product_brand?post=15257"},{"taxonomy":"product_cat","embeddable":true,"href":"https:\/\/swiattest1.dkonto.pl\/en\/wp-json\/wp\/v2\/product_cat?post=15257"},{"taxonomy":"product_tag","embeddable":true,"href":"https:\/\/swiattest1.dkonto.pl\/en\/wp-json\/wp\/v2\/product_tag?post=15257"}],"curies":[{"name":"wp","href":"https:\/\/api.w.org\/{rel}","templated":true}]}}