{"id":15135,"date":"2025-08-05T10:06:26","date_gmt":"2025-08-05T08:06:26","guid":{"rendered":"https:\/\/swiattest1.dkonto.pl\/?post_type=product&#038;p=15135"},"modified":"2026-01-01T04:54:52","modified_gmt":"2026-01-01T03:54:52","slug":"kowbojki-meskie-ariat-sport-herdsman","status":"publish","type":"product","link":"https:\/\/swiattest1.dkonto.pl\/en\/product\/kowbojki-meskie-ariat-sport-herdsman\/","title":{"rendered":"Kowbojki m\u0119skie Ariat Sport Herdsman"},"content":{"rendered":"<table style=\"width: 0px;\" width=\"408.0\" cellspacing=\"0\" cellpadding=\"0\">\n<tbody>\n<tr>\n<td style=\"width: 107px;\" valign=\"bottom\">SIZE UK<\/td>\n<td style=\"width: 57px;\" valign=\"bottom\">8<\/td>\n<td style=\"width: 57px;\" valign=\"bottom\">9<\/td>\n<td style=\"width: 70px;\" valign=\"bottom\">9.5<\/td>\n<td style=\"width: 70px;\" valign=\"bottom\">10.5<\/td>\n<\/tr>\n<tr>\n<td style=\"width: 107px;\" valign=\"bottom\">SIZE EU<\/td>\n<td style=\"width: 57px;\" valign=\"bottom\">42<\/td>\n<td style=\"width: 57px;\" valign=\"bottom\">43<\/td>\n<td style=\"width: 70px;\" valign=\"bottom\">44<\/td>\n<td style=\"width: 70px;\" valign=\"bottom\">45<\/td>\n<\/tr>\n<tr>\n<td style=\"width: 107px;\" valign=\"bottom\">SIZE US<\/td>\n<td style=\"width: 57px;\" valign=\"bottom\">9<\/td>\n<td style=\"width: 57px;\" valign=\"bottom\">10<\/td>\n<td style=\"width: 70px;\" valign=\"bottom\">10.5<\/td>\n<td style=\"width: 70px;\" valign=\"bottom\">11.5<\/td>\n<\/tr>\n<\/tbody>\n<\/table>","protected":false},"excerpt":{"rendered":"<p>Kowbojki m\u0119skie Ariat Sport Herdsman to solidny i stylowy but, kt\u00f3ry zapewnia wygod\u0119 i atrakcyjny wygl\u0105d. W siodle, w pracy czy w mie\u015bcie, to wszystko czego oczekujesz od kowbojskiego buta.<\/p>\n<p><strong>Rozmiar i dopasowanie<\/strong><\/p>\n<ul>\n<li>Wysoko\u015b\u0107 cholewki: 11\u201d<\/li>\n<li>Obcas: Roper<\/li>\n<li>Wysoko\u015b\u0107 obcasa: 1.375&#8243;<\/li>\n<li>Kwadratowy nosek<\/li>\n<\/ul>\n<p><strong>Features<\/strong><\/p>\n<ul>\n<li>Technologia 4LR\u2122 zapewnia wsparcie i stabilno\u015b\u0107<\/li>\n<li>Wyjmowana wk\u0142adka All Day Cushioning<\/li>\n<li>Podeszwa Duratread\u2122 jest niezwykle wytrzyma\u0142a, a jednocze\u015bnie pozwala stopie swobodnie si\u0119 porusza\u0107<\/li>\n<li>Pi\u0119ciorz\u0119dowy wz\u00f3r \u015bciegu<\/li>\n<\/ul>\n<p><strong>Materia\u0142y<\/strong><\/p>\n<ul>\n<li>Full-grain leather foot and upper<\/li>\n<li>Podszewka z syntetycznej siateczki<\/li>\n<\/ul>","protected":false},"featured_media":15136,"template":"","meta":{"_acf_changed":false,"site-sidebar-layout":"default","site-content-layout":"","ast-site-content-layout":"default","site-content-style":"default","site-sidebar-style":"default","ast-global-header-display":"","ast-banner-title-visibility":"","ast-main-header-display":"","ast-hfb-above-header-display":"","ast-hfb-below-header-display":"","ast-hfb-mobile-header-display":"","site-post-title":"","ast-breadcrumbs-content":"","ast-featured-img":"","footer-sml-layout":"","ast-disable-related-posts":"","theme-transparent-header-meta":"default","adv-header-id-meta":"","stick-header-meta":"","header-above-stick-meta":"","header-main-stick-meta":"","header-below-stick-meta":"","astra-migrate-meta-layouts":"set","ast-page-background-enabled":"default","ast-page-background-meta":{"desktop":{"background-color":"var(--ast-global-color-4)","background-image":"","background-repeat":"repeat","background-position":"center center","background-size":"auto","background-attachment":"scroll","background-type":"","background-media":"","overlay-type":"","overlay-color":"","overlay-opacity":"","overlay-gradient":""},"tablet":{"background-color":"","background-image":"","background-repeat":"repeat","background-position":"center center","background-size":"auto","background-attachment":"scroll","background-type":"","background-media":"","overlay-type":"","overlay-color":"","overlay-opacity":"","overlay-gradient":""},"mobile":{"background-color":"","background-image":"","background-repeat":"repeat","background-position":"center center","background-size":"auto","background-attachment":"scroll","background-type":"","background-media":"","overlay-type":"","overlay-color":"","overlay-opacity":"","overlay-gradient":""}},"ast-content-background-meta":{"desktop":{"background-color":"var(--ast-global-color-5)","background-image":"","background-repeat":"repeat","background-position":"center center","background-size":"auto","background-attachment":"scroll","background-type":"","background-media":"","overlay-type":"","overlay-color":"","overlay-opacity":"","overlay-gradient":""},"tablet":{"background-color":"var(--ast-global-color-5)","background-image":"","background-repeat":"repeat","background-position":"center center","background-size":"auto","background-attachment":"scroll","background-type":"","background-media":"","overlay-type":"","overlay-color":"","overlay-opacity":"","overlay-gradient":""},"mobile":{"background-color":"var(--ast-global-color-5)","background-image":"","background-repeat":"repeat","background-position":"center center","background-size":"auto","background-attachment":"scroll","background-type":"","background-media":"","overlay-type":"","overlay-color":"","overlay-opacity":"","overlay-gradient":""}}},"product_brand":[],"product_cat":[67,22,65],"product_tag":[],"class_list":{"0":"post-15135","1":"product","2":"type-product","3":"status-publish","4":"has-post-thumbnail","6":"product_cat-meskie","7":"product_cat-jezdziec","8":"product_cat-kowbojki","9":"desktop-align-left","10":"tablet-align-left","11":"mobile-align-left","13":"first","14":"instock","15":"shipping-taxable","16":"purchasable","17":"product-type-variable"},"acf":[],"_links":{"self":[{"href":"https:\/\/swiattest1.dkonto.pl\/en\/wp-json\/wp\/v2\/product\/15135","targetHints":{"allow":["GET"]}}],"collection":[{"href":"https:\/\/swiattest1.dkonto.pl\/en\/wp-json\/wp\/v2\/product"}],"about":[{"href":"https:\/\/swiattest1.dkonto.pl\/en\/wp-json\/wp\/v2\/types\/product"}],"wp:featuredmedia":[{"embeddable":true,"href":"https:\/\/swiattest1.dkonto.pl\/en\/wp-json\/wp\/v2\/media\/15136"}],"wp:attachment":[{"href":"https:\/\/swiattest1.dkonto.pl\/en\/wp-json\/wp\/v2\/media?parent=15135"}],"wp:term":[{"taxonomy":"product_brand","embeddable":true,"href":"https:\/\/swiattest1.dkonto.pl\/en\/wp-json\/wp\/v2\/product_brand?post=15135"},{"taxonomy":"product_cat","embeddable":true,"href":"https:\/\/swiattest1.dkonto.pl\/en\/wp-json\/wp\/v2\/product_cat?post=15135"},{"taxonomy":"product_tag","embeddable":true,"href":"https:\/\/swiattest1.dkonto.pl\/en\/wp-json\/wp\/v2\/product_tag?post=15135"}],"curies":[{"name":"wp","href":"https:\/\/api.w.org\/{rel}","templated":true}]}}