{"id":15128,"date":"2025-08-07T10:28:26","date_gmt":"2025-08-07T08:28:26","guid":{"rendered":"https:\/\/swiattest1.dkonto.pl\/?post_type=product&#038;p=15128"},"modified":"2026-01-01T04:54:52","modified_gmt":"2026-01-01T03:54:52","slug":"kowbojki-damskie-ariat-maggie-sassy-brown","status":"publish","type":"product","link":"https:\/\/swiattest1.dkonto.pl\/en\/product\/kowbojki-damskie-ariat-maggie-sassy-brown\/","title":{"rendered":"Kowbojki damskie Ariat Maggie Sassy Brown"},"content":{"rendered":"","protected":false},"excerpt":{"rendered":"<p>Kowbojki damskie Ariat Maggie Sassy Brown to niesko\u0144czenie wszechstronne z charakterystycznym westernowym stylem, buty Maggie s\u0105 przeznaczone na wiosenne festiwale, letnie grille i jesienne zbieranie jab\u0142ek. Szpiczasty nosek i przeszycia w kszta\u0142cie lilii nadaj\u0105 im nowoczesny charakter; wygodny obcas jest idealny do szybkiego przemieszczania si\u0119 ze sceny na scen\u0119.<\/p>\n<p><strong>Features<\/strong><\/p>\n<ul>\n<li>Wysoko\u015b\u0107 cholewki 8&#8243;<\/li>\n<li>Obcas New West<\/li>\n<li>Wysoko\u015b\u0107 obcasa 2&#8243;<\/li>\n<li>Nosek w kszta\u0142cie litery J<\/li>\n<li>ATS\u00ae technology provides ergonomic support on uneven terrain<\/li>\n<li>Wyjmowana wk\u0142adka All Day Cushioning<\/li>\n<li>Podeszwa Duratread\u2122 zapewnia maksymaln\u0105 odporno\u015b\u0107 na zu\u017cycie<\/li>\n<li>Kolor: <span class=\"sc-bhlBdH dZSrpu sc-imapFV lfpsgi\" title=\"SASSY BROWN\">SASSY BROWN<\/span><\/li>\n<\/ul>\n<table style=\"width: 0px;\" cellspacing=\"0\" cellpadding=\"0\">\n<tbody>\n<tr>\n<td style=\"width: 104px;\" valign=\"middle\">SIZE UK<\/td>\n<td style=\"width: 59px;\" valign=\"middle\">3<\/td>\n<td style=\"width: 70px;\" valign=\"middle\">3.5<\/td>\n<td style=\"width: 60px;\" valign=\"middle\">4<\/td>\n<td style=\"width: 69px;\" valign=\"middle\">4.5<\/td>\n<td style=\"width: 59px;\" valign=\"middle\">5<\/td>\n<td style=\"width: 70px;\" valign=\"middle\">5.5<\/td>\n<td style=\"width: 61px;\" valign=\"middle\">6<\/td>\n<td style=\"width: 60px;\" valign=\"middle\">6.5<\/td>\n<td style=\"width: 60px;\" valign=\"middle\">7<\/td>\n<\/tr>\n<tr>\n<td style=\"width: 104px;\" valign=\"middle\">SIZE EU<\/td>\n<td style=\"width: 59px;\" valign=\"middle\">36<\/td>\n<td style=\"width: 70px;\" valign=\"middle\">36.5<\/td>\n<td style=\"width: 60px;\" valign=\"middle\">37<\/td>\n<td style=\"width: 69px;\" valign=\"middle\">37.5<\/td>\n<td style=\"width: 59px;\" valign=\"middle\">38<\/td>\n<td style=\"width: 70px;\" valign=\"middle\">38.5<\/td>\n<td style=\"width: 61px;\" valign=\"middle\">39<\/td>\n<td style=\"width: 60px;\" valign=\"middle\">40<\/td>\n<td style=\"width: 60px;\" valign=\"middle\">41<\/td>\n<\/tr>\n<tr>\n<td style=\"width: 104px;\" valign=\"middle\">SIZE US<\/td>\n<td style=\"width: 59px;\" valign=\"middle\">5.5<\/td>\n<td style=\"width: 70px;\" valign=\"middle\">6<\/td>\n<td style=\"width: 60px;\" valign=\"middle\">6.5<\/td>\n<td style=\"width: 69px;\" valign=\"middle\">7<\/td>\n<td style=\"width: 59px;\" valign=\"middle\">7.5<\/td>\n<td style=\"width: 70px;\" valign=\"middle\">8<\/td>\n<td style=\"width: 61px;\" valign=\"middle\">8.5<\/td>\n<td style=\"width: 60px;\" valign=\"middle\">9<\/td>\n<td style=\"width: 60px;\" valign=\"middle\">9.5<\/td>\n<\/tr>\n<\/tbody>\n<\/table>","protected":false},"featured_media":15134,"template":"","meta":{"_acf_changed":false,"site-sidebar-layout":"default","site-content-layout":"","ast-site-content-layout":"default","site-content-style":"default","site-sidebar-style":"default","ast-global-header-display":"","ast-banner-title-visibility":"","ast-main-header-display":"","ast-hfb-above-header-display":"","ast-hfb-below-header-display":"","ast-hfb-mobile-header-display":"","site-post-title":"","ast-breadcrumbs-content":"","ast-featured-img":"","footer-sml-layout":"","ast-disable-related-posts":"","theme-transparent-header-meta":"default","adv-header-id-meta":"","stick-header-meta":"","header-above-stick-meta":"","header-main-stick-meta":"","header-below-stick-meta":"","astra-migrate-meta-layouts":"set","ast-page-background-enabled":"default","ast-page-background-meta":{"desktop":{"background-color":"var(--ast-global-color-4)","background-image":"","background-repeat":"repeat","background-position":"center center","background-size":"auto","background-attachment":"scroll","background-type":"","background-media":"","overlay-type":"","overlay-color":"","overlay-opacity":"","overlay-gradient":""},"tablet":{"background-color":"","background-image":"","background-repeat":"repeat","background-position":"center center","background-size":"auto","background-attachment":"scroll","background-type":"","background-media":"","overlay-type":"","overlay-color":"","overlay-opacity":"","overlay-gradient":""},"mobile":{"background-color":"","background-image":"","background-repeat":"repeat","background-position":"center center","background-size":"auto","background-attachment":"scroll","background-type":"","background-media":"","overlay-type":"","overlay-color":"","overlay-opacity":"","overlay-gradient":""}},"ast-content-background-meta":{"desktop":{"background-color":"var(--ast-global-color-5)","background-image":"","background-repeat":"repeat","background-position":"center center","background-size":"auto","background-attachment":"scroll","background-type":"","background-media":"","overlay-type":"","overlay-color":"","overlay-opacity":"","overlay-gradient":""},"tablet":{"background-color":"var(--ast-global-color-5)","background-image":"","background-repeat":"repeat","background-position":"center center","background-size":"auto","background-attachment":"scroll","background-type":"","background-media":"","overlay-type":"","overlay-color":"","overlay-opacity":"","overlay-gradient":""},"mobile":{"background-color":"var(--ast-global-color-5)","background-image":"","background-repeat":"repeat","background-position":"center center","background-size":"auto","background-attachment":"scroll","background-type":"","background-media":"","overlay-type":"","overlay-color":"","overlay-opacity":"","overlay-gradient":""}}},"product_brand":[],"product_cat":[66,22,65],"product_tag":[],"class_list":{"0":"post-15128","1":"product","2":"type-product","3":"status-publish","4":"has-post-thumbnail","6":"product_cat-damskie","7":"product_cat-jezdziec","8":"product_cat-kowbojki","9":"desktop-align-left","10":"tablet-align-left","11":"mobile-align-left","13":"first","14":"instock","15":"shipping-taxable","16":"purchasable","17":"product-type-variable"},"acf":[],"_links":{"self":[{"href":"https:\/\/swiattest1.dkonto.pl\/en\/wp-json\/wp\/v2\/product\/15128","targetHints":{"allow":["GET"]}}],"collection":[{"href":"https:\/\/swiattest1.dkonto.pl\/en\/wp-json\/wp\/v2\/product"}],"about":[{"href":"https:\/\/swiattest1.dkonto.pl\/en\/wp-json\/wp\/v2\/types\/product"}],"wp:featuredmedia":[{"embeddable":true,"href":"https:\/\/swiattest1.dkonto.pl\/en\/wp-json\/wp\/v2\/media\/15134"}],"wp:attachment":[{"href":"https:\/\/swiattest1.dkonto.pl\/en\/wp-json\/wp\/v2\/media?parent=15128"}],"wp:term":[{"taxonomy":"product_brand","embeddable":true,"href":"https:\/\/swiattest1.dkonto.pl\/en\/wp-json\/wp\/v2\/product_brand?post=15128"},{"taxonomy":"product_cat","embeddable":true,"href":"https:\/\/swiattest1.dkonto.pl\/en\/wp-json\/wp\/v2\/product_cat?post=15128"},{"taxonomy":"product_tag","embeddable":true,"href":"https:\/\/swiattest1.dkonto.pl\/en\/wp-json\/wp\/v2\/product_tag?post=15128"}],"curies":[{"name":"wp","href":"https:\/\/api.w.org\/{rel}","templated":true}]}}