{"id":15105,"date":"2025-07-31T16:50:42","date_gmt":"2025-07-31T14:50:42","guid":{"rendered":"https:\/\/swiattest1.dkonto.pl\/?post_type=product&#038;p=15105"},"modified":"2025-07-31T20:08:25","modified_gmt":"2025-07-31T18:08:25","slug":"mydlo-do-skory-saddle-soap","status":"publish","type":"product","link":"https:\/\/swiattest1.dkonto.pl\/en\/product\/mydlo-do-skory-saddle-soap\/","title":{"rendered":"Myd\u0142o do sk\u00f3ry Saddle Soap"},"content":{"rendered":"<p><strong>Myd\u0142o do sk\u00f3ry Saddle Soap Fiebing\u2019s 340 g<\/strong><\/p>","protected":false},"excerpt":{"rendered":"<p>Myd\u0142o do sk\u00f3ry Saddle Soap to flagowy produkt firmy Fiebing. U\u017cywany na ca\u0142ym \u015bwiecie do czyszczenia wysokiej jako\u015bci wyrob\u00f3w sk\u00f3rzanych jak siod\u0142a, buty, sprz\u0119t je\u017adziecki i innych g\u0142adkich wyrob\u00f3w sk\u00f3rzanych. Czy\u015bci sk\u00f3r\u0119 i nat\u0142uszcza w\u0142\u00f3kna, zapobiegaj\u0105c ich krucho\u015bci, jednocze\u015bnie zachowuj\u0105c ich elastyczno\u015b\u0107 i wytrzyma\u0142o\u015b\u0107.<\/p>\n<p>Myd\u0142o Fiebing to popularny \u015brodek do czyszczenia i piel\u0119gnacji sk\u00f3ry, u\u017cywany od pokole\u0144 przez mi\u0142o\u015bnik\u00f3w sk\u00f3ry.<\/p>\n<p>Spos\u00f3b u\u017cycia:<\/p>\n<ol>\n<li>Przygotowanie sk\u00f3ry: Zacznij od usuni\u0119cia lu\u017anych zabrudze\u0144 i zanieczyszcze\u0144 z powierzchni sk\u00f3ry za pomoc\u0105 mi\u0119kkiej szczotki. Pomaga to unikn\u0105\u0107 zarysowania sk\u00f3ry podczas nak\u0142adania myd\u0142a.<\/li>\n<li><span style=\"font-size: 16px; -webkit-text-size-adjust: 100%;\">Zwil\u017c aplikator: Zwil\u017c czyst\u0105 g\u0105bk\u0119, mi\u0119kk\u0105 szczotk\u0119 lub szmatk\u0119 wod\u0105. Powinna by\u0107 wilgotna, ale nie ociekaj\u0105ca wod\u0105.<\/span><\/li>\n<li><span style=\"font-size: 16px; -webkit-text-size-adjust: 100%;\">Na\u0142o\u017cenie myd\u0142a: Pocieraj zwil\u017conym aplikatorem powierzchni\u0119, aby wytworzy\u0107 pian\u0119. Nast\u0119pnie na\u0142\u00f3\u017c pian\u0119 na sk\u00f3r\u0119 okr\u0119\u017cnymi ruchami, pracuj\u0105c ma\u0142ymi partiami.<\/span><\/li>\n<li><span style=\"font-size: 16px; -webkit-text-size-adjust: 100%;\">Czyszczenie sk\u00f3ry: Delikatnie wmasuj pian\u0119 w sk\u00f3r\u0119, koncentruj\u0105c si\u0119 na miejscach z plamami, brudem lub zanieczyszczeniami. W razie potrzeby u\u017cyj niewielkiej si\u0142y, ale unikaj szorowania zbyt mocno, szczeg\u00f3lnie w przypadku delikatnej lub nieobrobionej sk\u00f3ry.<\/span><\/li>\n<li><span style=\"font-size: 16px; -webkit-text-size-adjust: 100%;\">Wytrzyj nadmiar: Po wyczyszczeniu fragmentu sk\u00f3ry, u\u017cyj czystej, wilgotnej \u015bciereczki, aby zetrze\u0107 nadmiar myd\u0142a. Pomo\u017ce to usun\u0105\u0107 brud i myd\u0142o z por\u00f3w sk\u00f3ry.<\/span><\/li>\n<li><span style=\"font-size: 16px; -webkit-text-size-adjust: 100%;\">Powtarzaj w razie potrzeby: Kontynuuj nak\u0142adanie myd\u0142a na sk\u00f3r\u0119, pracuj\u0105c ma\u0142ymi partiami, a\u017c wyczy\u015bcisz ca\u0142\u0105 powierzchni\u0119. Je\u015bli sk\u00f3ra jest szczeg\u00f3lnie zabrudzona, mo\u017ce by\u0107 konieczne powt\u00f3rzenie procesu.<\/span><\/li>\n<li><span style=\"font-size: 16px; -webkit-text-size-adjust: 100%;\">Wysuszenie i piel\u0119gnacja: Pozostaw sk\u00f3r\u0119 do ca\u0142kowitego wyschni\u0119cia na powietrzu przed na\u0142o\u017ceniem jakichkolwiek \u015brodk\u00f3w piel\u0119gnacyjnych lub \u015brodk\u00f3w ochronnych ale pami\u0119taj aby nigdy nie suszy\u0107 sk\u00f3ry bezpo\u015brednio przy piecu lub na s\u0142o\u0144cu.\u00a0<\/span><\/li>\n<li><span style=\"font-size: 16px; -webkit-text-size-adjust: 100%;\">Polerowanie: Po na\u0142o\u017ceniu preparatu mo\u017cesz wypolerowa\u0107 sk\u00f3r\u0119 czyst\u0105, such\u0105 szczotk\u0105 z mi\u0119kkim w\u0142osiem lub mi\u0119kk\u0105 szmatk\u0105, aby przywr\u00f3ci\u0107 jej po\u0142ysk.<\/span><\/li>\n<li><span style=\"font-size: 16px; -webkit-text-size-adjust: 100%;\">Prawid\u0142owe przechowywanie: Przechowuj myd\u0142o do siode\u0142 Fiebing\u2019s Saddle Soap w ch\u0142odnym, suchym miejscu, z dala od bezpo\u015bredniego \u015bwiat\u0142a s\u0142onecznego, aby zachowa\u0107 jego jako\u015b\u0107 i skuteczno\u015b\u0107.<\/span><\/li>\n<\/ol>\n<p>Dodatkowo, warto najpierw przetestowa\u0107 myd\u0142o na ma\u0142ym, niewidocznym fragmencie sk\u00f3ry, aby upewni\u0107 si\u0119, \u017ce produkt daje po\u017c\u0105dane rezultaty.<\/p>","protected":false},"featured_media":15106,"template":"","meta":{"_acf_changed":false,"site-sidebar-layout":"default","site-content-layout":"","ast-site-content-layout":"default","site-content-style":"default","site-sidebar-style":"default","ast-global-header-display":"","ast-banner-title-visibility":"","ast-main-header-display":"","ast-hfb-above-header-display":"","ast-hfb-below-header-display":"","ast-hfb-mobile-header-display":"","site-post-title":"","ast-breadcrumbs-content":"","ast-featured-img":"","footer-sml-layout":"","ast-disable-related-posts":"","theme-transparent-header-meta":"default","adv-header-id-meta":"","stick-header-meta":"","header-above-stick-meta":"","header-main-stick-meta":"","header-below-stick-meta":"","astra-migrate-meta-layouts":"set","ast-page-background-enabled":"default","ast-page-background-meta":{"desktop":{"background-color":"var(--ast-global-color-4)","background-image":"","background-repeat":"repeat","background-position":"center center","background-size":"auto","background-attachment":"scroll","background-type":"","background-media":"","overlay-type":"","overlay-color":"","overlay-opacity":"","overlay-gradient":""},"tablet":{"background-color":"","background-image":"","background-repeat":"repeat","background-position":"center center","background-size":"auto","background-attachment":"scroll","background-type":"","background-media":"","overlay-type":"","overlay-color":"","overlay-opacity":"","overlay-gradient":""},"mobile":{"background-color":"","background-image":"","background-repeat":"repeat","background-position":"center center","background-size":"auto","background-attachment":"scroll","background-type":"","background-media":"","overlay-type":"","overlay-color":"","overlay-opacity":"","overlay-gradient":""}},"ast-content-background-meta":{"desktop":{"background-color":"var(--ast-global-color-5)","background-image":"","background-repeat":"repeat","background-position":"center center","background-size":"auto","background-attachment":"scroll","background-type":"","background-media":"","overlay-type":"","overlay-color":"","overlay-opacity":"","overlay-gradient":""},"tablet":{"background-color":"var(--ast-global-color-5)","background-image":"","background-repeat":"repeat","background-position":"center center","background-size":"auto","background-attachment":"scroll","background-type":"","background-media":"","overlay-type":"","overlay-color":"","overlay-opacity":"","overlay-gradient":""},"mobile":{"background-color":"var(--ast-global-color-5)","background-image":"","background-repeat":"repeat","background-position":"center center","background-size":"auto","background-attachment":"scroll","background-type":"","background-media":"","overlay-type":"","overlay-color":"","overlay-opacity":"","overlay-gradient":""}}},"product_brand":[],"product_cat":[62,21,60],"product_tag":[],"class_list":{"0":"post-15105","1":"product","2":"type-product","3":"status-publish","4":"has-post-thumbnail","6":"product_cat-pielegnacja_sprzetu","7":"product_cat-kon","8":"product_cat-pielegnacja","9":"desktop-align-left","10":"tablet-align-left","11":"mobile-align-left","13":"first","14":"instock","15":"shipping-taxable","16":"purchasable","17":"product-type-simple"},"acf":[],"_links":{"self":[{"href":"https:\/\/swiattest1.dkonto.pl\/en\/wp-json\/wp\/v2\/product\/15105","targetHints":{"allow":["GET"]}}],"collection":[{"href":"https:\/\/swiattest1.dkonto.pl\/en\/wp-json\/wp\/v2\/product"}],"about":[{"href":"https:\/\/swiattest1.dkonto.pl\/en\/wp-json\/wp\/v2\/types\/product"}],"wp:featuredmedia":[{"embeddable":true,"href":"https:\/\/swiattest1.dkonto.pl\/en\/wp-json\/wp\/v2\/media\/15106"}],"wp:attachment":[{"href":"https:\/\/swiattest1.dkonto.pl\/en\/wp-json\/wp\/v2\/media?parent=15105"}],"wp:term":[{"taxonomy":"product_brand","embeddable":true,"href":"https:\/\/swiattest1.dkonto.pl\/en\/wp-json\/wp\/v2\/product_brand?post=15105"},{"taxonomy":"product_cat","embeddable":true,"href":"https:\/\/swiattest1.dkonto.pl\/en\/wp-json\/wp\/v2\/product_cat?post=15105"},{"taxonomy":"product_tag","embeddable":true,"href":"https:\/\/swiattest1.dkonto.pl\/en\/wp-json\/wp\/v2\/product_tag?post=15105"}],"curies":[{"name":"wp","href":"https:\/\/api.w.org\/{rel}","templated":true}]}}