{"id":15101,"date":"2025-07-31T16:37:51","date_gmt":"2025-07-31T14:37:51","guid":{"rendered":"https:\/\/swiattest1.dkonto.pl\/?post_type=product&#038;p=15101"},"modified":"2025-08-01T14:45:13","modified_gmt":"2025-08-01T12:45:13","slug":"odzywka-do-skory-aussie-leather","status":"publish","type":"product","link":"https:\/\/swiattest1.dkonto.pl\/en\/product\/odzywka-do-skory-aussie-leather\/","title":{"rendered":"Od\u017cywka do sk\u00f3ry Aussie Leather"},"content":{"rendered":"<p><strong>Od\u017cywka do sk\u00f3ry Fiebing\u2019s Aussie Leather 400g<\/strong><\/p>","protected":false},"excerpt":{"rendered":"<p>Od\u017cywka do sk\u00f3ry Aussie Leather Conditioner Fiebing\u2019s zosta\u0142a opracowana dla australijskich je\u017ad\u017ac\u00f3w. Od\u017cywka do sk\u00f3ry Aussie pomaga sk\u00f3rze wytrzyma\u0107 gor\u0105ce i suche warunki klimatyczne. <strong>Zawiera naturalny wosk pszczeli.<\/strong> Obowi\u0105zkowa pozycja dla w\u0142a\u015bcicieli siod\u0142a w bardzo zimnych lub suchych obszarach. Idealna do stosowania na siod\u0142ach, sprz\u0119cie je\u017adzieckim, butach lub torebkach<\/p>\n<p>Fiebing&#8217;s Aussie Leather Conditioner to popularny produkt do piel\u0119gnacji i konserwacji sk\u00f3ry, szczeg\u00f3lnie but\u00f3w, siode\u0142 i innych wyrob\u00f3w sk\u00f3rzanych.<\/p>\n<p>Oto og\u00f3lny przewodnik, jak go skutecznie u\u017cywa\u0107:<\/p>\n<p><strong>1. Przygotowanie sk\u00f3ry:<\/strong> Zacznij od upewnienia si\u0119, \u017ce powierzchnia sk\u00f3ry jest czysta i wolna od kurzu, brudu i zanieczyszcze\u0144. Mo\u017cesz u\u017cy\u0107 mi\u0119kkiej szczotki lub czystej, wilgotnej \u015bciereczki aby delikatnie usun\u0105\u0107 wszelkie zabrudzenia. (Aby zapewni\u0107 najlepsz\u0105 praktyk\u0119 czyszczenia, przed u\u017cyciem Aussie Leather Conditioner u\u017cyj myd\u0142a do siode\u0142 Fiebing&#8217;s Saddle Soap).<\/p>\n<p><strong>2. Test:<\/strong> Przed na\u0142o\u017ceniem od\u017cywki na ca\u0142\u0105 powierzchni\u0119 sk\u00f3ry, warto przetestowa\u0107 j\u0105 na ma\u0142ym, niewidocznym fragmencie, aby upewni\u0107 si\u0119 co do po\u017c\u0105danych rezultat\u00f3w.<\/p>\n<p><strong>3. Na\u0142o\u017cenie od\u017cywki:<\/strong> Nanie\u015b\u0107 niewielk\u0105 ilo\u015b\u0107 od\u017cywki czyst\u0105, mi\u0119kk\u0105 \u015bciereczk\u0105. Nie trzeba nak\u0142ada\u0107 grubej warstwy, wystarczy cienka, r\u00f3wnomierna warstwa.<\/p>\n<p><strong>4. Pracuj sekcjami:<\/strong> Nak\u0142adaj od\u017cywk\u0119 na jedn\u0105 sekcj\u0119 sk\u00f3ry na raz, nak\u0142adaj\u0105c j\u0105 okr\u0119\u017cnymi ruchami. Zapewnij dok\u0142adne pokrycie, zwracaj\u0105c szczeg\u00f3ln\u0105 uwag\u0119 na miejsca bardziej podatne na wysuszenie lub p\u0119kanie, takie jak zagniecenia i szwy.<\/p>\n<p><strong>5. Pozw\u00f3l na wch\u0142oni\u0119cie:<\/strong> Pozostaw od\u017cywk\u0119 do wnikni\u0119cia w sk\u00f3r\u0119 na kilka minut. Pozwoli to substancjom od\u017cywczym wch\u0142on\u0105\u0107 si\u0119 we w\u0142\u00f3kna sk\u00f3ry, nawil\u017caj\u0105c je i od\u017cywiaj\u0105c od wewn\u0105trz.<\/p>\n<p><strong>6. Polerowanie: <\/strong>Po wch\u0142oni\u0119ciu od\u017cywki, delikatnie wypoleruj powierzchni\u0119 sk\u00f3ry czyst\u0105, such\u0105 szmatk\u0105. Pomo\u017ce to usun\u0105\u0107 nadmiar od\u017cywki i nada sk\u00f3rze g\u0142adkie, l\u015bni\u0105ce wyko\u0144czenie.<\/p>\n<p><strong>7. Powtarzaj w razie potrzeby:<\/strong> W zale\u017cno\u015bci od stanu sk\u00f3ry, mo\u017ce by\u0107 konieczne na\u0142o\u017cenie kilku warstw od\u017cywki. Pozostaw ka\u017cd\u0105 warstw\u0119 do ca\u0142kowitego wyschni\u0119cia przed na\u0142o\u017ceniem kolejnej.<\/p>\n<p><strong>9. Przechowywanie zgodnie z przeznaczeniem:<\/strong> Szczelnie zamknij butelk\u0119 i przechowuj od\u017cywk\u0119 Fiebing\u2019s Aussie Leather Conditioner w ch\u0142odnym, suchym miejscu z dala od bezpo\u015bredniego \u015bwiat\u0142a s\u0142onecznego, aby zachowa\u0107 jej jako\u015b\u0107 i skuteczno\u015b\u0107.<\/p>\n<p><strong>10. Regularna konserwacja:<\/strong> Aby utrzyma\u0107 sk\u00f3rzane wyroby w dobrym stanie, nale\u017cy okresowo powtarza\u0107 proces piel\u0119gnacji, zw\u0142aszcza je\u015bli sk\u00f3ra jest nara\u017cona na trudne warunki lub cz\u0119ste u\u017cytkowanie.<\/p>\n<p>Aby uzyska\u0107 najlepsze rezultaty, zawsze nale\u017cy przestrzega\u0107 instrukcji producenta zamieszczonych na etykiecie produktu. Regularne stosowanie od\u017cywki Fiebing&#8217;s Aussie Leather Conditioner mo\u017ce przed\u0142u\u017cy\u0107 \u017cywotno\u015b\u0107 sk\u00f3rzanych wyrob\u00f3w i zapewni\u0107 im doskona\u0142y wygl\u0105d.<\/p>","protected":false},"featured_media":15102,"template":"","meta":{"_acf_changed":false,"site-sidebar-layout":"default","site-content-layout":"","ast-site-content-layout":"default","site-content-style":"default","site-sidebar-style":"default","ast-global-header-display":"","ast-banner-title-visibility":"","ast-main-header-display":"","ast-hfb-above-header-display":"","ast-hfb-below-header-display":"","ast-hfb-mobile-header-display":"","site-post-title":"","ast-breadcrumbs-content":"","ast-featured-img":"","footer-sml-layout":"","ast-disable-related-posts":"","theme-transparent-header-meta":"default","adv-header-id-meta":"","stick-header-meta":"","header-above-stick-meta":"","header-main-stick-meta":"","header-below-stick-meta":"","astra-migrate-meta-layouts":"set","ast-page-background-enabled":"default","ast-page-background-meta":{"desktop":{"background-color":"var(--ast-global-color-4)","background-image":"","background-repeat":"repeat","background-position":"center center","background-size":"auto","background-attachment":"scroll","background-type":"","background-media":"","overlay-type":"","overlay-color":"","overlay-opacity":"","overlay-gradient":""},"tablet":{"background-color":"","background-image":"","background-repeat":"repeat","background-position":"center center","background-size":"auto","background-attachment":"scroll","background-type":"","background-media":"","overlay-type":"","overlay-color":"","overlay-opacity":"","overlay-gradient":""},"mobile":{"background-color":"","background-image":"","background-repeat":"repeat","background-position":"center center","background-size":"auto","background-attachment":"scroll","background-type":"","background-media":"","overlay-type":"","overlay-color":"","overlay-opacity":"","overlay-gradient":""}},"ast-content-background-meta":{"desktop":{"background-color":"var(--ast-global-color-5)","background-image":"","background-repeat":"repeat","background-position":"center center","background-size":"auto","background-attachment":"scroll","background-type":"","background-media":"","overlay-type":"","overlay-color":"","overlay-opacity":"","overlay-gradient":""},"tablet":{"background-color":"var(--ast-global-color-5)","background-image":"","background-repeat":"repeat","background-position":"center center","background-size":"auto","background-attachment":"scroll","background-type":"","background-media":"","overlay-type":"","overlay-color":"","overlay-opacity":"","overlay-gradient":""},"mobile":{"background-color":"var(--ast-global-color-5)","background-image":"","background-repeat":"repeat","background-position":"center center","background-size":"auto","background-attachment":"scroll","background-type":"","background-media":"","overlay-type":"","overlay-color":"","overlay-opacity":"","overlay-gradient":""}}},"product_brand":[],"product_cat":[62,21,60],"product_tag":[],"class_list":{"0":"post-15101","1":"product","2":"type-product","3":"status-publish","4":"has-post-thumbnail","6":"product_cat-pielegnacja_sprzetu","7":"product_cat-kon","8":"product_cat-pielegnacja","9":"desktop-align-left","10":"tablet-align-left","11":"mobile-align-left","13":"first","14":"instock","15":"shipping-taxable","16":"purchasable","17":"product-type-simple"},"acf":[],"_links":{"self":[{"href":"https:\/\/swiattest1.dkonto.pl\/en\/wp-json\/wp\/v2\/product\/15101","targetHints":{"allow":["GET"]}}],"collection":[{"href":"https:\/\/swiattest1.dkonto.pl\/en\/wp-json\/wp\/v2\/product"}],"about":[{"href":"https:\/\/swiattest1.dkonto.pl\/en\/wp-json\/wp\/v2\/types\/product"}],"wp:featuredmedia":[{"embeddable":true,"href":"https:\/\/swiattest1.dkonto.pl\/en\/wp-json\/wp\/v2\/media\/15102"}],"wp:attachment":[{"href":"https:\/\/swiattest1.dkonto.pl\/en\/wp-json\/wp\/v2\/media?parent=15101"}],"wp:term":[{"taxonomy":"product_brand","embeddable":true,"href":"https:\/\/swiattest1.dkonto.pl\/en\/wp-json\/wp\/v2\/product_brand?post=15101"},{"taxonomy":"product_cat","embeddable":true,"href":"https:\/\/swiattest1.dkonto.pl\/en\/wp-json\/wp\/v2\/product_cat?post=15101"},{"taxonomy":"product_tag","embeddable":true,"href":"https:\/\/swiattest1.dkonto.pl\/en\/wp-json\/wp\/v2\/product_tag?post=15101"}],"curies":[{"name":"wp","href":"https:\/\/api.w.org\/{rel}","templated":true}]}}