{"id":15048,"date":"2025-07-24T12:13:57","date_gmt":"2025-07-24T10:13:57","guid":{"rendered":"https:\/\/swiattest1.dkonto.pl\/?post_type=product&#038;p=15048"},"modified":"2025-07-24T12:13:58","modified_gmt":"2025-07-24T10:13:58","slug":"zel-chlodzacy-mineral-ice-manen-tail","status":"publish","type":"product","link":"https:\/\/swiattest1.dkonto.pl\/en\/product\/zel-chlodzacy-mineral-ice-manen-tail\/","title":{"rendered":"\u017bel ch\u0142odz\u0105cy Mineral Ice Mane&#8217;n Tail"},"content":{"rendered":"<p><strong>\u017bel ch\u0142odz\u0105cy Mineral Ice Mane&#8217;n Tail\u00a0<\/strong><\/p>\n<p><strong>Sk\u0142ad:<\/strong> Mentol 2% (sk\u0142adnik aktywny). Inne sk\u0142adniki: wodorotlenek amonu, karbomer, siarczan miedzi, FD&amp;C Blue No.1, alkohol izopropylowy 11,2%, siarczan magnezu, wodorotlenek sodu, tymol, woda dejonizowana.<\/p>\n<p><strong>Tylko do zewn\u0119trznego u\u017cytku.<\/strong><\/p>","protected":false},"excerpt":{"rendered":"<p>\u017bel ch\u0142odz\u0105cy Mineral Ice Mane&#8217;n Tail dla ps\u00f3w i koni. Przynosi natychmiastow\u0105 ulg\u0119 zm\u0119czonym, obola\u0142ym, spuchni\u0119tym lub st\u0142uczonym ko\u0144czynom i mi\u0119\u015bniom. Zmniejsza dolegliwo\u015bci zwi\u0105zane z zapaleniami staw\u00f3w, urazami, zwichni\u0119ciami, naci\u0105gni\u0119ciami i siniakami. Szczeg\u00f3lnie polecany dla zwierz\u0105t po wyczerpuj\u0105cym treningu lub zawodach w celu szybkiej regeneracji, zmniejszeniu bolesno\u015bci i sztywno\u015bci. Mo\u017ce by\u0107 stosowany jako wcierka, ch\u0142odz\u0105ca k\u0105piel lub kompres. Wyprodukowany z naturalnych sk\u0142adnik\u00f3w, jego dzia\u0142anie oparte jest na w\u0142a\u015bciwo\u015bciach rozpuszczalnego w wodzie mentholu. \u017bel nie zawiera steryd\u00f3w ani benzokainy.<br \/>\n<strong><br \/>\n<\/strong>Zalety \u017celu ch\u0142odz\u0105cego Mane&#8217;n Tail Mineral Ice:<\/p>\n<ul>\n<li>Przyjemnie ch\u0142odzi<\/li>\n<li>Przynosi natychmiastow\u0105 ulg\u0119 nadwyr\u0119\u017conym mi\u0119\u015bniom i stawom<\/li>\n<li>Zmniejsza stany zapalne<\/li>\n<li>Zmniejsza obrz\u0119ki<\/li>\n<li>Zmniejsza dolegliwo\u015bci b\u00f3lowe<\/li>\n<li>Przy\u015bpiesza reperacj\u0119 po intensywnej aktywno\u015bci<\/li>\n<li>Do stosowania jako wcierka, k\u0105piel lub kompres<\/li>\n<li>Na bazie mentolu<\/li>\n<li>Bez steryd\u00f3w i benzokainy<\/li>\n<\/ul>\n<p><strong>Spos\u00f3b u\u017cycia:<br \/>\n<\/strong>Nak\u0142adaj na czyste i wolne od innych substancji miejsce. Nak\u0142adaj r\u0119cznie lub za pomoc\u0105 wilgotnej \u015bciereczki, delikatnie wcieraj\u0105c. Upewnij si\u0119, \u017ce obszar jest dobrze pokryty. W razie potrzeby zabanda\u017cuj nog\u0119 psa lub konia, lub inne miejsca, tylko ch\u0142odnymi, mokrymi lub suchymi ok\u0142adami z bawe\u0142ny. Stosuj co najmniej dwa razy dziennie.<\/p>\n<ul>\n<li>zwierz\u0119ta aktywnie trenuj\u0105ce: stosuj przed i po treningu, po wyczerpuj\u0105cych zawodach, do tymczasowego z\u0142agodzenia niewielkiej bolesno\u015bci lub sztywno\u015bci po wy\u015bcigach, grze w polo, polowaniach, skokach, wyst\u0119pach na bramkach i uje\u017cd\u017caniu. Zapewnia szybsze i bezpieczniejsze sch\u0142odzenie.<\/li>\n<li>transport koni: nanie\u015b \u017cel i zabanda\u017cuj jak zwykle przed transportem. Ko\u0144 lepiej zniesie podr\u00f3\u017c i dotrze do celu w lepszej kondycji.<\/li>\n<li>k\u0105piel ch\u0142odz\u0105ca: rozcie\u0144cz 2 \u0142y\u017cki \u017celu w oko\u0142o 120ml wody. Przygotowanym roztworem polej zwierz\u0119.<\/li>\n<li>kompres ch\u0142odz\u0105cy: rozcie\u0144cz 2 \u0142y\u017cki \u017celu w oko\u0142o 120ml wody, nas\u0105cz nimi ch\u0142onn\u0105 szmatk\u0119 lub r\u0119cznik i po\u0142\u00f3\u017c na bol\u0105ce\/ spuchni\u0119te\/ st\u0142uczone miejsce u Twojego pupila.<\/li>\n<\/ul>\n<p>Pierwotnie kosmetyki ameryka\u0144skiej marki Mane&#8217;n Tail zosta\u0142y stworzone do piel\u0119gnacji koni. Na pocz\u0105tku by\u0142 to jedynie szampon i od\u017cywka przeznaczone dla koni pokazowych z d\u0142ugimi grzywami i ogonami. \u015awiatowa rozpoznawalno\u015b\u0107 kosmetyk\u00f3w Mane&#8217;n Tail rozpocz\u0119\u0142a si\u0119 w momencie, gdy w\u0142a\u015bciciele zwierz\u0105t, zauwa\u017caj\u0105c spektakularne rezultaty jakie przynosi\u0142o ich stosowanie u zwierz\u0105t, wypr\u00f3bowali je na sobie. Podstawow\u0105 zasad\u0105, jak\u0105 kieruj\u0105 si\u0119 ich tw\u00f3rcy jest osi\u0105gni\u0119cie i utrzymane d\u0142u\u017cszych, mocniejszych i zdrowo wygl\u0105daj\u0105cych w\u0142os\u00f3w poprzez wzmacnianie i kondycjonowanie sk\u00f3ry oraz g\u0142owy, u\u017cywaj\u0105c bezpiecznych, wysokiej jako\u015bci sk\u0142adnik\u00f3w. Produkty Mane&#8217;n Tail ciesz\u0105 si\u0119 nies\u0142abn\u0105cym uznaniem ju\u017c od kilkudziesi\u0119ciu lat. Z czasem oferta rozros\u0142a si\u0119 do kosmetyk\u00f3w przeznaczonych dla ps\u00f3w, kot\u00f3w i ludzi. S\u0105 to szampony, od\u017cywki do sp\u0142ukiwania i tylu &#8222;leave in&#8221;, kosmetyki do stylizacji i wyko\u0144czenia fryzury, preparaty do piel\u0119gnacji sk\u00f3ry.<\/p>","protected":false},"featured_media":15049,"template":"","meta":{"_acf_changed":false,"site-sidebar-layout":"default","site-content-layout":"","ast-site-content-layout":"default","site-content-style":"default","site-sidebar-style":"default","ast-global-header-display":"","ast-banner-title-visibility":"","ast-main-header-display":"","ast-hfb-above-header-display":"","ast-hfb-below-header-display":"","ast-hfb-mobile-header-display":"","site-post-title":"","ast-breadcrumbs-content":"","ast-featured-img":"","footer-sml-layout":"","ast-disable-related-posts":"","theme-transparent-header-meta":"default","adv-header-id-meta":"","stick-header-meta":"","header-above-stick-meta":"","header-main-stick-meta":"","header-below-stick-meta":"","astra-migrate-meta-layouts":"set","ast-page-background-enabled":"default","ast-page-background-meta":{"desktop":{"background-color":"var(--ast-global-color-4)","background-image":"","background-repeat":"repeat","background-position":"center center","background-size":"auto","background-attachment":"scroll","background-type":"","background-media":"","overlay-type":"","overlay-color":"","overlay-opacity":"","overlay-gradient":""},"tablet":{"background-color":"","background-image":"","background-repeat":"repeat","background-position":"center center","background-size":"auto","background-attachment":"scroll","background-type":"","background-media":"","overlay-type":"","overlay-color":"","overlay-opacity":"","overlay-gradient":""},"mobile":{"background-color":"","background-image":"","background-repeat":"repeat","background-position":"center center","background-size":"auto","background-attachment":"scroll","background-type":"","background-media":"","overlay-type":"","overlay-color":"","overlay-opacity":"","overlay-gradient":""}},"ast-content-background-meta":{"desktop":{"background-color":"var(--ast-global-color-5)","background-image":"","background-repeat":"repeat","background-position":"center center","background-size":"auto","background-attachment":"scroll","background-type":"","background-media":"","overlay-type":"","overlay-color":"","overlay-opacity":"","overlay-gradient":""},"tablet":{"background-color":"var(--ast-global-color-5)","background-image":"","background-repeat":"repeat","background-position":"center center","background-size":"auto","background-attachment":"scroll","background-type":"","background-media":"","overlay-type":"","overlay-color":"","overlay-opacity":"","overlay-gradient":""},"mobile":{"background-color":"var(--ast-global-color-5)","background-image":"","background-repeat":"repeat","background-position":"center center","background-size":"auto","background-attachment":"scroll","background-type":"","background-media":"","overlay-type":"","overlay-color":"","overlay-opacity":"","overlay-gradient":""}}},"product_brand":[],"product_cat":[61,21,60],"product_tag":[],"class_list":{"0":"post-15048","1":"product","2":"type-product","3":"status-publish","4":"has-post-thumbnail","6":"product_cat-pielegnacja_konia","7":"product_cat-kon","8":"product_cat-pielegnacja","9":"desktop-align-left","10":"tablet-align-left","11":"mobile-align-left","13":"first","14":"instock","15":"shipping-taxable","16":"purchasable","17":"product-type-simple"},"acf":[],"_links":{"self":[{"href":"https:\/\/swiattest1.dkonto.pl\/en\/wp-json\/wp\/v2\/product\/15048","targetHints":{"allow":["GET"]}}],"collection":[{"href":"https:\/\/swiattest1.dkonto.pl\/en\/wp-json\/wp\/v2\/product"}],"about":[{"href":"https:\/\/swiattest1.dkonto.pl\/en\/wp-json\/wp\/v2\/types\/product"}],"wp:featuredmedia":[{"embeddable":true,"href":"https:\/\/swiattest1.dkonto.pl\/en\/wp-json\/wp\/v2\/media\/15049"}],"wp:attachment":[{"href":"https:\/\/swiattest1.dkonto.pl\/en\/wp-json\/wp\/v2\/media?parent=15048"}],"wp:term":[{"taxonomy":"product_brand","embeddable":true,"href":"https:\/\/swiattest1.dkonto.pl\/en\/wp-json\/wp\/v2\/product_brand?post=15048"},{"taxonomy":"product_cat","embeddable":true,"href":"https:\/\/swiattest1.dkonto.pl\/en\/wp-json\/wp\/v2\/product_cat?post=15048"},{"taxonomy":"product_tag","embeddable":true,"href":"https:\/\/swiattest1.dkonto.pl\/en\/wp-json\/wp\/v2\/product_tag?post=15048"}],"curies":[{"name":"wp","href":"https:\/\/api.w.org\/{rel}","templated":true}]}}