{"id":15041,"date":"2025-07-24T12:15:55","date_gmt":"2025-07-24T10:15:55","guid":{"rendered":"https:\/\/swiattest1.dkonto.pl\/?post_type=product&#038;p=15041"},"modified":"2025-08-06T19:17:20","modified_gmt":"2025-08-06T17:17:20","slug":"szampon-dla-koni-cowboy-magic-rosewater","status":"publish","type":"product","link":"https:\/\/swiattest1.dkonto.pl\/en\/product\/szampon-dla-koni-cowboy-magic-rosewater\/","title":{"rendered":"Szampon dla koni Cowboy Magic Rosewater"},"content":{"rendered":"<p><strong>Szampon Cowboy Magic Rosewater\u00a0<\/strong><\/p>\n<p>&nbsp;<\/p>\n<p>Sk\u0142ad: Water,Sodium Lauryl Ether Sulfate, Cocamide DEA, Cocamidopropyl Betaine, Aloe Barbadensis Leaf Juice, Hydrolyzed Silk Panthenol, Honey Extract, Rosa Centifolia(Rose) Flower Extract, Salvia Officinalis (Sage) Leaf Extract, Urtica Dioica (Nettle)Extract, Chamomilla Recutita (Matricaria) Flower Extract, Mentha Piperita (Peppermint) Leaf Extract, Symphytum Officinale (Comfrey) Extract, Equisetum Arvense (Horsetail) Extract, Polysorbate 20, Benzophenone 3, Tetrasodium EDTA, Citric Acid, Sodium Laureth Sulfate, Glycol Stearate, Tocopheryl Acetate, Sodium Chloride, Propylene Glycol, Diazolidinyl Urea, Methylparaben, Propylparaben, lmidazolidinyl Urea, Fragrance.<\/p>","protected":false},"excerpt":{"rendered":"<p>Szampon dla koni Cowboy Magic Rosewater to skoncentrowany produkt, kt\u00f3ry delikatnie rozpuszcza brud i pozostawia idealnie czyst\u0105 sier\u015b\u0107. Zawiera od\u017cywcze i nab\u0142yszczaj\u0105ce proteiny jedwabiu. Pantenol wnika g\u0142\u0119boko w struktur\u0119 w\u0142osa, zapobiega jego wysuszaniu i \u0142agodzi podra\u017cnienia. Regularne stosowanie utrzymuje sier\u015b\u0107 w doskona\u0142ej kondycji, wyg\u0142adza j\u0105, nadaje bogaty, naturalny po\u0142ysk i u\u0142atwia rozczesywanie. Nie puszy si\u0119 i nie elektryzuje. Idealny do piel\u0119gnacji koni. Skoncentrowany, w zale\u017cno\u015bci od potrzeb, mo\u017cna rozcie\u0144czy\u0107 do 20 cz\u0119\u015bci wody.<\/p>\n<p><strong>Spos\u00f3b u\u017cycia:<\/strong><br \/>\nZmocz sier\u015b\u0107 ciep\u0142\u0105 wod\u0105 na ca\u0142ej jej powierzchni, na\u0142\u00f3\u017c szampon i masuj przez chwil\u0119, a nast\u0119pnie dok\u0142adnie sp\u0142ucz ciep\u0142\u0105 wod\u0105. Powt\u00f3rz czynno\u015b\u0107 dla uzyskania lepszego efektu. Po umyciu szamponem u\u017cyj od\u017cywki Cowboy Magic Rosewater. Wysusz i wyczesz jak zwykle. Unikaj kontaktu z oczami.<\/p>\n<p><strong>Teraz dost\u0119pny r\u00f3wnie\u017c \u00a0podr\u0119cznej pojemno\u015bci, idealnej podczas wyjazdu na show lub podczas podr\u00f3\u017cy gdzie ka\u017cde miejsce ma znaczenie!<\/strong><\/p>","protected":false},"featured_media":15046,"template":"","meta":{"_acf_changed":false,"site-sidebar-layout":"default","site-content-layout":"","ast-site-content-layout":"default","site-content-style":"default","site-sidebar-style":"default","ast-global-header-display":"","ast-banner-title-visibility":"","ast-main-header-display":"","ast-hfb-above-header-display":"","ast-hfb-below-header-display":"","ast-hfb-mobile-header-display":"","site-post-title":"","ast-breadcrumbs-content":"","ast-featured-img":"","footer-sml-layout":"","ast-disable-related-posts":"","theme-transparent-header-meta":"default","adv-header-id-meta":"","stick-header-meta":"","header-above-stick-meta":"","header-main-stick-meta":"","header-below-stick-meta":"","astra-migrate-meta-layouts":"set","ast-page-background-enabled":"default","ast-page-background-meta":{"desktop":{"background-color":"var(--ast-global-color-4)","background-image":"","background-repeat":"repeat","background-position":"center center","background-size":"auto","background-attachment":"scroll","background-type":"","background-media":"","overlay-type":"","overlay-color":"","overlay-opacity":"","overlay-gradient":""},"tablet":{"background-color":"","background-image":"","background-repeat":"repeat","background-position":"center center","background-size":"auto","background-attachment":"scroll","background-type":"","background-media":"","overlay-type":"","overlay-color":"","overlay-opacity":"","overlay-gradient":""},"mobile":{"background-color":"","background-image":"","background-repeat":"repeat","background-position":"center center","background-size":"auto","background-attachment":"scroll","background-type":"","background-media":"","overlay-type":"","overlay-color":"","overlay-opacity":"","overlay-gradient":""}},"ast-content-background-meta":{"desktop":{"background-color":"var(--ast-global-color-5)","background-image":"","background-repeat":"repeat","background-position":"center center","background-size":"auto","background-attachment":"scroll","background-type":"","background-media":"","overlay-type":"","overlay-color":"","overlay-opacity":"","overlay-gradient":""},"tablet":{"background-color":"var(--ast-global-color-5)","background-image":"","background-repeat":"repeat","background-position":"center center","background-size":"auto","background-attachment":"scroll","background-type":"","background-media":"","overlay-type":"","overlay-color":"","overlay-opacity":"","overlay-gradient":""},"mobile":{"background-color":"var(--ast-global-color-5)","background-image":"","background-repeat":"repeat","background-position":"center center","background-size":"auto","background-attachment":"scroll","background-type":"","background-media":"","overlay-type":"","overlay-color":"","overlay-opacity":"","overlay-gradient":""}}},"product_brand":[],"product_cat":[61,21,60],"product_tag":[],"class_list":{"0":"post-15041","1":"product","2":"type-product","3":"status-publish","4":"has-post-thumbnail","6":"product_cat-pielegnacja_konia","7":"product_cat-kon","8":"product_cat-pielegnacja","9":"desktop-align-left","10":"tablet-align-left","11":"mobile-align-left","13":"first","14":"instock","15":"shipping-taxable","16":"purchasable","17":"product-type-variable"},"acf":[],"_links":{"self":[{"href":"https:\/\/swiattest1.dkonto.pl\/en\/wp-json\/wp\/v2\/product\/15041","targetHints":{"allow":["GET"]}}],"collection":[{"href":"https:\/\/swiattest1.dkonto.pl\/en\/wp-json\/wp\/v2\/product"}],"about":[{"href":"https:\/\/swiattest1.dkonto.pl\/en\/wp-json\/wp\/v2\/types\/product"}],"wp:featuredmedia":[{"embeddable":true,"href":"https:\/\/swiattest1.dkonto.pl\/en\/wp-json\/wp\/v2\/media\/15046"}],"wp:attachment":[{"href":"https:\/\/swiattest1.dkonto.pl\/en\/wp-json\/wp\/v2\/media?parent=15041"}],"wp:term":[{"taxonomy":"product_brand","embeddable":true,"href":"https:\/\/swiattest1.dkonto.pl\/en\/wp-json\/wp\/v2\/product_brand?post=15041"},{"taxonomy":"product_cat","embeddable":true,"href":"https:\/\/swiattest1.dkonto.pl\/en\/wp-json\/wp\/v2\/product_cat?post=15041"},{"taxonomy":"product_tag","embeddable":true,"href":"https:\/\/swiattest1.dkonto.pl\/en\/wp-json\/wp\/v2\/product_tag?post=15041"}],"curies":[{"name":"wp","href":"https:\/\/api.w.org\/{rel}","templated":true}]}}