{"id":15034,"date":"2025-07-23T09:17:42","date_gmt":"2025-07-23T07:17:42","guid":{"rendered":"https:\/\/swiattest1.dkonto.pl\/?post_type=product&#038;p=15034"},"modified":"2025-07-24T11:37:47","modified_gmt":"2025-07-24T09:37:47","slug":"szampon-cowboy-magic-shine-in-yellowout","status":"publish","type":"product","link":"https:\/\/swiattest1.dkonto.pl\/en\/product\/szampon-cowboy-magic-shine-in-yellowout\/","title":{"rendered":"Szampon Cowboy Magic Shine In Yellowout"},"content":{"rendered":"<section id=\"shopify-section-template--20212127334732__main\" class=\"shopify-section section\">\n<section id=\"MainProduct-template--20212127334732__main\" class=\"section-template--20212127334732__main-padding gradient color-background-1\" data-section=\"template--20212127334732__main\">\n<div class=\"page-width\">\n<div class=\"product product--large product--left product--stacked product--mobile-hide grid grid--1-col grid--2-col-tablet\">\n<div class=\"product__info-wrapper grid__item scroll-trigger animate--slide-in\">\n<div class=\"product__description rte quick-add-hidden\">\n<p><strong>Szampon Cowboy Magic Shine In Yellowout<\/strong><\/p>\n<p>&nbsp;<\/p>\n<p><span data-verified=\"redactor\" data-redactor-tag=\"span\" data-redactor-style=\"font-size: 12px;\"><strong data-redactor-tag=\"strong\">Sk\u0142ad<\/strong><strong data-redactor-tag=\"strong\">:<\/strong>\u00a0Water\/Aqua\/Eau, Sodium Lauryl Sulfate, Sodium Laureth Sulfate, Cocamide MEA, Sodium Chloride, Cocamidopropyl Betaine, Aloe Barbadensis Leaf Juice, Parfum (Fragrance), Ext. Violet #2 (CI 60730), Guar Hydroxypropyltrimonium Chloride, Ethoxylated Alcohol, Stearic Acid, Hydrolyzed Silk Protein, Tocopheryl Acetate, Citric Acid, Panthenol, Tetrasodium EDTA, Blue #1 (CI 42090), Methylchloroisothiazolinone\/Methylisothiazolinone, with Extracts of*: Chamomille Recutita (Matricaria) Flower*, Symphytum Officinale Rhizome\/Root*, Honey*, Equisetum Arvense (Horsetail)*, Urtica Dioica (Nettle)*, Salvia Officinalis (Sage) Leaf*, Mentha Piperita (Peppermint) Leaf*, Rosa Centifolia Flower*, Hexyl Cinnamal<\/span><\/p>\n<\/div>\n<\/div>\n<\/div>\n<\/div>\n<\/section>\n<\/section>\n<section id=\"shopify-section-template--20212127334732__related-products\" class=\"shopify-section section\">\n<div class=\"color-background-1 gradient no-js-hidden\"><\/div>\n<\/section>","protected":false},"excerpt":{"rendered":"<p>Szampon Cowboy Magic Shine In Yellowout\u2122 neutralizuje \u017c\u00f3\u0142te plamy i rozja\u015bnia sier\u015b\u0107 w ka\u017cdym kolorze: czarnym, bia\u0142ym, kasztanowym, kasztanowym, dereszowatym, palomino, umaszczon\u0105.<\/p>\n<p><strong>Korzy\u015bci:<\/strong><br \/>\nStosuje si\u0119 go zar\u00f3wno u koni, ps\u00f3w, jak i ludzi. Shine In Yellowout\u2122 usuwa nawet najgorsze \u017c\u00f3\u0142te plamy z sier\u015bci i nadaje matowym w\u0142osom ka\u017cdego koloru ol\u015bniewaj\u0105cy po\u0142ysk. Pozostawia w\u0142osy jedwabiste, l\u015bni\u0105ce i przyjemnie pachn\u0105ce.<br \/>\n<strong>Spos\u00f3b u\u017cycia:<\/strong><br \/>\nNa\u0142o\u017cy\u0107 na mokre w\u0142osy i wmasowa\u0107, a\u017c niebieska piana zmieni kolor na bia\u0142y. Moczy\u0107 przez dwie do pi\u0119ciu minut, a nast\u0119pnie dok\u0142adnie sp\u0142uka\u0107, w razie potrzeby powt\u00f3rzy\u0107 czynno\u015b\u0107.<br \/>\nTrwa\u0142e plamy<br \/>\nWypr\u00f3buj Cowboy Magic\u00ae Greenspot Remover\u00ae, a nast\u0119pnie kontynuuj nak\u0142adanie Shine In Yellowout\u2122 zgodnie z instrukcj\u0105. Je\u015bli plama nie zniknie, mo\u017ce by\u0107 trwa\u0142a. Kontynuuj stosowanie zgodnie z instrukcj\u0105, aby zminimalizowa\u0107 powstawanie trwa\u0142ych \u017c\u00f3\u0142tych plam.<\/p>","protected":false},"featured_media":15036,"template":"","meta":{"_acf_changed":false,"site-sidebar-layout":"default","site-content-layout":"","ast-site-content-layout":"default","site-content-style":"default","site-sidebar-style":"default","ast-global-header-display":"","ast-banner-title-visibility":"","ast-main-header-display":"","ast-hfb-above-header-display":"","ast-hfb-below-header-display":"","ast-hfb-mobile-header-display":"","site-post-title":"","ast-breadcrumbs-content":"","ast-featured-img":"","footer-sml-layout":"","ast-disable-related-posts":"","theme-transparent-header-meta":"default","adv-header-id-meta":"","stick-header-meta":"","header-above-stick-meta":"","header-main-stick-meta":"","header-below-stick-meta":"","astra-migrate-meta-layouts":"set","ast-page-background-enabled":"default","ast-page-background-meta":{"desktop":{"background-color":"var(--ast-global-color-4)","background-image":"","background-repeat":"repeat","background-position":"center center","background-size":"auto","background-attachment":"scroll","background-type":"","background-media":"","overlay-type":"","overlay-color":"","overlay-opacity":"","overlay-gradient":""},"tablet":{"background-color":"","background-image":"","background-repeat":"repeat","background-position":"center center","background-size":"auto","background-attachment":"scroll","background-type":"","background-media":"","overlay-type":"","overlay-color":"","overlay-opacity":"","overlay-gradient":""},"mobile":{"background-color":"","background-image":"","background-repeat":"repeat","background-position":"center center","background-size":"auto","background-attachment":"scroll","background-type":"","background-media":"","overlay-type":"","overlay-color":"","overlay-opacity":"","overlay-gradient":""}},"ast-content-background-meta":{"desktop":{"background-color":"var(--ast-global-color-5)","background-image":"","background-repeat":"repeat","background-position":"center center","background-size":"auto","background-attachment":"scroll","background-type":"","background-media":"","overlay-type":"","overlay-color":"","overlay-opacity":"","overlay-gradient":""},"tablet":{"background-color":"var(--ast-global-color-5)","background-image":"","background-repeat":"repeat","background-position":"center center","background-size":"auto","background-attachment":"scroll","background-type":"","background-media":"","overlay-type":"","overlay-color":"","overlay-opacity":"","overlay-gradient":""},"mobile":{"background-color":"var(--ast-global-color-5)","background-image":"","background-repeat":"repeat","background-position":"center center","background-size":"auto","background-attachment":"scroll","background-type":"","background-media":"","overlay-type":"","overlay-color":"","overlay-opacity":"","overlay-gradient":""}}},"product_brand":[],"product_cat":[61,21,60],"product_tag":[],"class_list":{"0":"post-15034","1":"product","2":"type-product","3":"status-publish","4":"has-post-thumbnail","6":"product_cat-pielegnacja_konia","7":"product_cat-kon","8":"product_cat-pielegnacja","9":"desktop-align-left","10":"tablet-align-left","11":"mobile-align-left","13":"first","14":"instock","15":"shipping-taxable","16":"purchasable","17":"product-type-variable"},"acf":[],"_links":{"self":[{"href":"https:\/\/swiattest1.dkonto.pl\/en\/wp-json\/wp\/v2\/product\/15034","targetHints":{"allow":["GET"]}}],"collection":[{"href":"https:\/\/swiattest1.dkonto.pl\/en\/wp-json\/wp\/v2\/product"}],"about":[{"href":"https:\/\/swiattest1.dkonto.pl\/en\/wp-json\/wp\/v2\/types\/product"}],"wp:featuredmedia":[{"embeddable":true,"href":"https:\/\/swiattest1.dkonto.pl\/en\/wp-json\/wp\/v2\/media\/15036"}],"wp:attachment":[{"href":"https:\/\/swiattest1.dkonto.pl\/en\/wp-json\/wp\/v2\/media?parent=15034"}],"wp:term":[{"taxonomy":"product_brand","embeddable":true,"href":"https:\/\/swiattest1.dkonto.pl\/en\/wp-json\/wp\/v2\/product_brand?post=15034"},{"taxonomy":"product_cat","embeddable":true,"href":"https:\/\/swiattest1.dkonto.pl\/en\/wp-json\/wp\/v2\/product_cat?post=15034"},{"taxonomy":"product_tag","embeddable":true,"href":"https:\/\/swiattest1.dkonto.pl\/en\/wp-json\/wp\/v2\/product_tag?post=15034"}],"curies":[{"name":"wp","href":"https:\/\/api.w.org\/{rel}","templated":true}]}}