{"id":15020,"date":"2025-07-23T08:59:58","date_gmt":"2025-07-23T06:59:58","guid":{"rendered":"https:\/\/swiattest1.dkonto.pl\/?post_type=product&#038;p=15020"},"modified":"2026-01-01T04:54:52","modified_gmt":"2026-01-01T03:54:52","slug":"kowbojki-damskie-ariat-captivite","status":"publish","type":"product","link":"https:\/\/swiattest1.dkonto.pl\/en\/product\/kowbojki-damskie-ariat-captivite\/","title":{"rendered":"Kowbojki damskie Ariat Captivite"},"content":{"rendered":"<div class=\"ast-oembed-container\" style=\"height: 100%;\"><iframe title=\"Gdyby Air Maxy by\u0142y westernowe \ud83d\udc5f\ud83e\udd20\" width=\"422\" height=\"750\" src=\"https:\/\/www.youtube.com\/embed\/a1VT8ImYt7I?feature=oembed\" frameborder=\"0\" allow=\"accelerometer; autoplay; clipboard-write; encrypted-media; gyroscope; picture-in-picture; web-share\" referrerpolicy=\"strict-origin-when-cross-origin\" allowfullscreen><\/iframe><\/div>","protected":false},"excerpt":{"rendered":"<p class=\"p1\"><span class=\"s1\">Kowbojki damskie Ariat Captivite poczuj komfort i styl dzi\u0119ki Ariat Captivate. Wykonane z wysokiej jako\u015bci sk\u00f3ry licowej, buty te charakteryzuj\u0105 si\u0119 zachwycaj\u0105cym, sze\u015bciorz\u0119dowym wzorem \u015bciegu i haftem, nadaj\u0105cym im westernowy styl. Ukryty elastyczny panel pod uchwytami dopasowuje si\u0119 do szerokiego zakresu rozmiar\u00f3w \u0142ydek, zapewniaj\u0105c wygodne dopasowanie za ka\u017cdym razem. Rewolucyjna technologia Ariat Shock Shield zapewnia amortyzacj\u0119 wstrz\u0105s\u00f3w, zapewniaj\u0105c ca\u0142odzienny komfort. Dodatkowa warstwa materia\u0142u amortyzuj\u0105cego w pi\u0119cie rozprasza wstrz\u0105sy powstaj\u0105ce podczas kontaktu pi\u0119ty z pod\u0142o\u017cem, poch\u0142ania powtarzaj\u0105ce si\u0119 uderzenia i minimalizuje zm\u0119czenie odczuwane przez cia\u0142o. Amortyzacja X50 zapewnia maksymalne odbicie, zapewniaj\u0105c komfort niczym poduszka i trwa\u0142o\u015b\u0107.<\/span><\/p>\n<ul>\n<li class=\"p1\"><span style=\"font-size: 16px; -webkit-text-size-adjust: 100%;\">Wytrzyma\u0142a, syntetyczna podszewka do ca\u0142odziennego noszenia<\/span><\/li>\n<li class=\"p1\"><span style=\"font-size: 16px; -webkit-text-size-adjust: 100%;\">Wk\u0142adka Energy Max\u2122 zapobiegaj\u0105ca zm\u0119czeniu zapewnia doskona\u0142\u0105 amortyzacj\u0119<\/span><\/li>\n<li class=\"p1\"><span style=\"font-size: 16px; -webkit-text-size-adjust: 100%;\">Cholewka i podeszwa ze sk\u00f3ry licowej<\/span><\/li>\n<li class=\"p1\"><span style=\"font-size: 16px; -webkit-text-size-adjust: 100%;\">Sze\u015bciorz\u0119dowy wz\u00f3r \u015bciegu z haftem<\/span><\/li>\n<li class=\"p1\"><span style=\"font-size: 16px; -webkit-text-size-adjust: 100%;\"><span class=\"s1\">U<\/span>kryty elastyczny panel pod p\u0119telkami, dopasowany do szerokiego zakresu rozmiar\u00f3w \u0142ydek<\/span><\/li>\n<li class=\"p1\"><span style=\"font-size: 16px; -webkit-text-size-adjust: 100%;\">Podw\u00f3jne szwy<\/span><\/li>\n<li class=\"p1\"><span style=\"font-size: 16px; -webkit-text-size-adjust: 100%;\">Wk\u0142adka Energy Max Anti-Fatigue zapewniaj\u0105ca amortyzacj\u0119<\/span><\/li>\n<li class=\"p1\"><span style=\"font-size: 16px; -webkit-text-size-adjust: 100%;\">Dodatkowa warstwa materia\u0142u redukuj\u0105cego wstrz\u0105sy w pi\u0119cie<\/span><\/li>\n<li class=\"p1\"><span style=\"font-size: 16px; -webkit-text-size-adjust: 100%;\">Poduszka powietrzna i \u017celowa wk\u0142adka w pi\u0119cie zapewniaj\u0105 dynamiczn\u0105 amortyzacj\u0119<\/span><\/li>\n<li class=\"p1\"><span style=\"font-size: 16px; -webkit-text-size-adjust: 100%;\">Amortyzacja X50<\/span><\/li>\n<li class=\"p1\"><span style=\"font-size: 16px; -webkit-text-size-adjust: 100%;\">Podeszwa zewn\u0119trzna Duratread<\/span><\/li>\n<li class=\"p1\"><span style=\"font-size: 16px; -webkit-text-size-adjust: 100%;\">Technologia Shock Shield<\/span><\/li>\n<li class=\"p1\"><span style=\"font-size: 16px; -webkit-text-size-adjust: 100%;\">Technologia ATS<\/span><\/li>\n<li class=\"p1\"><span style=\"font-size: 16px; -webkit-text-size-adjust: 100%;\">Wk\u0142adka Pro Performance wytrzyma\u0142a, odprowadzaj\u0105ca wilgo\u0107<\/span><\/li>\n<li class=\"p1\"><span style=\"font-size: 16px; -webkit-text-size-adjust: 100%;\">Lekka, kompozytowa cholewka dla lepszej stabilno\u015bci<\/span><\/li>\n<li class=\"p1\"><span style=\"font-size: 16px; -webkit-text-size-adjust: 100%;\">Podeszwa zewn\u0119trzna zapewnia maksymaln\u0105 odporno\u015b\u0107 na zu\u017cycie<\/span><\/li>\n<\/ul>\n<p><strong><span class=\"s1\">Features<\/span><\/strong><\/p>\n<ul>\n<li class=\"p1\"><span class=\"s1\"> Wysoko\u015b\u0107 cholewki: 12\u201d<\/span><\/li>\n<li class=\"p1\"><span style=\"font-size: 16px; -webkit-text-size-adjust: 100%;\">Wysoko\u015b\u0107 obcasa: 1,5\u201d<\/span><\/li>\n<li class=\"p1\"><span style=\"font-size: 16px; -webkit-text-size-adjust: 100%;\">Nosek: Kwadrat<\/span><\/li>\n<li class=\"p1\"><span style=\"font-size: 16px; -webkit-text-size-adjust: 100%;\">Typ obcasa: Horseman<\/span><\/li>\n<\/ul>\n<table style=\"width: 0px;\" width=\"408.0\" cellspacing=\"0\" cellpadding=\"0\">\n<tbody>\n<tr>\n<td style=\"width: 104px;\" valign=\"middle\">SIZE UK<\/td>\n<td style=\"width: 59px;\" valign=\"middle\">3<\/td>\n<td style=\"width: 70px;\" valign=\"middle\">3.5<\/td>\n<td style=\"width: 60px;\" valign=\"middle\">4<\/td>\n<td style=\"width: 69px;\" valign=\"middle\">4.5<\/td>\n<td style=\"width: 59px;\" valign=\"middle\">5<\/td>\n<td style=\"width: 70px;\" valign=\"middle\">5.5<\/td>\n<td style=\"width: 61px;\" valign=\"middle\">6<\/td>\n<td style=\"width: 60px;\" valign=\"middle\">6.5<\/td>\n<\/tr>\n<tr>\n<td style=\"width: 104px;\" valign=\"middle\">SIZE EU<\/td>\n<td style=\"width: 59px;\" valign=\"middle\">36<\/td>\n<td style=\"width: 70px;\" valign=\"middle\">36.5<\/td>\n<td style=\"width: 60px;\" valign=\"middle\">37<\/td>\n<td style=\"width: 69px;\" valign=\"middle\">37.5<\/td>\n<td style=\"width: 59px;\" valign=\"middle\">38<\/td>\n<td style=\"width: 70px;\" valign=\"middle\">38.5<\/td>\n<td style=\"width: 61px;\" valign=\"middle\">39<\/td>\n<td style=\"width: 60px;\" valign=\"middle\">40<\/td>\n<\/tr>\n<tr>\n<td style=\"width: 104px;\" valign=\"middle\">SIZE US<\/td>\n<td style=\"width: 59px;\" valign=\"middle\">5.5<\/td>\n<td style=\"width: 70px;\" valign=\"middle\">6<\/td>\n<td style=\"width: 60px;\" valign=\"middle\">6.5<\/td>\n<td style=\"width: 69px;\" valign=\"middle\">7<\/td>\n<td style=\"width: 59px;\" valign=\"middle\">7.5<\/td>\n<td style=\"width: 70px;\" valign=\"middle\">8<\/td>\n<td style=\"width: 61px;\" valign=\"middle\">8.5<\/td>\n<td style=\"width: 60px;\" valign=\"middle\">9<\/td>\n<\/tr>\n<\/tbody>\n<\/table>","protected":false},"featured_media":15032,"template":"","meta":{"_acf_changed":false,"site-sidebar-layout":"default","site-content-layout":"","ast-site-content-layout":"default","site-content-style":"default","site-sidebar-style":"default","ast-global-header-display":"","ast-banner-title-visibility":"","ast-main-header-display":"","ast-hfb-above-header-display":"","ast-hfb-below-header-display":"","ast-hfb-mobile-header-display":"","site-post-title":"","ast-breadcrumbs-content":"","ast-featured-img":"","footer-sml-layout":"","ast-disable-related-posts":"","theme-transparent-header-meta":"default","adv-header-id-meta":"","stick-header-meta":"","header-above-stick-meta":"","header-main-stick-meta":"","header-below-stick-meta":"","astra-migrate-meta-layouts":"set","ast-page-background-enabled":"default","ast-page-background-meta":{"desktop":{"background-color":"var(--ast-global-color-4)","background-image":"","background-repeat":"repeat","background-position":"center center","background-size":"auto","background-attachment":"scroll","background-type":"","background-media":"","overlay-type":"","overlay-color":"","overlay-opacity":"","overlay-gradient":""},"tablet":{"background-color":"","background-image":"","background-repeat":"repeat","background-position":"center center","background-size":"auto","background-attachment":"scroll","background-type":"","background-media":"","overlay-type":"","overlay-color":"","overlay-opacity":"","overlay-gradient":""},"mobile":{"background-color":"","background-image":"","background-repeat":"repeat","background-position":"center center","background-size":"auto","background-attachment":"scroll","background-type":"","background-media":"","overlay-type":"","overlay-color":"","overlay-opacity":"","overlay-gradient":""}},"ast-content-background-meta":{"desktop":{"background-color":"var(--ast-global-color-5)","background-image":"","background-repeat":"repeat","background-position":"center center","background-size":"auto","background-attachment":"scroll","background-type":"","background-media":"","overlay-type":"","overlay-color":"","overlay-opacity":"","overlay-gradient":""},"tablet":{"background-color":"var(--ast-global-color-5)","background-image":"","background-repeat":"repeat","background-position":"center center","background-size":"auto","background-attachment":"scroll","background-type":"","background-media":"","overlay-type":"","overlay-color":"","overlay-opacity":"","overlay-gradient":""},"mobile":{"background-color":"var(--ast-global-color-5)","background-image":"","background-repeat":"repeat","background-position":"center center","background-size":"auto","background-attachment":"scroll","background-type":"","background-media":"","overlay-type":"","overlay-color":"","overlay-opacity":"","overlay-gradient":""}}},"product_brand":[],"product_cat":[66,22,65],"product_tag":[],"class_list":{"0":"post-15020","1":"product","2":"type-product","3":"status-publish","4":"has-post-thumbnail","6":"product_cat-damskie","7":"product_cat-jezdziec","8":"product_cat-kowbojki","9":"desktop-align-left","10":"tablet-align-left","11":"mobile-align-left","13":"first","14":"instock","15":"shipping-taxable","16":"purchasable","17":"product-type-variable"},"acf":[],"_links":{"self":[{"href":"https:\/\/swiattest1.dkonto.pl\/en\/wp-json\/wp\/v2\/product\/15020","targetHints":{"allow":["GET"]}}],"collection":[{"href":"https:\/\/swiattest1.dkonto.pl\/en\/wp-json\/wp\/v2\/product"}],"about":[{"href":"https:\/\/swiattest1.dkonto.pl\/en\/wp-json\/wp\/v2\/types\/product"}],"wp:featuredmedia":[{"embeddable":true,"href":"https:\/\/swiattest1.dkonto.pl\/en\/wp-json\/wp\/v2\/media\/15032"}],"wp:attachment":[{"href":"https:\/\/swiattest1.dkonto.pl\/en\/wp-json\/wp\/v2\/media?parent=15020"}],"wp:term":[{"taxonomy":"product_brand","embeddable":true,"href":"https:\/\/swiattest1.dkonto.pl\/en\/wp-json\/wp\/v2\/product_brand?post=15020"},{"taxonomy":"product_cat","embeddable":true,"href":"https:\/\/swiattest1.dkonto.pl\/en\/wp-json\/wp\/v2\/product_cat?post=15020"},{"taxonomy":"product_tag","embeddable":true,"href":"https:\/\/swiattest1.dkonto.pl\/en\/wp-json\/wp\/v2\/product_tag?post=15020"}],"curies":[{"name":"wp","href":"https:\/\/api.w.org\/{rel}","templated":true}]}}