{"id":15009,"date":"2025-07-17T12:10:51","date_gmt":"2025-07-17T10:10:51","guid":{"rendered":"https:\/\/swiattest1.dkonto.pl\/?post_type=product&#038;p=15009"},"modified":"2025-07-28T15:17:38","modified_gmt":"2025-07-28T13:17:38","slug":"cowboy-magic-super-bodyshine-odzywka","status":"publish","type":"product","link":"https:\/\/swiattest1.dkonto.pl\/en\/product\/cowboy-magic-super-bodyshine-odzywka\/","title":{"rendered":"Cowboy Magic Super Bodyshine od\u017cywka"},"content":{"rendered":"<p><strong>Cowboy Magic Super Bodyshine od\u017cywka 946 ml<\/strong><\/p>","protected":false},"excerpt":{"rendered":"<p>Cowboy Magic Super Bodyshine od\u017cywka nab\u0142yszczaj\u0105ca to kosmetyk opracowany dla najbardziej wymagaj\u0105cych. Od\u017cywka szybko schnie i tworzy niezr\u00f3wnan\u0105, b\u0142yszcz\u0105c\u0105 pow\u0142ok\u0119 l\u015bni\u0105c\u0105 w \u015bwietle. Odbija pe\u0142ne spektrum \u015bwiat\u0142a zapewniaj\u0105c maksymalny po\u0142ysk sier\u015bci w s\u0142o\u0144cu i na arenie. Skraca czas piel\u0119gnacji oraz u\u0142atwia rozczesywanie i sprawia, \u017ce sier\u015b\u0107 staje si\u0119 odporna na wilgo\u0107. Tworzy barier\u0119 ochronn\u0105 przed deszczem, brudem, kurzem i mocznikiem. Zniszczonej sier\u015bci przywraca zdrowy wygl\u0105d, witalno\u015b\u0107, po\u0142ysk oraz \u0142atwo\u015b\u0107 uk\u0142adania. Sprawdza si\u0119 w codziennej piel\u0119gnacji od\u017cywia sier\u015b\u0107 i zapobiega tworzeniu si\u0119 ko\u0142tun\u00f3w. Powoduje, \u017ce codzienne czesanie i szczotkowanie staje si\u0119 mniej k\u0142opotliwe i szybsze. Nadaje si\u0119 do piel\u0119gnacji ps\u00f3w i koni.<\/p>\n<p><strong>Spos\u00f3b u\u017cycia:<\/strong><br \/>\nStosowa\u0107 na such\u0105 lub mokr\u0105 sier\u015b\u0107. Spryska\u0107 r\u00f3wno niewielk\u0105 ilo\u015bci\u0105 preparatu. Rozczesa\u0107 upewniaj\u0105c si\u0119, \u017ce ko\u0144c\u00f3wki s\u0105 r\u00f3wnie\u017c spryskane. Nie sp\u0142ukiwa\u0107. Tylko do stosowania zewn\u0119trznego.<\/p>","protected":false},"featured_media":15011,"template":"","meta":{"_acf_changed":false,"site-sidebar-layout":"default","site-content-layout":"","ast-site-content-layout":"default","site-content-style":"default","site-sidebar-style":"default","ast-global-header-display":"","ast-banner-title-visibility":"","ast-main-header-display":"","ast-hfb-above-header-display":"","ast-hfb-below-header-display":"","ast-hfb-mobile-header-display":"","site-post-title":"","ast-breadcrumbs-content":"","ast-featured-img":"","footer-sml-layout":"","ast-disable-related-posts":"","theme-transparent-header-meta":"default","adv-header-id-meta":"","stick-header-meta":"","header-above-stick-meta":"","header-main-stick-meta":"","header-below-stick-meta":"","astra-migrate-meta-layouts":"set","ast-page-background-enabled":"default","ast-page-background-meta":{"desktop":{"background-color":"var(--ast-global-color-4)","background-image":"","background-repeat":"repeat","background-position":"center center","background-size":"auto","background-attachment":"scroll","background-type":"","background-media":"","overlay-type":"","overlay-color":"","overlay-opacity":"","overlay-gradient":""},"tablet":{"background-color":"","background-image":"","background-repeat":"repeat","background-position":"center center","background-size":"auto","background-attachment":"scroll","background-type":"","background-media":"","overlay-type":"","overlay-color":"","overlay-opacity":"","overlay-gradient":""},"mobile":{"background-color":"","background-image":"","background-repeat":"repeat","background-position":"center center","background-size":"auto","background-attachment":"scroll","background-type":"","background-media":"","overlay-type":"","overlay-color":"","overlay-opacity":"","overlay-gradient":""}},"ast-content-background-meta":{"desktop":{"background-color":"var(--ast-global-color-5)","background-image":"","background-repeat":"repeat","background-position":"center center","background-size":"auto","background-attachment":"scroll","background-type":"","background-media":"","overlay-type":"","overlay-color":"","overlay-opacity":"","overlay-gradient":""},"tablet":{"background-color":"var(--ast-global-color-5)","background-image":"","background-repeat":"repeat","background-position":"center center","background-size":"auto","background-attachment":"scroll","background-type":"","background-media":"","overlay-type":"","overlay-color":"","overlay-opacity":"","overlay-gradient":""},"mobile":{"background-color":"var(--ast-global-color-5)","background-image":"","background-repeat":"repeat","background-position":"center center","background-size":"auto","background-attachment":"scroll","background-type":"","background-media":"","overlay-type":"","overlay-color":"","overlay-opacity":"","overlay-gradient":""}}},"product_brand":[],"product_cat":[61,60],"product_tag":[],"class_list":{"0":"post-15009","1":"product","2":"type-product","3":"status-publish","4":"has-post-thumbnail","6":"product_cat-pielegnacja_konia","7":"product_cat-pielegnacja","8":"desktop-align-left","9":"tablet-align-left","10":"mobile-align-left","12":"first","13":"instock","14":"shipping-taxable","15":"purchasable","16":"product-type-simple"},"acf":[],"_links":{"self":[{"href":"https:\/\/swiattest1.dkonto.pl\/en\/wp-json\/wp\/v2\/product\/15009","targetHints":{"allow":["GET"]}}],"collection":[{"href":"https:\/\/swiattest1.dkonto.pl\/en\/wp-json\/wp\/v2\/product"}],"about":[{"href":"https:\/\/swiattest1.dkonto.pl\/en\/wp-json\/wp\/v2\/types\/product"}],"wp:featuredmedia":[{"embeddable":true,"href":"https:\/\/swiattest1.dkonto.pl\/en\/wp-json\/wp\/v2\/media\/15011"}],"wp:attachment":[{"href":"https:\/\/swiattest1.dkonto.pl\/en\/wp-json\/wp\/v2\/media?parent=15009"}],"wp:term":[{"taxonomy":"product_brand","embeddable":true,"href":"https:\/\/swiattest1.dkonto.pl\/en\/wp-json\/wp\/v2\/product_brand?post=15009"},{"taxonomy":"product_cat","embeddable":true,"href":"https:\/\/swiattest1.dkonto.pl\/en\/wp-json\/wp\/v2\/product_cat?post=15009"},{"taxonomy":"product_tag","embeddable":true,"href":"https:\/\/swiattest1.dkonto.pl\/en\/wp-json\/wp\/v2\/product_tag?post=15009"}],"curies":[{"name":"wp","href":"https:\/\/api.w.org\/{rel}","templated":true}]}}