{"id":14975,"date":"2025-07-15T08:15:16","date_gmt":"2025-07-15T06:15:16","guid":{"rendered":"https:\/\/swiattest1.dkonto.pl\/?post_type=product&#038;p=14975"},"modified":"2025-07-15T08:15:16","modified_gmt":"2025-07-15T06:15:16","slug":"szampon-vetrolin-white-n-brite-farnam","status":"publish","type":"product","link":"https:\/\/swiattest1.dkonto.pl\/en\/product\/szampon-vetrolin-white-n-brite-farnam\/","title":{"rendered":"Szampon Vetrolin White N Brite Farnam"},"content":{"rendered":"<p><strong>To stay up to date with our news, follow us on social media!<\/strong><\/p>\n<p>\u27a1\ufe0f Find us on <a href=\"https:\/\/www.facebook.com\/swiatwesternu\/\" target=\"_blank\" rel=\"noopener\">Facebooku<\/a><\/p>\n<p>\u27a1\ufe0f Find us on <a href=\"https:\/\/www.instagram.com\/swiatwesternu\/\" target=\"_blank\" rel=\"noopener\">Instagramie<\/a><\/p>\n<p>\u27a1\ufe0f Visit our <a href=\"https:\/\/www.google.com\/maps\/place\/%C5%9Awiat+Westernu\/@50.6796006,16.378779,15z\/data=!4m6!3m5!1s0x7eb72780815dcd3:0xbf83922c09cdd3a8!8m2!3d50.6796006!4d16.378779!16s%2Fg%2F11p5nyjpb5?entry=ttu\" target=\"_blank\" rel=\"noopener\">stationary store<\/a><\/p>\n<p>\u27a1\ufe0f<a href=\"https:\/\/swiattest1.dkonto.pl\/en\/kontakt\/\">Contact us!<\/a><\/p>","protected":false},"excerpt":{"rendered":"<p>Szampon Vetrolin White N Brite Farnam to g\u0142\u0119boko oczyszczaj\u0105cy, rozja\u015bniaj\u0105cy kolor szampon!<br \/>\nSzampon Vetrolin White 'N Brite wydobywa to co najlepsze z sier\u015bci w ka\u017cdym kolorze. G\u0142\u0119boko oczyszczaj\u0105cy, rozja\u015bniaj\u0105cy kolor szampon nadaje niesamowity blask sier\u015bci, grzywie i ogonowi pozostawiaj\u0105c konia mi\u0119kkim i l\u015bni\u0105cym. Rozja\u015bniacze optyczne odbijaj\u0105 \u015bwiat\u0142o od sier\u015bci podkre\u015blaj\u0105c jej blask. Delikatna formu\u0142a zawiera pochodne oleju kokosowego, kt\u00f3re nawil\u017caj\u0105 i zwi\u0119kszaj\u0105 wch\u0142anianie rozja\u015bniaczy.<\/p>\n<ul>\n<li>Rozja\u015bnia jasn\u0105 sier\u015b\u0107<\/li>\n<li>Uwydatnia refleksy na ciemnej sier\u015bci<\/li>\n<li>Pochodne oleju kokosowego nawil\u017caj\u0105 i zwi\u0119kszaj\u0105 wch\u0142anianie rozja\u015bniaczy<\/li>\n<li>\u015awietny odplamiacz, z \u0142atwo\u015bci\u0105 usuwa nawet najgorsze \u017c\u00f3\u0142te plamy z obornika<\/li>\n<li>Skoncentrowana formu\u0142a wystarcza na umycie do 16 koni<\/li>\n<li>Wygodniejsza w trzymaniu butelka i \u0142atwiejsze otwieranie nakr\u0119tki<\/li>\n<li>\u015awietny r\u00f3wnie\u017c dla ps\u00f3w!<\/li>\n<\/ul>","protected":false},"featured_media":14979,"template":"","meta":{"_acf_changed":false,"site-sidebar-layout":"default","site-content-layout":"","ast-site-content-layout":"default","site-content-style":"default","site-sidebar-style":"default","ast-global-header-display":"","ast-banner-title-visibility":"","ast-main-header-display":"","ast-hfb-above-header-display":"","ast-hfb-below-header-display":"","ast-hfb-mobile-header-display":"","site-post-title":"","ast-breadcrumbs-content":"","ast-featured-img":"","footer-sml-layout":"","ast-disable-related-posts":"","theme-transparent-header-meta":"default","adv-header-id-meta":"","stick-header-meta":"","header-above-stick-meta":"","header-main-stick-meta":"","header-below-stick-meta":"","astra-migrate-meta-layouts":"set","ast-page-background-enabled":"default","ast-page-background-meta":{"desktop":{"background-color":"var(--ast-global-color-4)","background-image":"","background-repeat":"repeat","background-position":"center center","background-size":"auto","background-attachment":"scroll","background-type":"","background-media":"","overlay-type":"","overlay-color":"","overlay-opacity":"","overlay-gradient":""},"tablet":{"background-color":"","background-image":"","background-repeat":"repeat","background-position":"center center","background-size":"auto","background-attachment":"scroll","background-type":"","background-media":"","overlay-type":"","overlay-color":"","overlay-opacity":"","overlay-gradient":""},"mobile":{"background-color":"","background-image":"","background-repeat":"repeat","background-position":"center center","background-size":"auto","background-attachment":"scroll","background-type":"","background-media":"","overlay-type":"","overlay-color":"","overlay-opacity":"","overlay-gradient":""}},"ast-content-background-meta":{"desktop":{"background-color":"var(--ast-global-color-5)","background-image":"","background-repeat":"repeat","background-position":"center center","background-size":"auto","background-attachment":"scroll","background-type":"","background-media":"","overlay-type":"","overlay-color":"","overlay-opacity":"","overlay-gradient":""},"tablet":{"background-color":"var(--ast-global-color-5)","background-image":"","background-repeat":"repeat","background-position":"center center","background-size":"auto","background-attachment":"scroll","background-type":"","background-media":"","overlay-type":"","overlay-color":"","overlay-opacity":"","overlay-gradient":""},"mobile":{"background-color":"var(--ast-global-color-5)","background-image":"","background-repeat":"repeat","background-position":"center center","background-size":"auto","background-attachment":"scroll","background-type":"","background-media":"","overlay-type":"","overlay-color":"","overlay-opacity":"","overlay-gradient":""}}},"product_brand":[],"product_cat":[61,21,60],"product_tag":[],"class_list":{"0":"post-14975","1":"product","2":"type-product","3":"status-publish","4":"has-post-thumbnail","6":"product_cat-pielegnacja_konia","7":"product_cat-kon","8":"product_cat-pielegnacja","9":"desktop-align-left","10":"tablet-align-left","11":"mobile-align-left","13":"first","14":"instock","15":"shipping-taxable","16":"purchasable","17":"product-type-simple"},"acf":[],"_links":{"self":[{"href":"https:\/\/swiattest1.dkonto.pl\/en\/wp-json\/wp\/v2\/product\/14975","targetHints":{"allow":["GET"]}}],"collection":[{"href":"https:\/\/swiattest1.dkonto.pl\/en\/wp-json\/wp\/v2\/product"}],"about":[{"href":"https:\/\/swiattest1.dkonto.pl\/en\/wp-json\/wp\/v2\/types\/product"}],"wp:featuredmedia":[{"embeddable":true,"href":"https:\/\/swiattest1.dkonto.pl\/en\/wp-json\/wp\/v2\/media\/14979"}],"wp:attachment":[{"href":"https:\/\/swiattest1.dkonto.pl\/en\/wp-json\/wp\/v2\/media?parent=14975"}],"wp:term":[{"taxonomy":"product_brand","embeddable":true,"href":"https:\/\/swiattest1.dkonto.pl\/en\/wp-json\/wp\/v2\/product_brand?post=14975"},{"taxonomy":"product_cat","embeddable":true,"href":"https:\/\/swiattest1.dkonto.pl\/en\/wp-json\/wp\/v2\/product_cat?post=14975"},{"taxonomy":"product_tag","embeddable":true,"href":"https:\/\/swiattest1.dkonto.pl\/en\/wp-json\/wp\/v2\/product_tag?post=14975"}],"curies":[{"name":"wp","href":"https:\/\/api.w.org\/{rel}","templated":true}]}}