{"id":14959,"date":"2025-07-14T11:05:31","date_gmt":"2025-07-14T09:05:31","guid":{"rendered":"https:\/\/swiattest1.dkonto.pl\/?post_type=product&#038;p=14959"},"modified":"2026-01-01T04:54:52","modified_gmt":"2026-01-01T03:54:52","slug":"popreg-professionals-choice-2xcool","status":"publish","type":"product","link":"https:\/\/swiattest1.dkonto.pl\/en\/product\/popreg-professionals-choice-2xcool\/","title":{"rendered":"Popr\u0119g Professionals Choice 2XCOOL"},"content":{"rendered":"","protected":false},"excerpt":{"rendered":"<p>Popr\u0119g Professionals Choice 2XCOOL zosta\u0142 zaprojektowany z my\u015bl\u0105 o CH\u0141ODZENIU, KOMFORCIE i TRWA\u0141O\u015aCI. Popr\u0119g zosta\u0142 wykonany z materia\u0142u 2XCool Performance firmy brrr\u00b0, zaawansowanego technologicznie materia\u0142u, kt\u00f3ry \u0142\u0105czy naturalne minera\u0142y ch\u0142odz\u0105ce, aktywne odprowadzanie wilgoci i szybkie schni\u0119cie, tworz\u0105c \u201eefekt potr\u00f3jnego ch\u0142odzenia\u201d, kt\u00f3ry natychmiast i nieprzerwanie odprowadza ciep\u0142o i wilgo\u0107. Dodatkowe wype\u0142nienie, dopasowane do klamer ze stali nierdzewnej zapobiega uciskowi. Odpinana cz\u0119\u015b\u0107 2XCool ma struktur\u0119 plastra miodu i silikonowy uchwyt, kt\u00f3ry wygodnie utrzymuje siode\u0142ko na miejscu. Innowacyjny kszta\u0142t litery \u201eV\u201d tworzy kontur, kt\u00f3ry zapewnia swobod\u0119 ruchu w barkach i r\u00f3wnomiernie rozprowadza nacisk.<\/p>","protected":false},"featured_media":14963,"template":"","meta":{"_acf_changed":false,"site-sidebar-layout":"default","site-content-layout":"","ast-site-content-layout":"default","site-content-style":"default","site-sidebar-style":"default","ast-global-header-display":"","ast-banner-title-visibility":"","ast-main-header-display":"","ast-hfb-above-header-display":"","ast-hfb-below-header-display":"","ast-hfb-mobile-header-display":"","site-post-title":"","ast-breadcrumbs-content":"","ast-featured-img":"","footer-sml-layout":"","ast-disable-related-posts":"","theme-transparent-header-meta":"default","adv-header-id-meta":"","stick-header-meta":"","header-above-stick-meta":"","header-main-stick-meta":"","header-below-stick-meta":"","astra-migrate-meta-layouts":"set","ast-page-background-enabled":"default","ast-page-background-meta":{"desktop":{"background-color":"var(--ast-global-color-4)","background-image":"","background-repeat":"repeat","background-position":"center center","background-size":"auto","background-attachment":"scroll","background-type":"","background-media":"","overlay-type":"","overlay-color":"","overlay-opacity":"","overlay-gradient":""},"tablet":{"background-color":"","background-image":"","background-repeat":"repeat","background-position":"center center","background-size":"auto","background-attachment":"scroll","background-type":"","background-media":"","overlay-type":"","overlay-color":"","overlay-opacity":"","overlay-gradient":""},"mobile":{"background-color":"","background-image":"","background-repeat":"repeat","background-position":"center center","background-size":"auto","background-attachment":"scroll","background-type":"","background-media":"","overlay-type":"","overlay-color":"","overlay-opacity":"","overlay-gradient":""}},"ast-content-background-meta":{"desktop":{"background-color":"var(--ast-global-color-5)","background-image":"","background-repeat":"repeat","background-position":"center center","background-size":"auto","background-attachment":"scroll","background-type":"","background-media":"","overlay-type":"","overlay-color":"","overlay-opacity":"","overlay-gradient":""},"tablet":{"background-color":"var(--ast-global-color-5)","background-image":"","background-repeat":"repeat","background-position":"center center","background-size":"auto","background-attachment":"scroll","background-type":"","background-media":"","overlay-type":"","overlay-color":"","overlay-opacity":"","overlay-gradient":""},"mobile":{"background-color":"var(--ast-global-color-5)","background-image":"","background-repeat":"repeat","background-position":"center center","background-size":"auto","background-attachment":"scroll","background-type":"","background-media":"","overlay-type":"","overlay-color":"","overlay-opacity":"","overlay-gradient":""}}},"product_brand":[],"product_cat":[49,21],"product_tag":[],"class_list":{"0":"post-14959","1":"product","2":"type-product","3":"status-publish","4":"has-post-thumbnail","6":"product_cat-popregi","7":"product_cat-kon","8":"desktop-align-left","9":"tablet-align-left","10":"mobile-align-left","12":"first","13":"instock","14":"shipping-taxable","15":"purchasable","16":"product-type-variable"},"acf":[],"_links":{"self":[{"href":"https:\/\/swiattest1.dkonto.pl\/en\/wp-json\/wp\/v2\/product\/14959","targetHints":{"allow":["GET"]}}],"collection":[{"href":"https:\/\/swiattest1.dkonto.pl\/en\/wp-json\/wp\/v2\/product"}],"about":[{"href":"https:\/\/swiattest1.dkonto.pl\/en\/wp-json\/wp\/v2\/types\/product"}],"wp:featuredmedia":[{"embeddable":true,"href":"https:\/\/swiattest1.dkonto.pl\/en\/wp-json\/wp\/v2\/media\/14963"}],"wp:attachment":[{"href":"https:\/\/swiattest1.dkonto.pl\/en\/wp-json\/wp\/v2\/media?parent=14959"}],"wp:term":[{"taxonomy":"product_brand","embeddable":true,"href":"https:\/\/swiattest1.dkonto.pl\/en\/wp-json\/wp\/v2\/product_brand?post=14959"},{"taxonomy":"product_cat","embeddable":true,"href":"https:\/\/swiattest1.dkonto.pl\/en\/wp-json\/wp\/v2\/product_cat?post=14959"},{"taxonomy":"product_tag","embeddable":true,"href":"https:\/\/swiattest1.dkonto.pl\/en\/wp-json\/wp\/v2\/product_tag?post=14959"}],"curies":[{"name":"wp","href":"https:\/\/api.w.org\/{rel}","templated":true}]}}