{"id":14846,"date":"2025-07-04T08:59:45","date_gmt":"2025-07-04T06:59:45","guid":{"rendered":"https:\/\/swiattest1.dkonto.pl\/?post_type=product&#038;p=14846"},"modified":"2026-01-02T13:23:46","modified_gmt":"2026-01-02T12:23:46","slug":"torebka-damska-saphire","status":"publish","type":"product","link":"https:\/\/swiattest1.dkonto.pl\/en\/product\/torebka-damska-saphire\/","title":{"rendered":"Torebka damska Saphire"},"content":{"rendered":"","protected":false},"excerpt":{"rendered":"<p>Torebka damska Saphire to<span class=\"s1\"> spektakularna torba, kt\u00f3ra zrobi wra\u017cenie dzi\u0119ki luksusowej turkusowej sk\u00f3rze z pi\u0119knym, tkanym geometrycznym wzorem. Urzekaj\u0105cy tr\u00f3jwymiarowy, sze\u015bcienny wz\u00f3r dodaje wyrafinowanej faktury tej przestronnej torbie. Uchwyty do noszenia s\u0105 wykonane z dopasowanej sk\u00f3ry. Elegancka zewn\u0119trzna kiesze\u0144 na suwak pozwala na \u0142atwy dost\u0119p do najwa\u017cniejszych rzeczy. G\u00f3ra zapinana na suwak. Idealna dla \u015bwiadomej stylu fashionistki!<\/span><\/p>\n<p class=\"p1\"><span class=\"s1\"><strong>MATERIA\u0141: <\/strong><\/span><span class=\"s1\">Sk\u00f3ra<\/span><\/p>\n<p class=\"p1\"><strong><span class=\"s1\">WYMIARY (W CALACH):<\/span><\/strong><\/p>\n<ul>\n<li class=\"p1\"><span class=\"s1\">Szeroko\u015b\u0107: 8,5\u201d<\/span><\/li>\n<li class=\"p1\"><span style=\"font-size: 16px; -webkit-text-size-adjust: 100%;\">\u00a0Wysoko\u015b\u0107: 7\u201d<\/span><\/li>\n<li class=\"p1\"><span style=\"font-size: 16px; -webkit-text-size-adjust: 100%;\">Uchwyt: 2\u201d<\/span><\/li>\n<li class=\"p1\"><span style=\"font-size: 16px; -webkit-text-size-adjust: 100%;\">Rami\u0119: 22\u201d<\/span><\/li>\n<li class=\"p1\"><span style=\"font-size: 16px; -webkit-text-size-adjust: 100%;\">G\u0142\u0119boko\u015b\u0107: 3\u201d<\/span><\/li>\n<\/ul>\n<p><strong style=\"font-size: 16px; -webkit-text-size-adjust: 100%;\"><span class=\"s1\">Piel\u0119gnacja: Czy\u015bci\u0107 tylko r\u0119cznie, na sucho. Chroni\u0107 przed wod\u0105.<\/span><\/strong><\/p>","protected":false},"featured_media":14908,"template":"","meta":{"_acf_changed":false,"site-sidebar-layout":"default","site-content-layout":"","ast-site-content-layout":"default","site-content-style":"default","site-sidebar-style":"default","ast-global-header-display":"","ast-banner-title-visibility":"","ast-main-header-display":"","ast-hfb-above-header-display":"","ast-hfb-below-header-display":"","ast-hfb-mobile-header-display":"","site-post-title":"","ast-breadcrumbs-content":"","ast-featured-img":"","footer-sml-layout":"","ast-disable-related-posts":"","theme-transparent-header-meta":"default","adv-header-id-meta":"","stick-header-meta":"","header-above-stick-meta":"","header-main-stick-meta":"","header-below-stick-meta":"","astra-migrate-meta-layouts":"set","ast-page-background-enabled":"default","ast-page-background-meta":{"desktop":{"background-color":"var(--ast-global-color-4)","background-image":"","background-repeat":"repeat","background-position":"center center","background-size":"auto","background-attachment":"scroll","background-type":"","background-media":"","overlay-type":"","overlay-color":"","overlay-opacity":"","overlay-gradient":""},"tablet":{"background-color":"","background-image":"","background-repeat":"repeat","background-position":"center center","background-size":"auto","background-attachment":"scroll","background-type":"","background-media":"","overlay-type":"","overlay-color":"","overlay-opacity":"","overlay-gradient":""},"mobile":{"background-color":"","background-image":"","background-repeat":"repeat","background-position":"center center","background-size":"auto","background-attachment":"scroll","background-type":"","background-media":"","overlay-type":"","overlay-color":"","overlay-opacity":"","overlay-gradient":""}},"ast-content-background-meta":{"desktop":{"background-color":"var(--ast-global-color-5)","background-image":"","background-repeat":"repeat","background-position":"center center","background-size":"auto","background-attachment":"scroll","background-type":"","background-media":"","overlay-type":"","overlay-color":"","overlay-opacity":"","overlay-gradient":""},"tablet":{"background-color":"var(--ast-global-color-5)","background-image":"","background-repeat":"repeat","background-position":"center center","background-size":"auto","background-attachment":"scroll","background-type":"","background-media":"","overlay-type":"","overlay-color":"","overlay-opacity":"","overlay-gradient":""},"mobile":{"background-color":"var(--ast-global-color-5)","background-image":"","background-repeat":"repeat","background-position":"center center","background-size":"auto","background-attachment":"scroll","background-type":"","background-media":"","overlay-type":"","overlay-color":"","overlay-opacity":"","overlay-gradient":""}}},"product_brand":[],"product_cat":[143,22],"product_tag":[],"class_list":{"0":"post-14846","1":"product","2":"type-product","3":"status-publish","4":"has-post-thumbnail","6":"product_cat-akcesoria-jezdziec","7":"product_cat-jezdziec","8":"desktop-align-left","9":"tablet-align-left","10":"mobile-align-left","12":"first","13":"instock","14":"shipping-taxable","15":"purchasable","16":"product-type-simple"},"acf":[],"_links":{"self":[{"href":"https:\/\/swiattest1.dkonto.pl\/en\/wp-json\/wp\/v2\/product\/14846","targetHints":{"allow":["GET"]}}],"collection":[{"href":"https:\/\/swiattest1.dkonto.pl\/en\/wp-json\/wp\/v2\/product"}],"about":[{"href":"https:\/\/swiattest1.dkonto.pl\/en\/wp-json\/wp\/v2\/types\/product"}],"wp:featuredmedia":[{"embeddable":true,"href":"https:\/\/swiattest1.dkonto.pl\/en\/wp-json\/wp\/v2\/media\/14908"}],"wp:attachment":[{"href":"https:\/\/swiattest1.dkonto.pl\/en\/wp-json\/wp\/v2\/media?parent=14846"}],"wp:term":[{"taxonomy":"product_brand","embeddable":true,"href":"https:\/\/swiattest1.dkonto.pl\/en\/wp-json\/wp\/v2\/product_brand?post=14846"},{"taxonomy":"product_cat","embeddable":true,"href":"https:\/\/swiattest1.dkonto.pl\/en\/wp-json\/wp\/v2\/product_cat?post=14846"},{"taxonomy":"product_tag","embeddable":true,"href":"https:\/\/swiattest1.dkonto.pl\/en\/wp-json\/wp\/v2\/product_tag?post=14846"}],"curies":[{"name":"wp","href":"https:\/\/api.w.org\/{rel}","templated":true}]}}