{"id":14801,"date":"2025-06-13T08:06:39","date_gmt":"2025-06-13T06:06:39","guid":{"rendered":"https:\/\/swiattest1.dkonto.pl\/?post_type=product&#038;p=14801"},"modified":"2026-01-02T13:23:53","modified_gmt":"2026-01-02T12:23:53","slug":"torba-podrozna-darling","status":"publish","type":"product","link":"https:\/\/swiattest1.dkonto.pl\/en\/product\/torba-podrozna-darling\/","title":{"rendered":"Torba podr\u00f3\u017cna Darling"},"content":{"rendered":"<div class=\"ast-oembed-container\" style=\"height: 100%;\"><iframe title=\"\ud83c\udf80 Zr\u00f3b miejsce w baga\u017cniku, wje\u017cd\u017ca stylowa torba westernowa! #cowgirl #horse #westernstyle\" width=\"422\" height=\"750\" src=\"https:\/\/www.youtube.com\/embed\/gQ00mI3Bnew?feature=oembed\" frameborder=\"0\" allow=\"accelerometer; autoplay; clipboard-write; encrypted-media; gyroscope; picture-in-picture; web-share\" referrerpolicy=\"strict-origin-when-cross-origin\" allowfullscreen><\/iframe><\/div>","protected":false},"excerpt":{"rendered":"<p class=\"p1\"><span class=\"s1\">Torba podr\u00f3\u017cna Darling<span class=\"Apple-converted-space\">\u00a0<\/span>to<\/span><span class=\"s2\"> wykwintna torba! Wspania\u0142e wykorzystanie faktur i kolor\u00f3w, od najwy\u017cszej jako\u015bci r\u00f3\u017cowej sk\u00f3ry w kolorze wschodz\u0105cego s\u0142o\u0144ca, r\u0119cznie wykonanych sk\u00f3rzanych akcent\u00f3w i futra, nadaj\u0105 wyra\u017any rzemie\u015blniczy charakter. Wymagaj\u0105cy podr\u00f3\u017cnicy doceni\u0105 jej ponadczasowy design, trwa\u0142o\u015b\u0107 i funkcjonalno\u015b\u0107 oraz oczywiste rzemios\u0142o. G\u00f3ra zapinana na suwak z wygodnymi kieszeniami na suwak na po bokach. Wytrzyma\u0142e sk\u00f3rzane uchwyty do noszenia i odpinany, regulowany pasek na rami\u0119 s\u0105 wykonane z pasuj\u0105cej sk\u00f3ry.<\/span><\/p>\n<p class=\"p1\"><strong><span class=\"s2\">MATERIA\u0141:<\/span><\/strong><\/p>\n<ul>\n<li class=\"p1\"><span class=\"s1\">W\u0142osie i sk\u00f3ra<\/span><\/li>\n<\/ul>\n<p class=\"p1\"><strong><span class=\"s2\">WYMIARY:<\/span><\/strong><\/p>\n<ul>\n<li class=\"p1\"><span class=\"s2\">SZEROKO\u015a\u0106: 22\u201d<\/span><\/li>\n<li class=\"p1\"><span style=\"font-size: 16px; -webkit-text-size-adjust: 100%;\">WYSOKO\u015a\u0106: 11\u201d<\/span><\/li>\n<li class=\"p1\"><span style=\"font-size: 16px; -webkit-text-size-adjust: 100%;\">\u00a0UCHWYT: 10\u201d<\/span><\/li>\n<li class=\"p1\"><span style=\"font-size: 16px; -webkit-text-size-adjust: 100%;\">\u00a0RAMI\u0118: 22\u201d<\/span><\/li>\n<li class=\"p1\"><span style=\"font-size: 16px; -webkit-text-size-adjust: 100%;\">G\u0141\u0118BOKO\u015a\u0106: 8,5<\/span><\/li>\n<\/ul>\n<p class=\"p1\"><strong><span class=\"s2\">PIEL\u0118GNACJA: Tylko czyszczenie r\u0119czne, na sucho. Trzyma\u0107 z dala od wody. <\/span><\/strong><\/p>","protected":false},"featured_media":14802,"template":"","meta":{"_acf_changed":false,"site-sidebar-layout":"default","site-content-layout":"","ast-site-content-layout":"default","site-content-style":"default","site-sidebar-style":"default","ast-global-header-display":"","ast-banner-title-visibility":"","ast-main-header-display":"","ast-hfb-above-header-display":"","ast-hfb-below-header-display":"","ast-hfb-mobile-header-display":"","site-post-title":"","ast-breadcrumbs-content":"","ast-featured-img":"","footer-sml-layout":"","ast-disable-related-posts":"","theme-transparent-header-meta":"default","adv-header-id-meta":"","stick-header-meta":"","header-above-stick-meta":"","header-main-stick-meta":"","header-below-stick-meta":"","astra-migrate-meta-layouts":"set","ast-page-background-enabled":"default","ast-page-background-meta":{"desktop":{"background-color":"var(--ast-global-color-4)","background-image":"","background-repeat":"repeat","background-position":"center center","background-size":"auto","background-attachment":"scroll","background-type":"","background-media":"","overlay-type":"","overlay-color":"","overlay-opacity":"","overlay-gradient":""},"tablet":{"background-color":"","background-image":"","background-repeat":"repeat","background-position":"center center","background-size":"auto","background-attachment":"scroll","background-type":"","background-media":"","overlay-type":"","overlay-color":"","overlay-opacity":"","overlay-gradient":""},"mobile":{"background-color":"","background-image":"","background-repeat":"repeat","background-position":"center center","background-size":"auto","background-attachment":"scroll","background-type":"","background-media":"","overlay-type":"","overlay-color":"","overlay-opacity":"","overlay-gradient":""}},"ast-content-background-meta":{"desktop":{"background-color":"var(--ast-global-color-5)","background-image":"","background-repeat":"repeat","background-position":"center center","background-size":"auto","background-attachment":"scroll","background-type":"","background-media":"","overlay-type":"","overlay-color":"","overlay-opacity":"","overlay-gradient":""},"tablet":{"background-color":"var(--ast-global-color-5)","background-image":"","background-repeat":"repeat","background-position":"center center","background-size":"auto","background-attachment":"scroll","background-type":"","background-media":"","overlay-type":"","overlay-color":"","overlay-opacity":"","overlay-gradient":""},"mobile":{"background-color":"var(--ast-global-color-5)","background-image":"","background-repeat":"repeat","background-position":"center center","background-size":"auto","background-attachment":"scroll","background-type":"","background-media":"","overlay-type":"","overlay-color":"","overlay-opacity":"","overlay-gradient":""}}},"product_brand":[],"product_cat":[143,22],"product_tag":[],"class_list":{"0":"post-14801","1":"product","2":"type-product","3":"status-publish","4":"has-post-thumbnail","6":"product_cat-akcesoria-jezdziec","7":"product_cat-jezdziec","8":"desktop-align-left","9":"tablet-align-left","10":"mobile-align-left","12":"first","13":"instock","14":"shipping-taxable","15":"purchasable","16":"product-type-simple"},"acf":[],"_links":{"self":[{"href":"https:\/\/swiattest1.dkonto.pl\/en\/wp-json\/wp\/v2\/product\/14801","targetHints":{"allow":["GET"]}}],"collection":[{"href":"https:\/\/swiattest1.dkonto.pl\/en\/wp-json\/wp\/v2\/product"}],"about":[{"href":"https:\/\/swiattest1.dkonto.pl\/en\/wp-json\/wp\/v2\/types\/product"}],"wp:featuredmedia":[{"embeddable":true,"href":"https:\/\/swiattest1.dkonto.pl\/en\/wp-json\/wp\/v2\/media\/14802"}],"wp:attachment":[{"href":"https:\/\/swiattest1.dkonto.pl\/en\/wp-json\/wp\/v2\/media?parent=14801"}],"wp:term":[{"taxonomy":"product_brand","embeddable":true,"href":"https:\/\/swiattest1.dkonto.pl\/en\/wp-json\/wp\/v2\/product_brand?post=14801"},{"taxonomy":"product_cat","embeddable":true,"href":"https:\/\/swiattest1.dkonto.pl\/en\/wp-json\/wp\/v2\/product_cat?post=14801"},{"taxonomy":"product_tag","embeddable":true,"href":"https:\/\/swiattest1.dkonto.pl\/en\/wp-json\/wp\/v2\/product_tag?post=14801"}],"curies":[{"name":"wp","href":"https:\/\/api.w.org\/{rel}","templated":true}]}}