{"id":14658,"date":"2025-05-16T16:58:54","date_gmt":"2025-05-16T14:58:54","guid":{"rendered":"https:\/\/swiattest1.dkonto.pl\/?post_type=product&#038;p=14658"},"modified":"2026-01-01T04:54:53","modified_gmt":"2026-01-01T03:54:53","slug":"buty-jezdzieckie-myboots-barcelona","status":"publish","type":"product","link":"https:\/\/swiattest1.dkonto.pl\/en\/product\/buty-jezdzieckie-myboots-barcelona\/","title":{"rendered":"Buty je\u017adzieckie MyBoots Barcelona"},"content":{"rendered":"","protected":false},"excerpt":{"rendered":"<p>Buty je\u017adzieckie MyBoots Barcelona to co\u015b wi\u0119cej ni\u017c zwyk\u0142e buty to g\u0142adka czekoladowa baza, kt\u00f3ra \u0142\u0105czy si\u0119 z bogatymi detalami imituj\u0105cymi sk\u00f3r\u0119 krokodyla w kolorze koniaku, tak jak miasto, od kt\u00f3rego pochodzi nazwa, ten but jest z klasyczn\u0105 lini\u0105 co tworzy ciekawe po\u0142\u0105czenie. Zainspirowany ciep\u0142ymi, nowoczesnymi dzielnicami Barcelony, takimi jak El Born, but Barcelona jest tak wszechstronny, jak to tylko mo\u017cliwe: wystarczaj\u0105co elegancki na zawody, wystarczaj\u0105co odwa\u017cny na ulic\u0119 i stworzony, aby i\u015b\u0107 wsz\u0119dzie pomi\u0119dzy. To Tw\u00f3j codzienny, uniwersalny but z czym\u015b ekstra.<\/p>\n<p><strong>Zaprojektowany przez je\u017ad\u017ac\u00f3w, dla je\u017ad\u017ac\u00f3w, kt\u00f3rzy oczekuj\u0105 wi\u0119cej od swoich but\u00f3w<\/strong>.<br \/>\nKa\u017cda para but\u00f3w MyBoots zosta\u0142a zbudowana na podstawie wieloletniego do\u015bwiadczenia w ortopedii, jazdy konnej w prawdziwym \u015bwiecie i do\u015bwiadcze\u0144 setek je\u017ad\u017ac\u00f3w. Wzi\u0119li\u015bmy pod uwag\u0119 Twoje najcz\u0119stsze skargi; z\u0142e dopasowanie, b\u00f3l kostki, \u015bliskie podeszwy, twarde wk\u0142adki i rozwi\u0105zali\u015bmy je, jeden po drugim. Rezultat: but, kt\u00f3ry dobrze pasuje i jest wygodny przez ca\u0142y dzie\u0144.<\/p>\n<p>W \u015brodku znajdziesz wk\u0142adk\u0119 korkow\u0105 z mi\u0119kk\u0105 \u017celow\u0105 wk\u0142adk\u0105 pod pi\u0119t\u0105, podszewk\u0119 z pianki memory dla ca\u0142odziennego komfortu i regulowany system sznurowania z wbudowanym ogranicznikiem, dzi\u0119ki czemu mo\u017cesz ustawi\u0107 nacisk dok\u0142adnie tam, gdzie go potrzebujesz. Zamek b\u0142yskawiczny i sznurowad\u0142a? Tak, poniewa\u017c dzi\u0119ki temu lepiej si\u0119 dopasowuj\u0105. W zestawie otrzymasz zar\u00f3wno standardowe, jak i elastyczne sznurowad\u0142a, co daje wi\u0119cej opcji. Na zewn\u0105trz nasza wytrzyma\u0142a, podeszwa wspiera Ci\u0119 na ziemi bez wzgl\u0119du na powierzchni\u0119, a wbudowana podp\u00f3rka pod ostrog\u0119 dope\u0142nia dzie\u0142a. Zgodne z rozmiarem europejskim, w pe\u0142ni regulowane i gotowe do poruszania si\u0119 z Tob\u0105, a nie przeciwko Tobie.<\/p>","protected":false},"featured_media":14661,"template":"","meta":{"_acf_changed":false,"site-sidebar-layout":"default","site-content-layout":"","ast-site-content-layout":"default","site-content-style":"default","site-sidebar-style":"default","ast-global-header-display":"","ast-banner-title-visibility":"","ast-main-header-display":"","ast-hfb-above-header-display":"","ast-hfb-below-header-display":"","ast-hfb-mobile-header-display":"","site-post-title":"","ast-breadcrumbs-content":"","ast-featured-img":"","footer-sml-layout":"","ast-disable-related-posts":"","theme-transparent-header-meta":"default","adv-header-id-meta":"","stick-header-meta":"","header-above-stick-meta":"","header-main-stick-meta":"","header-below-stick-meta":"","astra-migrate-meta-layouts":"set","ast-page-background-enabled":"default","ast-page-background-meta":{"desktop":{"background-color":"var(--ast-global-color-4)","background-image":"","background-repeat":"repeat","background-position":"center center","background-size":"auto","background-attachment":"scroll","background-type":"","background-media":"","overlay-type":"","overlay-color":"","overlay-opacity":"","overlay-gradient":""},"tablet":{"background-color":"","background-image":"","background-repeat":"repeat","background-position":"center center","background-size":"auto","background-attachment":"scroll","background-type":"","background-media":"","overlay-type":"","overlay-color":"","overlay-opacity":"","overlay-gradient":""},"mobile":{"background-color":"","background-image":"","background-repeat":"repeat","background-position":"center center","background-size":"auto","background-attachment":"scroll","background-type":"","background-media":"","overlay-type":"","overlay-color":"","overlay-opacity":"","overlay-gradient":""}},"ast-content-background-meta":{"desktop":{"background-color":"var(--ast-global-color-5)","background-image":"","background-repeat":"repeat","background-position":"center center","background-size":"auto","background-attachment":"scroll","background-type":"","background-media":"","overlay-type":"","overlay-color":"","overlay-opacity":"","overlay-gradient":""},"tablet":{"background-color":"var(--ast-global-color-5)","background-image":"","background-repeat":"repeat","background-position":"center center","background-size":"auto","background-attachment":"scroll","background-type":"","background-media":"","overlay-type":"","overlay-color":"","overlay-opacity":"","overlay-gradient":""},"mobile":{"background-color":"var(--ast-global-color-5)","background-image":"","background-repeat":"repeat","background-position":"center center","background-size":"auto","background-attachment":"scroll","background-type":"","background-media":"","overlay-type":"","overlay-color":"","overlay-opacity":"","overlay-gradient":""}}},"product_brand":[],"product_cat":[66,22,65],"product_tag":[],"class_list":{"0":"post-14658","1":"product","2":"type-product","3":"status-publish","4":"has-post-thumbnail","6":"product_cat-damskie","7":"product_cat-jezdziec","8":"product_cat-kowbojki","9":"desktop-align-left","10":"tablet-align-left","11":"mobile-align-left","13":"first","14":"instock","15":"shipping-taxable","16":"purchasable","17":"product-type-variable"},"acf":[],"_links":{"self":[{"href":"https:\/\/swiattest1.dkonto.pl\/en\/wp-json\/wp\/v2\/product\/14658","targetHints":{"allow":["GET"]}}],"collection":[{"href":"https:\/\/swiattest1.dkonto.pl\/en\/wp-json\/wp\/v2\/product"}],"about":[{"href":"https:\/\/swiattest1.dkonto.pl\/en\/wp-json\/wp\/v2\/types\/product"}],"wp:featuredmedia":[{"embeddable":true,"href":"https:\/\/swiattest1.dkonto.pl\/en\/wp-json\/wp\/v2\/media\/14661"}],"wp:attachment":[{"href":"https:\/\/swiattest1.dkonto.pl\/en\/wp-json\/wp\/v2\/media?parent=14658"}],"wp:term":[{"taxonomy":"product_brand","embeddable":true,"href":"https:\/\/swiattest1.dkonto.pl\/en\/wp-json\/wp\/v2\/product_brand?post=14658"},{"taxonomy":"product_cat","embeddable":true,"href":"https:\/\/swiattest1.dkonto.pl\/en\/wp-json\/wp\/v2\/product_cat?post=14658"},{"taxonomy":"product_tag","embeddable":true,"href":"https:\/\/swiattest1.dkonto.pl\/en\/wp-json\/wp\/v2\/product_tag?post=14658"}],"curies":[{"name":"wp","href":"https:\/\/api.w.org\/{rel}","templated":true}]}}