{"id":13925,"date":"2025-08-18T11:24:31","date_gmt":"2025-08-18T09:24:31","guid":{"rendered":"https:\/\/swiattest1.dkonto.pl\/?post_type=product&#038;p=13925"},"modified":"2026-01-12T13:28:13","modified_gmt":"2026-01-12T12:28:13","slug":"kowbojki-meskie-ariat-rambler","status":"publish","type":"product","link":"https:\/\/swiattest1.dkonto.pl\/en\/product\/kowbojki-meskie-ariat-rambler\/","title":{"rendered":"Kowbojki m\u0119skie Ariat Rambler"},"content":{"rendered":"","protected":false},"excerpt":{"rendered":"<p>Kowbojki m\u0119skie Ariat Rambler &#8211; jak ulubiona, dobrze wytarta para \u2014 tylko lepsza. Dzi\u0119ki swojemu wygl\u0105dowi i fakturze, nasze niepodszewkowane sk\u00f3rzane Ramblery s\u0105 r\u00f3wnie wygodne na farmie, jak i w Vegas. Komfort niczym w trampkach i elastyczna, trwa\u0142a podeszwa zewn\u0119trzna oznaczaj\u0105, \u017ce b\u0119dziesz czu\u0107 si\u0119 r\u00f3wnie komfortowo.<\/p>\n<p><strong>Features<\/strong><\/p>\n<ul>\n<li>ATS\u00ae technology provides ergonomic support on uneven terrain<\/li>\n<li>Podeszwa Duratread\u2122 zapewnia maksymalny komfort oraz odporno\u015b\u0107 na zu\u017cycie<\/li>\n<li>11\" shaft height<\/li>\n<li><strong><strong>Kolor: <\/strong><\/strong><span class=\"sc-bhlBdH dZSrpu sc-RWGNv eXXpBh\" title=\"WICKER\">WICKER<\/span><\/li>\n<\/ul>","protected":false},"featured_media":13938,"template":"","meta":{"_acf_changed":false,"site-sidebar-layout":"default","site-content-layout":"","ast-site-content-layout":"default","site-content-style":"default","site-sidebar-style":"default","ast-global-header-display":"","ast-banner-title-visibility":"","ast-main-header-display":"","ast-hfb-above-header-display":"","ast-hfb-below-header-display":"","ast-hfb-mobile-header-display":"","site-post-title":"","ast-breadcrumbs-content":"","ast-featured-img":"","footer-sml-layout":"","ast-disable-related-posts":"","theme-transparent-header-meta":"default","adv-header-id-meta":"","stick-header-meta":"","header-above-stick-meta":"","header-main-stick-meta":"","header-below-stick-meta":"","astra-migrate-meta-layouts":"set","ast-page-background-enabled":"default","ast-page-background-meta":{"desktop":{"background-color":"var(--ast-global-color-4)","background-image":"","background-repeat":"repeat","background-position":"center center","background-size":"auto","background-attachment":"scroll","background-type":"","background-media":"","overlay-type":"","overlay-color":"","overlay-opacity":"","overlay-gradient":""},"tablet":{"background-color":"","background-image":"","background-repeat":"repeat","background-position":"center center","background-size":"auto","background-attachment":"scroll","background-type":"","background-media":"","overlay-type":"","overlay-color":"","overlay-opacity":"","overlay-gradient":""},"mobile":{"background-color":"","background-image":"","background-repeat":"repeat","background-position":"center center","background-size":"auto","background-attachment":"scroll","background-type":"","background-media":"","overlay-type":"","overlay-color":"","overlay-opacity":"","overlay-gradient":""}},"ast-content-background-meta":{"desktop":{"background-color":"var(--ast-global-color-5)","background-image":"","background-repeat":"repeat","background-position":"center center","background-size":"auto","background-attachment":"scroll","background-type":"","background-media":"","overlay-type":"","overlay-color":"","overlay-opacity":"","overlay-gradient":""},"tablet":{"background-color":"var(--ast-global-color-5)","background-image":"","background-repeat":"repeat","background-position":"center center","background-size":"auto","background-attachment":"scroll","background-type":"","background-media":"","overlay-type":"","overlay-color":"","overlay-opacity":"","overlay-gradient":""},"mobile":{"background-color":"var(--ast-global-color-5)","background-image":"","background-repeat":"repeat","background-position":"center center","background-size":"auto","background-attachment":"scroll","background-type":"","background-media":"","overlay-type":"","overlay-color":"","overlay-opacity":"","overlay-gradient":""}}},"product_brand":[],"product_cat":[67,22,65],"product_tag":[],"class_list":{"0":"post-13925","1":"product","2":"type-product","3":"status-publish","4":"has-post-thumbnail","6":"product_cat-meskie","7":"product_cat-jezdziec","8":"product_cat-kowbojki","9":"desktop-align-left","10":"tablet-align-left","11":"mobile-align-left","13":"first","14":"instock","15":"shipping-taxable","16":"purchasable","17":"product-type-variable"},"acf":[],"_links":{"self":[{"href":"https:\/\/swiattest1.dkonto.pl\/en\/wp-json\/wp\/v2\/product\/13925","targetHints":{"allow":["GET"]}}],"collection":[{"href":"https:\/\/swiattest1.dkonto.pl\/en\/wp-json\/wp\/v2\/product"}],"about":[{"href":"https:\/\/swiattest1.dkonto.pl\/en\/wp-json\/wp\/v2\/types\/product"}],"wp:featuredmedia":[{"embeddable":true,"href":"https:\/\/swiattest1.dkonto.pl\/en\/wp-json\/wp\/v2\/media\/13938"}],"wp:attachment":[{"href":"https:\/\/swiattest1.dkonto.pl\/en\/wp-json\/wp\/v2\/media?parent=13925"}],"wp:term":[{"taxonomy":"product_brand","embeddable":true,"href":"https:\/\/swiattest1.dkonto.pl\/en\/wp-json\/wp\/v2\/product_brand?post=13925"},{"taxonomy":"product_cat","embeddable":true,"href":"https:\/\/swiattest1.dkonto.pl\/en\/wp-json\/wp\/v2\/product_cat?post=13925"},{"taxonomy":"product_tag","embeddable":true,"href":"https:\/\/swiattest1.dkonto.pl\/en\/wp-json\/wp\/v2\/product_tag?post=13925"}],"curies":[{"name":"wp","href":"https:\/\/api.w.org\/{rel}","templated":true}]}}