{"id":13442,"date":"2024-11-25T20:56:30","date_gmt":"2024-11-25T19:56:30","guid":{"rendered":"https:\/\/swiattest1.dkonto.pl\/?post_type=product&#038;p=13442"},"modified":"2026-01-02T13:24:46","modified_gmt":"2026-01-02T12:24:46","slug":"kapelusz-beaver-brand-cattleman-20x","status":"publish","type":"product","link":"https:\/\/swiattest1.dkonto.pl\/en\/product\/kapelusz-beaver-brand-cattleman-20x\/","title":{"rendered":"Kapelusz Beaver Brand Cattleman 20x"},"content":{"rendered":"<p><strong>Aby <\/strong><strong>by\u0107 na bie\u017c\u0105co z naszymi nowo\u015bciami zaobserwuj nas w mediach spo\u0142eczno\u015bciowych!<\/strong><\/p>\n<p><img decoding=\"async\" class=\"alignnone wp-image-11175\" src=\"https:\/\/swiattest1.dkonto.pl\/wp-content\/uploads\/2024\/01\/facebook-icones-150x150.png\" alt=\"\" width=\"27\" height=\"27\" srcset=\"https:\/\/swiattest1.dkonto.pl\/wp-content\/uploads\/2024\/01\/facebook-icones-150x150.png 150w, https:\/\/swiattest1.dkonto.pl\/wp-content\/uploads\/2024\/01\/facebook-icones-300x300.png 300w, https:\/\/swiattest1.dkonto.pl\/wp-content\/uploads\/2024\/01\/facebook-icones-12x12.png 12w, https:\/\/swiattest1.dkonto.pl\/wp-content\/uploads\/2024\/01\/facebook-icones-100x100.png 100w, https:\/\/swiattest1.dkonto.pl\/wp-content\/uploads\/2024\/01\/facebook-icones-50x50.png 50w, https:\/\/swiattest1.dkonto.pl\/wp-content\/uploads\/2024\/01\/facebook-icones.png 512w\" sizes=\"(max-width: 27px) 100vw, 27px\" \/> Find us on <a href=\"https:\/\/www.facebook.com\/swiatwesternu\/\" target=\"_blank\" rel=\"noopener\">Facebooku<\/a><\/p>\n<p><img decoding=\"async\" class=\"alignnone wp-image-11176\" src=\"https:\/\/swiattest1.dkonto.pl\/wp-content\/uploads\/2024\/01\/Instagram_icon-150x150.png\" alt=\"\" width=\"27\" height=\"27\" srcset=\"https:\/\/swiattest1.dkonto.pl\/wp-content\/uploads\/2024\/01\/Instagram_icon-150x150.png 150w, https:\/\/swiattest1.dkonto.pl\/wp-content\/uploads\/2024\/01\/Instagram_icon-300x300.png 300w, https:\/\/swiattest1.dkonto.pl\/wp-content\/uploads\/2024\/01\/Instagram_icon-768x768.png 768w, https:\/\/swiattest1.dkonto.pl\/wp-content\/uploads\/2024\/01\/Instagram_icon-12x12.png 12w, https:\/\/swiattest1.dkonto.pl\/wp-content\/uploads\/2024\/01\/Instagram_icon-600x600.png 600w, https:\/\/swiattest1.dkonto.pl\/wp-content\/uploads\/2024\/01\/Instagram_icon-100x100.png 100w, https:\/\/swiattest1.dkonto.pl\/wp-content\/uploads\/2024\/01\/Instagram_icon-50x50.png 50w, https:\/\/swiattest1.dkonto.pl\/wp-content\/uploads\/2024\/01\/Instagram_icon.png 900w\" sizes=\"(max-width: 27px) 100vw, 27px\" \/> Find us on <a href=\"https:\/\/www.instagram.com\/swiatwesternu\/\" target=\"_blank\" rel=\"noopener\">Instagramie<\/a><\/p>\n<p><img decoding=\"async\" class=\"alignnone wp-image-11179\" src=\"https:\/\/swiattest1.dkonto.pl\/wp-content\/uploads\/2024\/01\/free-youtube-logo-icon-2431-thumb-300x300.png\" alt=\"\" width=\"27\" height=\"27\" srcset=\"https:\/\/swiattest1.dkonto.pl\/wp-content\/uploads\/2024\/01\/free-youtube-logo-icon-2431-thumb-300x300.png 300w, https:\/\/swiattest1.dkonto.pl\/wp-content\/uploads\/2024\/01\/free-youtube-logo-icon-2431-thumb-150x150.png 150w, https:\/\/swiattest1.dkonto.pl\/wp-content\/uploads\/2024\/01\/free-youtube-logo-icon-2431-thumb-12x12.png 12w, https:\/\/swiattest1.dkonto.pl\/wp-content\/uploads\/2024\/01\/free-youtube-logo-icon-2431-thumb-100x100.png 100w, https:\/\/swiattest1.dkonto.pl\/wp-content\/uploads\/2024\/01\/free-youtube-logo-icon-2431-thumb-50x50.png 50w, https:\/\/swiattest1.dkonto.pl\/wp-content\/uploads\/2024\/01\/free-youtube-logo-icon-2431-thumb.png 512w\" sizes=\"(max-width: 27px) 100vw, 27px\" \/> Find us on <a href=\"https:\/\/www.youtube.com\/channel\/UCg5nTUHLoqSynJmmJQEyE7A\" target=\"_blank\" rel=\"noopener\">YouTube<\/a><\/p>\n<p><img loading=\"lazy\" decoding=\"async\" class=\"alignnone wp-image-8924\" src=\"https:\/\/swiattest1.dkonto.pl\/wp-content\/uploads\/2023\/09\/Ikona_Sklep_Stacjonarny_2.svg\" alt=\"\u015aWIAT WESTERNU - Sklep westernowy\" width=\"27\" height=\"27\" \/> Visit our <a href=\"https:\/\/www.google.com\/maps\/place\/%C5%9Awiat+Westernu\/@50.6796006,16.378779,15z\/data=!4m6!3m5!1s0x7eb72780815dcd3:0xbf83922c09cdd3a8!8m2!3d50.6796006!4d16.378779!16s%2Fg%2F11p5nyjpb5?entry=ttu\" target=\"_blank\" rel=\"noopener\">stationary store<\/a><\/p>\n<p><a href=\"https:\/\/swiattest1.dkonto.pl\/en\/kontakt\/\"><img loading=\"lazy\" decoding=\"async\" class=\"alignnone wp-image-11180\" src=\"https:\/\/swiattest1.dkonto.pl\/wp-content\/uploads\/2024\/01\/7269995-300x300.png\" alt=\"\" width=\"27\" height=\"27\" srcset=\"https:\/\/swiattest1.dkonto.pl\/wp-content\/uploads\/2024\/01\/7269995-300x300.png 300w, https:\/\/swiattest1.dkonto.pl\/wp-content\/uploads\/2024\/01\/7269995-150x150.png 150w, https:\/\/swiattest1.dkonto.pl\/wp-content\/uploads\/2024\/01\/7269995-12x12.png 12w, https:\/\/swiattest1.dkonto.pl\/wp-content\/uploads\/2024\/01\/7269995-100x100.png 100w, https:\/\/swiattest1.dkonto.pl\/wp-content\/uploads\/2024\/01\/7269995-50x50.png 50w, https:\/\/swiattest1.dkonto.pl\/wp-content\/uploads\/2024\/01\/7269995.png 512w\" sizes=\"(max-width: 27px) 100vw, 27px\" \/> Contact us!<\/a><\/p>","protected":false},"excerpt":{"rendered":"<p>Kapelusz Beaver Brand Cattleman 20x <span style=\"font-size: 16px; -webkit-text-size-adjust: 100%;\">to wysokiej jako\u015bci kapelusz filcowy wykonany w USA.Beaver Brand Cattleman 20x ma 5- calow\u0105 koron\u0119 z eleganckim otokiem o z\u0142otym zako\u0144czeniu.\u00a0<\/span><\/p>\n<div class=\"product-desc\">\n<div class=\"rte product-description-content trimmed-text\">\n<ul>\n<li>5&#8243; Korona Cattleman<\/li>\n<li>Jako\u015b\u0107 20x<\/li>\n<li>Kolor: Silver<\/li>\n<li><strong>R\u0119cznie wyprodukowano w USA<\/strong><\/li>\n<\/ul>\n<p><strong>ROZMIAR: 7 5\/8\u201d- 61 cm<\/strong><\/p>\n<p><em>Od momentu powstania w 1860 roku, Beaver Brand Hats jest znan\u0105 mark\u0105 w bran\u017cy kapeluszniczej. Za\u0142o\u017cona w St. Louis w stanie Missouri, stolicy futer Ameryki, marka szybko zyska\u0142a uznanie za wyj\u0105tkow\u0105 jako\u015b\u0107 i kunszt.<\/em><\/p>\n<p><em>Przez ponad wiek Beaver Brand Hats podtrzymywa\u0142a swoj\u0105 szanowan\u0105 reputacj\u0119, staj\u0105c si\u0119 synonimem doskona\u0142o\u015bci. Od 1928 roku miasto New Haven w stanie Missouri jest domem dla jednej z wiod\u0105cych ameryka\u0144skich linii produkcyjnych kapeluszy. Tutaj kapelusznicy drugiej i trzeciej generacji umiej\u0119tnie tworz\u0105 jedne z najlepszych filcowych kapeluszy dost\u0119pnych obecnie na rynku.<\/em><\/p>\n<\/div>\n<\/div>","protected":false},"featured_media":13444,"template":"","meta":{"_acf_changed":false,"site-sidebar-layout":"default","site-content-layout":"","ast-site-content-layout":"default","site-content-style":"default","site-sidebar-style":"default","ast-global-header-display":"","ast-banner-title-visibility":"","ast-main-header-display":"","ast-hfb-above-header-display":"","ast-hfb-below-header-display":"","ast-hfb-mobile-header-display":"","site-post-title":"","ast-breadcrumbs-content":"","ast-featured-img":"","footer-sml-layout":"","ast-disable-related-posts":"","theme-transparent-header-meta":"default","adv-header-id-meta":"","stick-header-meta":"","header-above-stick-meta":"","header-main-stick-meta":"","header-below-stick-meta":"","astra-migrate-meta-layouts":"set","ast-page-background-enabled":"default","ast-page-background-meta":{"desktop":{"background-color":"var(--ast-global-color-4)","background-image":"","background-repeat":"repeat","background-position":"center center","background-size":"auto","background-attachment":"scroll","background-type":"","background-media":"","overlay-type":"","overlay-color":"","overlay-opacity":"","overlay-gradient":""},"tablet":{"background-color":"","background-image":"","background-repeat":"repeat","background-position":"center center","background-size":"auto","background-attachment":"scroll","background-type":"","background-media":"","overlay-type":"","overlay-color":"","overlay-opacity":"","overlay-gradient":""},"mobile":{"background-color":"","background-image":"","background-repeat":"repeat","background-position":"center center","background-size":"auto","background-attachment":"scroll","background-type":"","background-media":"","overlay-type":"","overlay-color":"","overlay-opacity":"","overlay-gradient":""}},"ast-content-background-meta":{"desktop":{"background-color":"var(--ast-global-color-5)","background-image":"","background-repeat":"repeat","background-position":"center center","background-size":"auto","background-attachment":"scroll","background-type":"","background-media":"","overlay-type":"","overlay-color":"","overlay-opacity":"","overlay-gradient":""},"tablet":{"background-color":"var(--ast-global-color-5)","background-image":"","background-repeat":"repeat","background-position":"center center","background-size":"auto","background-attachment":"scroll","background-type":"","background-media":"","overlay-type":"","overlay-color":"","overlay-opacity":"","overlay-gradient":""},"mobile":{"background-color":"var(--ast-global-color-5)","background-image":"","background-repeat":"repeat","background-position":"center center","background-size":"auto","background-attachment":"scroll","background-type":"","background-media":"","overlay-type":"","overlay-color":"","overlay-opacity":"","overlay-gradient":""}}},"product_brand":[],"product_cat":[64,22],"product_tag":[],"class_list":{"0":"post-13442","1":"product","2":"type-product","3":"status-publish","4":"has-post-thumbnail","6":"product_cat-kapelusze","7":"product_cat-jezdziec","8":"desktop-align-left","9":"tablet-align-left","10":"mobile-align-left","12":"first","13":"instock","14":"shipping-taxable","15":"purchasable","16":"product-type-simple"},"acf":[],"_links":{"self":[{"href":"https:\/\/swiattest1.dkonto.pl\/en\/wp-json\/wp\/v2\/product\/13442","targetHints":{"allow":["GET"]}}],"collection":[{"href":"https:\/\/swiattest1.dkonto.pl\/en\/wp-json\/wp\/v2\/product"}],"about":[{"href":"https:\/\/swiattest1.dkonto.pl\/en\/wp-json\/wp\/v2\/types\/product"}],"wp:featuredmedia":[{"embeddable":true,"href":"https:\/\/swiattest1.dkonto.pl\/en\/wp-json\/wp\/v2\/media\/13444"}],"wp:attachment":[{"href":"https:\/\/swiattest1.dkonto.pl\/en\/wp-json\/wp\/v2\/media?parent=13442"}],"wp:term":[{"taxonomy":"product_brand","embeddable":true,"href":"https:\/\/swiattest1.dkonto.pl\/en\/wp-json\/wp\/v2\/product_brand?post=13442"},{"taxonomy":"product_cat","embeddable":true,"href":"https:\/\/swiattest1.dkonto.pl\/en\/wp-json\/wp\/v2\/product_cat?post=13442"},{"taxonomy":"product_tag","embeddable":true,"href":"https:\/\/swiattest1.dkonto.pl\/en\/wp-json\/wp\/v2\/product_tag?post=13442"}],"curies":[{"name":"wp","href":"https:\/\/api.w.org\/{rel}","templated":true}]}}