{"id":13392,"date":"2024-11-21T13:55:20","date_gmt":"2024-11-21T12:55:20","guid":{"rendered":"https:\/\/swiattest1.dkonto.pl\/?post_type=product&#038;p=13392"},"modified":"2026-01-02T13:26:15","modified_gmt":"2026-01-02T12:26:15","slug":"pad-westernowy-show-red","status":"publish","type":"product","link":"https:\/\/swiattest1.dkonto.pl\/en\/product\/pad-westernowy-show-red\/","title":{"rendered":"Show Red western pad"},"content":{"rendered":"<p><strong>To stay up to date with our news, follow us on social media!<\/strong><\/p>\n<p><img decoding=\"async\" class=\"alignnone wp-image-11175\" src=\"https:\/\/swiattest1.dkonto.pl\/wp-content\/uploads\/2024\/01\/facebook-icones-150x150.png\" alt=\"\" width=\"27\" height=\"27\" srcset=\"https:\/\/swiattest1.dkonto.pl\/wp-content\/uploads\/2024\/01\/facebook-icones-150x150.png 150w, https:\/\/swiattest1.dkonto.pl\/wp-content\/uploads\/2024\/01\/facebook-icones-300x300.png 300w, https:\/\/swiattest1.dkonto.pl\/wp-content\/uploads\/2024\/01\/facebook-icones-12x12.png 12w, https:\/\/swiattest1.dkonto.pl\/wp-content\/uploads\/2024\/01\/facebook-icones-100x100.png 100w, https:\/\/swiattest1.dkonto.pl\/wp-content\/uploads\/2024\/01\/facebook-icones-50x50.png 50w, https:\/\/swiattest1.dkonto.pl\/wp-content\/uploads\/2024\/01\/facebook-icones.png 512w\" sizes=\"(max-width: 27px) 100vw, 27px\" \/> Find us on <a href=\"https:\/\/www.facebook.com\/swiatwesternu\/\" target=\"_blank\" rel=\"noopener\">Facebooku<\/a><\/p>\n<p><img decoding=\"async\" class=\"alignnone wp-image-11176\" src=\"https:\/\/swiattest1.dkonto.pl\/wp-content\/uploads\/2024\/01\/Instagram_icon-150x150.png\" alt=\"\" width=\"27\" height=\"27\" srcset=\"https:\/\/swiattest1.dkonto.pl\/wp-content\/uploads\/2024\/01\/Instagram_icon-150x150.png 150w, https:\/\/swiattest1.dkonto.pl\/wp-content\/uploads\/2024\/01\/Instagram_icon-300x300.png 300w, https:\/\/swiattest1.dkonto.pl\/wp-content\/uploads\/2024\/01\/Instagram_icon-768x768.png 768w, https:\/\/swiattest1.dkonto.pl\/wp-content\/uploads\/2024\/01\/Instagram_icon-12x12.png 12w, https:\/\/swiattest1.dkonto.pl\/wp-content\/uploads\/2024\/01\/Instagram_icon-600x600.png 600w, https:\/\/swiattest1.dkonto.pl\/wp-content\/uploads\/2024\/01\/Instagram_icon-100x100.png 100w, https:\/\/swiattest1.dkonto.pl\/wp-content\/uploads\/2024\/01\/Instagram_icon-50x50.png 50w, https:\/\/swiattest1.dkonto.pl\/wp-content\/uploads\/2024\/01\/Instagram_icon.png 900w\" sizes=\"(max-width: 27px) 100vw, 27px\" \/> Find us on <a href=\"https:\/\/www.instagram.com\/swiatwesternu\/\" target=\"_blank\" rel=\"noopener\">Instagramie<\/a><\/p>\n<p><img decoding=\"async\" class=\"alignnone wp-image-11179\" src=\"https:\/\/swiattest1.dkonto.pl\/wp-content\/uploads\/2024\/01\/free-youtube-logo-icon-2431-thumb-300x300.png\" alt=\"\" width=\"27\" height=\"27\" srcset=\"https:\/\/swiattest1.dkonto.pl\/wp-content\/uploads\/2024\/01\/free-youtube-logo-icon-2431-thumb-300x300.png 300w, https:\/\/swiattest1.dkonto.pl\/wp-content\/uploads\/2024\/01\/free-youtube-logo-icon-2431-thumb-150x150.png 150w, https:\/\/swiattest1.dkonto.pl\/wp-content\/uploads\/2024\/01\/free-youtube-logo-icon-2431-thumb-12x12.png 12w, https:\/\/swiattest1.dkonto.pl\/wp-content\/uploads\/2024\/01\/free-youtube-logo-icon-2431-thumb-100x100.png 100w, https:\/\/swiattest1.dkonto.pl\/wp-content\/uploads\/2024\/01\/free-youtube-logo-icon-2431-thumb-50x50.png 50w, https:\/\/swiattest1.dkonto.pl\/wp-content\/uploads\/2024\/01\/free-youtube-logo-icon-2431-thumb.png 512w\" sizes=\"(max-width: 27px) 100vw, 27px\" \/> Find us on <a href=\"https:\/\/www.youtube.com\/channel\/UCg5nTUHLoqSynJmmJQEyE7A\" target=\"_blank\" rel=\"noopener\">YouTube<\/a><\/p>\n<p><img loading=\"lazy\" decoding=\"async\" class=\"alignnone wp-image-8924\" src=\"https:\/\/swiattest1.dkonto.pl\/wp-content\/uploads\/2023\/09\/Ikona_Sklep_Stacjonarny_2.svg\" alt=\"\u015aWIAT WESTERNU - Sklep westernowy\" width=\"27\" height=\"27\" \/> Visit our <a href=\"https:\/\/www.google.com\/maps\/place\/%C5%9Awiat+Westernu\/@50.6796006,16.378779,15z\/data=!4m6!3m5!1s0x7eb72780815dcd3:0xbf83922c09cdd3a8!8m2!3d50.6796006!4d16.378779!16s%2Fg%2F11p5nyjpb5?entry=ttu\" target=\"_blank\" rel=\"noopener\">stationary store<\/a><\/p>\n<p><a href=\"https:\/\/swiattest1.dkonto.pl\/en\/kontakt\/\"><img loading=\"lazy\" decoding=\"async\" class=\"alignnone wp-image-11180\" src=\"https:\/\/swiattest1.dkonto.pl\/wp-content\/uploads\/2024\/01\/7269995-300x300.png\" alt=\"\" width=\"27\" height=\"27\" srcset=\"https:\/\/swiattest1.dkonto.pl\/wp-content\/uploads\/2024\/01\/7269995-300x300.png 300w, https:\/\/swiattest1.dkonto.pl\/wp-content\/uploads\/2024\/01\/7269995-150x150.png 150w, https:\/\/swiattest1.dkonto.pl\/wp-content\/uploads\/2024\/01\/7269995-12x12.png 12w, https:\/\/swiattest1.dkonto.pl\/wp-content\/uploads\/2024\/01\/7269995-100x100.png 100w, https:\/\/swiattest1.dkonto.pl\/wp-content\/uploads\/2024\/01\/7269995-50x50.png 50w, https:\/\/swiattest1.dkonto.pl\/wp-content\/uploads\/2024\/01\/7269995.png 512w\" sizes=\"(max-width: 27px) 100vw, 27px\" \/> Contact us!<\/a><\/p>","protected":false},"excerpt":{"rendered":"<p>Pad westernowy Show Red o wymiarach 84 x 89 cm jest wykonany z wysokiej jako\u015bci we\u0142ny . Ta we\u0142na jest oddychaj\u0105ca i odprowadza wilgo\u0107, co pomaga zwi\u0119kszy\u0107 komfort konia, zapobiegaj\u0105c przegrzaniu i nadmiernemu poceniu si\u0119. G\u0119sto tkana tkanina zosta\u0142a skonstruowana tak, aby przy odpowiedniej piel\u0119gnacji s\u0142u\u017cy\u0142a przez wiele lat. Dodatkowo pad posiada wzmocnienia ze sk\u00f3ry, co zwi\u0119ksza trwa\u0142o\u015b\u0107 i \u017cywotno\u015b\u0107. Pad dzi\u0119ki zastosowaniu dobrej jako\u015bci materia\u0142\u00f3w jest ci\u0119\u017cki i gruby.<\/p>\n<ul>\n<li>WE\u0141NA\u2013 najwy\u017cszej jako\u015bci we\u0142na syntetyczna jest oddychaj\u0105ca i odprowadza wilgo\u0107, co zapewnia wi\u0119kszy komfort.<\/li>\n<li>TKANY WZ\u00d3R &#8211; pad jest tkany i farbowany przez wykwalifikowanych rzemie\u015blnik\u00f3w, aby zapewni\u0107 najwy\u017csz\u0105 trwa\u0142o\u015b\u0107.<\/li>\n<\/ul>\n<p><strong>Wymiary: 84 cm\u00a0 x 89 cm <\/strong><\/p>\n<p><strong>Grubo\u015b\u0107 ok. 3,5cm<\/strong><\/p>","protected":false},"featured_media":13393,"template":"","meta":{"_acf_changed":false,"site-sidebar-layout":"default","site-content-layout":"","ast-site-content-layout":"default","site-content-style":"default","site-sidebar-style":"default","ast-global-header-display":"","ast-banner-title-visibility":"","ast-main-header-display":"","ast-hfb-above-header-display":"","ast-hfb-below-header-display":"","ast-hfb-mobile-header-display":"","site-post-title":"","ast-breadcrumbs-content":"","ast-featured-img":"","footer-sml-layout":"","ast-disable-related-posts":"","theme-transparent-header-meta":"default","adv-header-id-meta":"","stick-header-meta":"","header-above-stick-meta":"","header-main-stick-meta":"","header-below-stick-meta":"","astra-migrate-meta-layouts":"set","ast-page-background-enabled":"default","ast-page-background-meta":{"desktop":{"background-color":"var(--ast-global-color-4)","background-image":"","background-repeat":"repeat","background-position":"center center","background-size":"auto","background-attachment":"scroll","background-type":"","background-media":"","overlay-type":"","overlay-color":"","overlay-opacity":"","overlay-gradient":""},"tablet":{"background-color":"","background-image":"","background-repeat":"repeat","background-position":"center center","background-size":"auto","background-attachment":"scroll","background-type":"","background-media":"","overlay-type":"","overlay-color":"","overlay-opacity":"","overlay-gradient":""},"mobile":{"background-color":"","background-image":"","background-repeat":"repeat","background-position":"center center","background-size":"auto","background-attachment":"scroll","background-type":"","background-media":"","overlay-type":"","overlay-color":"","overlay-opacity":"","overlay-gradient":""}},"ast-content-background-meta":{"desktop":{"background-color":"var(--ast-global-color-5)","background-image":"","background-repeat":"repeat","background-position":"center center","background-size":"auto","background-attachment":"scroll","background-type":"","background-media":"","overlay-type":"","overlay-color":"","overlay-opacity":"","overlay-gradient":""},"tablet":{"background-color":"var(--ast-global-color-5)","background-image":"","background-repeat":"repeat","background-position":"center center","background-size":"auto","background-attachment":"scroll","background-type":"","background-media":"","overlay-type":"","overlay-color":"","overlay-opacity":"","overlay-gradient":""},"mobile":{"background-color":"var(--ast-global-color-5)","background-image":"","background-repeat":"repeat","background-position":"center center","background-size":"auto","background-attachment":"scroll","background-type":"","background-media":"","overlay-type":"","overlay-color":"","overlay-opacity":"","overlay-gradient":""}}},"product_brand":[],"product_cat":[51,21,47],"product_tag":[],"class_list":{"0":"post-13392","1":"product","2":"type-product","3":"status-publish","4":"has-post-thumbnail","6":"product_cat-pady","7":"product_cat-kon","8":"product_cat-osprzet_do_siodla","9":"desktop-align-left","10":"tablet-align-left","11":"mobile-align-left","13":"first","14":"instock","15":"shipping-taxable","16":"purchasable","17":"product-type-simple"},"acf":[],"_links":{"self":[{"href":"https:\/\/swiattest1.dkonto.pl\/en\/wp-json\/wp\/v2\/product\/13392","targetHints":{"allow":["GET"]}}],"collection":[{"href":"https:\/\/swiattest1.dkonto.pl\/en\/wp-json\/wp\/v2\/product"}],"about":[{"href":"https:\/\/swiattest1.dkonto.pl\/en\/wp-json\/wp\/v2\/types\/product"}],"wp:featuredmedia":[{"embeddable":true,"href":"https:\/\/swiattest1.dkonto.pl\/en\/wp-json\/wp\/v2\/media\/13393"}],"wp:attachment":[{"href":"https:\/\/swiattest1.dkonto.pl\/en\/wp-json\/wp\/v2\/media?parent=13392"}],"wp:term":[{"taxonomy":"product_brand","embeddable":true,"href":"https:\/\/swiattest1.dkonto.pl\/en\/wp-json\/wp\/v2\/product_brand?post=13392"},{"taxonomy":"product_cat","embeddable":true,"href":"https:\/\/swiattest1.dkonto.pl\/en\/wp-json\/wp\/v2\/product_cat?post=13392"},{"taxonomy":"product_tag","embeddable":true,"href":"https:\/\/swiattest1.dkonto.pl\/en\/wp-json\/wp\/v2\/product_tag?post=13392"}],"curies":[{"name":"wp","href":"https:\/\/api.w.org\/{rel}","templated":true}]}}