{"id":13098,"date":"2024-09-30T17:27:04","date_gmt":"2024-09-30T15:27:04","guid":{"rendered":"https:\/\/swiattest1.dkonto.pl\/?post_type=product&#038;p=13098"},"modified":"2026-01-01T04:54:53","modified_gmt":"2026-01-01T03:54:53","slug":"kowbojki-meskie-ariat-oakwood","status":"publish","type":"product","link":"https:\/\/swiattest1.dkonto.pl\/en\/product\/kowbojki-meskie-ariat-oakwood\/","title":{"rendered":"Kowbojki m\u0119skie Ariat Oakwood"},"content":{"rendered":"<table width=\"812.0\" cellspacing=\"0\" cellpadding=\"0\">\n<tbody>\n<tr>\n<td valign=\"bottom\">SIZE UK<\/td>\n<td valign=\"bottom\">6<\/td>\n<td valign=\"bottom\">6.5<\/td>\n<td valign=\"bottom\">7<\/td>\n<td valign=\"bottom\">7.5<\/td>\n<td valign=\"bottom\">8<\/td>\n<td valign=\"bottom\">8.5<\/td>\n<td valign=\"bottom\">9<\/td>\n<td valign=\"bottom\">9.5<\/td>\n<td valign=\"bottom\">10<\/td>\n<td valign=\"bottom\">10.5<\/td>\n<td valign=\"bottom\">11<\/td>\n<td valign=\"bottom\">12<\/td>\n<\/tr>\n<tr>\n<td valign=\"bottom\">SIZE EU<\/td>\n<td valign=\"bottom\">39<\/td>\n<td valign=\"bottom\">40<\/td>\n<td valign=\"bottom\">41<\/td>\n<td valign=\"bottom\">41.5<\/td>\n<td valign=\"bottom\">42<\/td>\n<td valign=\"bottom\">42.5<\/td>\n<td valign=\"bottom\">43<\/td>\n<td valign=\"bottom\">44<\/td>\n<td valign=\"bottom\">44.5<\/td>\n<td valign=\"bottom\">45<\/td>\n<td valign=\"bottom\">46<\/td>\n<td valign=\"bottom\">47<\/td>\n<\/tr>\n<tr>\n<td valign=\"bottom\">SIZE US<\/td>\n<td valign=\"bottom\">7<\/td>\n<td valign=\"bottom\">7.5<\/td>\n<td valign=\"bottom\">8<\/td>\n<td valign=\"bottom\">8.5<\/td>\n<td valign=\"bottom\">9<\/td>\n<td valign=\"bottom\">9.5<\/td>\n<td valign=\"bottom\">10<\/td>\n<td valign=\"bottom\">10.5<\/td>\n<td valign=\"bottom\">11<\/td>\n<td valign=\"bottom\">11.5<\/td>\n<td valign=\"bottom\">12<\/td>\n<td valign=\"bottom\">13<\/td>\n<\/tr>\n<\/tbody>\n<\/table>","protected":false},"excerpt":{"rendered":"<p>Kowbojki m\u0119skie Ariat Oakwood o wzorzystej podeszwie dodaje zabawnego stylu tym butom. Dzi\u0119ki kwadratowemu wyko\u0144czeniu nosk\u00f3w oraz wzorze \u015bciegu wzd\u0142u\u017c 11 calowej cholewki, Oakwood jest wszechstronn\u0105 par\u0105, kt\u00f3r\u0105 mo\u017cna nosi\u0107 na arenie lub na mie\u015bcie.<\/p>\n<ul>\n<li class=\"features-list-item\">ATS\u00ae technology provides ergonomic support on uneven terrain<\/li>\n<li class=\"features-list-item\">Wyjmowana wk\u0142adka amortyzuj\u0105ca<\/li>\n<li class=\"features-list-item\">Clear DuratreadTM podeszwa z unikaln\u0105 grafik\u0105 jest niezwykle trwa\u0142a, a jednocze\u015bnie pozwala na zginanie st\u00f3p<\/li>\n<li class=\"features-list-item\">Pi\u0119ciorz\u0119dowy wz\u00f3r \u015bciegu<\/li>\n<\/ul>\n<p><em>Ariat w\u0142\u0105cza si\u0119 w swoje zaanga\u017cowanie w zarz\u0105dzanie \u015brodowiskiem. Kupuj\u0105c ten produkt, wspierasz odpowiedzialn\u0105 produkcj\u0119 sk\u00f3ry w sk\u00f3rzanych garbarniach certyfikowanych przez grup\u0119 robocz\u0105.<\/em><\/p>\n<p><strong>Features<\/strong><\/p>\n<div id=\"product-size-fit-container\">\n<div class=\"size-and-fit-details\">\n<div class=\"product-size-container\">\n<div class=\"mobile-fluid-padding\">\n<ul class=\"product-size-list\">\n<li class=\"size-list-item\">11&#8243; wysoko\u015b\u0107 cholewki<\/li>\n<li class=\"size-list-item\">1,5&#8243; Wysoko\u015b\u0107 obcasa<\/li>\n<li class=\"size-list-item\">kwadratowe, szerokie wyko\u0144czenie nosk\u00f3w<\/li>\n<\/ul>\n<\/div>\n<\/div>\n<\/div>\n<\/div>\n<p>&nbsp;<\/p>","protected":false},"featured_media":13104,"template":"","meta":{"_acf_changed":false,"site-sidebar-layout":"default","site-content-layout":"","ast-site-content-layout":"default","site-content-style":"default","site-sidebar-style":"default","ast-global-header-display":"","ast-banner-title-visibility":"","ast-main-header-display":"","ast-hfb-above-header-display":"","ast-hfb-below-header-display":"","ast-hfb-mobile-header-display":"","site-post-title":"","ast-breadcrumbs-content":"","ast-featured-img":"","footer-sml-layout":"","ast-disable-related-posts":"","theme-transparent-header-meta":"default","adv-header-id-meta":"","stick-header-meta":"","header-above-stick-meta":"","header-main-stick-meta":"","header-below-stick-meta":"","astra-migrate-meta-layouts":"set","ast-page-background-enabled":"default","ast-page-background-meta":{"desktop":{"background-color":"var(--ast-global-color-4)","background-image":"","background-repeat":"repeat","background-position":"center center","background-size":"auto","background-attachment":"scroll","background-type":"","background-media":"","overlay-type":"","overlay-color":"","overlay-opacity":"","overlay-gradient":""},"tablet":{"background-color":"","background-image":"","background-repeat":"repeat","background-position":"center center","background-size":"auto","background-attachment":"scroll","background-type":"","background-media":"","overlay-type":"","overlay-color":"","overlay-opacity":"","overlay-gradient":""},"mobile":{"background-color":"","background-image":"","background-repeat":"repeat","background-position":"center center","background-size":"auto","background-attachment":"scroll","background-type":"","background-media":"","overlay-type":"","overlay-color":"","overlay-opacity":"","overlay-gradient":""}},"ast-content-background-meta":{"desktop":{"background-color":"var(--ast-global-color-5)","background-image":"","background-repeat":"repeat","background-position":"center center","background-size":"auto","background-attachment":"scroll","background-type":"","background-media":"","overlay-type":"","overlay-color":"","overlay-opacity":"","overlay-gradient":""},"tablet":{"background-color":"var(--ast-global-color-5)","background-image":"","background-repeat":"repeat","background-position":"center center","background-size":"auto","background-attachment":"scroll","background-type":"","background-media":"","overlay-type":"","overlay-color":"","overlay-opacity":"","overlay-gradient":""},"mobile":{"background-color":"var(--ast-global-color-5)","background-image":"","background-repeat":"repeat","background-position":"center center","background-size":"auto","background-attachment":"scroll","background-type":"","background-media":"","overlay-type":"","overlay-color":"","overlay-opacity":"","overlay-gradient":""}}},"product_brand":[],"product_cat":[67,22,65],"product_tag":[],"class_list":{"0":"post-13098","1":"product","2":"type-product","3":"status-publish","4":"has-post-thumbnail","6":"product_cat-meskie","7":"product_cat-jezdziec","8":"product_cat-kowbojki","9":"desktop-align-left","10":"tablet-align-left","11":"mobile-align-left","13":"first","14":"instock","15":"shipping-taxable","16":"purchasable","17":"product-type-variable"},"acf":[],"_links":{"self":[{"href":"https:\/\/swiattest1.dkonto.pl\/en\/wp-json\/wp\/v2\/product\/13098","targetHints":{"allow":["GET"]}}],"collection":[{"href":"https:\/\/swiattest1.dkonto.pl\/en\/wp-json\/wp\/v2\/product"}],"about":[{"href":"https:\/\/swiattest1.dkonto.pl\/en\/wp-json\/wp\/v2\/types\/product"}],"wp:featuredmedia":[{"embeddable":true,"href":"https:\/\/swiattest1.dkonto.pl\/en\/wp-json\/wp\/v2\/media\/13104"}],"wp:attachment":[{"href":"https:\/\/swiattest1.dkonto.pl\/en\/wp-json\/wp\/v2\/media?parent=13098"}],"wp:term":[{"taxonomy":"product_brand","embeddable":true,"href":"https:\/\/swiattest1.dkonto.pl\/en\/wp-json\/wp\/v2\/product_brand?post=13098"},{"taxonomy":"product_cat","embeddable":true,"href":"https:\/\/swiattest1.dkonto.pl\/en\/wp-json\/wp\/v2\/product_cat?post=13098"},{"taxonomy":"product_tag","embeddable":true,"href":"https:\/\/swiattest1.dkonto.pl\/en\/wp-json\/wp\/v2\/product_tag?post=13098"}],"curies":[{"name":"wp","href":"https:\/\/api.w.org\/{rel}","templated":true}]}}