{"id":13038,"date":"2024-09-12T21:10:27","date_gmt":"2024-09-12T19:10:27","guid":{"rendered":"https:\/\/swiattest1.dkonto.pl\/?post_type=product&#038;p=13038"},"modified":"2026-01-09T13:16:12","modified_gmt":"2026-01-09T12:16:12","slug":"kowbojki-ariat-slingshot","status":"publish","type":"product","link":"https:\/\/swiattest1.dkonto.pl\/en\/product\/kowbojki-ariat-slingshot\/","title":{"rendered":"Kowbojki Ariat Slingshot"},"content":{"rendered":"<table style=\"width: 0px;\" width=\"812.0\" cellspacing=\"0\" cellpadding=\"0\">\n<tbody>\n<tr>\n<td style=\"width: 107px;\" valign=\"bottom\">SIZE UK<\/td>\n<td style=\"width: 57px;\" valign=\"bottom\">6<\/td>\n<td style=\"width: 62px;\" valign=\"bottom\">6.5<\/td>\n<td style=\"width: 55px;\" valign=\"bottom\">7<\/td>\n<td style=\"width: 69px;\" valign=\"bottom\">7.5<\/td>\n<td style=\"width: 57px;\" valign=\"bottom\">8<\/td>\n<td style=\"width: 72px;\" valign=\"bottom\">8.5<\/td>\n<td style=\"width: 57px;\" valign=\"bottom\">9<\/td>\n<td style=\"width: 70px;\" valign=\"bottom\">9.5<\/td>\n<td style=\"width: 72px;\" valign=\"bottom\">10<\/td>\n<td style=\"width: 70px;\" valign=\"bottom\">10.5<\/td>\n<\/tr>\n<tr>\n<td style=\"width: 107px;\" valign=\"bottom\">SIZE EU<\/td>\n<td style=\"width: 57px;\" valign=\"bottom\">39<\/td>\n<td style=\"width: 62px;\" valign=\"bottom\">40<\/td>\n<td style=\"width: 55px;\" valign=\"bottom\">41<\/td>\n<td style=\"width: 69px;\" valign=\"bottom\">41.5<\/td>\n<td style=\"width: 57px;\" valign=\"bottom\">42<\/td>\n<td style=\"width: 72px;\" valign=\"bottom\">42.5<\/td>\n<td style=\"width: 57px;\" valign=\"bottom\">43<\/td>\n<td style=\"width: 70px;\" valign=\"bottom\">44<\/td>\n<td style=\"width: 72px;\" valign=\"bottom\">44.5<\/td>\n<td style=\"width: 70px;\" valign=\"bottom\">45<\/td>\n<\/tr>\n<tr>\n<td style=\"width: 107px;\" valign=\"bottom\">SIZE US<\/td>\n<td style=\"width: 57px;\" valign=\"bottom\">7<\/td>\n<td style=\"width: 62px;\" valign=\"bottom\">7.5<\/td>\n<td style=\"width: 55px;\" valign=\"bottom\">8<\/td>\n<td style=\"width: 69px;\" valign=\"bottom\">8.5<\/td>\n<td style=\"width: 57px;\" valign=\"bottom\">9<\/td>\n<td style=\"width: 72px;\" valign=\"bottom\">9.5<\/td>\n<td style=\"width: 57px;\" valign=\"bottom\">10<\/td>\n<td style=\"width: 70px;\" valign=\"bottom\">10.5<\/td>\n<td style=\"width: 72px;\" valign=\"bottom\">11<\/td>\n<td style=\"width: 70px;\" valign=\"bottom\">11.5<\/td>\n<\/tr>\n<\/tbody>\n<\/table>","protected":false},"excerpt":{"rendered":"<p>Kowbojki Ariat Slingshot zosta\u0142y stworzone z now\u0105 podeszw\u0105 wykonan\u0105 z materia\u0142u SMARTLITE\u2122 firmy Huntsman. Ale nie myl lekko\u015bci z mniej trwa\u0142ymi. Ten but jest wytrzyma\u0142y na zu\u017cycie i zapewnia niezawodn\u0105 przyczepno\u015b\u0107 w strzemionach oraz na ranczu.<\/p>\n<div id=\"product-features-container\" class=\"product-accordion-panel collapse show\">\n<div class=\"mobile-fluid-padding\">\n<ul class=\"product-features-list\">\n<li class=\"features-list-item\">ATS\u00ae technology provides ergonomic support on uneven terrain<\/li>\n<li class=\"features-list-item\">Wyjmowana wk\u0142adka zapewnia ca\u0142odniow\u0105 amortyzacj\u0119<\/li>\n<li><span class=\"Y2IQFc\" lang=\"pl\">Slip-resistant, lightweight sole made with SMARTLITE\u2122 material from Huntsman<\/span><\/li>\n<li class=\"features-list-item\"><span class=\"Y2IQFc\" lang=\"pl\">Konstrukcja z podw\u00f3jnym \u015bciegiem<\/span><\/li>\n<li class=\"features-list-item\"><span class=\"Y2IQFc\" lang=\"pl\">Six-row stitch pattern<\/span><\/li>\n<\/ul>\n<p><em>Ariat w\u0142\u0105cza ci\u0119 w swoje zaanga\u017cowanie w zarz\u0105dzanie \u015brodowiskiem. Kupuj\u0105c ten produkt, wspierasz odpowiedzialn\u0105 produkcj\u0119 sk\u00f3ry w sk\u00f3rzanych garbarniach certyfikowanych przez grup\u0119 robocz\u0105.<\/em><\/p>\n<p><strong>Features<\/strong><\/p>\n<ul>\n<li>11\" height<\/li>\n<li>Kwadratowy wyko\u0144czenie nosk\u00f3w<\/li>\n<li>1.5\" heel height<\/li>\n<\/ul>\n<\/div>\n<\/div>","protected":false},"featured_media":13044,"template":"","meta":{"_acf_changed":false,"site-sidebar-layout":"default","site-content-layout":"","ast-site-content-layout":"default","site-content-style":"default","site-sidebar-style":"default","ast-global-header-display":"","ast-banner-title-visibility":"","ast-main-header-display":"","ast-hfb-above-header-display":"","ast-hfb-below-header-display":"","ast-hfb-mobile-header-display":"","site-post-title":"","ast-breadcrumbs-content":"","ast-featured-img":"","footer-sml-layout":"","ast-disable-related-posts":"","theme-transparent-header-meta":"default","adv-header-id-meta":"","stick-header-meta":"","header-above-stick-meta":"","header-main-stick-meta":"","header-below-stick-meta":"","astra-migrate-meta-layouts":"set","ast-page-background-enabled":"default","ast-page-background-meta":{"desktop":{"background-color":"var(--ast-global-color-4)","background-image":"","background-repeat":"repeat","background-position":"center center","background-size":"auto","background-attachment":"scroll","background-type":"","background-media":"","overlay-type":"","overlay-color":"","overlay-opacity":"","overlay-gradient":""},"tablet":{"background-color":"","background-image":"","background-repeat":"repeat","background-position":"center center","background-size":"auto","background-attachment":"scroll","background-type":"","background-media":"","overlay-type":"","overlay-color":"","overlay-opacity":"","overlay-gradient":""},"mobile":{"background-color":"","background-image":"","background-repeat":"repeat","background-position":"center center","background-size":"auto","background-attachment":"scroll","background-type":"","background-media":"","overlay-type":"","overlay-color":"","overlay-opacity":"","overlay-gradient":""}},"ast-content-background-meta":{"desktop":{"background-color":"var(--ast-global-color-5)","background-image":"","background-repeat":"repeat","background-position":"center center","background-size":"auto","background-attachment":"scroll","background-type":"","background-media":"","overlay-type":"","overlay-color":"","overlay-opacity":"","overlay-gradient":""},"tablet":{"background-color":"var(--ast-global-color-5)","background-image":"","background-repeat":"repeat","background-position":"center center","background-size":"auto","background-attachment":"scroll","background-type":"","background-media":"","overlay-type":"","overlay-color":"","overlay-opacity":"","overlay-gradient":""},"mobile":{"background-color":"var(--ast-global-color-5)","background-image":"","background-repeat":"repeat","background-position":"center center","background-size":"auto","background-attachment":"scroll","background-type":"","background-media":"","overlay-type":"","overlay-color":"","overlay-opacity":"","overlay-gradient":""}}},"product_brand":[],"product_cat":[67,22,65],"product_tag":[],"class_list":{"0":"post-13038","1":"product","2":"type-product","3":"status-publish","4":"has-post-thumbnail","6":"product_cat-meskie","7":"product_cat-jezdziec","8":"product_cat-kowbojki","9":"desktop-align-left","10":"tablet-align-left","11":"mobile-align-left","13":"first","14":"instock","15":"shipping-taxable","16":"purchasable","17":"product-type-variable"},"acf":[],"_links":{"self":[{"href":"https:\/\/swiattest1.dkonto.pl\/en\/wp-json\/wp\/v2\/product\/13038","targetHints":{"allow":["GET"]}}],"collection":[{"href":"https:\/\/swiattest1.dkonto.pl\/en\/wp-json\/wp\/v2\/product"}],"about":[{"href":"https:\/\/swiattest1.dkonto.pl\/en\/wp-json\/wp\/v2\/types\/product"}],"wp:featuredmedia":[{"embeddable":true,"href":"https:\/\/swiattest1.dkonto.pl\/en\/wp-json\/wp\/v2\/media\/13044"}],"wp:attachment":[{"href":"https:\/\/swiattest1.dkonto.pl\/en\/wp-json\/wp\/v2\/media?parent=13038"}],"wp:term":[{"taxonomy":"product_brand","embeddable":true,"href":"https:\/\/swiattest1.dkonto.pl\/en\/wp-json\/wp\/v2\/product_brand?post=13038"},{"taxonomy":"product_cat","embeddable":true,"href":"https:\/\/swiattest1.dkonto.pl\/en\/wp-json\/wp\/v2\/product_cat?post=13038"},{"taxonomy":"product_tag","embeddable":true,"href":"https:\/\/swiattest1.dkonto.pl\/en\/wp-json\/wp\/v2\/product_tag?post=13038"}],"curies":[{"name":"wp","href":"https:\/\/api.w.org\/{rel}","templated":true}]}}