{"id":12857,"date":"2024-07-28T20:30:58","date_gmt":"2024-07-28T18:30:58","guid":{"rendered":"https:\/\/swiattest1.dkonto.pl\/?post_type=product&#038;p=12857"},"modified":"2026-01-01T04:54:53","modified_gmt":"2026-01-01T03:54:53","slug":"kapelusz-stetson-rancher-mist-grey-6x","status":"publish","type":"product","link":"https:\/\/swiattest1.dkonto.pl\/en\/product\/kapelusz-stetson-rancher-mist-grey-6x\/","title":{"rendered":"Kapelusz Stetson Rancher Mist Grey 6x"},"content":{"rendered":"<p><strong>To stay up to date with our news, follow us on social media!<\/strong><\/p>\n<p>\u27a1\ufe0f Find us on <a href=\"https:\/\/www.facebook.com\/swiatwesternu\/\" target=\"_blank\" rel=\"noopener\">Facebooku<\/a><\/p>\n<p>\u27a1\ufe0f Find us on <a href=\"https:\/\/www.instagram.com\/swiatwesternu\/\" target=\"_blank\" rel=\"noopener\">Instagramie<\/a><\/p>\n<p>\u27a1\ufe0f Visit our <a href=\"https:\/\/www.google.com\/maps\/place\/%C5%9Awiat+Westernu\/@50.6796006,16.378779,15z\/data=!4m6!3m5!1s0x7eb72780815dcd3:0xbf83922c09cdd3a8!8m2!3d50.6796006!4d16.378779!16s%2Fg%2F11p5nyjpb5?entry=ttu\" target=\"_blank\" rel=\"noopener\">stationary store<\/a><\/p>\n<p>\u27a1\ufe0f<a href=\"https:\/\/swiattest1.dkonto.pl\/en\/kontakt\/\">Contact us!<\/a><\/p>","protected":false},"excerpt":{"rendered":"<p>Kapelusz Stetson Rancher Mist Grey 6x wykonany z filcu to \u015bwietny wyb\u00f3r dla ka\u017cdego kowboja. Kapelusze Stetson s\u0105 znane na ca\u0142ym \u015bwiecie z innowacyjnego stylu western na najwy\u017cszej jako\u015bci kapeluszach kowbojskich. Kapelusze kowbojskie Stetson wyznaczaj\u0105 standard, kt\u00f3remu zaufali kowboje. Ten kapelusz z filcu Stetson ma 5-calow\u0105 koron\u0119 i 4-calowe rondo. Styl: Cattleman. Kapelusz posiada otok sznurkowy z pi\u00f3rami.<\/p>\n<p><strong>Wyprodukowano w USA<\/strong><\/p>\n<ul>\n<li>\u00a0COLOR <strong>Mist Grey <\/strong><\/li>\n<li>JAKO\u015a\u0106: <strong>6X<\/strong><\/li>\n<li>RONDO: <strong>4&#8243;<\/strong><\/li>\n<\/ul>\n<p><strong>ROZMIARY:<\/strong><\/p>\n<ul>\n<li>7 3\/8- <strong>59\u00a0<\/strong><\/li>\n<li>7 1\/4 &#8211;<strong>58<\/strong><\/li>\n<\/ul>\n<p><em>Za\u0142o\u017cona w 1865 roku firma Stetson narodzi\u0142a si\u0119 z ducha westernu i sta\u0142a si\u0119 ameryka\u0144sk\u0105 ikon\u0105. Stetson od ponad 150 lat tworzy wysokiej jako\u015bci produkty, kt\u00f3re s\u0105 stworzone tak, aby przetrwa\u0142y i s\u0105 g\u0142\u0119boko zakorzenione w ameryka\u0144skiej tradycji. Ceni\u0105 sobie przedmioty, kt\u00f3re s\u0105 dobrze wykonane i produkty, kt\u00f3re staj\u0105 si\u0119 lepsze z wiekiem.<\/em><\/p>","protected":false},"featured_media":12859,"template":"","meta":{"_acf_changed":false,"site-sidebar-layout":"default","site-content-layout":"","ast-site-content-layout":"default","site-content-style":"default","site-sidebar-style":"default","ast-global-header-display":"","ast-banner-title-visibility":"","ast-main-header-display":"","ast-hfb-above-header-display":"","ast-hfb-below-header-display":"","ast-hfb-mobile-header-display":"","site-post-title":"","ast-breadcrumbs-content":"","ast-featured-img":"","footer-sml-layout":"","ast-disable-related-posts":"","theme-transparent-header-meta":"default","adv-header-id-meta":"","stick-header-meta":"","header-above-stick-meta":"","header-main-stick-meta":"","header-below-stick-meta":"","astra-migrate-meta-layouts":"set","ast-page-background-enabled":"default","ast-page-background-meta":{"desktop":{"background-color":"var(--ast-global-color-4)","background-image":"","background-repeat":"repeat","background-position":"center center","background-size":"auto","background-attachment":"scroll","background-type":"","background-media":"","overlay-type":"","overlay-color":"","overlay-opacity":"","overlay-gradient":""},"tablet":{"background-color":"","background-image":"","background-repeat":"repeat","background-position":"center center","background-size":"auto","background-attachment":"scroll","background-type":"","background-media":"","overlay-type":"","overlay-color":"","overlay-opacity":"","overlay-gradient":""},"mobile":{"background-color":"","background-image":"","background-repeat":"repeat","background-position":"center center","background-size":"auto","background-attachment":"scroll","background-type":"","background-media":"","overlay-type":"","overlay-color":"","overlay-opacity":"","overlay-gradient":""}},"ast-content-background-meta":{"desktop":{"background-color":"var(--ast-global-color-5)","background-image":"","background-repeat":"repeat","background-position":"center center","background-size":"auto","background-attachment":"scroll","background-type":"","background-media":"","overlay-type":"","overlay-color":"","overlay-opacity":"","overlay-gradient":""},"tablet":{"background-color":"var(--ast-global-color-5)","background-image":"","background-repeat":"repeat","background-position":"center center","background-size":"auto","background-attachment":"scroll","background-type":"","background-media":"","overlay-type":"","overlay-color":"","overlay-opacity":"","overlay-gradient":""},"mobile":{"background-color":"var(--ast-global-color-5)","background-image":"","background-repeat":"repeat","background-position":"center center","background-size":"auto","background-attachment":"scroll","background-type":"","background-media":"","overlay-type":"","overlay-color":"","overlay-opacity":"","overlay-gradient":""}}},"product_brand":[],"product_cat":[64,22],"product_tag":[],"class_list":{"0":"post-12857","1":"product","2":"type-product","3":"status-publish","4":"has-post-thumbnail","6":"product_cat-kapelusze","7":"product_cat-jezdziec","8":"desktop-align-left","9":"tablet-align-left","10":"mobile-align-left","12":"first","13":"instock","14":"shipping-taxable","15":"purchasable","16":"product-type-variable"},"acf":[],"_links":{"self":[{"href":"https:\/\/swiattest1.dkonto.pl\/en\/wp-json\/wp\/v2\/product\/12857","targetHints":{"allow":["GET"]}}],"collection":[{"href":"https:\/\/swiattest1.dkonto.pl\/en\/wp-json\/wp\/v2\/product"}],"about":[{"href":"https:\/\/swiattest1.dkonto.pl\/en\/wp-json\/wp\/v2\/types\/product"}],"wp:featuredmedia":[{"embeddable":true,"href":"https:\/\/swiattest1.dkonto.pl\/en\/wp-json\/wp\/v2\/media\/12859"}],"wp:attachment":[{"href":"https:\/\/swiattest1.dkonto.pl\/en\/wp-json\/wp\/v2\/media?parent=12857"}],"wp:term":[{"taxonomy":"product_brand","embeddable":true,"href":"https:\/\/swiattest1.dkonto.pl\/en\/wp-json\/wp\/v2\/product_brand?post=12857"},{"taxonomy":"product_cat","embeddable":true,"href":"https:\/\/swiattest1.dkonto.pl\/en\/wp-json\/wp\/v2\/product_cat?post=12857"},{"taxonomy":"product_tag","embeddable":true,"href":"https:\/\/swiattest1.dkonto.pl\/en\/wp-json\/wp\/v2\/product_tag?post=12857"}],"curies":[{"name":"wp","href":"https:\/\/api.w.org\/{rel}","templated":true}]}}