{"id":12748,"date":"2024-07-25T11:18:55","date_gmt":"2024-07-25T09:18:55","guid":{"rendered":"https:\/\/swiattest1.dkonto.pl\/?post_type=product&#038;p=12748"},"modified":"2026-01-02T13:29:18","modified_gmt":"2026-01-02T12:29:18","slug":"oglowie-western-red-flo-wild-o-west","status":"publish","type":"product","link":"https:\/\/swiattest1.dkonto.pl\/en\/product\/oglowie-western-red-flo-wild-o-west\/","title":{"rendered":"Og\u0142owie western Red Flo Wild O West"},"content":{"rendered":"<p><strong>To stay up to date with our news, follow us on social media!<\/strong><\/p>\n<p>\u27a1\ufe0f Find us on <a href=\"https:\/\/www.facebook.com\/swiatwesternu\/\" target=\"_blank\" rel=\"noopener\">Facebooku<\/a><\/p>\n<p>\u27a1\ufe0f Find us on <a href=\"https:\/\/www.instagram.com\/swiatwesternu\/\" target=\"_blank\" rel=\"noopener\">Instagramie<\/a><\/p>\n<p>\u27a1\ufe0f Visit our <a href=\"https:\/\/www.google.com\/maps\/place\/%C5%9Awiat+Westernu\/@50.6796006,16.378779,15z\/data=!4m6!3m5!1s0x7eb72780815dcd3:0xbf83922c09cdd3a8!8m2!3d50.6796006!4d16.378779!16s%2Fg%2F11p5nyjpb5?entry=ttu\" target=\"_blank\" rel=\"noopener\">stationary store<\/a><\/p>\n<p>\u27a1\ufe0f<a href=\"https:\/\/swiattest1.dkonto.pl\/en\/kontakt\/\">Contact us!<\/a><\/p>","protected":false},"excerpt":{"rendered":"<p>Og\u0142owie western Red Flo Wild O West\u00a0wykonane zosta\u0142o ze sk\u00f3ry w USA, mo\u017cliwo\u015b\u0107 du\u017cej regulacji z obu stron. Posiada akcenty z koralik\u00f3w na nacz\u00f3\u0142ku oraz paskach policzkowych.<\/p>\n<ul>\n<li>Color: brown<\/li>\n<li>Regulacja z obu stron<\/li>\n<li>Akcenty z koralik\u00f3w na nacz\u00f3\u0142ku oraz paskach policzkowych<\/li>\n<li>Ozdobne mocowania do w\u0119dzid\u0142a<\/li>\n<li>Wyprodukowane w USA<\/li>\n<\/ul>\n<p><strong>Rozmiar og\u0142owia to: cob\/full<\/strong><\/p>","protected":false},"featured_media":12749,"template":"","meta":{"_acf_changed":false,"site-sidebar-layout":"default","site-content-layout":"","ast-site-content-layout":"default","site-content-style":"default","site-sidebar-style":"default","ast-global-header-display":"","ast-banner-title-visibility":"","ast-main-header-display":"","ast-hfb-above-header-display":"","ast-hfb-below-header-display":"","ast-hfb-mobile-header-display":"","site-post-title":"","ast-breadcrumbs-content":"","ast-featured-img":"","footer-sml-layout":"","ast-disable-related-posts":"","theme-transparent-header-meta":"default","adv-header-id-meta":"","stick-header-meta":"","header-above-stick-meta":"","header-main-stick-meta":"","header-below-stick-meta":"","astra-migrate-meta-layouts":"set","ast-page-background-enabled":"default","ast-page-background-meta":{"desktop":{"background-color":"var(--ast-global-color-4)","background-image":"","background-repeat":"repeat","background-position":"center center","background-size":"auto","background-attachment":"scroll","background-type":"","background-media":"","overlay-type":"","overlay-color":"","overlay-opacity":"","overlay-gradient":""},"tablet":{"background-color":"","background-image":"","background-repeat":"repeat","background-position":"center center","background-size":"auto","background-attachment":"scroll","background-type":"","background-media":"","overlay-type":"","overlay-color":"","overlay-opacity":"","overlay-gradient":""},"mobile":{"background-color":"","background-image":"","background-repeat":"repeat","background-position":"center center","background-size":"auto","background-attachment":"scroll","background-type":"","background-media":"","overlay-type":"","overlay-color":"","overlay-opacity":"","overlay-gradient":""}},"ast-content-background-meta":{"desktop":{"background-color":"var(--ast-global-color-5)","background-image":"","background-repeat":"repeat","background-position":"center center","background-size":"auto","background-attachment":"scroll","background-type":"","background-media":"","overlay-type":"","overlay-color":"","overlay-opacity":"","overlay-gradient":""},"tablet":{"background-color":"var(--ast-global-color-5)","background-image":"","background-repeat":"repeat","background-position":"center center","background-size":"auto","background-attachment":"scroll","background-type":"","background-media":"","overlay-type":"","overlay-color":"","overlay-opacity":"","overlay-gradient":""},"mobile":{"background-color":"var(--ast-global-color-5)","background-image":"","background-repeat":"repeat","background-position":"center center","background-size":"auto","background-attachment":"scroll","background-type":"","background-media":"","overlay-type":"","overlay-color":"","overlay-opacity":"","overlay-gradient":""}}},"product_brand":[],"product_cat":[128,21,30],"product_tag":[],"class_list":{"0":"post-12748","1":"product","2":"type-product","3":"status-publish","4":"has-post-thumbnail","6":"product_cat-oglowia","7":"product_cat-kon","8":"product_cat-oglowie","9":"desktop-align-left","10":"tablet-align-left","11":"mobile-align-left","13":"first","14":"instock","15":"shipping-taxable","16":"purchasable","17":"product-type-simple"},"acf":[],"_links":{"self":[{"href":"https:\/\/swiattest1.dkonto.pl\/en\/wp-json\/wp\/v2\/product\/12748","targetHints":{"allow":["GET"]}}],"collection":[{"href":"https:\/\/swiattest1.dkonto.pl\/en\/wp-json\/wp\/v2\/product"}],"about":[{"href":"https:\/\/swiattest1.dkonto.pl\/en\/wp-json\/wp\/v2\/types\/product"}],"wp:featuredmedia":[{"embeddable":true,"href":"https:\/\/swiattest1.dkonto.pl\/en\/wp-json\/wp\/v2\/media\/12749"}],"wp:attachment":[{"href":"https:\/\/swiattest1.dkonto.pl\/en\/wp-json\/wp\/v2\/media?parent=12748"}],"wp:term":[{"taxonomy":"product_brand","embeddable":true,"href":"https:\/\/swiattest1.dkonto.pl\/en\/wp-json\/wp\/v2\/product_brand?post=12748"},{"taxonomy":"product_cat","embeddable":true,"href":"https:\/\/swiattest1.dkonto.pl\/en\/wp-json\/wp\/v2\/product_cat?post=12748"},{"taxonomy":"product_tag","embeddable":true,"href":"https:\/\/swiattest1.dkonto.pl\/en\/wp-json\/wp\/v2\/product_tag?post=12748"}],"curies":[{"name":"wp","href":"https:\/\/api.w.org\/{rel}","templated":true}]}}