{"id":12453,"date":"2024-06-07T15:51:55","date_gmt":"2024-06-07T13:51:55","guid":{"rendered":"https:\/\/swiattest1.dkonto.pl\/?post_type=product&#038;p=12453"},"modified":"2026-01-28T17:10:07","modified_gmt":"2026-01-28T16:10:07","slug":"derka-zimowa-padokowa-150g-1200d-black","status":"publish","type":"product","link":"https:\/\/swiattest1.dkonto.pl\/en\/product\/derka-zimowa-padokowa-150g-1200d-black\/","title":{"rendered":"Derka zimowa padokowa 150g 1200D Black"},"content":{"rendered":"<p><strong>To stay up to date with our news, follow us on social media!<\/strong><\/p>\n<p>\u27a1\ufe0f Find us on <a href=\"https:\/\/www.facebook.com\/swiatwesternu\/\" target=\"_blank\" rel=\"noopener\">Facebooku<\/a><\/p>\n<p>\u27a1\ufe0f Find us on <a href=\"https:\/\/www.instagram.com\/swiatwesternu\/\" target=\"_blank\" rel=\"noopener\">Instagramie<\/a><\/p>\n<p>\u27a1\ufe0f<a href=\"https:\/\/swiattest1.dkonto.pl\/en\/kontakt\/\">Contact us!<\/a><\/p>","protected":false},"excerpt":{"rendered":"<p>Derka zimowa padokowa 150g 1200D Black\u00a0to \u015bwietna derka dla Twojego konia.<\/p>\n<h5 style=\"text-align: center;\"><span style=\"color: #ff0000;\"><strong>Promocja: Kup dwie derki zimowe a trzecia tylko za 129 z\u0142!<\/strong><\/span><\/h5>\n<p>&nbsp;<\/p>\n<p>Bardzo dobrej jako\u015bci, ciep\u0142a derka zimowa dla Twojego konia, zapewnia komfort cieplny podczas ch\u0142odniejszych dni.\u00a0 Z przodu szerokie zapi\u0119cie na rzep oraz dwa paski zako\u0144czone karabi\u0144czykami. Wytrzyma\u0142a tkanina <strong>1200D<\/strong> jest odporna na wiatr, deszcz i \u015bnieg. Derka \u015bwietnie sprawdzi si\u0119 w przypadku koni sp\u0119dzaj\u0105cych du\u017co czasu na \u015bwie\u017cym powietrzu. Podszewka jest wykonana z materia\u0142u, kt\u00f3ry nie wyciera sier\u015bci a wyci\u0119ty k\u0142\u0105b zapewnia ochron\u0119 dla grzywy oraz nie wywiera ucisku. W naszej ofercie znajdziesz r\u00f3wnie\u017c derki zimowe o wype\u0142nieniu 300g w zestawie z kapturem, kt\u00f3ry pasuje r\u00f3wnie\u017c do tej derki!<\/p>\n<p>Gruba i ciep\u0142a derka zimowa o wype\u0142nieniu 150g idealna na ch\u0142odniejsze dni.<\/p>\n<ul>\n<li>Derka z wype\u0142nieniem <strong>1<\/strong>5<strong>0g <\/strong>zapewnia\u00a0d\u0142ugotrwa\u0142e utrzymanie ciep\u0142a<\/li>\n<li>Od wewn\u0105trz g\u0142adka podszewka dla ochrony przed wycieraniem sier\u015bci<\/li>\n<li>Wy\u015bci\u00f3\u0142ka wodoodporna, oddychaj\u0105ca i wiatroszczelna<\/li>\n<li>Wytrzyma\u0142y materia\u0142 typu Ripstop o grubo\u015bci <strong>1200D<\/strong><\/li>\n<li>Ameryka\u0144ski kr\u00f3j<\/li>\n<li>Zapi\u0119cia obrotowe<\/li>\n<li>Regulowane zapi\u0119cie z przodu na rzep i 2 paski<\/li>\n<li>1 pas pod brzuchem, 2 paski na zadnie nogi, klapa na ogon<\/li>\n<li>Anatomiczny kszta\u0142t na k\u0142\u0119bie zapobiegaj\u0105cy uciskowi oraz chroni\u0105cy przed wycieraniem grzywy<\/li>\n<\/ul>\n<p><span style=\"text-decoration: underline;\">Derka dost\u0119pna w trzech kolorach:<\/span><\/p>\n<ul>\n<li>Navy<\/li>\n<li>Br\u0105zowy<\/li>\n<li>Czarny<\/li>\n<\/ul>","protected":false},"featured_media":12383,"template":"","meta":{"_acf_changed":false,"site-sidebar-layout":"default","site-content-layout":"","ast-site-content-layout":"default","site-content-style":"default","site-sidebar-style":"default","ast-global-header-display":"","ast-banner-title-visibility":"","ast-main-header-display":"","ast-hfb-above-header-display":"","ast-hfb-below-header-display":"","ast-hfb-mobile-header-display":"","site-post-title":"","ast-breadcrumbs-content":"","ast-featured-img":"","footer-sml-layout":"","ast-disable-related-posts":"","theme-transparent-header-meta":"default","adv-header-id-meta":"","stick-header-meta":"","header-above-stick-meta":"","header-main-stick-meta":"","header-below-stick-meta":"","astra-migrate-meta-layouts":"set","ast-page-background-enabled":"default","ast-page-background-meta":{"desktop":{"background-color":"var(--ast-global-color-4)","background-image":"","background-repeat":"repeat","background-position":"center center","background-size":"auto","background-attachment":"scroll","background-type":"","background-media":"","overlay-type":"","overlay-color":"","overlay-opacity":"","overlay-gradient":""},"tablet":{"background-color":"","background-image":"","background-repeat":"repeat","background-position":"center center","background-size":"auto","background-attachment":"scroll","background-type":"","background-media":"","overlay-type":"","overlay-color":"","overlay-opacity":"","overlay-gradient":""},"mobile":{"background-color":"","background-image":"","background-repeat":"repeat","background-position":"center center","background-size":"auto","background-attachment":"scroll","background-type":"","background-media":"","overlay-type":"","overlay-color":"","overlay-opacity":"","overlay-gradient":""}},"ast-content-background-meta":{"desktop":{"background-color":"var(--ast-global-color-5)","background-image":"","background-repeat":"repeat","background-position":"center center","background-size":"auto","background-attachment":"scroll","background-type":"","background-media":"","overlay-type":"","overlay-color":"","overlay-opacity":"","overlay-gradient":""},"tablet":{"background-color":"var(--ast-global-color-5)","background-image":"","background-repeat":"repeat","background-position":"center center","background-size":"auto","background-attachment":"scroll","background-type":"","background-media":"","overlay-type":"","overlay-color":"","overlay-opacity":"","overlay-gradient":""},"mobile":{"background-color":"var(--ast-global-color-5)","background-image":"","background-repeat":"repeat","background-position":"center center","background-size":"auto","background-attachment":"scroll","background-type":"","background-media":"","overlay-type":"","overlay-color":"","overlay-opacity":"","overlay-gradient":""}}},"product_brand":[],"product_cat":[229,21],"product_tag":[],"class_list":{"0":"post-12453","1":"product","2":"type-product","3":"status-publish","4":"has-post-thumbnail","6":"product_cat-derki","7":"product_cat-kon","8":"desktop-align-left","9":"tablet-align-left","10":"mobile-align-left","12":"first","13":"instock","14":"sale","15":"shipping-taxable","16":"purchasable","17":"product-type-variable"},"acf":[],"_links":{"self":[{"href":"https:\/\/swiattest1.dkonto.pl\/en\/wp-json\/wp\/v2\/product\/12453","targetHints":{"allow":["GET"]}}],"collection":[{"href":"https:\/\/swiattest1.dkonto.pl\/en\/wp-json\/wp\/v2\/product"}],"about":[{"href":"https:\/\/swiattest1.dkonto.pl\/en\/wp-json\/wp\/v2\/types\/product"}],"wp:featuredmedia":[{"embeddable":true,"href":"https:\/\/swiattest1.dkonto.pl\/en\/wp-json\/wp\/v2\/media\/12383"}],"wp:attachment":[{"href":"https:\/\/swiattest1.dkonto.pl\/en\/wp-json\/wp\/v2\/media?parent=12453"}],"wp:term":[{"taxonomy":"product_brand","embeddable":true,"href":"https:\/\/swiattest1.dkonto.pl\/en\/wp-json\/wp\/v2\/product_brand?post=12453"},{"taxonomy":"product_cat","embeddable":true,"href":"https:\/\/swiattest1.dkonto.pl\/en\/wp-json\/wp\/v2\/product_cat?post=12453"},{"taxonomy":"product_tag","embeddable":true,"href":"https:\/\/swiattest1.dkonto.pl\/en\/wp-json\/wp\/v2\/product_tag?post=12453"}],"curies":[{"name":"wp","href":"https:\/\/api.w.org\/{rel}","templated":true}]}}