{"id":12183,"date":"2024-04-28T10:36:58","date_gmt":"2024-04-28T08:36:58","guid":{"rendered":"https:\/\/swiattest1.dkonto.pl\/?post_type=product&#038;p=12183"},"modified":"2024-12-13T12:37:27","modified_gmt":"2024-12-13T11:37:27","slug":"masazer-equissage-pulse-professional","status":"publish","type":"product","link":"https:\/\/swiattest1.dkonto.pl\/en\/product\/masazer-equissage-pulse-professional\/","title":{"rendered":"Masa\u017cer Equissage Pulse Professional"},"content":{"rendered":"<h6><span style=\"text-decoration: underline;\">Wi\u0119cej informacji na temat tego urz\u0105dzenia znajdziesz tutaj:<\/span><\/h6>\n<p>&nbsp;<\/p>\n<ul>\n<li><a href=\"https:\/\/swiattest1.dkonto.pl\/en\/produkt-niagara\/\">PRODUKT<\/a><\/li>\n<li><a href=\"https:\/\/swiattest1.dkonto.pl\/en\/jak-to-dziala\/\">HOW IT WORKS<\/a><\/li>\n<li><a href=\"https:\/\/swiattest1.dkonto.pl\/en\/zastosowanie\/\">ZASTOSOWANIE<\/a><\/li>\n<li><a href=\"https:\/\/swiattest1.dkonto.pl\/en\/niagara-equssage-pulse-zalety\/\">ZALETY<\/a><\/li>\n<li><a href=\"https:\/\/swiattest1.dkonto.pl\/en\/zestawy-produktow\/\">PRODUCT SETS<\/a><\/li>\n<\/ul>\n<p><strong>Dost\u0119pne s\u0105 r\u00f3wnie\u017c inne zestawy tego produktu, sprawd\u017a w zak\u0142adce zestawy produkt\u00f3w<\/strong><\/p>","protected":false},"excerpt":{"rendered":"<p>Masa\u017cer Equissage Pulse Professional Digital nie jest przeznaczony tylko dla koni kontuzjowanych, u\u017cywany codziennie mo\u017ce utrzyma\u0107 wydajno\u015b\u0107 Twojego konia bez wzgl\u0119du na dyscyplin\u0119, Equissage Pulse pozytywnie wp\u0142ynie na czas sp\u0119dzony z Twoim koniem, zapewniaj\u0105c maksymalne wykorzystanie ka\u017cdej minuty. Cyfrowy pad Equissage Pulse posiada certyfikat. Profesjonalny masa\u017c dla koni!<\/p>\n<p class=\"font_8\"><span class=\"color_15\">Zastosowanie tr\u00f3jwymiarowej techniki zwanej wibracjami cykloidalnymi. Wykorzystuje metod\u0119, kt\u00f3ra obraca si\u0119 i pulsuje od \u015brodka w ruchu wirowym, wibruj\u0105c we wszystkich kierunkach, aby uzyska\u0107 optymalne korzy\u015bci, nie powoduj\u0105c \u017cadnych skutk\u00f3w ubocznych.<\/span><\/p>\n<div data-mesh-id=\"comp-kmc0rtd1-rotated-wrapper\">\n<div id=\"comp-kmc0rtd1\" class=\"animating-screenIn-exit\" data-angle=\"270\" data-angle-style-location=\"style\">\n<div class=\"_36XXs _3Qjwl\" data-testid=\"svgRoot-comp-kmc0rtd1\">Niagara Equissage Pulse\u00ae Digital nale\u017cy do brytyjskiej firmy (za\u0142o\u017conej w 1965 r.), kt\u00f3ra po\u015bwi\u0119ci\u0142a dziesi\u0119ciolecia na opracowywanie mo\u017cliwie najwy\u017cszej jako\u015bci urz\u0105dze\u0144 NHC Cyclo-Therapy\u00ae. Badania kliniczne wykaza\u0142y, \u017ce produkty cykloidalno-wibracyjne NHC Cyclo-Therapy\u00ae poprawiaj\u0105 przep\u0142yw krwi, \u0142agodzi b\u00f3l mi\u0119\u015bni\/staw\u00f3w, wspomaga gojenie i poprawia ruchomo\u015b\u0107 staw\u00f3w. <span style=\"font-size: 16px;\">Najlepsi trenerzy koni, je\u017ad\u017acy, zawodnicy i terapeuci korzystaj\u0105 z Niagara Equissage w ka\u017cdej dyscyplinie!<\/span><\/div>\n<div data-testid=\"svgRoot-comp-kmc0rtd1\"><strong>Dost\u0119py w 4 kolorach:<\/strong><\/div>\n<div data-testid=\"svgRoot-comp-kmc0rtd1\">\n<ul>\n<li data-testid=\"svgRoot-comp-kmc0rtd1\">Plum Pink<\/li>\n<li data-testid=\"svgRoot-comp-kmc0rtd1\">Red Blue<\/li>\n<li data-testid=\"svgRoot-comp-kmc0rtd1\">Black Gold<\/li>\n<li data-testid=\"svgRoot-comp-kmc0rtd1\">Blue Gold<\/li>\n<\/ul>\n<\/div>\n<h6 class=\"_36XXs _3Qjwl\" data-testid=\"svgRoot-comp-kmc0rtd1\"><span style=\"font-size: 17.6px; text-decoration-line: underline;\">Zestaw Professional Niagara Equissage Pulse zawiera:<\/span><\/h6>\n<\/div>\n<\/div>\n<ul>\n<li>1 pad Equissage Pulse<\/li>\n<li>3 akumulatory litowo-jonowe Equissage Pulse<\/li>\n<li>2 \u0142adowarka Equissage Pulse EU<\/li>\n<li>2 zasilane bateryjnie urz\u0105dzenia r\u0119czne Equissage<\/li>\n<li>2 ochraniacz na nog\u0119<\/li>\n<li>1 kabel rozga\u0142\u0119\u017any<\/li>\n<li>Torba transportowa Equissage Pulse<\/li>\n<li>Podr\u0119cznik Equissage i instrukcje u\u017cytkowania w j\u0119zyku angielskim<\/li>\n<\/ul>\n<h3>Cena zestawu profesjonalnego: \u20ac 4833,95<\/h3>\n<p><span style=\"text-decoration: underline;\">*Podana cena jest cen\u0105 w Euro<\/span><\/p>\n<p><span style=\"text-decoration: underline;\"><strong>Cena, kt\u00f3ra jest podana w PLN jest tylko cen\u0105 orientacyjn\u0105, faktyczna cena uzale\u017cniona jest od aktualnego kursu Euro.<\/strong><\/span><\/p>","protected":false},"featured_media":12184,"template":"","meta":{"_acf_changed":false,"site-sidebar-layout":"default","site-content-layout":"","ast-site-content-layout":"default","site-content-style":"default","site-sidebar-style":"default","ast-global-header-display":"","ast-banner-title-visibility":"","ast-main-header-display":"","ast-hfb-above-header-display":"","ast-hfb-below-header-display":"","ast-hfb-mobile-header-display":"","site-post-title":"","ast-breadcrumbs-content":"","ast-featured-img":"","footer-sml-layout":"","ast-disable-related-posts":"","theme-transparent-header-meta":"default","adv-header-id-meta":"","stick-header-meta":"","header-above-stick-meta":"","header-main-stick-meta":"","header-below-stick-meta":"","astra-migrate-meta-layouts":"set","ast-page-background-enabled":"default","ast-page-background-meta":{"desktop":{"background-color":"var(--ast-global-color-4)","background-image":"","background-repeat":"repeat","background-position":"center center","background-size":"auto","background-attachment":"scroll","background-type":"","background-media":"","overlay-type":"","overlay-color":"","overlay-opacity":"","overlay-gradient":""},"tablet":{"background-color":"","background-image":"","background-repeat":"repeat","background-position":"center center","background-size":"auto","background-attachment":"scroll","background-type":"","background-media":"","overlay-type":"","overlay-color":"","overlay-opacity":"","overlay-gradient":""},"mobile":{"background-color":"","background-image":"","background-repeat":"repeat","background-position":"center center","background-size":"auto","background-attachment":"scroll","background-type":"","background-media":"","overlay-type":"","overlay-color":"","overlay-opacity":"","overlay-gradient":""}},"ast-content-background-meta":{"desktop":{"background-color":"var(--ast-global-color-5)","background-image":"","background-repeat":"repeat","background-position":"center center","background-size":"auto","background-attachment":"scroll","background-type":"","background-media":"","overlay-type":"","overlay-color":"","overlay-opacity":"","overlay-gradient":""},"tablet":{"background-color":"var(--ast-global-color-5)","background-image":"","background-repeat":"repeat","background-position":"center center","background-size":"auto","background-attachment":"scroll","background-type":"","background-media":"","overlay-type":"","overlay-color":"","overlay-opacity":"","overlay-gradient":""},"mobile":{"background-color":"var(--ast-global-color-5)","background-image":"","background-repeat":"repeat","background-position":"center center","background-size":"auto","background-attachment":"scroll","background-type":"","background-media":"","overlay-type":"","overlay-color":"","overlay-opacity":"","overlay-gradient":""}}},"product_brand":[],"product_cat":[61,63,21,60],"product_tag":[],"class_list":{"0":"post-12183","1":"product","2":"type-product","3":"status-publish","4":"has-post-thumbnail","6":"product_cat-pielegnacja_konia","7":"product_cat-akcesoria","8":"product_cat-kon","9":"product_cat-pielegnacja","10":"desktop-align-left","11":"tablet-align-left","12":"mobile-align-left","14":"first","15":"instock","16":"shipping-taxable","17":"product-type-simple"},"acf":[],"_links":{"self":[{"href":"https:\/\/swiattest1.dkonto.pl\/en\/wp-json\/wp\/v2\/product\/12183","targetHints":{"allow":["GET"]}}],"collection":[{"href":"https:\/\/swiattest1.dkonto.pl\/en\/wp-json\/wp\/v2\/product"}],"about":[{"href":"https:\/\/swiattest1.dkonto.pl\/en\/wp-json\/wp\/v2\/types\/product"}],"wp:featuredmedia":[{"embeddable":true,"href":"https:\/\/swiattest1.dkonto.pl\/en\/wp-json\/wp\/v2\/media\/12184"}],"wp:attachment":[{"href":"https:\/\/swiattest1.dkonto.pl\/en\/wp-json\/wp\/v2\/media?parent=12183"}],"wp:term":[{"taxonomy":"product_brand","embeddable":true,"href":"https:\/\/swiattest1.dkonto.pl\/en\/wp-json\/wp\/v2\/product_brand?post=12183"},{"taxonomy":"product_cat","embeddable":true,"href":"https:\/\/swiattest1.dkonto.pl\/en\/wp-json\/wp\/v2\/product_cat?post=12183"},{"taxonomy":"product_tag","embeddable":true,"href":"https:\/\/swiattest1.dkonto.pl\/en\/wp-json\/wp\/v2\/product_tag?post=12183"}],"curies":[{"name":"wp","href":"https:\/\/api.w.org\/{rel}","templated":true}]}}