{"id":12055,"date":"2024-05-04T11:59:36","date_gmt":"2024-05-04T09:59:36","guid":{"rendered":"https:\/\/swiattest1.dkonto.pl\/?post_type=product&#038;p=12055"},"modified":"2024-12-13T12:19:17","modified_gmt":"2024-12-13T11:19:17","slug":"siodlo-western-bobs-custom-fappani","status":"publish","type":"product","link":"https:\/\/swiattest1.dkonto.pl\/en\/product\/siodlo-western-bobs-custom-fappani\/","title":{"rendered":"Siod\u0142o western Bob&#8217;s Custom Fappani"},"content":{"rendered":"<p><strong>JESTE\u015a ZAINTERESOWANY ZAKUPEM SIOD\u0141A &#8211; SKONTAKTUJ SI\u0118 Z NAMI: <\/strong><\/p>\n<p><strong>\u260e\ufe0f\u00a0+48 <\/strong><strong>789 175 970, ? <\/strong><a title=\"CONTACT\" href=\"https:\/\/swiattest1.dkonto.pl\/en\/kontakt\/\"><strong>kontakt@swiattest1.dkonto.pl<\/strong><\/a><\/p>\n<p><strong>To stay up to date with our news, follow us on social media!<\/strong><\/p>\n<p>\u27a1\ufe0f Find us on <a href=\"https:\/\/www.facebook.com\/swiatwesternu\/\" target=\"_blank\" rel=\"noopener\">Facebooku<\/a><\/p>\n<p>\u27a1\ufe0f Find us on <a href=\"https:\/\/www.instagram.com\/swiatwesternu\/\" target=\"_blank\" rel=\"noopener\">Instagramie<\/a><\/p>\n<p>\u27a1\ufe0f Visit our <a href=\"https:\/\/www.google.com\/maps\/place\/%C5%9Awiat+Westernu\/@50.6796006,16.378779,15z\/data=!4m6!3m5!1s0x7eb72780815dcd3:0xbf83922c09cdd3a8!8m2!3d50.6796006!4d16.378779!16s%2Fg%2F11p5nyjpb5?entry=ttu\" target=\"_blank\" rel=\"noopener\">stationary store<\/a><\/p>\n<p>\u27a1\ufe0f<a href=\"https:\/\/swiattest1.dkonto.pl\/en\/kontakt\/\">Contact us!<\/a><\/p>","protected":false},"excerpt":{"rendered":"<p><strong>Siod\u0142o western Bob&#8217;s Custom Fappani\u00a0<\/strong>AF Reiner z podw\u00f3jnie wy\u015bcie\u0142anym siedziskiem AF oraz wzorem basket. Siod\u0142a marki Bob&#8217;s Custom Saddles to najwy\u017csza p\u00f3\u0142ka w\u015br\u00f3d siode\u0142 westernowych, s\u0105 cenione przez je\u017ad\u017ac\u00f3w za jako\u015b\u0107 ich wykonania na ca\u0142ym \u015bwiecie. Siod\u0142a Bob&#8217;s s\u0105 wykonane r\u0119cznie z najwy\u017cszej jako\u015bci dost\u0119pnych surowc\u00f3w. Ka\u017cde siod\u0142o jest r\u0119cznie sprawdzane pod k\u0105tem wykonania. Bob&#8217;s Custom Saddles od 40 lat produkuje wysokiej jako\u015bci siod\u0142a.<\/p>\n<ul data-rte-list=\"default\">\n<li>\n<p class=\"\">Terlica: AF, rozmiar FQH<\/p>\n<\/li>\n<li>\n<p class=\"\">Seat size: 16\u2033<\/p>\n<\/li>\n<li>\n<p class=\"\">Sk\u00f3ra: HERMANN OAK LEATHER<\/p>\n<\/li>\n<li>\n<p class=\"\">Podw\u00f3jnie wy\u015bcie\u0142ane siedzisko AF<\/p>\n<\/li>\n<li>\n<p class=\"\">Kolor siedziska: Czarny<\/p>\n<\/li>\n<li>\n<p class=\"\">Wz\u00f3r: Basket<\/p>\n<\/li>\n<li>\n<p class=\"\">Kolor: \u015aredni olej<\/p>\n<\/li>\n<li>\n<p class=\"\">Styl Conchos: West Coast<\/p>\n<\/li>\n<\/ul>\n<h6>Cena siod\u0142a: 6850\u20ac<\/h6>\n<p><span style=\"text-decoration: underline;\">*<em>Cena podana jest w Euro<\/em><\/span><\/p>\n<p>Cena w PLN jest orientacyjn\u0105 cen\u0105. W\u0142a\u015bciwa cena jest podana w Euro.<\/p>","protected":false},"featured_media":12062,"template":"","meta":{"_acf_changed":false,"site-sidebar-layout":"default","site-content-layout":"","ast-site-content-layout":"default","site-content-style":"default","site-sidebar-style":"default","ast-global-header-display":"","ast-banner-title-visibility":"","ast-main-header-display":"","ast-hfb-above-header-display":"","ast-hfb-below-header-display":"","ast-hfb-mobile-header-display":"","site-post-title":"","ast-breadcrumbs-content":"","ast-featured-img":"","footer-sml-layout":"","ast-disable-related-posts":"","theme-transparent-header-meta":"default","adv-header-id-meta":"","stick-header-meta":"","header-above-stick-meta":"","header-main-stick-meta":"","header-below-stick-meta":"","astra-migrate-meta-layouts":"set","ast-page-background-enabled":"default","ast-page-background-meta":{"desktop":{"background-color":"var(--ast-global-color-4)","background-image":"","background-repeat":"repeat","background-position":"center center","background-size":"auto","background-attachment":"scroll","background-type":"","background-media":"","overlay-type":"","overlay-color":"","overlay-opacity":"","overlay-gradient":""},"tablet":{"background-color":"","background-image":"","background-repeat":"repeat","background-position":"center center","background-size":"auto","background-attachment":"scroll","background-type":"","background-media":"","overlay-type":"","overlay-color":"","overlay-opacity":"","overlay-gradient":""},"mobile":{"background-color":"","background-image":"","background-repeat":"repeat","background-position":"center center","background-size":"auto","background-attachment":"scroll","background-type":"","background-media":"","overlay-type":"","overlay-color":"","overlay-opacity":"","overlay-gradient":""}},"ast-content-background-meta":{"desktop":{"background-color":"var(--ast-global-color-5)","background-image":"","background-repeat":"repeat","background-position":"center center","background-size":"auto","background-attachment":"scroll","background-type":"","background-media":"","overlay-type":"","overlay-color":"","overlay-opacity":"","overlay-gradient":""},"tablet":{"background-color":"var(--ast-global-color-5)","background-image":"","background-repeat":"repeat","background-position":"center center","background-size":"auto","background-attachment":"scroll","background-type":"","background-media":"","overlay-type":"","overlay-color":"","overlay-opacity":"","overlay-gradient":""},"mobile":{"background-color":"var(--ast-global-color-5)","background-image":"","background-repeat":"repeat","background-position":"center center","background-size":"auto","background-attachment":"scroll","background-type":"","background-media":"","overlay-type":"","overlay-color":"","overlay-opacity":"","overlay-gradient":""}}},"product_brand":[],"product_cat":[25,20],"product_tag":[],"class_list":{"0":"post-12055","1":"product","2":"type-product","3":"status-publish","4":"has-post-thumbnail","6":"product_cat-siodla_nowe","7":"product_cat-siodla","8":"desktop-align-left","9":"tablet-align-left","10":"mobile-align-left","12":"first","13":"instock","14":"shipping-taxable","15":"product-type-simple"},"acf":[],"_links":{"self":[{"href":"https:\/\/swiattest1.dkonto.pl\/en\/wp-json\/wp\/v2\/product\/12055","targetHints":{"allow":["GET"]}}],"collection":[{"href":"https:\/\/swiattest1.dkonto.pl\/en\/wp-json\/wp\/v2\/product"}],"about":[{"href":"https:\/\/swiattest1.dkonto.pl\/en\/wp-json\/wp\/v2\/types\/product"}],"wp:featuredmedia":[{"embeddable":true,"href":"https:\/\/swiattest1.dkonto.pl\/en\/wp-json\/wp\/v2\/media\/12062"}],"wp:attachment":[{"href":"https:\/\/swiattest1.dkonto.pl\/en\/wp-json\/wp\/v2\/media?parent=12055"}],"wp:term":[{"taxonomy":"product_brand","embeddable":true,"href":"https:\/\/swiattest1.dkonto.pl\/en\/wp-json\/wp\/v2\/product_brand?post=12055"},{"taxonomy":"product_cat","embeddable":true,"href":"https:\/\/swiattest1.dkonto.pl\/en\/wp-json\/wp\/v2\/product_cat?post=12055"},{"taxonomy":"product_tag","embeddable":true,"href":"https:\/\/swiattest1.dkonto.pl\/en\/wp-json\/wp\/v2\/product_tag?post=12055"}],"curies":[{"name":"wp","href":"https:\/\/api.w.org\/{rel}","templated":true}]}}