{"id":11880,"date":"2024-04-30T18:31:14","date_gmt":"2024-04-30T16:31:14","guid":{"rendered":"https:\/\/swiattest1.dkonto.pl\/?post_type=product&#038;p=11880"},"modified":"2025-09-01T14:58:39","modified_gmt":"2025-09-01T12:58:39","slug":"farnam-repel-x-spray-na-owady","status":"publish","type":"product","link":"https:\/\/swiattest1.dkonto.pl\/en\/product\/farnam-repel-x-spray-na-owady\/","title":{"rendered":"Farnam Repel X spray na owady"},"content":{"rendered":"<p><strong><em>To stay up to date with our news, follow us on social media!<\/em><\/strong><\/p>\n<p>\u27a1\ufe0f Find us on <a href=\"https:\/\/www.facebook.com\/swiatwesternu\/\" target=\"_blank\" rel=\"noopener\">Facebooku<\/a><\/p>\n<p>\u27a1\ufe0f Find us on <a href=\"https:\/\/www.instagram.com\/swiatwesternu\/\" target=\"_blank\" rel=\"noopener\">Instagramie<\/a><\/p>\n<p>\u27a1\ufe0f Visit our <a href=\"https:\/\/www.google.com\/maps\/place\/%C5%9Awiat+Westernu\/@50.6796006,16.378779,15z\/data=!4m6!3m5!1s0x7eb72780815dcd3:0xbf83922c09cdd3a8!8m2!3d50.6796006!4d16.378779!16s%2Fg%2F11p5nyjpb5?entry=ttu\" target=\"_blank\" rel=\"noopener\">stationary store<\/a><\/p>\n<p>\u27a1\ufe0f<a href=\"https:\/\/swiattest1.dkonto.pl\/en\/kontakt\/\">Contact us!<\/a><\/p>","protected":false},"excerpt":{"rendered":"<p>Farnam Repel X spray na owady. Koncentrat do rozcie\u0144czania- po prostu zmieszaj t\u0119 skoncentrowan\u0105 formu\u0142\u0119 z wod\u0105 i Tw\u00f3j spray na muchy jest gotowy. Zabija i odstrasza natarczywe muchy, a tak\u017ce komary i kleszcze.<\/p>\n<ul>\n<li>Zabija i odstrasza muchy domowe, ko\u0144skie i meszki, a tak\u017ce komary i kleszcze<\/li>\n<li>Zabija i odstrasza kleszcze, kt\u00f3re mog\u0105 przenosi\u0107 borelioz\u0119<\/li>\n<li>Zabija przy kontakcie<\/li>\n<\/ul>\n<p><strong>Farnam Repel-X pe 946 ml<\/strong><\/p>\n<p><span style=\"text-decoration: underline;\">Spos\u00f3b u\u017cycia:<\/span><\/p>\n<p>Nie stosowa\u0107 w zewn\u0119trznych systemach zmg\u0142awiaj\u0105cych w budynkach mieszkalnych.<\/p>\n<p>Zmieszaj Repel-X \u00a0z wod\u0105 w odpowiednim rozcie\u0144czeniu. Najpierw wlej wymagan\u0105 ilo\u015b\u0107 Repel-X do spryskiwacza lub pojemnika do mieszania. Nast\u0119pnie dodaj wod\u0119 zgodnie z instrukcj\u0105 i dok\u0142adnie wymieszaj przed u\u017cyciem.<\/p>\n<p><strong>WA\u017bNE: Przed ka\u017cdym u\u017cyciem wymieszaj roztw\u00f3r.<\/strong> Aplikowa\u0107 za pomoc\u0105 pojemnika z atomizerem lub g\u0105bk\u0105. <strong>Unikaj dostania si\u0119 roztworu do oczu zwierz\u0119cia. Nie stosowa\u0107 u \u017arebi\u0105t poni\u017cej 12 tygodnia \u017cycia<\/strong>.<\/p>\n<p>Aby chroni\u0107 konie przed muchami, komarami i kleszczami, nale\u017cy stosowa\u0107 w rozcie\u0144czeniu od 1 do 7.\u00a0 Powtarzaj aplikacj\u0119 co 3 lub 4 dni, ale nie cz\u0119\u015bciej ni\u017c jeden zabieg dziennie. Je\u017celi problemem s\u0105 muchy ko\u0144skie, strzy\u017cak jeleni, muchy, komary lub kleszcze, kt\u00f3re mog\u0105 przenosi\u0107 borelioz\u0119, nale\u017cy zastosowa\u0107 rozcie\u0144czenie od 1 do 4 i powtarza\u0107 tak cz\u0119sto, jak to konieczne.<\/p>","protected":false},"featured_media":11881,"template":"","meta":{"_acf_changed":false,"site-sidebar-layout":"default","site-content-layout":"","ast-site-content-layout":"default","site-content-style":"default","site-sidebar-style":"default","ast-global-header-display":"","ast-banner-title-visibility":"","ast-main-header-display":"","ast-hfb-above-header-display":"","ast-hfb-below-header-display":"","ast-hfb-mobile-header-display":"","site-post-title":"","ast-breadcrumbs-content":"","ast-featured-img":"","footer-sml-layout":"","ast-disable-related-posts":"","theme-transparent-header-meta":"default","adv-header-id-meta":"","stick-header-meta":"","header-above-stick-meta":"","header-main-stick-meta":"","header-below-stick-meta":"","astra-migrate-meta-layouts":"set","ast-page-background-enabled":"default","ast-page-background-meta":{"desktop":{"background-color":"var(--ast-global-color-4)","background-image":"","background-repeat":"repeat","background-position":"center center","background-size":"auto","background-attachment":"scroll","background-type":"","background-media":"","overlay-type":"","overlay-color":"","overlay-opacity":"","overlay-gradient":""},"tablet":{"background-color":"","background-image":"","background-repeat":"repeat","background-position":"center center","background-size":"auto","background-attachment":"scroll","background-type":"","background-media":"","overlay-type":"","overlay-color":"","overlay-opacity":"","overlay-gradient":""},"mobile":{"background-color":"","background-image":"","background-repeat":"repeat","background-position":"center center","background-size":"auto","background-attachment":"scroll","background-type":"","background-media":"","overlay-type":"","overlay-color":"","overlay-opacity":"","overlay-gradient":""}},"ast-content-background-meta":{"desktop":{"background-color":"var(--ast-global-color-5)","background-image":"","background-repeat":"repeat","background-position":"center center","background-size":"auto","background-attachment":"scroll","background-type":"","background-media":"","overlay-type":"","overlay-color":"","overlay-opacity":"","overlay-gradient":""},"tablet":{"background-color":"var(--ast-global-color-5)","background-image":"","background-repeat":"repeat","background-position":"center center","background-size":"auto","background-attachment":"scroll","background-type":"","background-media":"","overlay-type":"","overlay-color":"","overlay-opacity":"","overlay-gradient":""},"mobile":{"background-color":"var(--ast-global-color-5)","background-image":"","background-repeat":"repeat","background-position":"center center","background-size":"auto","background-attachment":"scroll","background-type":"","background-media":"","overlay-type":"","overlay-color":"","overlay-opacity":"","overlay-gradient":""}}},"product_brand":[],"product_cat":[61,21,60],"product_tag":[],"class_list":{"0":"post-11880","1":"product","2":"type-product","3":"status-publish","4":"has-post-thumbnail","6":"product_cat-pielegnacja_konia","7":"product_cat-kon","8":"product_cat-pielegnacja","9":"desktop-align-left","10":"tablet-align-left","11":"mobile-align-left","13":"first","14":"instock","15":"shipping-taxable","16":"purchasable","17":"product-type-simple"},"acf":[],"_links":{"self":[{"href":"https:\/\/swiattest1.dkonto.pl\/en\/wp-json\/wp\/v2\/product\/11880","targetHints":{"allow":["GET"]}}],"collection":[{"href":"https:\/\/swiattest1.dkonto.pl\/en\/wp-json\/wp\/v2\/product"}],"about":[{"href":"https:\/\/swiattest1.dkonto.pl\/en\/wp-json\/wp\/v2\/types\/product"}],"wp:featuredmedia":[{"embeddable":true,"href":"https:\/\/swiattest1.dkonto.pl\/en\/wp-json\/wp\/v2\/media\/11881"}],"wp:attachment":[{"href":"https:\/\/swiattest1.dkonto.pl\/en\/wp-json\/wp\/v2\/media?parent=11880"}],"wp:term":[{"taxonomy":"product_brand","embeddable":true,"href":"https:\/\/swiattest1.dkonto.pl\/en\/wp-json\/wp\/v2\/product_brand?post=11880"},{"taxonomy":"product_cat","embeddable":true,"href":"https:\/\/swiattest1.dkonto.pl\/en\/wp-json\/wp\/v2\/product_cat?post=11880"},{"taxonomy":"product_tag","embeddable":true,"href":"https:\/\/swiattest1.dkonto.pl\/en\/wp-json\/wp\/v2\/product_tag?post=11880"}],"curies":[{"name":"wp","href":"https:\/\/api.w.org\/{rel}","templated":true}]}}