{"id":11877,"date":"2024-04-30T17:35:49","date_gmt":"2024-04-30T15:35:49","guid":{"rendered":"https:\/\/swiattest1.dkonto.pl\/?post_type=product&#038;p=11877"},"modified":"2026-01-02T13:33:01","modified_gmt":"2026-01-02T12:33:01","slug":"absorbine-horsemans-one-step","status":"publish","type":"product","link":"https:\/\/swiattest1.dkonto.pl\/en\/product\/absorbine-horsemans-one-step\/","title":{"rendered":"Absorbine Horseman&#8217;s One Step"},"content":{"rendered":"<p><strong><em>To stay up to date with our news, follow us on social media!<\/em><\/strong><\/p>\n<p>\u27a1\ufe0f Find us on <a href=\"https:\/\/www.facebook.com\/swiatwesternu\/\" target=\"_blank\" rel=\"noopener\">Facebooku<\/a><\/p>\n<p>\u27a1\ufe0f Find us on <a href=\"https:\/\/www.instagram.com\/swiatwesternu\/\" target=\"_blank\" rel=\"noopener\">Instagramie<\/a><\/p>\n<p>\u27a1\ufe0f Visit our <a href=\"https:\/\/www.google.com\/maps\/place\/%C5%9Awiat+Westernu\/@50.6796006,16.378779,15z\/data=!4m6!3m5!1s0x7eb72780815dcd3:0xbf83922c09cdd3a8!8m2!3d50.6796006!4d16.378779!16s%2Fg%2F11p5nyjpb5?entry=ttu\" target=\"_blank\" rel=\"noopener\">stationary store<\/a><\/p>\n<p>\u27a1\ufe0f<a href=\"https:\/\/swiattest1.dkonto.pl\/en\/kontakt\/\">Contact us!<\/a><\/p>","protected":false},"excerpt":{"rendered":"<p>Absorbine Horseman&#8217;s One Step to krem do czyszczenia i piel\u0119gnacji sk\u00f3ry.<\/p>\n<p>\u015arodek do czyszczenia i piel\u0119gnacji wyrob\u00f3w sk\u00f3rzanych, jest to \u0142atwy w u\u017cyciu \u015brodek, kt\u00f3ry czy\u015bci i od\u017cywia wszystkie rodzaje wyrob\u00f3w sk\u00f3rzanych. Horseman&#8217;s One Step usuwa nawet silne zabrudzenia nat\u0142uszczaj\u0105c jednocze\u015bnie sk\u00f3r\u0119, kt\u00f3ra staje si\u0119 mi\u0119kka i elastyczna. Przenika w g\u0142\u0105b sk\u00f3ry i zabezpiecza j\u0105 przed ple\u015bni\u0105, p\u0119kaniem i rysami, pozostawiaj\u0105c jedwabisty po\u0142ysk.<\/p>\n<p><strong>Spos\u00f3b u\u017cycia:<\/strong> Rozprowad\u017a szmatk\u0105 lub g\u0105bk\u0105 cienk\u0105 warstw\u0119 kremu na zabrudzonej powierzchni sk\u00f3ry i wcieraj, dop\u00f3ki preparat si\u0119 nie wch\u0142onie. W przypadku bardzo suchej sk\u00f3ry powt\u00f3rz t\u0105 czynno\u015b\u0107 kilka razy. Wypoleruj mi\u0119kk\u0105 szczotk\u0105. Preparat nie przyciemnia wi\u0119kszo\u015bci wyrob\u00f3w sk\u00f3rzanych. Zalecane jest sprawdzenie przed u\u017cyciem w niewidocznym miejscu.<\/p>\n<ul>\n<li>Nie stosowa\u0107 na wyrobach zamszowych<\/li>\n<\/ul>\n<p><strong>Absorbine Horseman&#8217;s One Step- 425g<\/strong><\/p>","protected":false},"featured_media":11878,"template":"","meta":{"_acf_changed":false,"site-sidebar-layout":"default","site-content-layout":"","ast-site-content-layout":"default","site-content-style":"default","site-sidebar-style":"default","ast-global-header-display":"","ast-banner-title-visibility":"","ast-main-header-display":"","ast-hfb-above-header-display":"","ast-hfb-below-header-display":"","ast-hfb-mobile-header-display":"","site-post-title":"","ast-breadcrumbs-content":"","ast-featured-img":"","footer-sml-layout":"","ast-disable-related-posts":"","theme-transparent-header-meta":"default","adv-header-id-meta":"","stick-header-meta":"","header-above-stick-meta":"","header-main-stick-meta":"","header-below-stick-meta":"","astra-migrate-meta-layouts":"set","ast-page-background-enabled":"default","ast-page-background-meta":{"desktop":{"background-color":"var(--ast-global-color-4)","background-image":"","background-repeat":"repeat","background-position":"center center","background-size":"auto","background-attachment":"scroll","background-type":"","background-media":"","overlay-type":"","overlay-color":"","overlay-opacity":"","overlay-gradient":""},"tablet":{"background-color":"","background-image":"","background-repeat":"repeat","background-position":"center center","background-size":"auto","background-attachment":"scroll","background-type":"","background-media":"","overlay-type":"","overlay-color":"","overlay-opacity":"","overlay-gradient":""},"mobile":{"background-color":"","background-image":"","background-repeat":"repeat","background-position":"center center","background-size":"auto","background-attachment":"scroll","background-type":"","background-media":"","overlay-type":"","overlay-color":"","overlay-opacity":"","overlay-gradient":""}},"ast-content-background-meta":{"desktop":{"background-color":"var(--ast-global-color-5)","background-image":"","background-repeat":"repeat","background-position":"center center","background-size":"auto","background-attachment":"scroll","background-type":"","background-media":"","overlay-type":"","overlay-color":"","overlay-opacity":"","overlay-gradient":""},"tablet":{"background-color":"var(--ast-global-color-5)","background-image":"","background-repeat":"repeat","background-position":"center center","background-size":"auto","background-attachment":"scroll","background-type":"","background-media":"","overlay-type":"","overlay-color":"","overlay-opacity":"","overlay-gradient":""},"mobile":{"background-color":"var(--ast-global-color-5)","background-image":"","background-repeat":"repeat","background-position":"center center","background-size":"auto","background-attachment":"scroll","background-type":"","background-media":"","overlay-type":"","overlay-color":"","overlay-opacity":"","overlay-gradient":""}}},"product_brand":[],"product_cat":[62,21,60],"product_tag":[],"class_list":{"0":"post-11877","1":"product","2":"type-product","3":"status-publish","4":"has-post-thumbnail","6":"product_cat-pielegnacja_sprzetu","7":"product_cat-kon","8":"product_cat-pielegnacja","9":"desktop-align-left","10":"tablet-align-left","11":"mobile-align-left","13":"first","14":"instock","15":"shipping-taxable","16":"purchasable","17":"product-type-simple"},"acf":[],"_links":{"self":[{"href":"https:\/\/swiattest1.dkonto.pl\/en\/wp-json\/wp\/v2\/product\/11877","targetHints":{"allow":["GET"]}}],"collection":[{"href":"https:\/\/swiattest1.dkonto.pl\/en\/wp-json\/wp\/v2\/product"}],"about":[{"href":"https:\/\/swiattest1.dkonto.pl\/en\/wp-json\/wp\/v2\/types\/product"}],"wp:featuredmedia":[{"embeddable":true,"href":"https:\/\/swiattest1.dkonto.pl\/en\/wp-json\/wp\/v2\/media\/11878"}],"wp:attachment":[{"href":"https:\/\/swiattest1.dkonto.pl\/en\/wp-json\/wp\/v2\/media?parent=11877"}],"wp:term":[{"taxonomy":"product_brand","embeddable":true,"href":"https:\/\/swiattest1.dkonto.pl\/en\/wp-json\/wp\/v2\/product_brand?post=11877"},{"taxonomy":"product_cat","embeddable":true,"href":"https:\/\/swiattest1.dkonto.pl\/en\/wp-json\/wp\/v2\/product_cat?post=11877"},{"taxonomy":"product_tag","embeddable":true,"href":"https:\/\/swiattest1.dkonto.pl\/en\/wp-json\/wp\/v2\/product_tag?post=11877"}],"curies":[{"name":"wp","href":"https:\/\/api.w.org\/{rel}","templated":true}]}}