{"id":11357,"date":"2024-03-04T12:33:55","date_gmt":"2024-03-04T11:33:55","guid":{"rendered":"https:\/\/swiattest1.dkonto.pl\/?post_type=product&#038;p=11357"},"modified":"2026-01-02T13:34:45","modified_gmt":"2026-01-02T12:34:45","slug":"siodlo-western-billy-cook-custom-2","status":"publish","type":"product","link":"https:\/\/swiattest1.dkonto.pl\/en\/product\/siodlo-western-billy-cook-custom-2\/","title":{"rendered":"Western saddle Billy Cook Custom"},"content":{"rendered":"<p><strong>JESTE\u015a ZAINTERESOWANY ZAKUPEM SIOD\u0141A &#8211; SKONTAKTUJ SI\u0118 Z NAMI: <\/strong><\/p>\n<p><strong>\u260e\ufe0f\u00a0+48 <\/strong><strong>789 175 970, ? <\/strong><a title=\"CONTACT\" href=\"https:\/\/swiattest1.dkonto.pl\/en\/kontakt\/\"><strong>kontakt@swiattest1.dkonto.pl<\/strong><\/a><\/p>\n<p><em>*It is possible to try on a saddle<\/em><\/p>\n<p><strong><em>To stay up to date with our news, follow us on social media!<\/em><\/strong><\/p>\n<p>\u27a1\ufe0f Find us on <a href=\"https:\/\/www.facebook.com\/swiatwesternu\/\" target=\"_blank\" rel=\"noopener\">Facebooku<\/a><\/p>\n<p>\u27a1\ufe0f Find us on <a href=\"https:\/\/www.instagram.com\/swiatwesternu\/\" target=\"_blank\" rel=\"noopener\">Instagramie<\/a><\/p>\n<p>\u27a1\ufe0f Visit our <a href=\"https:\/\/www.google.com\/maps\/place\/%C5%9Awiat+Westernu\/@50.6796006,16.378779,15z\/data=!4m6!3m5!1s0x7eb72780815dcd3:0xbf83922c09cdd3a8!8m2!3d50.6796006!4d16.378779!16s%2Fg%2F11p5nyjpb5?entry=ttu\" target=\"_blank\" rel=\"noopener\">stationary store<\/a><\/p>\n<p>\u27a1\ufe0f<a href=\"https:\/\/swiattest1.dkonto.pl\/en\/kontakt\/\">Contact us!<\/a><\/p>","protected":false},"excerpt":{"rendered":"<p>Siod\u0142o western Billy Cook Custom posiada zwyk\u0142e \u015blady u\u017cytkowania, zdobione na po\u0142ach oraz na widelcu siod\u0142a. Za\u0142o\u017cone zosta\u0142y nowe paski Hobble strap a ich naturalny kolor mo\u017cna przyciemni\u0107 wed\u0142ug w\u0142asnych potrzeb.<\/p>\n<ul>\n<li>Size FQH<\/li>\n<li>Seat size: 16\u2033<\/li>\n<li>D\u0142ugo\u015b\u0107 siod\u0142a to 70 cm<\/li>\n<li>Leather Tie strap and Off billet<\/li>\n<li>Aluminum stirrups<\/li>\n<li>Decorated with a Floral pattern<\/li>\n<\/ul>","protected":false},"featured_media":11358,"template":"","meta":{"_acf_changed":false,"site-sidebar-layout":"default","site-content-layout":"","ast-site-content-layout":"default","site-content-style":"default","site-sidebar-style":"default","ast-global-header-display":"","ast-banner-title-visibility":"","ast-main-header-display":"","ast-hfb-above-header-display":"","ast-hfb-below-header-display":"","ast-hfb-mobile-header-display":"","site-post-title":"","ast-breadcrumbs-content":"","ast-featured-img":"","footer-sml-layout":"","ast-disable-related-posts":"","theme-transparent-header-meta":"default","adv-header-id-meta":"","stick-header-meta":"","header-above-stick-meta":"","header-main-stick-meta":"","header-below-stick-meta":"","astra-migrate-meta-layouts":"set","ast-page-background-enabled":"default","ast-page-background-meta":{"desktop":{"background-color":"var(--ast-global-color-4)","background-image":"","background-repeat":"repeat","background-position":"center center","background-size":"auto","background-attachment":"scroll","background-type":"","background-media":"","overlay-type":"","overlay-color":"","overlay-opacity":"","overlay-gradient":""},"tablet":{"background-color":"","background-image":"","background-repeat":"repeat","background-position":"center center","background-size":"auto","background-attachment":"scroll","background-type":"","background-media":"","overlay-type":"","overlay-color":"","overlay-opacity":"","overlay-gradient":""},"mobile":{"background-color":"","background-image":"","background-repeat":"repeat","background-position":"center center","background-size":"auto","background-attachment":"scroll","background-type":"","background-media":"","overlay-type":"","overlay-color":"","overlay-opacity":"","overlay-gradient":""}},"ast-content-background-meta":{"desktop":{"background-color":"var(--ast-global-color-5)","background-image":"","background-repeat":"repeat","background-position":"center center","background-size":"auto","background-attachment":"scroll","background-type":"","background-media":"","overlay-type":"","overlay-color":"","overlay-opacity":"","overlay-gradient":""},"tablet":{"background-color":"var(--ast-global-color-5)","background-image":"","background-repeat":"repeat","background-position":"center center","background-size":"auto","background-attachment":"scroll","background-type":"","background-media":"","overlay-type":"","overlay-color":"","overlay-opacity":"","overlay-gradient":""},"mobile":{"background-color":"var(--ast-global-color-5)","background-image":"","background-repeat":"repeat","background-position":"center center","background-size":"auto","background-attachment":"scroll","background-type":"","background-media":"","overlay-type":"","overlay-color":"","overlay-opacity":"","overlay-gradient":""}}},"product_brand":[],"product_cat":[26,20],"product_tag":[],"class_list":{"0":"post-11357","1":"product","2":"type-product","3":"status-publish","4":"has-post-thumbnail","6":"product_cat-siodla_uzywane","7":"product_cat-siodla","8":"desktop-align-left","9":"tablet-align-left","10":"mobile-align-left","12":"first","13":"instock","14":"shipping-taxable","15":"product-type-simple"},"acf":[],"_links":{"self":[{"href":"https:\/\/swiattest1.dkonto.pl\/en\/wp-json\/wp\/v2\/product\/11357","targetHints":{"allow":["GET"]}}],"collection":[{"href":"https:\/\/swiattest1.dkonto.pl\/en\/wp-json\/wp\/v2\/product"}],"about":[{"href":"https:\/\/swiattest1.dkonto.pl\/en\/wp-json\/wp\/v2\/types\/product"}],"wp:featuredmedia":[{"embeddable":true,"href":"https:\/\/swiattest1.dkonto.pl\/en\/wp-json\/wp\/v2\/media\/11358"}],"wp:attachment":[{"href":"https:\/\/swiattest1.dkonto.pl\/en\/wp-json\/wp\/v2\/media?parent=11357"}],"wp:term":[{"taxonomy":"product_brand","embeddable":true,"href":"https:\/\/swiattest1.dkonto.pl\/en\/wp-json\/wp\/v2\/product_brand?post=11357"},{"taxonomy":"product_cat","embeddable":true,"href":"https:\/\/swiattest1.dkonto.pl\/en\/wp-json\/wp\/v2\/product_cat?post=11357"},{"taxonomy":"product_tag","embeddable":true,"href":"https:\/\/swiattest1.dkonto.pl\/en\/wp-json\/wp\/v2\/product_tag?post=11357"}],"curies":[{"name":"wp","href":"https:\/\/api.w.org\/{rel}","templated":true}]}}