{"id":12911,"date":"2024-07-30T09:46:14","date_gmt":"2024-07-30T07:46:14","guid":{"rendered":"https:\/\/swiattest1.dkonto.pl\/?page_id=12911"},"modified":"2025-12-29T10:16:30","modified_gmt":"2025-12-29T09:16:30","slug":"zwroty","status":"publish","type":"page","link":"https:\/\/swiattest1.dkonto.pl\/en\/zwroty\/","title":{"rendered":"Zwroty"},"content":{"rendered":"<div data-elementor-type=\"wp-page\" data-elementor-id=\"12911\" class=\"elementor elementor-12911\" data-elementor-post-type=\"page\">\n\t\t\t\t\t\t<section class=\"elementor-section elementor-top-section elementor-element elementor-element-2b4a231 elementor-section-full_width elementor-section-height-min-height elementor-section-height-default elementor-section-items-middle\" data-id=\"2b4a231\" data-element_type=\"section\" data-settings=\"{&quot;background_background&quot;:&quot;classic&quot;}\">\n\t\t\t\t\t\t\t<div class=\"elementor-background-overlay\"><\/div>\n\t\t\t\t\t\t\t<div class=\"elementor-container elementor-column-gap-default\">\n\t\t\t\t\t<div class=\"elementor-column elementor-col-100 elementor-top-column elementor-element elementor-element-e26a33c\" data-id=\"e26a33c\" data-element_type=\"column\">\n\t\t\t<div class=\"elementor-widget-wrap elementor-element-populated\">\n\t\t\t\t\t\t\t<\/div>\n\t\t<\/div>\n\t\t\t\t\t<\/div>\n\t\t<\/section>\n\t\t\t\t<section class=\"elementor-section elementor-top-section elementor-element elementor-element-2b246ac3 elementor-section-boxed elementor-section-height-default elementor-section-height-default\" data-id=\"2b246ac3\" data-element_type=\"section\">\n\t\t\t\t\t\t<div class=\"elementor-container elementor-column-gap-default\">\n\t\t\t\t\t<div class=\"elementor-column elementor-col-100 elementor-top-column elementor-element elementor-element-7d0b6c42\" data-id=\"7d0b6c42\" data-element_type=\"column\">\n\t\t\t<div class=\"elementor-widget-wrap elementor-element-populated\">\n\t\t\t\t\t\t<div class=\"elementor-element elementor-element-5914e4eb elementor-widget elementor-widget-text-editor\" data-id=\"5914e4eb\" data-element_type=\"widget\" data-widget_type=\"text-editor.default\">\n\t\t\t\t<div class=\"elementor-widget-container\">\n\t\t\t\t\t\t\t<p style=\"text-align: center;\"><b>Prawo odst\u0105pienia od umowy<\/b><\/p>\n<ol>\n<li style=\"font-size: 15px;\">Klient mo\u017ce odst\u0105pi\u0107 od umowy zawartej na odleg\u0142o\u015b\u0107 w terminie 14 dni,&nbsp; aby tego dokona\u0107 sk\u0142adaj\u0105c nale\u017cy z\u0142o\u017cy\u0107 o\u015bwiadczenie o odst\u0105pieniu od umowy. O\u015bwiadczenie to mo\u017ce zosta\u0107 z\u0142o\u017cone pisemnie na adres sprzedawcy lub za po\u015brednictwem poczty elektronicznej na adres sprzedawcy&nbsp;<a href=\"mailto:kontakt@swiattest1.dkonto.pl\" style=\"background-color: rgb(245, 245, 245); transition-property: all;\">kontakt@swiattest1.dkonto.pl<\/a>. O\u015bwiadczenie mo\u017ce by\u0107 z\u0142o\u017cone na formularzu, kt\u00f3rego wz\u00f3r stanowi za\u0142\u0105cznik nr 1 do niniejszego regulaminu.&nbsp;&nbsp;<span style=\"font-weight: 700;\">Formularz zwrotu<\/span>&nbsp;&#8211; dost\u0119pny jest&nbsp;<span style=\"font-weight: 700;\"><a href=\"https:\/\/swiattest1.dkonto.pl\/wp-content\/uploads\/2021\/09\/FORMULARZ-ZWROTU.pdf\" target=\"_blank\" rel=\"noopener\" style=\"transition-property: all;\">tutaj<\/a><\/span><\/li>\n<li>Bieg terminu okre\u015blonego w ust. 1 rozpoczyna si\u0119 od dostarczenia produktu konsumentowi<\/li>\n<li>Klient zobowi\u0105zany jest dostarczy\u0107 sprzedawcy oryginalny dow\u00f3d zakupu.<\/li>\n<li>Do zachowania terminu wystarczy wys\u0142anie o\u015bwiadczenia przed jego up\u0142ywem.<\/li>\n<li>Klient jest zobowi\u0105zany do odes\u0142ania produktu wraz z oryginalnym opakowaniem, je\u015bli takowe produkt posiada oraz metkami.<\/li>\n<li>Klient jest zobowi\u0105zany zabezpieczy\u0107 odpowiednio odsy\u0142an\u0105 rzecz w tym r\u00f3wnie\u017c oryginalne opakowanie (je\u015bli takowe dana rzecz posiada) przed uszkodzeniem podczas wysy\u0142ki.&nbsp;W wyniku braku odpowiedniego zabezpieczenia rzeczy podczas zwrotu a jej uszkodzenia, koszty ponosi konsument, co skutkowa\u0107 b\u0119dzie pomniejszeniem zwracanych \u015brodk\u00f3w.&nbsp;&nbsp;<\/li>\n<li>Zwracany produkt nie powinien nosi\u0107 \u015blad\u00f3w u\u017cytkowania, je\u017celi takowe \u015blady wyst\u0119puj\u0105 sprzedawca ma prawo odm\u00f3wi\u0107 przyj\u0119cia zwracanych towar\u00f3w. Je\u015bli otrzyma\u0142e\u015b gad\u017cety gratisowe prosz\u0119 je r\u00f3wnie\u017c do\u0142\u0105czy\u0107 do zwracanych produkt\u00f3w.<\/li>\n<li>Produkt u\u017cywany lub zam\u00f3wiony na specjalne \u017cyczenie klienta oznaczony na stronie produktu &#8222;Czas realizacji 14 dni&#8221;, nie podlega zwrotowi ani wymianie.<\/li>\n<\/ol>\n<ol start=\"10\">\n<li>Skutki odst\u0105pienia od Umowy:<\/li>\n<\/ol>\n<ol>\n<li>\n<ul>\n<li>a. W przypadku odst\u0105pienia od umowy sprzedawca zwraca konsumentowi w terminie 14 dni od dnia otrzymania przez sprzedawc\u0119 zwr\u00f3conego towaru, dokonane przez niego p\u0142atno\u015bci, pomniejszone o koszty dostarczenia rzeczy. Klient odpowiada r\u00f3wnie\u017c za dodatkowe koszty wynikaj\u0105ce z wybranego przez niego sposobu dostarczenia produktu.&nbsp;<\/li>\n<li>c. Zwrotu p\u0142atno\u015bci sprzedawca dokona na numer rachunku bankowego, kt\u00f3ry zostanie podany na formularzu zwrotu lub t\u0105 sam\u0105 metod\u0105 jak\u0105 dokona\u0142 p\u0142atno\u015bci klient.<\/li>\n<li>d. Sprzedawca wstrzymuje si\u0119 ze zwrotem p\u0142atno\u015bci do czasu otrzymania produktu z powrotem. Od momentu otrzymania zwrotu termin na zwrot dokonanej p\u0142atno\u015b\u0107 przez sprzedawc\u0119 wynosi 14 dni.&nbsp;<\/li>\n<li>e. Klient powinien odes\u0142a\u0107 produkt na adres sprzedawcy podany w niniejszym regulaminie niezw\u0142ocznie, nie p\u00f3\u017aniej ni\u017c 14 dni od dnia, w kt\u00f3rym poinformowa\u0142 sprzedawc\u0119 o odst\u0105pieniu od umowy. Termin zostanie zachowany, je\u017celi klient ode\u015ble produkt przed up\u0142ywem terminu 14 dni. W przypadku przekroczenia tego terminu sprzedawca nie przyjmie zwrotu.<\/li>\n<li>f. Klient ponosi bezpo\u015brednie koszty zwrotu produktu, tak\u017ce koszty zwrotu produktu je\u015bli ze wzgl\u0119du na sw\u00f3j charakter produkt ten nie m\u00f3g\u0142 zosta\u0107 w zwyk\u0142ym trybie odes\u0142any. Klient jest odpowiedzialny za produkt do czasu dostarczenia go sprzedawcy. Sprzedawca wy\u0142\u0105cza swoj\u0105 odpowiedzialno\u015b\u0107 za niew\u0142a\u015bciwie zaadresowan\u0105 przesy\u0142k\u0119 ze zwracanym towarem lub innymi b\u0142\u0119dami wynikaj\u0105cymi ze strony klienta lub firmy przewozowej. Sprzedawca nie przyjmie zwrotu odes\u0142anego za pobraniem, tego typu przesy\u0142ki zostan\u0105 nieodebrane.&nbsp;<\/li>\n<li>g. Konsument odpowiada za zmniejszenie warto\u015bci produktu wynikaj\u0105ce z korzystania z niego w spos\u00f3b inny ni\u017c by\u0142o to konieczne do stwierdzenia charakteru, cech i funkcjonowania produktu.&nbsp;<\/li>\n<li>h. Sprzedawca nie przyjmie zwrotu towaru, je\u017celi produkt by\u0142 u\u017cywany lub zosta\u0142 uszkodzony.<\/li>\n<\/ul>\n<\/li>\n<\/ol>\n<ol start=\"11\">\n<li>W przypadku wszystkich zwrot\u00f3w prosimy o wydrukowanie i wype\u0142nienie formularza zwrotu, za\u0142\u0105czenie go wraz ze zwracanym towarem w dobrze zabezpieczonym pude\u0142ku oraz do\u0142\u0105czenie oryginalnego dowodu zakupu.&nbsp;<\/li>\n<li>Sprzedawca nie ponosi odpowiedzialno\u015bci za niew\u0142a\u015bciwe u\u017cytkowanie produktu.&nbsp;<\/li>\n<li>Sprzedawca nie ponosi odpowiedzialno\u015bci za nieporozumienia, szkody, op\u00f3\u017anienia w realizacji zam\u00f3wie\u0144 spowodowane korzystaniem z Internetu lub innych opcji komunikacji w ruchu pocztowym mi\u0119dzy sprzedawc\u0105 a klientem lub stron\u0105 trzeci\u0105, kt\u00f3ra mo\u017ce mie\u0107 wp\u0142yw na dostarczenie zam\u00f3wienia.&nbsp;<\/li>\n<li>Sprzedawca nie odpowiada za produkty w r\u00f3\u017cnych rozmiarach, poniewa\u017c ludzie i zwierz\u0119ta s\u0105 istotami \u017cywymi.&nbsp;<\/li>\n<li>Adres, na kt\u00f3ry nale\u017cy odes\u0142a\u0107 zwracany towar: \u015aWIAT WESTERNU ul. \u015awierkowa 42, 58-340 Sierpnica. Zwroty wys\u0142ane za pobraniem zostan\u0105 odes\u0142ane.&nbsp;<\/li>\n<li>Sprzedawca nie ponosi odpowiedzialno\u015bci za \u017ale zaadresowane przesy\u0142ki zwrotne, co mo\u017ce wp\u0142yn\u0105\u0107 na czas w jakim nale\u017cy odes\u0142a\u0107 zwracany towar.&nbsp;<\/li>\n<li>Prawo do odst\u0105pienia od umowy zawartej na odleg\u0142o\u015b\u0107 nie przys\u0142uguje Konsumentowi w odniesieniu do Umowy:<\/li>\n<\/ol>\n<ul>\n<li>a. w kt\u00f3rej przedmiotem \u015bwiadczenia jest rzecz nieprefabrykowana, wyprodukowana wed\u0142ug specyfikacji Konsumenta lub s\u0142u\u017c\u0105ca zaspokojeniu jego zindywidualizowanych potrzeb.<\/li>\n<li>b. w kt\u00f3rej przedmiotem \u015bwiadczenia jest rzecz dostarczana w zapiecz\u0119towanym opakowaniu, kt\u00f3rej po otwarciu opakowania nie mo\u017cna zwr\u00f3ci\u0107 ze wzgl\u0119du na ochron\u0119 zdrowia lub ze wzgl\u0119d\u00f3w higienicznych, je\u017celi opakowanie zosta\u0142o otwarte po dostarczeniu,<\/li>\n<li>c. w kt\u00f3re przedmiotem \u015bwiadczenia jest rzecz ulegaj\u0105ca szybkiemu zepsuciu lub maj\u0105ca kr\u00f3tki termin przydatno\u015bci do u\u017cycia,<\/li>\n<li>d. o \u015bwiadczenie us\u0142ug, je\u017celi Sprzedawca wykona\u0142 w pe\u0142ni us\u0142ug\u0119 za wyra\u017an\u0105 zgod\u0105 Konsumenta, kt\u00f3ry zosta\u0142 poinformowany przed rozpocz\u0119ciem \u015bwiadczenia, \u017ce po spe\u0142nieniu \u015bwiadczenia przez Sprzedawc\u0119 utraci prawo odst\u0105pienia od Umowy,<\/li>\n<li>e. w kt\u00f3rym cena lub wynagrodzenie zale\u017cy od waha\u0144 na rynku finansowym, nad kt\u00f3rym Sprzedawca nie sprawuje kontroli, i kt\u00f3re mog\u0105 wyst\u0105pi\u0107 przed up\u0142ywem terminu do odst\u0105pienia od Umowy,<\/li>\n<li>f. w kt\u00f3rej przedmiotem \u015bwiadczenia s\u0105 rzeczy, kt\u00f3re po dostarczeniu, ze wzgl\u0119du na sw\u00f3j charakter, zostaj\u0105 nieroz\u0142\u0105cznie po\u0142\u0105czone z innymi rzeczami.<\/li>\n<\/ul>\n<p style=\"text-align: center;\"><strong>Warunki zwrotu dla przedsi\u0119biorc\u00f3w<\/strong><\/p>\n<p>W przypadku, gdy Klient b\u0119d\u0105cy przedsi\u0119biorc\u0105 dokonuje zwrotu towaru zakupionego na faktur\u0119, warunkiem dokonania zwrotu \u015brodk\u00f3w przez Sprzedawc\u0119 jest zastosowanie si\u0119 do regulaminu sklepu oraz podpisanie i odes\u0142anie faktury koryguj\u0105cej. Brak potwierdzenia i nieodes\u0142anie podpisanej faktury koryguj\u0105cej w terminie 7 dni kalendarzowych od daty jej przes\u0142ania skutkuje wstrzymaniem zwrotu \u015brodk\u00f3w. W takiej sytuacji Klient zobowi\u0105zany jest do osobistego odbioru towaru we w\u0142asnym zakresie lub na w\u0142asny koszt w terminie 14 dni od otrzymania wezwania. Po up\u0142ywie tego terminu Sprzedawca ma prawo naliczy\u0107 op\u0142at\u0119 za magazynowanie w wysoko\u015bci 5 z\u0142 za ka\u017cdy rozpocz\u0119ty dzie\u0144 przechowywania. Po up\u0142ywie 30 dni od wezwania do odbioru, Sprzedawca zastrzega sobie prawo do utylizacji towaru lub innego dowolnego rozporz\u0105dzenia nim.<\/p>\n<p style=\"text-align: center;\"><b>\u00a711<\/b><\/p>\n<p style=\"text-align: center;\"><b>Reklamacja i gwarancja<\/b><\/p>\n<ol>\n<li aria-level=\"1\">&nbsp;Umow\u0105 Sprzeda\u017cy obj\u0119te s\u0105 Produkty nowe i u\u017cywane. Na stronach Sklepu szczeg\u00f3\u0142owo opisany jest stan ka\u017cdego u\u017cywanego Produktu.<\/li>\n<li aria-level=\"1\">Sprzedawca jest obowi\u0105zany dostarczy\u0107 Klientowi rzecz woln\u0105 od wad.<\/li>\n<li aria-level=\"1\">Ka\u017cdy prezentowany przez Sprzedawc\u0119 towar jest oznaczony jako nowy, pochodz\u0105cy z ekspozycji lub u\u017cywany. W przypadku Towar\u00f3w u\u017cywanych lub pochodz\u0105cych z ekspozycji Sprzedawca ka\u017cdorazowo informuje Klienta o ewentualnych widocznych \u015bladach u\u017cytkowania.<\/li>\n<li aria-level=\"1\">&nbsp;W przypadku wyst\u0105pienia wady zakupionego u Sprzedawcy towaru Klient ma prawo do reklamacji w oparciu o przepisy dotycz\u0105ce r\u0119kojmi w kodeksie cywilnym. Je\u017celi Klientem jest Przedsi\u0119biorca, strony wy\u0142\u0105czaj\u0105 odpowiedzialno\u015b\u0107 z tytu\u0142u r\u0119kojmi.<\/li>\n<li aria-level=\"1\">Klient nie mo\u017ce odst\u0105pi\u0107 od Umowy, je\u017celi wada jest nieistotna.<\/li>\n<li aria-level=\"1\">Reklamacj\u0119 nale\u017cy zg\u0142osi\u0107 pisemnie lub drog\u0105 elektroniczn\u0105 na podane w niniejszym Regulaminie adresy Sprzedawcy.<\/li>\n<li aria-level=\"1\">Rozpatrzenie reklamacji przez Sprzedawc\u0119 nast\u0105pi w terminie do 14 dni roboczych.<\/li>\n<li aria-level=\"1\">Towary odsy\u0142ane w ramach procedury reklamacyjnej nale\u017cy wysy\u0142a\u0107 na adres podany w \u00a7 3 niniejszego Regulaminu. Je\u017celi reklamacja zostanie rozpatrzona negatywnie, konsument zobowi\u0105zany jest do samodzielnego odbioru towaru lub pokrycia koszt\u00f3w jego odes\u0142ania.&nbsp;<\/li>\n<li aria-level=\"1\">Koszty zwrotu ponosi Konsument.<\/li>\n<li>Poluzowanie element\u00f3w mechanicznych- wy\u0142\u0105czenie odpowiedzialno\u015bci. Nie ponosimy odpowiedzialno\u015bci za skutki wynikaj\u0105ce z naturalnego poluzowania si\u0119 element\u00f3w mechanicznych (np. \u015brubek, nit\u00f3w, zaczep\u00f3w), kt\u00f3re wymagaj\u0105 okresowej kontroli i ewentualnego dokr\u0119cenia przez u\u017cytkownika w trakcie normalnego u\u017cytkowania produktu. U\u017cytkownik jest zobowi\u0105zany do regularnego sprawdzania stanu takich element\u00f3w, zw\u0142aszcza w produktach nara\u017conych na wstrz\u0105sy, tarcie, napr\u0119\u017cenia lub intensywne u\u017cytkowanie. Zg\u0142oszenia uszkodze\u0144 powsta\u0142ych w wyniku zaniedbania tych czynno\u015bci nie b\u0119d\u0105 traktowane jako reklamacje wynikaj\u0105ce z wady towaru.&nbsp;<\/li>\n<\/ol>\n<p style=\"text-align: center;\"><strong>Odbi\u00f3r rzeczy po zako\u0144czeniu reklamacji<\/strong><\/p>\n<p>Klient zobowi\u0105zany jest w terminie 30 dni od otrzymania informacji o wyniku reklamacji wskaza\u0107, czy zamierza odebra\u0107 rzecz osobi\u015bcie, czy \u017cyczy sobie jej odes\u0142ania na wskazany adres (na koszt Sprzedawcy lub Klienta \u2013 zgodnie z wynikiem reklamacji). W przypadku braku odpowiedzi lub nieodebrania rzeczy w ci\u0105gu 30 dni od poinformowania o wyniku reklamacji, Klient zobowi\u0105zany jest do odbioru rzeczy. Po jego bezskutecznym up\u0142ywie Sprzedawca ma prawo naliczy\u0107 op\u0142at\u0119 za przechowywanie rzeczy w wysoko\u015bci 5 z\u0142 za ka\u017cdy rozpocz\u0119ty dzie\u0144 przechowywania. Je\u015bli rzecz nie zostanie odebrana w terminie 2 miesi\u0119cy od daty poinformowania Klienta o zako\u0144czeniu reklamacji, uznaje si\u0119, \u017ce Klient zrzek\u0142 si\u0119 jej w\u0142asno\u015bci (na podstawie art. 180 Kodeksu cywilnego). W takim przypadku Sprzedawca mo\u017ce zutylizowa\u0107 rzecz lub rozporz\u0105dzi\u0107 ni\u0105 wedle w\u0142asnego uznania.<\/p>\n<p>Powy\u017csza tre\u015b\u0107 stanowi cz\u0119\u015b\u0107 regulaminu sklepu. Pe\u0142na regulaminu dost\u0119pna jest na www.swiatwesternu.pl. Klient zobowi\u0105zany jest z jej zapoznamiem si\u0119 przed ka\u017cdym zawarciem umowy sprzeda\u017cy oraz podczas zwrotu produktu.&nbsp;<\/p>\t\t\t\t\t\t<\/div>\n\t\t\t\t<\/div>\n\t\t\t\t\t<\/div>\n\t\t<\/div>\n\t\t\t\t\t<\/div>\n\t\t<\/section>\n\t\t\t\t<\/div>","protected":false},"excerpt":{"rendered":"<p>Prawo odst\u0105pienia od umowy Klient mo\u017ce odst\u0105pi\u0107 od umowy zawartej na odleg\u0142o\u015b\u0107 w terminie 14 dni,&nbsp; aby tego dokona\u0107 sk\u0142adaj\u0105c nale\u017cy z\u0142o\u017cy\u0107 o\u015bwiadczenie o odst\u0105pieniu od umowy. O\u015bwiadczenie to mo\u017ce zosta\u0107 z\u0142o\u017cone pisemnie na adres sprzedawcy lub za po\u015brednictwem poczty elektronicznej na adres sprzedawcy&nbsp;kontakt@swiattest1.dkonto.pl. O\u015bwiadczenie mo\u017ce by\u0107 z\u0142o\u017cone na formularzu, kt\u00f3rego wz\u00f3r stanowi za\u0142\u0105cznik nr [&hellip;]<\/p>","protected":false},"author":1,"featured_media":0,"parent":0,"menu_order":0,"comment_status":"closed","ping_status":"closed","template":"","meta":{"_acf_changed":false,"site-sidebar-layout":"default","site-content-layout":"default","ast-site-content-layout":"default","site-content-style":"default","site-sidebar-style":"default","ast-global-header-display":"","ast-banner-title-visibility":"","ast-main-header-display":"","ast-hfb-above-header-display":"","ast-hfb-below-header-display":"","ast-hfb-mobile-header-display":"","site-post-title":"","ast-breadcrumbs-content":"","ast-featured-img":"","footer-sml-layout":"","ast-disable-related-posts":"","theme-transparent-header-meta":"default","adv-header-id-meta":"","stick-header-meta":"","header-above-stick-meta":"","header-main-stick-meta":"","header-below-stick-meta":"","astra-migrate-meta-layouts":"default","ast-page-background-enabled":"default","ast-page-background-meta":{"desktop":{"background-color":"var(--ast-global-color-4)","background-image":"","background-repeat":"repeat","background-position":"center center","background-size":"auto","background-attachment":"scroll","background-type":"","background-media":"","overlay-type":"","overlay-color":"","overlay-opacity":"","overlay-gradient":""},"tablet":{"background-color":"","background-image":"","background-repeat":"repeat","background-position":"center center","background-size":"auto","background-attachment":"scroll","background-type":"","background-media":"","overlay-type":"","overlay-color":"","overlay-opacity":"","overlay-gradient":""},"mobile":{"background-color":"","background-image":"","background-repeat":"repeat","background-position":"center center","background-size":"auto","background-attachment":"scroll","background-type":"","background-media":"","overlay-type":"","overlay-color":"","overlay-opacity":"","overlay-gradient":""}},"ast-content-background-meta":{"desktop":{"background-color":"var(--ast-global-color-5)","background-image":"","background-repeat":"repeat","background-position":"center center","background-size":"auto","background-attachment":"scroll","background-type":"","background-media":"","overlay-type":"","overlay-color":"","overlay-opacity":"","overlay-gradient":""},"tablet":{"background-color":"var(--ast-global-color-5)","background-image":"","background-repeat":"repeat","background-position":"center center","background-size":"auto","background-attachment":"scroll","background-type":"","background-media":"","overlay-type":"","overlay-color":"","overlay-opacity":"","overlay-gradient":""},"mobile":{"background-color":"var(--ast-global-color-5)","background-image":"","background-repeat":"repeat","background-position":"center center","background-size":"auto","background-attachment":"scroll","background-type":"","background-media":"","overlay-type":"","overlay-color":"","overlay-opacity":"","overlay-gradient":""}},"footnotes":""},"class_list":["post-12911","page","type-page","status-publish","hentry"],"acf":[],"_links":{"self":[{"href":"https:\/\/swiattest1.dkonto.pl\/en\/wp-json\/wp\/v2\/pages\/12911","targetHints":{"allow":["GET"]}}],"collection":[{"href":"https:\/\/swiattest1.dkonto.pl\/en\/wp-json\/wp\/v2\/pages"}],"about":[{"href":"https:\/\/swiattest1.dkonto.pl\/en\/wp-json\/wp\/v2\/types\/page"}],"author":[{"embeddable":true,"href":"https:\/\/swiattest1.dkonto.pl\/en\/wp-json\/wp\/v2\/users\/1"}],"replies":[{"embeddable":true,"href":"https:\/\/swiattest1.dkonto.pl\/en\/wp-json\/wp\/v2\/comments?post=12911"}],"version-history":[{"count":0,"href":"https:\/\/swiattest1.dkonto.pl\/en\/wp-json\/wp\/v2\/pages\/12911\/revisions"}],"wp:attachment":[{"href":"https:\/\/swiattest1.dkonto.pl\/en\/wp-json\/wp\/v2\/media?parent=12911"}],"curies":[{"name":"wp","href":"https:\/\/api.w.org\/{rel}","templated":true}]}}